{"id":8211,"date":"2026-05-05T12:19:10","date_gmt":"2026-05-05T12:19:10","guid":{"rendered":"https:\/\/forumcinemas.lt\/?page_id=8211"},"modified":"2026-05-05T12:19:58","modified_gmt":"2026-05-05T12:19:58","slug":"top-gun-40-tas-jubiliejus-asai-1986-ir-asas-maverikas-2022","status":"publish","type":"page","link":"https:\/\/forumcinemas.lt\/lt\/top-gun-40-tas-jubiliejus-asai-1986-ir-asas-maverikas-2022\/","title":{"rendered":"Top Gun 40-tas jubiliejus &#8211; ASAI (1986) ir ASAS MAVERIKAS (2022)"},"content":{"rendered":"\t\t<div data-elementor-type=\"wp-page\" data-elementor-id=\"8211\" class=\"elementor elementor-8211\" data-elementor-post-type=\"page\">\n\t\t\t\t<div class=\"elementor-element elementor-element-2d3cb46e e-flex e-con-boxed e-con e-parent\" data-id=\"2d3cb46e\" data-element_type=\"container\">\n\t\t\t\t\t<div class=\"e-con-inner\">\n\t\t\t\t<div class=\"elementor-element elementor-element-21c98d81 elementor-widget elementor-widget-heading\" data-id=\"21c98d81\" data-element_type=\"widget\" data-widget_type=\"heading.default\">\n\t\t\t\t<div class=\"elementor-widget-container\">\n\t\t\t<style>\/*! elementor - v3.23.0 - 15-07-2024 *\/\n.elementor-heading-title{padding:0;margin:0;line-height:1}.elementor-widget-heading .elementor-heading-title[class*=elementor-size-]>a{color:inherit;font-size:inherit;line-height:inherit}.elementor-widget-heading .elementor-heading-title.elementor-size-small{font-size:15px}.elementor-widget-heading .elementor-heading-title.elementor-size-medium{font-size:19px}.elementor-widget-heading .elementor-heading-title.elementor-size-large{font-size:29px}.elementor-widget-heading .elementor-heading-title.elementor-size-xl{font-size:39px}.elementor-widget-heading .elementor-heading-title.elementor-size-xxl{font-size:59px}<\/style><h2 class=\"elementor-heading-title elementor-size-default\">Top Gun 40-tas jubiliejus - ASAI (1986) ir ASAS MAVERIKAS (2022) <\/h2>\t\t<\/div>\n\t\t\t\t<\/div>\n\t\t\t\t\t<\/div>\n\t\t\t\t<\/div>\n\t\t<div class=\"elementor-element elementor-element-16f338d8 e-flex e-con-boxed e-con e-parent\" data-id=\"16f338d8\" data-element_type=\"container\">\n\t\t\t\t\t<div class=\"e-con-inner\">\n\t\t<div class=\"elementor-element elementor-element-67c67305 e-con-full e-flex e-con e-child\" data-id=\"67c67305\" data-element_type=\"container\">\n\t\t\t\t<div class=\"elementor-element elementor-element-548c8551 elementor-widget elementor-widget-image\" data-id=\"548c8551\" data-element_type=\"widget\" data-widget_type=\"image.default\">\n\t\t\t\t<div class=\"elementor-widget-container\">\n\t\t\t\t\t\t\t\t\t\t\t\t\t<img fetchpriority=\"high\" decoding=\"async\" width=\"602\" height=\"909\" src=\"https:\/\/forumcinemas.lt\/app\/uploads\/2026\/05\/top-gun-40th.jpg\" class=\"attachment-large size-large wp-image-8216\" alt=\"\" srcset=\"https:\/\/forumcinemas.lt\/app\/uploads\/2026\/05\/top-gun-40th.jpg 602w, https:\/\/forumcinemas.lt\/app\/uploads\/2026\/05\/top-gun-40th-199x300.jpg 199w, https:\/\/forumcinemas.lt\/app\/uploads\/2026\/05\/top-gun-40th-424x640.jpg 424w\" sizes=\"(max-width: 602px) 100vw, 602px\" \/>\t\t\t\t\t\t\t\t\t\t\t\t\t<\/div>\n\t\t\t\t<\/div>\n\t\t\t\t<\/div>\n\t\t<div class=\"elementor-element elementor-element-572c4d26 e-con-full e-flex e-con e-child\" data-id=\"572c4d26\" data-element_type=\"container\">\n\t\t\t\t<div class=\"elementor-element elementor-element-4f79057c elementor-widget elementor-widget-heading\" data-id=\"4f79057c\" data-element_type=\"widget\" data-widget_type=\"heading.default\">\n\t\t\t\t<div class=\"elementor-widget-container\">\n\t\t\t<h6 class=\"elementor-heading-title elementor-size-default\">Top Gun (1986)<\/h6>\t\t<\/div>\n\t\t\t\t<\/div>\n\t\t\t\t<div class=\"elementor-element elementor-element-64b9cd99 elementor-widget elementor-widget-text-editor\" data-id=\"64b9cd99\" data-element_type=\"widget\" data-widget_type=\"text-editor.default\">\n\t\t\t\t<div class=\"elementor-widget-container\">\n\t\t\t<style>\/*! elementor - v3.23.0 - 15-07-2024 *\/\n.elementor-widget-text-editor.elementor-drop-cap-view-stacked .elementor-drop-cap{background-color:#69727d;color:#fff}.elementor-widget-text-editor.elementor-drop-cap-view-framed .elementor-drop-cap{color:#69727d;border:3px solid;background-color:transparent}.elementor-widget-text-editor:not(.elementor-drop-cap-view-default) .elementor-drop-cap{margin-top:8px}.elementor-widget-text-editor:not(.elementor-drop-cap-view-default) .elementor-drop-cap-letter{width:1em;height:1em}.elementor-widget-text-editor .elementor-drop-cap{float:left;text-align:center;line-height:1;font-size:50px}.elementor-widget-text-editor .elementor-drop-cap-letter{display:inline-block}<\/style>\t\t\t\t<p>\u012e kino teatrus vienai savaitei sugr\u012f\u017eta \u012fkoninis 1986 m. Filmas \u201eAsai\u201c (Top Gun) \u00a0su Tomu Cruise\u2019u sugr\u012f\u017eta ir did\u017eiulio pasisekimo sulauk\u0119s 2022 m. filmas \u201e Asas Maverikas\u201c (Top Gun Maerick).<\/p><p>Minint ikoninio 1986 m. hito \u201eAsai\u201c 40-met\u012f, \u201eParamount Pictures\u201c paskelb\u0117, kad \u017ei\u016brovai visoje \u0161alyje tur\u0117s galimyb\u0119 dar kart\u0105 i\u0161vysti \u0161\u012f film\u0105 did\u017eiajame ekrane per specialius kino seansus, kurie prasideda gegu\u017e\u0117s 13 d. Pirm\u0105 kart\u0105 \u201eAsai\u201c bus pristatytas moderniausiais \u012ftraukian\u010diais formatais, suteikian\u010diais visi\u0161kai atnaujint\u0105, adrenalino kupin\u0105 patirt\u012f tiek naujai \u017ei\u016brov\u0173 kartai, tiek ilgame\u010diams gerb\u0117jams. \u0160ios \u0161vent\u0117s metu \u017ei\u016brovai taip pat gal\u0117s dar kart\u0105 kino teatruose pamatyti \u201eAsas Maverikas\u201c.<\/p><p>Elitin\u0117 JAV karinio j\u016br\u0173 laivyno naikintuv\u0173 pilot\u0173 grup\u0117, besimokanti karin\u0117je mokykloje, i\u0161bando savo galimybi\u0173 ribas \u2013 tiek ore, tiek tarpusavyje \u2013 var\u017eydamiesi d\u0117l geriausi\u0173j\u0173 titulo. \u0160iame kultiniame 1986 m. filme Tomas Cruise\u2019as atlieka Pito \u201eMaveriko\u201c Mi\u010delo vaidmen\u012f, kuris savu laiku tapo visos kartos simboliu.<\/p>\t\t\t\t\t\t<\/div>\n\t\t\t\t<\/div>\n\t\t\t\t<div class=\"elementor-element elementor-element-3304211c elementor-align-justify elementor-widget elementor-widget-button\" data-id=\"3304211c\" data-element_type=\"widget\" data-widget_type=\"button.default\">\n\t\t\t\t<div class=\"elementor-widget-container\">\n\t\t\t\t\t<div class=\"elementor-button-wrapper\">\n\t\t\t<a class=\"elementor-button elementor-button-link elementor-size-sm\" href=\"https:\/\/forumcinemas.lt\/lt\/movie\/top-gun-40th-anniversary\/\">\n\t\t\t\t\t\t<span class=\"elementor-button-content-wrapper\">\n\t\t\t\t\t\t\t\t\t<span class=\"elementor-button-text\">Pirkti bilietus<\/span>\n\t\t\t\t\t<\/span>\n\t\t\t\t\t<\/a>\n\t\t<\/div>\n\t\t\t\t<\/div>\n\t\t\t\t<\/div>\n\t\t\t\t<\/div>\n\t\t\t\t\t<\/div>\n\t\t\t\t<\/div>\n\t\t<div class=\"elementor-element elementor-element-32bf890e e-flex e-con-boxed e-con e-parent\" data-id=\"32bf890e\" data-element_type=\"container\">\n\t\t\t\t\t<div class=\"e-con-inner\">\n\t\t<div class=\"elementor-element elementor-element-57c6d49e e-con-full e-flex e-con e-child\" data-id=\"57c6d49e\" data-element_type=\"container\">\n\t\t\t\t<div class=\"elementor-element elementor-element-6590f14e elementor-widget elementor-widget-image\" data-id=\"6590f14e\" data-element_type=\"widget\" data-widget_type=\"image.default\">\n\t\t\t\t<div class=\"elementor-widget-container\">\n\t\t\t\t\t\t\t\t\t\t\t\t\t<img decoding=\"async\" width=\"602\" height=\"902\" src=\"https:\/\/forumcinemas.lt\/app\/uploads\/2026\/05\/top-gun-maverick.jpg\" class=\"attachment-large size-large wp-image-8214\" alt=\"\" srcset=\"https:\/\/forumcinemas.lt\/app\/uploads\/2026\/05\/top-gun-maverick.jpg 602w, https:\/\/forumcinemas.lt\/app\/uploads\/2026\/05\/top-gun-maverick-200x300.jpg 200w, https:\/\/forumcinemas.lt\/app\/uploads\/2026\/05\/top-gun-maverick-427x640.jpg 427w\" sizes=\"(max-width: 602px) 100vw, 602px\" \/>\t\t\t\t\t\t\t\t\t\t\t\t\t<\/div>\n\t\t\t\t<\/div>\n\t\t\t\t<\/div>\n\t\t<div class=\"elementor-element elementor-element-4669e141 e-con-full e-flex e-con e-child\" data-id=\"4669e141\" data-element_type=\"container\">\n\t\t\t\t<div class=\"elementor-element elementor-element-43ab14e9 elementor-widget elementor-widget-heading\" data-id=\"43ab14e9\" data-element_type=\"widget\" data-widget_type=\"heading.default\">\n\t\t\t\t<div class=\"elementor-widget-container\">\n\t\t\t<h6 class=\"elementor-heading-title elementor-size-default\">Top Gun: Maverick (2022)<\/h6>\t\t<\/div>\n\t\t\t\t<\/div>\n\t\t\t\t<div class=\"elementor-element elementor-element-629b69e5 elementor-widget elementor-widget-heading\" data-id=\"629b69e5\" data-element_type=\"widget\" data-widget_type=\"heading.default\">\n\t\t\t\t<div class=\"elementor-widget-container\">\n\t\t\t<h6 class=\"elementor-heading-title elementor-size-default\">Pakartotinai i\u0161leid\u017eiamas ir antrasis filmas \u201eAsas Maverikas\u201c, kuris visame pasaulyje u\u017edirbo daugiau nei 1,5 mlrd. doleri\u0173 ir tapo 2022 m. \u017ei\u016brimiausiu filmu bei daugiausiai pajam\u0173 atne\u0161usiu filmu \u201eParamount Pictures\u201c istorijoje. \n\u0160iame filme Pitas \u201eMaverikas\u201c Mi\u010delas (Tomas Cruise\u2019as) po daugiau nei trisde\u0161imties met\u0173 tarnybos i\u0161lieka vienu geriausi\u0173 karinio j\u016br\u0173 laivyno pilot\u0173. Jis vis dar yra ten, kur ir priklauso \u2013 danguje. Maverikas dr\u0105siai dirba bandomuoju pilotu ir nuolat per\u017eengia galimybi\u0173 ribas. Jis s\u0105moningai vengia paauk\u0161tinimo, nes \u0161is reik\u0161t\u0173 tarnyb\u0105 \u017eem\u0117je.. Gav\u0119s u\u017eduot\u012f parengti absolvent\u0173 grup\u0119 ypatingai misijai, kokios dar n\u0117ra patyr\u0119s n\u0117 vienas pilotas, Maverikas susiduria su leitenantu Bredliu Brad\u0161o (Miles Teller), \u0161aukiniu \u201eRooster\u2018iu\u201c \u2013 ir savo velionio draugo - leitenanto Niko Bred\u0161o, dar \u017einomo kaip \u201e\u017d\u0105sinas\u201c, s\u016bnumi.<\/h6>\t\t<\/div>\n\t\t\t\t<\/div>\n\t\t\t\t<div class=\"elementor-element elementor-element-24ecfb07 elementor-align-justify elementor-widget elementor-widget-button\" data-id=\"24ecfb07\" data-element_type=\"widget\" data-widget_type=\"button.default\">\n\t\t\t\t<div class=\"elementor-widget-container\">\n\t\t\t\t\t<div class=\"elementor-button-wrapper\">\n\t\t\t<a class=\"elementor-button elementor-button-link elementor-size-sm\" href=\"https:\/\/forumcinemas.lt\/lt\/movie\/top-gun-maverick\/\">\n\t\t\t\t\t\t<span class=\"elementor-button-content-wrapper\">\n\t\t\t\t\t\t\t\t\t<span class=\"elementor-button-text\">Pirkti bilietus<\/span>\n\t\t\t\t\t<\/span>\n\t\t\t\t\t<\/a>\n\t\t<\/div>\n\t\t\t\t<\/div>\n\t\t\t\t<\/div>\n\t\t\t\t<\/div>\n\t\t\t\t\t<\/div>\n\t\t\t\t<\/div>\n\t\t\t\t<\/div>\n\t\t","protected":false},"excerpt":{"rendered":"<p>Top Gun 40-tas jubiliejus &#8211; ASAI (1986) ir ASAS MAVERIKAS (2022) Top Gun (1986) \u012e kino teatrus vienai savaitei sugr\u012f\u017eta \u012fkoninis 1986 m. Filmas \u201eAsai\u201c (Top Gun) \u00a0su Tomu Cruise\u2019u sugr\u012f\u017eta ir did\u017eiulio pasisekimo sulauk\u0119s 2022 m. filmas \u201e Asas Maverikas\u201c (Top Gun Maerick). Minint ikoninio 1986 m. hito \u201eAsai\u201c 40-met\u012f, \u201eParamount Pictures\u201c paskelb\u0117, kad [&hellip;]<\/p>\n","protected":false},"author":4,"featured_media":0,"parent":0,"menu_order":0,"comment_status":"closed","ping_status":"closed","template":"","meta":{"_acf_changed":false,"footnotes":""},"acf":[],"yoast_head":"<!-- This site is optimized with the Yoast SEO plugin v23.0 - https:\/\/yoast.com\/wordpress\/plugins\/seo\/ -->\n<title>Top Gun 40-tas jubiliejus - ASAI (1986) ir ASAS MAVERIKAS (2022) - Kino teatras | Forum Cinemas<\/title>\n<meta name=\"robots\" content=\"index, follow, max-snippet:-1, max-image-preview:large, max-video-preview:-1\" \/>\n<link rel=\"canonical\" href=\"https:\/\/forumcinemas.lt\/lt\/top-gun-40-tas-jubiliejus-asai-1986-ir-asas-maverikas-2022\/\" \/>\n<meta property=\"og:locale\" content=\"lt_LT\" \/>\n<meta property=\"og:type\" content=\"article\" \/>\n<meta property=\"og:title\" content=\"Top Gun 40-tas jubiliejus - ASAI (1986) ir ASAS MAVERIKAS (2022) - Kino teatras | Forum Cinemas\" \/>\n<meta property=\"og:description\" content=\"Top Gun 40-tas jubiliejus &#8211; ASAI (1986) ir ASAS MAVERIKAS (2022) Top Gun (1986) \u012e kino teatrus vienai savaitei sugr\u012f\u017eta \u012fkoninis 1986 m. Filmas \u201eAsai\u201c (Top Gun) \u00a0su Tomu Cruise\u2019u sugr\u012f\u017eta ir did\u017eiulio pasisekimo sulauk\u0119s 2022 m. filmas \u201e Asas Maverikas\u201c (Top Gun Maerick). Minint ikoninio 1986 m. hito \u201eAsai\u201c 40-met\u012f, \u201eParamount Pictures\u201c paskelb\u0117, kad [&hellip;]\" \/>\n<meta property=\"og:url\" content=\"https:\/\/forumcinemas.lt\/lt\/top-gun-40-tas-jubiliejus-asai-1986-ir-asas-maverikas-2022\/\" \/>\n<meta property=\"og:site_name\" content=\"Kino teatras | Forum Cinemas\" \/>\n<meta property=\"article:modified_time\" content=\"2026-05-05T12:19:58+00:00\" \/>\n<meta property=\"og:image\" content=\"https:\/\/forumcinemas.lt\/app\/uploads\/2026\/05\/top-gun-40th.jpg\" \/>\n<meta name=\"twitter:card\" content=\"summary_large_image\" \/>\n<meta name=\"twitter:label1\" content=\"Est. reading time\" \/>\n\t<meta name=\"twitter:data1\" content=\"2 minut\u0117s\" \/>\n<script type=\"application\/ld+json\" class=\"yoast-schema-graph\">{\"@context\":\"https:\/\/schema.org\",\"@graph\":[{\"@type\":\"WebPage\",\"@id\":\"https:\/\/forumcinemas.lt\/lt\/top-gun-40-tas-jubiliejus-asai-1986-ir-asas-maverikas-2022\/\",\"url\":\"https:\/\/forumcinemas.lt\/lt\/top-gun-40-tas-jubiliejus-asai-1986-ir-asas-maverikas-2022\/\",\"name\":\"Top Gun 40-tas jubiliejus - ASAI (1986) ir ASAS MAVERIKAS (2022) - Kino teatras | Forum Cinemas\",\"isPartOf\":{\"@id\":\"https:\/\/forumcinemas.lt\/lt\/#website\"},\"primaryImageOfPage\":{\"@id\":\"https:\/\/forumcinemas.lt\/lt\/top-gun-40-tas-jubiliejus-asai-1986-ir-asas-maverikas-2022\/#primaryimage\"},\"image\":{\"@id\":\"https:\/\/forumcinemas.lt\/lt\/top-gun-40-tas-jubiliejus-asai-1986-ir-asas-maverikas-2022\/#primaryimage\"},\"thumbnailUrl\":\"https:\/\/forumcinemas.lt\/app\/uploads\/2026\/05\/top-gun-40th.jpg\",\"datePublished\":\"2026-05-05T12:19:10+00:00\",\"dateModified\":\"2026-05-05T12:19:58+00:00\",\"breadcrumb\":{\"@id\":\"https:\/\/forumcinemas.lt\/lt\/top-gun-40-tas-jubiliejus-asai-1986-ir-asas-maverikas-2022\/#breadcrumb\"},\"inLanguage\":\"lt-LT\",\"potentialAction\":[{\"@type\":\"ReadAction\",\"target\":[\"https:\/\/forumcinemas.lt\/lt\/top-gun-40-tas-jubiliejus-asai-1986-ir-asas-maverikas-2022\/\"]}]},{\"@type\":\"ImageObject\",\"inLanguage\":\"lt-LT\",\"@id\":\"https:\/\/forumcinemas.lt\/lt\/top-gun-40-tas-jubiliejus-asai-1986-ir-asas-maverikas-2022\/#primaryimage\",\"url\":\"https:\/\/forumcinemas.lt\/app\/uploads\/2026\/05\/top-gun-40th.jpg\",\"contentUrl\":\"https:\/\/forumcinemas.lt\/app\/uploads\/2026\/05\/top-gun-40th.jpg\"},{\"@type\":\"BreadcrumbList\",\"@id\":\"https:\/\/forumcinemas.lt\/lt\/top-gun-40-tas-jubiliejus-asai-1986-ir-asas-maverikas-2022\/#breadcrumb\",\"itemListElement\":[{\"@type\":\"ListItem\",\"position\":1,\"name\":\"Home\",\"item\":\"https:\/\/forumcinemas.lt\/lt\/\"},{\"@type\":\"ListItem\",\"position\":2,\"name\":\"Top Gun 40-tas jubiliejus &#8211; ASAI (1986) ir ASAS MAVERIKAS (2022)\"}]},{\"@type\":\"WebSite\",\"@id\":\"https:\/\/forumcinemas.lt\/lt\/#website\",\"url\":\"https:\/\/forumcinemas.lt\/lt\/\",\"name\":\"Kino teatras | Forum Cinemas\",\"description\":\"\",\"potentialAction\":[{\"@type\":\"SearchAction\",\"target\":{\"@type\":\"EntryPoint\",\"urlTemplate\":\"https:\/\/forumcinemas.lt\/lt\/?s={search_term_string}\"},\"query-input\":\"required name=search_term_string\"}],\"inLanguage\":\"lt-LT\"}]}<\/script>\n<!-- \/ Yoast SEO plugin. -->","yoast_head_json":{"title":"Top Gun 40-tas jubiliejus - ASAI (1986) ir ASAS MAVERIKAS (2022) - Kino teatras | Forum Cinemas","robots":{"index":"index","follow":"follow","max-snippet":"max-snippet:-1","max-image-preview":"max-image-preview:large","max-video-preview":"max-video-preview:-1"},"canonical":"https:\/\/forumcinemas.lt\/lt\/top-gun-40-tas-jubiliejus-asai-1986-ir-asas-maverikas-2022\/","og_locale":"lt_LT","og_type":"article","og_title":"Top Gun 40-tas jubiliejus - ASAI (1986) ir ASAS MAVERIKAS (2022) - Kino teatras | Forum Cinemas","og_description":"Top Gun 40-tas jubiliejus &#8211; ASAI (1986) ir ASAS MAVERIKAS (2022) Top Gun (1986) \u012e kino teatrus vienai savaitei sugr\u012f\u017eta \u012fkoninis 1986 m. Filmas \u201eAsai\u201c (Top Gun) \u00a0su Tomu Cruise\u2019u sugr\u012f\u017eta ir did\u017eiulio pasisekimo sulauk\u0119s 2022 m. filmas \u201e Asas Maverikas\u201c (Top Gun Maerick). Minint ikoninio 1986 m. hito \u201eAsai\u201c 40-met\u012f, \u201eParamount Pictures\u201c paskelb\u0117, kad [&hellip;]","og_url":"https:\/\/forumcinemas.lt\/lt\/top-gun-40-tas-jubiliejus-asai-1986-ir-asas-maverikas-2022\/","og_site_name":"Kino teatras | Forum Cinemas","article_modified_time":"2026-05-05T12:19:58+00:00","og_image":[{"url":"https:\/\/forumcinemas.lt\/app\/uploads\/2026\/05\/top-gun-40th.jpg"}],"twitter_card":"summary_large_image","twitter_misc":{"Est. reading time":"2 minut\u0117s"},"schema":{"@context":"https:\/\/schema.org","@graph":[{"@type":"WebPage","@id":"https:\/\/forumcinemas.lt\/lt\/top-gun-40-tas-jubiliejus-asai-1986-ir-asas-maverikas-2022\/","url":"https:\/\/forumcinemas.lt\/lt\/top-gun-40-tas-jubiliejus-asai-1986-ir-asas-maverikas-2022\/","name":"Top Gun 40-tas jubiliejus - ASAI (1986) ir ASAS MAVERIKAS (2022) - Kino teatras | Forum Cinemas","isPartOf":{"@id":"https:\/\/forumcinemas.lt\/lt\/#website"},"primaryImageOfPage":{"@id":"https:\/\/forumcinemas.lt\/lt\/top-gun-40-tas-jubiliejus-asai-1986-ir-asas-maverikas-2022\/#primaryimage"},"image":{"@id":"https:\/\/forumcinemas.lt\/lt\/top-gun-40-tas-jubiliejus-asai-1986-ir-asas-maverikas-2022\/#primaryimage"},"thumbnailUrl":"https:\/\/forumcinemas.lt\/app\/uploads\/2026\/05\/top-gun-40th.jpg","datePublished":"2026-05-05T12:19:10+00:00","dateModified":"2026-05-05T12:19:58+00:00","breadcrumb":{"@id":"https:\/\/forumcinemas.lt\/lt\/top-gun-40-tas-jubiliejus-asai-1986-ir-asas-maverikas-2022\/#breadcrumb"},"inLanguage":"lt-LT","potentialAction":[{"@type":"ReadAction","target":["https:\/\/forumcinemas.lt\/lt\/top-gun-40-tas-jubiliejus-asai-1986-ir-asas-maverikas-2022\/"]}]},{"@type":"ImageObject","inLanguage":"lt-LT","@id":"https:\/\/forumcinemas.lt\/lt\/top-gun-40-tas-jubiliejus-asai-1986-ir-asas-maverikas-2022\/#primaryimage","url":"https:\/\/forumcinemas.lt\/app\/uploads\/2026\/05\/top-gun-40th.jpg","contentUrl":"https:\/\/forumcinemas.lt\/app\/uploads\/2026\/05\/top-gun-40th.jpg"},{"@type":"BreadcrumbList","@id":"https:\/\/forumcinemas.lt\/lt\/top-gun-40-tas-jubiliejus-asai-1986-ir-asas-maverikas-2022\/#breadcrumb","itemListElement":[{"@type":"ListItem","position":1,"name":"Home","item":"https:\/\/forumcinemas.lt\/lt\/"},{"@type":"ListItem","position":2,"name":"Top Gun 40-tas jubiliejus &#8211; ASAI (1986) ir ASAS MAVERIKAS (2022)"}]},{"@type":"WebSite","@id":"https:\/\/forumcinemas.lt\/lt\/#website","url":"https:\/\/forumcinemas.lt\/lt\/","name":"Kino teatras | Forum Cinemas","description":"","potentialAction":[{"@type":"SearchAction","target":{"@type":"EntryPoint","urlTemplate":"https:\/\/forumcinemas.lt\/lt\/?s={search_term_string}"},"query-input":"required name=search_term_string"}],"inLanguage":"lt-LT"}]}},"_links":{"self":[{"href":"https:\/\/forumcinemas.lt\/lt\/wp-json\/wp\/v2\/pages\/8211"}],"collection":[{"href":"https:\/\/forumcinemas.lt\/lt\/wp-json\/wp\/v2\/pages"}],"about":[{"href":"https:\/\/forumcinemas.lt\/lt\/wp-json\/wp\/v2\/types\/page"}],"author":[{"embeddable":true,"href":"https:\/\/forumcinemas.lt\/lt\/wp-json\/wp\/v2\/users\/4"}],"replies":[{"embeddable":true,"href":"https:\/\/forumcinemas.lt\/lt\/wp-json\/wp\/v2\/comments?post=8211"}],"version-history":[{"count":5,"href":"https:\/\/forumcinemas.lt\/lt\/wp-json\/wp\/v2\/pages\/8211\/revisions"}],"predecessor-version":[{"id":8220,"href":"https:\/\/forumcinemas.lt\/lt\/wp-json\/wp\/v2\/pages\/8211\/revisions\/8220"}],"wp:attachment":[{"href":"https:\/\/forumcinemas.lt\/lt\/wp-json\/wp\/v2\/media?parent=8211"}],"curies":[{"name":"wp","href":"https:\/\/api.w.org\/{rel}","templated":true}]}}