{"id":7960,"date":"2026-04-09T08:59:15","date_gmt":"2026-04-09T08:59:15","guid":{"rendered":"https:\/\/forumcinemas.lt\/?page_id=7960"},"modified":"2026-04-09T09:00:55","modified_gmt":"2026-04-09T09:00:55","slug":"kai-reikia-dvieju","status":"publish","type":"page","link":"https:\/\/forumcinemas.lt\/lt\/kai-reikia-dvieju\/","title":{"rendered":"KAI REIKIA DVIEJ\u0172!"},"content":{"rendered":"\t\t<div data-elementor-type=\"wp-page\" data-elementor-id=\"7960\" class=\"elementor elementor-7960\" data-elementor-post-type=\"page\">\n\t\t\t\t<div class=\"elementor-element elementor-element-26f537fa e-flex e-con-boxed e-con e-parent\" data-id=\"26f537fa\" data-element_type=\"container\">\n\t\t\t\t\t<div class=\"e-con-inner\">\n\t\t<div class=\"elementor-element elementor-element-44083ca8 e-con-full e-flex e-con e-child\" data-id=\"44083ca8\" data-element_type=\"container\">\n\t\t\t\t<div class=\"elementor-element elementor-element-7c97c572 elementor-widget elementor-widget-image\" data-id=\"7c97c572\" data-element_type=\"widget\" data-widget_type=\"image.default\">\n\t\t\t\t<div class=\"elementor-widget-container\">\n\t\t\t\t\t\t\t\t\t\t\t\t\t<img fetchpriority=\"high\" decoding=\"async\" width=\"1024\" height=\"819\" src=\"https:\/\/forumcinemas.lt\/app\/uploads\/2026\/04\/Popcorn_Akcija_1280x1024-1024x819.jpg\" class=\"attachment-large size-large wp-image-7963\" alt=\"\" srcset=\"https:\/\/forumcinemas.lt\/app\/uploads\/2026\/04\/Popcorn_Akcija_1280x1024-1024x819.jpg 1024w, https:\/\/forumcinemas.lt\/app\/uploads\/2026\/04\/Popcorn_Akcija_1280x1024-300x240.jpg 300w, https:\/\/forumcinemas.lt\/app\/uploads\/2026\/04\/Popcorn_Akcija_1280x1024-768x614.jpg 768w, https:\/\/forumcinemas.lt\/app\/uploads\/2026\/04\/Popcorn_Akcija_1280x1024-460x368.jpg 460w, https:\/\/forumcinemas.lt\/app\/uploads\/2026\/04\/Popcorn_Akcija_1280x1024-800x640.jpg 800w, https:\/\/forumcinemas.lt\/app\/uploads\/2026\/04\/Popcorn_Akcija_1280x1024.jpg 1280w\" sizes=\"(max-width: 1024px) 100vw, 1024px\" \/>\t\t\t\t\t\t\t\t\t\t\t\t\t<\/div>\n\t\t\t\t<\/div>\n\t\t\t\t<\/div>\n\t\t<div class=\"elementor-element elementor-element-7a823a0f e-con-full e-flex e-con e-child\" data-id=\"7a823a0f\" data-element_type=\"container\">\n\t\t\t\t<div class=\"elementor-element elementor-element-3d292165 elementor-widget elementor-widget-heading\" data-id=\"3d292165\" data-element_type=\"widget\" data-widget_type=\"heading.default\">\n\t\t\t\t<div class=\"elementor-widget-container\">\n\t\t\t<style>\/*! elementor - v3.23.0 - 15-07-2024 *\/\n.elementor-heading-title{padding:0;margin:0;line-height:1}.elementor-widget-heading .elementor-heading-title[class*=elementor-size-]>a{color:inherit;font-size:inherit;line-height:inherit}.elementor-widget-heading .elementor-heading-title.elementor-size-small{font-size:15px}.elementor-widget-heading .elementor-heading-title.elementor-size-medium{font-size:19px}.elementor-widget-heading .elementor-heading-title.elementor-size-large{font-size:29px}.elementor-widget-heading .elementor-heading-title.elementor-size-xl{font-size:39px}.elementor-widget-heading .elementor-heading-title.elementor-size-xxl{font-size:59px}<\/style><h6 class=\"elementor-heading-title elementor-size-default\">\u201eForum Cinemas\u201c skelbia akcij\u0105 \u2013 KAI REIKIA DVIEJ\u0172!<\/h6>\t\t<\/div>\n\t\t\t\t<\/div>\n\t\t\t\t<div class=\"elementor-element elementor-element-712833ae elementor-widget elementor-widget-text-editor\" data-id=\"712833ae\" data-element_type=\"widget\" data-widget_type=\"text-editor.default\">\n\t\t\t\t<div class=\"elementor-widget-container\">\n\t\t\t<style>\/*! elementor - v3.23.0 - 15-07-2024 *\/\n.elementor-widget-text-editor.elementor-drop-cap-view-stacked .elementor-drop-cap{background-color:#69727d;color:#fff}.elementor-widget-text-editor.elementor-drop-cap-view-framed .elementor-drop-cap{color:#69727d;border:3px solid;background-color:transparent}.elementor-widget-text-editor:not(.elementor-drop-cap-view-default) .elementor-drop-cap{margin-top:8px}.elementor-widget-text-editor:not(.elementor-drop-cap-view-default) .elementor-drop-cap-letter{width:1em;height:1em}.elementor-widget-text-editor .elementor-drop-cap{float:left;text-align:center;line-height:1;font-size:50px}.elementor-widget-text-editor .elementor-drop-cap-letter{display:inline-block}<\/style>\t\t\t\t<p>Dabar, pirkdamas vien\u0105 bet kokio dyd\u017eio sprag\u0117si\u0173 d\u0117\u017eut\u0119, antr\u0105j\u0105 tokio pa\u010dio dyd\u017eio d\u0117\u017eut\u0119 sprag\u0117si\u0173 gal\u0117si \u012fsigyti u\u017e pus\u0119 kainos.<\/p><p>Akcija galioja iki 2026 m baland\u017eio 30 dienos.<\/p><p>Skani\u0173 \u012fsp\u016bd\u017ei\u0173 kine!<\/p>\t\t\t\t\t\t<\/div>\n\t\t\t\t<\/div>\n\t\t\t\t<\/div>\n\t\t\t\t\t<\/div>\n\t\t\t\t<\/div>\n\t\t\t\t<\/div>\n\t\t","protected":false},"excerpt":{"rendered":"<p>\u201eForum Cinemas\u201c skelbia akcij\u0105 \u2013 KAI REIKIA DVIEJ\u0172! Dabar, pirkdamas vien\u0105 bet kokio dyd\u017eio sprag\u0117si\u0173 d\u0117\u017eut\u0119, antr\u0105j\u0105 tokio pa\u010dio dyd\u017eio d\u0117\u017eut\u0119 sprag\u0117si\u0173 gal\u0117si \u012fsigyti u\u017e pus\u0119 kainos. Akcija galioja iki 2026 m baland\u017eio 30 dienos. Skani\u0173 \u012fsp\u016bd\u017ei\u0173 kine!<\/p>\n","protected":false},"author":4,"featured_media":0,"parent":0,"menu_order":0,"comment_status":"closed","ping_status":"closed","template":"","meta":{"_acf_changed":false,"footnotes":""},"acf":[],"yoast_head":"<!-- This site is optimized with the Yoast SEO plugin v23.0 - https:\/\/yoast.com\/wordpress\/plugins\/seo\/ -->\n<title>KAI REIKIA DVIEJ\u0172! - Kino teatras | Forum Cinemas<\/title>\n<meta name=\"robots\" content=\"index, follow, max-snippet:-1, max-image-preview:large, max-video-preview:-1\" \/>\n<link rel=\"canonical\" href=\"https:\/\/forumcinemas.lt\/lt\/kai-reikia-dvieju\/\" \/>\n<meta property=\"og:locale\" content=\"lt_LT\" \/>\n<meta property=\"og:type\" content=\"article\" \/>\n<meta property=\"og:title\" content=\"KAI REIKIA DVIEJ\u0172! - Kino teatras | Forum Cinemas\" \/>\n<meta property=\"og:description\" content=\"\u201eForum Cinemas\u201c skelbia akcij\u0105 \u2013 KAI REIKIA DVIEJ\u0172! Dabar, pirkdamas vien\u0105 bet kokio dyd\u017eio sprag\u0117si\u0173 d\u0117\u017eut\u0119, antr\u0105j\u0105 tokio pa\u010dio dyd\u017eio d\u0117\u017eut\u0119 sprag\u0117si\u0173 gal\u0117si \u012fsigyti u\u017e pus\u0119 kainos. Akcija galioja iki 2026 m baland\u017eio 30 dienos. Skani\u0173 \u012fsp\u016bd\u017ei\u0173 kine!\" \/>\n<meta property=\"og:url\" content=\"https:\/\/forumcinemas.lt\/lt\/kai-reikia-dvieju\/\" \/>\n<meta property=\"og:site_name\" content=\"Kino teatras | Forum Cinemas\" \/>\n<meta property=\"article:modified_time\" content=\"2026-04-09T09:00:55+00:00\" \/>\n<meta property=\"og:image\" content=\"https:\/\/forumcinemas.lt\/app\/uploads\/2026\/04\/Popcorn_Akcija_1280x1024-1024x819.jpg\" \/>\n<meta name=\"twitter:card\" content=\"summary_large_image\" \/>\n<meta name=\"twitter:label1\" content=\"Est. reading time\" \/>\n\t<meta name=\"twitter:data1\" content=\"1 minute\" \/>\n<script type=\"application\/ld+json\" class=\"yoast-schema-graph\">{\"@context\":\"https:\/\/schema.org\",\"@graph\":[{\"@type\":\"WebPage\",\"@id\":\"https:\/\/forumcinemas.lt\/lt\/kai-reikia-dvieju\/\",\"url\":\"https:\/\/forumcinemas.lt\/lt\/kai-reikia-dvieju\/\",\"name\":\"KAI REIKIA DVIEJ\u0172! - Kino teatras | Forum Cinemas\",\"isPartOf\":{\"@id\":\"https:\/\/forumcinemas.lt\/lt\/#website\"},\"primaryImageOfPage\":{\"@id\":\"https:\/\/forumcinemas.lt\/lt\/kai-reikia-dvieju\/#primaryimage\"},\"image\":{\"@id\":\"https:\/\/forumcinemas.lt\/lt\/kai-reikia-dvieju\/#primaryimage\"},\"thumbnailUrl\":\"https:\/\/forumcinemas.lt\/app\/uploads\/2026\/04\/Popcorn_Akcija_1280x1024-1024x819.jpg\",\"datePublished\":\"2026-04-09T08:59:15+00:00\",\"dateModified\":\"2026-04-09T09:00:55+00:00\",\"breadcrumb\":{\"@id\":\"https:\/\/forumcinemas.lt\/lt\/kai-reikia-dvieju\/#breadcrumb\"},\"inLanguage\":\"lt-LT\",\"potentialAction\":[{\"@type\":\"ReadAction\",\"target\":[\"https:\/\/forumcinemas.lt\/lt\/kai-reikia-dvieju\/\"]}]},{\"@type\":\"ImageObject\",\"inLanguage\":\"lt-LT\",\"@id\":\"https:\/\/forumcinemas.lt\/lt\/kai-reikia-dvieju\/#primaryimage\",\"url\":\"https:\/\/forumcinemas.lt\/app\/uploads\/2026\/04\/Popcorn_Akcija_1280x1024-1024x819.jpg\",\"contentUrl\":\"https:\/\/forumcinemas.lt\/app\/uploads\/2026\/04\/Popcorn_Akcija_1280x1024-1024x819.jpg\"},{\"@type\":\"BreadcrumbList\",\"@id\":\"https:\/\/forumcinemas.lt\/lt\/kai-reikia-dvieju\/#breadcrumb\",\"itemListElement\":[{\"@type\":\"ListItem\",\"position\":1,\"name\":\"Home\",\"item\":\"https:\/\/forumcinemas.lt\/en\/\"},{\"@type\":\"ListItem\",\"position\":2,\"name\":\"KAI REIKIA DVIEJ\u0172!\"}]},{\"@type\":\"WebSite\",\"@id\":\"https:\/\/forumcinemas.lt\/lt\/#website\",\"url\":\"https:\/\/forumcinemas.lt\/lt\/\",\"name\":\"Kino teatras | Forum Cinemas\",\"description\":\"\",\"potentialAction\":[{\"@type\":\"SearchAction\",\"target\":{\"@type\":\"EntryPoint\",\"urlTemplate\":\"https:\/\/forumcinemas.lt\/lt\/?s={search_term_string}\"},\"query-input\":\"required name=search_term_string\"}],\"inLanguage\":\"lt-LT\"}]}<\/script>\n<!-- \/ Yoast SEO plugin. -->","yoast_head_json":{"title":"KAI REIKIA DVIEJ\u0172! - Kino teatras | Forum Cinemas","robots":{"index":"index","follow":"follow","max-snippet":"max-snippet:-1","max-image-preview":"max-image-preview:large","max-video-preview":"max-video-preview:-1"},"canonical":"https:\/\/forumcinemas.lt\/lt\/kai-reikia-dvieju\/","og_locale":"lt_LT","og_type":"article","og_title":"KAI REIKIA DVIEJ\u0172! - Kino teatras | Forum Cinemas","og_description":"\u201eForum Cinemas\u201c skelbia akcij\u0105 \u2013 KAI REIKIA DVIEJ\u0172! Dabar, pirkdamas vien\u0105 bet kokio dyd\u017eio sprag\u0117si\u0173 d\u0117\u017eut\u0119, antr\u0105j\u0105 tokio pa\u010dio dyd\u017eio d\u0117\u017eut\u0119 sprag\u0117si\u0173 gal\u0117si \u012fsigyti u\u017e pus\u0119 kainos. Akcija galioja iki 2026 m baland\u017eio 30 dienos. Skani\u0173 \u012fsp\u016bd\u017ei\u0173 kine!","og_url":"https:\/\/forumcinemas.lt\/lt\/kai-reikia-dvieju\/","og_site_name":"Kino teatras | Forum Cinemas","article_modified_time":"2026-04-09T09:00:55+00:00","og_image":[{"url":"https:\/\/forumcinemas.lt\/app\/uploads\/2026\/04\/Popcorn_Akcija_1280x1024-1024x819.jpg"}],"twitter_card":"summary_large_image","twitter_misc":{"Est. reading time":"1 minute"},"schema":{"@context":"https:\/\/schema.org","@graph":[{"@type":"WebPage","@id":"https:\/\/forumcinemas.lt\/lt\/kai-reikia-dvieju\/","url":"https:\/\/forumcinemas.lt\/lt\/kai-reikia-dvieju\/","name":"KAI REIKIA DVIEJ\u0172! - Kino teatras | Forum Cinemas","isPartOf":{"@id":"https:\/\/forumcinemas.lt\/lt\/#website"},"primaryImageOfPage":{"@id":"https:\/\/forumcinemas.lt\/lt\/kai-reikia-dvieju\/#primaryimage"},"image":{"@id":"https:\/\/forumcinemas.lt\/lt\/kai-reikia-dvieju\/#primaryimage"},"thumbnailUrl":"https:\/\/forumcinemas.lt\/app\/uploads\/2026\/04\/Popcorn_Akcija_1280x1024-1024x819.jpg","datePublished":"2026-04-09T08:59:15+00:00","dateModified":"2026-04-09T09:00:55+00:00","breadcrumb":{"@id":"https:\/\/forumcinemas.lt\/lt\/kai-reikia-dvieju\/#breadcrumb"},"inLanguage":"lt-LT","potentialAction":[{"@type":"ReadAction","target":["https:\/\/forumcinemas.lt\/lt\/kai-reikia-dvieju\/"]}]},{"@type":"ImageObject","inLanguage":"lt-LT","@id":"https:\/\/forumcinemas.lt\/lt\/kai-reikia-dvieju\/#primaryimage","url":"https:\/\/forumcinemas.lt\/app\/uploads\/2026\/04\/Popcorn_Akcija_1280x1024-1024x819.jpg","contentUrl":"https:\/\/forumcinemas.lt\/app\/uploads\/2026\/04\/Popcorn_Akcija_1280x1024-1024x819.jpg"},{"@type":"BreadcrumbList","@id":"https:\/\/forumcinemas.lt\/lt\/kai-reikia-dvieju\/#breadcrumb","itemListElement":[{"@type":"ListItem","position":1,"name":"Home","item":"https:\/\/forumcinemas.lt\/en\/"},{"@type":"ListItem","position":2,"name":"KAI REIKIA DVIEJ\u0172!"}]},{"@type":"WebSite","@id":"https:\/\/forumcinemas.lt\/lt\/#website","url":"https:\/\/forumcinemas.lt\/lt\/","name":"Kino teatras | Forum Cinemas","description":"","potentialAction":[{"@type":"SearchAction","target":{"@type":"EntryPoint","urlTemplate":"https:\/\/forumcinemas.lt\/lt\/?s={search_term_string}"},"query-input":"required name=search_term_string"}],"inLanguage":"lt-LT"}]}},"_links":{"self":[{"href":"https:\/\/forumcinemas.lt\/lt\/wp-json\/wp\/v2\/pages\/7960"}],"collection":[{"href":"https:\/\/forumcinemas.lt\/lt\/wp-json\/wp\/v2\/pages"}],"about":[{"href":"https:\/\/forumcinemas.lt\/lt\/wp-json\/wp\/v2\/types\/page"}],"author":[{"embeddable":true,"href":"https:\/\/forumcinemas.lt\/lt\/wp-json\/wp\/v2\/users\/4"}],"replies":[{"embeddable":true,"href":"https:\/\/forumcinemas.lt\/lt\/wp-json\/wp\/v2\/comments?post=7960"}],"version-history":[{"count":5,"href":"https:\/\/forumcinemas.lt\/lt\/wp-json\/wp\/v2\/pages\/7960\/revisions"}],"predecessor-version":[{"id":7967,"href":"https:\/\/forumcinemas.lt\/lt\/wp-json\/wp\/v2\/pages\/7960\/revisions\/7967"}],"wp:attachment":[{"href":"https:\/\/forumcinemas.lt\/lt\/wp-json\/wp\/v2\/media?parent=7960"}],"curies":[{"name":"wp","href":"https:\/\/api.w.org\/{rel}","templated":true}]}}