{"id":7400,"date":"2026-02-27T18:38:08","date_gmt":"2026-02-27T18:38:08","guid":{"rendered":"https:\/\/forumcinemas.lt\/?page_id=7400"},"modified":"2026-02-27T18:40:56","modified_gmt":"2026-02-27T18:40:56","slug":"sokliu-baro-rinkinys","status":"publish","type":"page","link":"https:\/\/forumcinemas.lt\/lt\/sokliu-baro-rinkinys\/","title":{"rendered":"\u0160OKLI\u0172 BARO RINKINYS"},"content":{"rendered":"\t\t<div data-elementor-type=\"wp-page\" data-elementor-id=\"7400\" class=\"elementor elementor-7400\" data-elementor-post-type=\"page\">\n\t\t\t\t<div class=\"elementor-element elementor-element-509767aa e-flex e-con-boxed e-con e-parent\" data-id=\"509767aa\" data-element_type=\"container\">\n\t\t\t\t\t<div class=\"e-con-inner\">\n\t\t\t\t<div class=\"elementor-element elementor-element-7d185bac elementor-widget elementor-widget-heading\" data-id=\"7d185bac\" data-element_type=\"widget\" data-widget_type=\"heading.default\">\n\t\t\t\t<div class=\"elementor-widget-container\">\n\t\t\t<style>\/*! elementor - v3.23.0 - 15-07-2024 *\/\n.elementor-heading-title{padding:0;margin:0;line-height:1}.elementor-widget-heading .elementor-heading-title[class*=elementor-size-]>a{color:inherit;font-size:inherit;line-height:inherit}.elementor-widget-heading .elementor-heading-title.elementor-size-small{font-size:15px}.elementor-widget-heading .elementor-heading-title.elementor-size-medium{font-size:19px}.elementor-widget-heading .elementor-heading-title.elementor-size-large{font-size:29px}.elementor-widget-heading .elementor-heading-title.elementor-size-xl{font-size:39px}.elementor-widget-heading .elementor-heading-title.elementor-size-xxl{font-size:59px}<\/style><h2 class=\"elementor-heading-title elementor-size-default\">\u0160OKLI\u0172 baro u\u017ekand\u017ei\u0173 rinkinys<\/h2>\t\t<\/div>\n\t\t\t\t<\/div>\n\t\t\t\t\t<\/div>\n\t\t\t\t<\/div>\n\t\t<div class=\"elementor-element elementor-element-5b4c4b99 e-flex e-con-boxed e-con e-parent\" data-id=\"5b4c4b99\" data-element_type=\"container\">\n\t\t\t\t\t<div class=\"e-con-inner\">\n\t\t<div class=\"elementor-element elementor-element-6b843e7d e-con-full e-flex e-con e-child\" data-id=\"6b843e7d\" data-element_type=\"container\">\n\t\t\t\t<div class=\"elementor-element elementor-element-1a138b2 elementor-widget elementor-widget-image\" data-id=\"1a138b2\" data-element_type=\"widget\" data-widget_type=\"image.default\">\n\t\t\t\t<div class=\"elementor-widget-container\">\n\t\t\t\t\t\t\t\t\t\t\t\t\t\t<a href=\"https:\/\/forumcinemas.lt\/lt\/movie\/sokliai-dubliuotas\/\">\n\t\t\t\t\t\t\t<img fetchpriority=\"high\" decoding=\"async\" width=\"1024\" height=\"819\" src=\"https:\/\/forumcinemas.lt\/app\/uploads\/2026\/02\/Sokliai_rinkinys_1280x1024-1024x819.jpg\" class=\"attachment-large size-large wp-image-7403\" alt=\"\" srcset=\"https:\/\/forumcinemas.lt\/app\/uploads\/2026\/02\/Sokliai_rinkinys_1280x1024-1024x819.jpg 1024w, https:\/\/forumcinemas.lt\/app\/uploads\/2026\/02\/Sokliai_rinkinys_1280x1024-300x240.jpg 300w, https:\/\/forumcinemas.lt\/app\/uploads\/2026\/02\/Sokliai_rinkinys_1280x1024-768x614.jpg 768w, https:\/\/forumcinemas.lt\/app\/uploads\/2026\/02\/Sokliai_rinkinys_1280x1024-460x368.jpg 460w, https:\/\/forumcinemas.lt\/app\/uploads\/2026\/02\/Sokliai_rinkinys_1280x1024-800x640.jpg 800w, https:\/\/forumcinemas.lt\/app\/uploads\/2026\/02\/Sokliai_rinkinys_1280x1024.jpg 1280w\" sizes=\"(max-width: 1024px) 100vw, 1024px\" \/>\t\t\t\t\t\t\t\t<\/a>\n\t\t\t\t\t\t\t\t\t\t\t\t\t<\/div>\n\t\t\t\t<\/div>\n\t\t\t\t<\/div>\n\t\t<div class=\"elementor-element elementor-element-67d6aae6 e-con-full e-flex e-con e-child\" data-id=\"67d6aae6\" data-element_type=\"container\">\n\t\t\t\t<div class=\"elementor-element elementor-element-9ee4e7 elementor-widget elementor-widget-heading\" data-id=\"9ee4e7\" data-element_type=\"widget\" data-widget_type=\"heading.default\">\n\t\t\t\t<div class=\"elementor-widget-container\">\n\t\t\t<h6 class=\"elementor-heading-title elementor-size-default\">Visuose FORUM CINEMAS kino baruose<\/h6>\t\t<\/div>\n\t\t\t\t<\/div>\n\t\t\t\t<div class=\"elementor-element elementor-element-7d41fdaa elementor-widget elementor-widget-text-editor\" data-id=\"7d41fdaa\" data-element_type=\"widget\" data-widget_type=\"text-editor.default\">\n\t\t\t\t<div class=\"elementor-widget-container\">\n\t\t\t<style>\/*! elementor - v3.23.0 - 15-07-2024 *\/\n.elementor-widget-text-editor.elementor-drop-cap-view-stacked .elementor-drop-cap{background-color:#69727d;color:#fff}.elementor-widget-text-editor.elementor-drop-cap-view-framed .elementor-drop-cap{color:#69727d;border:3px solid;background-color:transparent}.elementor-widget-text-editor:not(.elementor-drop-cap-view-default) .elementor-drop-cap{margin-top:8px}.elementor-widget-text-editor:not(.elementor-drop-cap-view-default) .elementor-drop-cap-letter{width:1em;height:1em}.elementor-widget-text-editor .elementor-drop-cap{float:left;text-align:center;line-height:1;font-size:50px}.elementor-widget-text-editor .elementor-drop-cap-letter{display:inline-block}<\/style>\t\t\t\t<p>Keliauk \u017ei\u016br\u0117ti \u0160OKLI\u0172 kinuose ir m\u0117gaukis baro skan\u0117st\u0173 rinkiniu!<\/p><p>Rinkin\u012f sudaro: s\u016bri\u0173 arba sald\u017ei\u0173 sprag\u0117si\u0173 pakuot\u0117, gertuv\u0117, filmo suvenyras &#8211; herojus.<\/p><p>*\u012e kain\u0105 ne\u012ftrauktas g\u0117rimas, kur\u012f galite u\u017esisakyti pagal savo skon\u012f u\u017e papildom\u0105 kain\u0105.<\/p>\t\t\t\t\t\t<\/div>\n\t\t\t\t<\/div>\n\t\t\t\t<\/div>\n\t\t\t\t\t<\/div>\n\t\t\t\t<\/div>\n\t\t<div class=\"elementor-element elementor-element-1d7915f3 e-flex e-con-boxed e-con e-parent\" data-id=\"1d7915f3\" data-element_type=\"container\">\n\t\t\t\t\t<div class=\"e-con-inner\">\n\t\t<div class=\"elementor-element elementor-element-60542cb0 e-con-full e-flex e-con e-child\" data-id=\"60542cb0\" data-element_type=\"container\">\n\t\t\t\t<div class=\"elementor-element elementor-element-24125b9e elementor-widget elementor-widget-image\" data-id=\"24125b9e\" data-element_type=\"widget\" data-widget_type=\"image.default\">\n\t\t\t\t<div class=\"elementor-widget-container\">\n\t\t\t\t\t\t\t\t\t\t\t\t\t\t<a href=\"https:\/\/forumcinemas.lt\/lt\/movie\/sokliai-dubliuotas\/\">\n\t\t\t\t\t\t\t<img decoding=\"async\" width=\"1024\" height=\"819\" src=\"https:\/\/forumcinemas.lt\/app\/uploads\/2026\/02\/Hoopers-1280x1024-1-1024x819.jpg\" class=\"attachment-large size-large wp-image-7405\" alt=\"\" srcset=\"https:\/\/forumcinemas.lt\/app\/uploads\/2026\/02\/Hoopers-1280x1024-1-1024x819.jpg 1024w, https:\/\/forumcinemas.lt\/app\/uploads\/2026\/02\/Hoopers-1280x1024-1-300x240.jpg 300w, https:\/\/forumcinemas.lt\/app\/uploads\/2026\/02\/Hoopers-1280x1024-1-768x614.jpg 768w, https:\/\/forumcinemas.lt\/app\/uploads\/2026\/02\/Hoopers-1280x1024-1-460x368.jpg 460w, https:\/\/forumcinemas.lt\/app\/uploads\/2026\/02\/Hoopers-1280x1024-1-800x640.jpg 800w, https:\/\/forumcinemas.lt\/app\/uploads\/2026\/02\/Hoopers-1280x1024-1.jpg 1280w\" sizes=\"(max-width: 1024px) 100vw, 1024px\" \/>\t\t\t\t\t\t\t\t<\/a>\n\t\t\t\t\t\t\t\t\t\t\t\t\t<\/div>\n\t\t\t\t<\/div>\n\t\t\t\t<\/div>\n\t\t<div class=\"elementor-element elementor-element-3ee9ce21 e-con-full e-flex e-con e-child\" data-id=\"3ee9ce21\" data-element_type=\"container\">\n\t\t\t\t<div class=\"elementor-element elementor-element-79550da elementor-widget elementor-widget-heading\" data-id=\"79550da\" data-element_type=\"widget\" data-widget_type=\"heading.default\">\n\t\t\t\t<div class=\"elementor-widget-container\">\n\t\t\t<h6 class=\"elementor-heading-title elementor-size-default\">JAU KINUOSE<\/h6>\t\t<\/div>\n\t\t\t\t<\/div>\n\t\t\t\t<div class=\"elementor-element elementor-element-29c54a18 elementor-widget elementor-widget-text-editor\" data-id=\"29c54a18\" data-element_type=\"widget\" data-widget_type=\"text-editor.default\">\n\t\t\t\t<div class=\"elementor-widget-container\">\n\t\t\t\t\t\t\t<p>Labai nuotaikinga ir linksma istorija apie gyvenim\u0105\u2026 gyv\u016bno kailyje.<br \/><br \/>Ma\u017eoji Meibel\u0117 Tanaka labai myli gyv\u016bnus, ji jais r\u016bpinasi ir \u017eaid\u017eia. Kart\u0105 mergait\u0117 su\u017eino apie mokslin\u012f eksperimet\u0105 &#8211; \u201eperkelti\u201c \u017emogaus s\u0105mon\u0119 \u012f gyv\u016bn\u0105. Ai\u0161ku, Meibel\u0117 nutaria i\u0161siai\u0161kinti, kaip eksperimentas veikia ir\u2026 atsiduria bebro k\u016bne.<br \/><br \/>Tapusi bebru mergait\u0117 turi b\u0117gti ten, kur bebrui ir vieta \u2013 \u012f mi\u0161k\u0105! Ir \u010dia prasideda nuotykiai! Naujasis bebras supranta \u017ev\u0117ri\u0173 kalb\u0105 ir gali susipa\u017einti su daugybe \u017ev\u0117ri\u0173. Be to, mi\u0161ke visi gyvena pagal ypatingas \u2013 gamtos \u2013 taisykles, kurios naujajam bebrui pasirodo tokios keistos ir juokingos. O papro\u010diai \u2013 dar keistesni!<\/p>\t\t\t\t\t\t<\/div>\n\t\t\t\t<\/div>\n\t\t\t\t<div class=\"elementor-element elementor-element-f994961 elementor-align-justify elementor-widget elementor-widget-button\" data-id=\"f994961\" data-element_type=\"widget\" data-widget_type=\"button.default\">\n\t\t\t\t<div class=\"elementor-widget-container\">\n\t\t\t\t\t<div class=\"elementor-button-wrapper\">\n\t\t\t<a class=\"elementor-button elementor-button-link elementor-size-sm\" href=\"https:\/\/forumcinemas.lt\/lt\/movie\/sokliai-dubliuotas\/\">\n\t\t\t\t\t\t<span class=\"elementor-button-content-wrapper\">\n\t\t\t\t\t\t\t\t\t<span class=\"elementor-button-text\">Pirkti bilietus<\/span>\n\t\t\t\t\t<\/span>\n\t\t\t\t\t<\/a>\n\t\t<\/div>\n\t\t\t\t<\/div>\n\t\t\t\t<\/div>\n\t\t\t\t<\/div>\n\t\t\t\t\t<\/div>\n\t\t\t\t<\/div>\n\t\t\t\t<\/div>\n\t\t","protected":false},"excerpt":{"rendered":"<p>\u0160OKLI\u0172 baro u\u017ekand\u017ei\u0173 rinkinys Visuose FORUM CINEMAS kino baruose Keliauk \u017ei\u016br\u0117ti \u0160OKLI\u0172 kinuose ir m\u0117gaukis baro skan\u0117st\u0173 rinkiniu! Rinkin\u012f sudaro: s\u016bri\u0173 arba sald\u017ei\u0173 sprag\u0117si\u0173 pakuot\u0117, gertuv\u0117, filmo suvenyras &#8211; herojus. *\u012e kain\u0105 ne\u012ftrauktas g\u0117rimas, kur\u012f galite u\u017esisakyti pagal savo skon\u012f u\u017e papildom\u0105 kain\u0105. JAU KINUOSE Labai nuotaikinga ir linksma istorija apie gyvenim\u0105\u2026 gyv\u016bno kailyje. Ma\u017eoji [&hellip;]<\/p>\n","protected":false},"author":4,"featured_media":7398,"parent":0,"menu_order":0,"comment_status":"closed","ping_status":"closed","template":"","meta":{"_acf_changed":false,"footnotes":""},"acf":[],"yoast_head":"<!-- This site is optimized with the Yoast SEO plugin v23.0 - https:\/\/yoast.com\/wordpress\/plugins\/seo\/ -->\n<title>\u0160OKLI\u0172 BARO RINKINYS - Kino teatras | Forum Cinemas<\/title>\n<meta name=\"robots\" content=\"index, follow, max-snippet:-1, max-image-preview:large, max-video-preview:-1\" \/>\n<link rel=\"canonical\" href=\"https:\/\/forumcinemas.lt\/lt\/sokliu-baro-rinkinys\/\" \/>\n<meta property=\"og:locale\" content=\"lt_LT\" \/>\n<meta property=\"og:type\" content=\"article\" \/>\n<meta property=\"og:title\" content=\"\u0160OKLI\u0172 BARO RINKINYS - Kino teatras | Forum Cinemas\" \/>\n<meta property=\"og:description\" content=\"\u0160OKLI\u0172 baro u\u017ekand\u017ei\u0173 rinkinys Visuose FORUM CINEMAS kino baruose Keliauk \u017ei\u016br\u0117ti \u0160OKLI\u0172 kinuose ir m\u0117gaukis baro skan\u0117st\u0173 rinkiniu! Rinkin\u012f sudaro: s\u016bri\u0173 arba sald\u017ei\u0173 sprag\u0117si\u0173 pakuot\u0117, gertuv\u0117, filmo suvenyras &#8211; herojus. *\u012e kain\u0105 ne\u012ftrauktas g\u0117rimas, kur\u012f galite u\u017esisakyti pagal savo skon\u012f u\u017e papildom\u0105 kain\u0105. JAU KINUOSE Labai nuotaikinga ir linksma istorija apie gyvenim\u0105\u2026 gyv\u016bno kailyje. Ma\u017eoji [&hellip;]\" \/>\n<meta property=\"og:url\" content=\"https:\/\/forumcinemas.lt\/lt\/sokliu-baro-rinkinys\/\" \/>\n<meta property=\"og:site_name\" content=\"Kino teatras | Forum Cinemas\" \/>\n<meta property=\"article:modified_time\" content=\"2026-02-27T18:40:56+00:00\" \/>\n<meta property=\"og:image\" content=\"https:\/\/forumcinemas.lt\/app\/uploads\/2026\/02\/Sokliai_rinkinys_1400x840.jpg\" \/>\n\t<meta property=\"og:image:width\" content=\"1400\" \/>\n\t<meta property=\"og:image:height\" content=\"840\" \/>\n\t<meta property=\"og:image:type\" content=\"image\/jpeg\" \/>\n<meta name=\"twitter:card\" content=\"summary_large_image\" \/>\n<meta name=\"twitter:label1\" content=\"Est. reading time\" \/>\n\t<meta name=\"twitter:data1\" content=\"2 minutes\" \/>\n<script type=\"application\/ld+json\" class=\"yoast-schema-graph\">{\"@context\":\"https:\/\/schema.org\",\"@graph\":[{\"@type\":\"WebPage\",\"@id\":\"https:\/\/forumcinemas.lt\/lt\/sokliu-baro-rinkinys\/\",\"url\":\"https:\/\/forumcinemas.lt\/lt\/sokliu-baro-rinkinys\/\",\"name\":\"\u0160OKLI\u0172 BARO RINKINYS - Kino teatras | Forum Cinemas\",\"isPartOf\":{\"@id\":\"https:\/\/forumcinemas.lt\/lt\/#website\"},\"primaryImageOfPage\":{\"@id\":\"https:\/\/forumcinemas.lt\/lt\/sokliu-baro-rinkinys\/#primaryimage\"},\"image\":{\"@id\":\"https:\/\/forumcinemas.lt\/lt\/sokliu-baro-rinkinys\/#primaryimage\"},\"thumbnailUrl\":\"https:\/\/forumcinemas.lt\/app\/uploads\/2026\/02\/Sokliai_rinkinys_1400x840.jpg\",\"datePublished\":\"2026-02-27T18:38:08+00:00\",\"dateModified\":\"2026-02-27T18:40:56+00:00\",\"breadcrumb\":{\"@id\":\"https:\/\/forumcinemas.lt\/lt\/sokliu-baro-rinkinys\/#breadcrumb\"},\"inLanguage\":\"lt-LT\",\"potentialAction\":[{\"@type\":\"ReadAction\",\"target\":[\"https:\/\/forumcinemas.lt\/lt\/sokliu-baro-rinkinys\/\"]}]},{\"@type\":\"ImageObject\",\"inLanguage\":\"lt-LT\",\"@id\":\"https:\/\/forumcinemas.lt\/lt\/sokliu-baro-rinkinys\/#primaryimage\",\"url\":\"https:\/\/forumcinemas.lt\/app\/uploads\/2026\/02\/Sokliai_rinkinys_1400x840.jpg\",\"contentUrl\":\"https:\/\/forumcinemas.lt\/app\/uploads\/2026\/02\/Sokliai_rinkinys_1400x840.jpg\",\"width\":1400,\"height\":840},{\"@type\":\"BreadcrumbList\",\"@id\":\"https:\/\/forumcinemas.lt\/lt\/sokliu-baro-rinkinys\/#breadcrumb\",\"itemListElement\":[{\"@type\":\"ListItem\",\"position\":1,\"name\":\"Home\",\"item\":\"https:\/\/forumcinemas.lt\/lt\/\"},{\"@type\":\"ListItem\",\"position\":2,\"name\":\"\u0160OKLI\u0172 BARO RINKINYS\"}]},{\"@type\":\"WebSite\",\"@id\":\"https:\/\/forumcinemas.lt\/lt\/#website\",\"url\":\"https:\/\/forumcinemas.lt\/lt\/\",\"name\":\"Kino teatras | Forum Cinemas\",\"description\":\"\",\"potentialAction\":[{\"@type\":\"SearchAction\",\"target\":{\"@type\":\"EntryPoint\",\"urlTemplate\":\"https:\/\/forumcinemas.lt\/lt\/?s={search_term_string}\"},\"query-input\":\"required name=search_term_string\"}],\"inLanguage\":\"lt-LT\"}]}<\/script>\n<!-- \/ Yoast SEO plugin. -->","yoast_head_json":{"title":"\u0160OKLI\u0172 BARO RINKINYS - Kino teatras | Forum Cinemas","robots":{"index":"index","follow":"follow","max-snippet":"max-snippet:-1","max-image-preview":"max-image-preview:large","max-video-preview":"max-video-preview:-1"},"canonical":"https:\/\/forumcinemas.lt\/lt\/sokliu-baro-rinkinys\/","og_locale":"lt_LT","og_type":"article","og_title":"\u0160OKLI\u0172 BARO RINKINYS - Kino teatras | Forum Cinemas","og_description":"\u0160OKLI\u0172 baro u\u017ekand\u017ei\u0173 rinkinys Visuose FORUM CINEMAS kino baruose Keliauk \u017ei\u016br\u0117ti \u0160OKLI\u0172 kinuose ir m\u0117gaukis baro skan\u0117st\u0173 rinkiniu! Rinkin\u012f sudaro: s\u016bri\u0173 arba sald\u017ei\u0173 sprag\u0117si\u0173 pakuot\u0117, gertuv\u0117, filmo suvenyras &#8211; herojus. *\u012e kain\u0105 ne\u012ftrauktas g\u0117rimas, kur\u012f galite u\u017esisakyti pagal savo skon\u012f u\u017e papildom\u0105 kain\u0105. JAU KINUOSE Labai nuotaikinga ir linksma istorija apie gyvenim\u0105\u2026 gyv\u016bno kailyje. Ma\u017eoji [&hellip;]","og_url":"https:\/\/forumcinemas.lt\/lt\/sokliu-baro-rinkinys\/","og_site_name":"Kino teatras | Forum Cinemas","article_modified_time":"2026-02-27T18:40:56+00:00","og_image":[{"width":1400,"height":840,"url":"https:\/\/forumcinemas.lt\/app\/uploads\/2026\/02\/Sokliai_rinkinys_1400x840.jpg","type":"image\/jpeg"}],"twitter_card":"summary_large_image","twitter_misc":{"Est. reading time":"2 minutes"},"schema":{"@context":"https:\/\/schema.org","@graph":[{"@type":"WebPage","@id":"https:\/\/forumcinemas.lt\/lt\/sokliu-baro-rinkinys\/","url":"https:\/\/forumcinemas.lt\/lt\/sokliu-baro-rinkinys\/","name":"\u0160OKLI\u0172 BARO RINKINYS - Kino teatras | Forum Cinemas","isPartOf":{"@id":"https:\/\/forumcinemas.lt\/lt\/#website"},"primaryImageOfPage":{"@id":"https:\/\/forumcinemas.lt\/lt\/sokliu-baro-rinkinys\/#primaryimage"},"image":{"@id":"https:\/\/forumcinemas.lt\/lt\/sokliu-baro-rinkinys\/#primaryimage"},"thumbnailUrl":"https:\/\/forumcinemas.lt\/app\/uploads\/2026\/02\/Sokliai_rinkinys_1400x840.jpg","datePublished":"2026-02-27T18:38:08+00:00","dateModified":"2026-02-27T18:40:56+00:00","breadcrumb":{"@id":"https:\/\/forumcinemas.lt\/lt\/sokliu-baro-rinkinys\/#breadcrumb"},"inLanguage":"lt-LT","potentialAction":[{"@type":"ReadAction","target":["https:\/\/forumcinemas.lt\/lt\/sokliu-baro-rinkinys\/"]}]},{"@type":"ImageObject","inLanguage":"lt-LT","@id":"https:\/\/forumcinemas.lt\/lt\/sokliu-baro-rinkinys\/#primaryimage","url":"https:\/\/forumcinemas.lt\/app\/uploads\/2026\/02\/Sokliai_rinkinys_1400x840.jpg","contentUrl":"https:\/\/forumcinemas.lt\/app\/uploads\/2026\/02\/Sokliai_rinkinys_1400x840.jpg","width":1400,"height":840},{"@type":"BreadcrumbList","@id":"https:\/\/forumcinemas.lt\/lt\/sokliu-baro-rinkinys\/#breadcrumb","itemListElement":[{"@type":"ListItem","position":1,"name":"Home","item":"https:\/\/forumcinemas.lt\/lt\/"},{"@type":"ListItem","position":2,"name":"\u0160OKLI\u0172 BARO RINKINYS"}]},{"@type":"WebSite","@id":"https:\/\/forumcinemas.lt\/lt\/#website","url":"https:\/\/forumcinemas.lt\/lt\/","name":"Kino teatras | Forum Cinemas","description":"","potentialAction":[{"@type":"SearchAction","target":{"@type":"EntryPoint","urlTemplate":"https:\/\/forumcinemas.lt\/lt\/?s={search_term_string}"},"query-input":"required name=search_term_string"}],"inLanguage":"lt-LT"}]}},"_links":{"self":[{"href":"https:\/\/forumcinemas.lt\/lt\/wp-json\/wp\/v2\/pages\/7400"}],"collection":[{"href":"https:\/\/forumcinemas.lt\/lt\/wp-json\/wp\/v2\/pages"}],"about":[{"href":"https:\/\/forumcinemas.lt\/lt\/wp-json\/wp\/v2\/types\/page"}],"author":[{"embeddable":true,"href":"https:\/\/forumcinemas.lt\/lt\/wp-json\/wp\/v2\/users\/4"}],"replies":[{"embeddable":true,"href":"https:\/\/forumcinemas.lt\/lt\/wp-json\/wp\/v2\/comments?post=7400"}],"version-history":[{"count":4,"href":"https:\/\/forumcinemas.lt\/lt\/wp-json\/wp\/v2\/pages\/7400\/revisions"}],"predecessor-version":[{"id":7409,"href":"https:\/\/forumcinemas.lt\/lt\/wp-json\/wp\/v2\/pages\/7400\/revisions\/7409"}],"wp:featuredmedia":[{"embeddable":true,"href":"https:\/\/forumcinemas.lt\/lt\/wp-json\/wp\/v2\/media\/7398"}],"wp:attachment":[{"href":"https:\/\/forumcinemas.lt\/lt\/wp-json\/wp\/v2\/media?parent=7400"}],"curies":[{"name":"wp","href":"https:\/\/api.w.org\/{rel}","templated":true}]}}