{"id":7372,"date":"2026-02-27T15:32:00","date_gmt":"2026-02-27T15:32:00","guid":{"rendered":"https:\/\/forumcinemas.lt\/?page_id=7372"},"modified":"2026-02-27T15:48:04","modified_gmt":"2026-02-27T15:48:04","slug":"klyksmo-baro-rinkinys","status":"publish","type":"page","link":"https:\/\/forumcinemas.lt\/lt\/klyksmo-baro-rinkinys\/","title":{"rendered":"KLYKSMO BARO RINKINYS"},"content":{"rendered":"\t\t<div data-elementor-type=\"wp-page\" data-elementor-id=\"7372\" class=\"elementor elementor-7372\" data-elementor-post-type=\"page\">\n\t\t\t\t<div class=\"elementor-element elementor-element-1aa273f4 e-flex e-con-boxed e-con e-parent\" data-id=\"1aa273f4\" data-element_type=\"container\">\n\t\t\t\t\t<div class=\"e-con-inner\">\n\t\t\t\t<div class=\"elementor-element elementor-element-2525c968 elementor-widget elementor-widget-heading\" data-id=\"2525c968\" data-element_type=\"widget\" data-widget_type=\"heading.default\">\n\t\t\t\t<div class=\"elementor-widget-container\">\n\t\t\t<style>\/*! elementor - v3.23.0 - 15-07-2024 *\/\n.elementor-heading-title{padding:0;margin:0;line-height:1}.elementor-widget-heading .elementor-heading-title[class*=elementor-size-]>a{color:inherit;font-size:inherit;line-height:inherit}.elementor-widget-heading .elementor-heading-title.elementor-size-small{font-size:15px}.elementor-widget-heading .elementor-heading-title.elementor-size-medium{font-size:19px}.elementor-widget-heading .elementor-heading-title.elementor-size-large{font-size:29px}.elementor-widget-heading .elementor-heading-title.elementor-size-xl{font-size:39px}.elementor-widget-heading .elementor-heading-title.elementor-size-xxl{font-size:59px}<\/style><h2 class=\"elementor-heading-title elementor-size-default\">KLYKSMO 7 baro u\u017ekand\u017ei\u0173 rinkinys<\/h2>\t\t<\/div>\n\t\t\t\t<\/div>\n\t\t\t\t\t<\/div>\n\t\t\t\t<\/div>\n\t\t<div class=\"elementor-element elementor-element-4a925f32 e-flex e-con-boxed e-con e-parent\" data-id=\"4a925f32\" data-element_type=\"container\">\n\t\t\t\t\t<div class=\"e-con-inner\">\n\t\t<div class=\"elementor-element elementor-element-2d7b8230 e-con-full e-flex e-con e-child\" data-id=\"2d7b8230\" data-element_type=\"container\">\n\t\t\t\t<div class=\"elementor-element elementor-element-2975476f elementor-widget elementor-widget-image\" data-id=\"2975476f\" data-element_type=\"widget\" data-widget_type=\"image.default\">\n\t\t\t\t<div class=\"elementor-widget-container\">\n\t\t\t<style>\/*! elementor - v3.23.0 - 15-07-2024 *\/\n.elementor-widget-image{text-align:center}.elementor-widget-image a{display:inline-block}.elementor-widget-image a img[src$=\".svg\"]{width:48px}.elementor-widget-image img{vertical-align:middle;display:inline-block}<\/style>\t\t\t\t\t\t\t\t\t\t<img fetchpriority=\"high\" decoding=\"async\" width=\"1024\" height=\"819\" src=\"https:\/\/forumcinemas.lt\/app\/uploads\/2026\/02\/KLYKSMOrinkinys_1280x1024-1024x819.jpg\" class=\"attachment-large size-large wp-image-7375\" alt=\"\" srcset=\"https:\/\/forumcinemas.lt\/app\/uploads\/2026\/02\/KLYKSMOrinkinys_1280x1024-1024x819.jpg 1024w, https:\/\/forumcinemas.lt\/app\/uploads\/2026\/02\/KLYKSMOrinkinys_1280x1024-300x240.jpg 300w, https:\/\/forumcinemas.lt\/app\/uploads\/2026\/02\/KLYKSMOrinkinys_1280x1024-768x614.jpg 768w, https:\/\/forumcinemas.lt\/app\/uploads\/2026\/02\/KLYKSMOrinkinys_1280x1024-460x368.jpg 460w, https:\/\/forumcinemas.lt\/app\/uploads\/2026\/02\/KLYKSMOrinkinys_1280x1024-800x640.jpg 800w, https:\/\/forumcinemas.lt\/app\/uploads\/2026\/02\/KLYKSMOrinkinys_1280x1024.jpg 1280w\" sizes=\"(max-width: 1024px) 100vw, 1024px\" \/>\t\t\t\t\t\t\t\t\t\t\t\t\t<\/div>\n\t\t\t\t<\/div>\n\t\t\t\t<\/div>\n\t\t<div class=\"elementor-element elementor-element-70ae6068 e-con-full e-flex e-con e-child\" data-id=\"70ae6068\" data-element_type=\"container\">\n\t\t\t\t<div class=\"elementor-element elementor-element-2380c225 elementor-widget elementor-widget-heading\" data-id=\"2380c225\" data-element_type=\"widget\" data-widget_type=\"heading.default\">\n\t\t\t\t<div class=\"elementor-widget-container\">\n\t\t\t<h6 class=\"elementor-heading-title elementor-size-default\">Visuose FORUM CINEMAS kino baruose<\/h6>\t\t<\/div>\n\t\t\t\t<\/div>\n\t\t\t\t<div class=\"elementor-element elementor-element-edc5d5c elementor-widget elementor-widget-text-editor\" data-id=\"edc5d5c\" data-element_type=\"widget\" data-widget_type=\"text-editor.default\">\n\t\t\t\t<div class=\"elementor-widget-container\">\n\t\t\t<style>\/*! elementor - v3.23.0 - 15-07-2024 *\/\n.elementor-widget-text-editor.elementor-drop-cap-view-stacked .elementor-drop-cap{background-color:#69727d;color:#fff}.elementor-widget-text-editor.elementor-drop-cap-view-framed .elementor-drop-cap{color:#69727d;border:3px solid;background-color:transparent}.elementor-widget-text-editor:not(.elementor-drop-cap-view-default) .elementor-drop-cap{margin-top:8px}.elementor-widget-text-editor:not(.elementor-drop-cap-view-default) .elementor-drop-cap-letter{width:1em;height:1em}.elementor-widget-text-editor .elementor-drop-cap{float:left;text-align:center;line-height:1;font-size:50px}.elementor-widget-text-editor .elementor-drop-cap-letter{display:inline-block}<\/style>\t\t\t\t<p>Keliauk \u017ei\u016br\u0117ti KLYKSMO 7 kinuose ir m\u0117gaukis baro skan\u0117st\u0173 rinkiniu!<\/p><p>Rinkin\u012f sudaro: s\u016bri\u0173 arba sald\u017ei\u0173 sprag\u0117si\u0173 pakuot\u0117, gertuv\u0117, filmo suvenyras &#8211; statul\u0117l\u0117.<\/p><p>*\u012e kain\u0105 ne\u012ftrauktas g\u0117rimas, kur\u012f galite u\u017esisakyti pagal savo skon\u012f u\u017e papildom\u0105 kain\u0105.<\/p>\t\t\t\t\t\t<\/div>\n\t\t\t\t<\/div>\n\t\t\t\t<\/div>\n\t\t\t\t\t<\/div>\n\t\t\t\t<\/div>\n\t\t<div class=\"elementor-element elementor-element-877ef7f e-flex e-con-boxed e-con e-parent\" data-id=\"877ef7f\" data-element_type=\"container\">\n\t\t\t\t\t<div class=\"e-con-inner\">\n\t\t<div class=\"elementor-element elementor-element-4e87407 e-con-full e-flex e-con e-child\" data-id=\"4e87407\" data-element_type=\"container\">\n\t\t\t\t<div class=\"elementor-element elementor-element-b211a43 elementor-widget elementor-widget-image\" data-id=\"b211a43\" data-element_type=\"widget\" data-widget_type=\"image.default\">\n\t\t\t\t<div class=\"elementor-widget-container\">\n\t\t\t\t\t\t\t\t\t\t\t\t\t\t<a href=\"https:\/\/forumcinemas.lt\/lt\/movie\/scream-7\/\">\n\t\t\t\t\t\t\t<img decoding=\"async\" width=\"1024\" height=\"819\" src=\"https:\/\/forumcinemas.lt\/app\/uploads\/2026\/02\/Scream7-1280x1024-1-1024x819.jpg\" class=\"attachment-large size-large wp-image-7377\" alt=\"\" srcset=\"https:\/\/forumcinemas.lt\/app\/uploads\/2026\/02\/Scream7-1280x1024-1-1024x819.jpg 1024w, https:\/\/forumcinemas.lt\/app\/uploads\/2026\/02\/Scream7-1280x1024-1-300x240.jpg 300w, https:\/\/forumcinemas.lt\/app\/uploads\/2026\/02\/Scream7-1280x1024-1-768x614.jpg 768w, https:\/\/forumcinemas.lt\/app\/uploads\/2026\/02\/Scream7-1280x1024-1-460x368.jpg 460w, https:\/\/forumcinemas.lt\/app\/uploads\/2026\/02\/Scream7-1280x1024-1-800x640.jpg 800w, https:\/\/forumcinemas.lt\/app\/uploads\/2026\/02\/Scream7-1280x1024-1.jpg 1280w\" sizes=\"(max-width: 1024px) 100vw, 1024px\" \/>\t\t\t\t\t\t\t\t<\/a>\n\t\t\t\t\t\t\t\t\t\t\t\t\t<\/div>\n\t\t\t\t<\/div>\n\t\t\t\t<\/div>\n\t\t<div class=\"elementor-element elementor-element-a3bd2d7 e-con-full e-flex e-con e-child\" data-id=\"a3bd2d7\" data-element_type=\"container\">\n\t\t\t\t<div class=\"elementor-element elementor-element-5fd606d elementor-widget elementor-widget-heading\" data-id=\"5fd606d\" data-element_type=\"widget\" data-widget_type=\"heading.default\">\n\t\t\t\t<div class=\"elementor-widget-container\">\n\t\t\t<h6 class=\"elementor-heading-title elementor-size-default\">JAU KINUOSE<\/h6>\t\t<\/div>\n\t\t\t\t<\/div>\n\t\t\t\t<div class=\"elementor-element elementor-element-d5f6cf4 elementor-widget elementor-widget-text-editor\" data-id=\"d5f6cf4\" data-element_type=\"widget\" data-widget_type=\"text-editor.default\">\n\t\t\t\t<div class=\"elementor-widget-container\">\n\t\t\t\t\t\t\t<p>Legendin\u0117 siaubo film\u0173 serija gr\u012f\u017eta su septintuoju filmu.<\/p><p>Pra\u0117jus metams nuo paskutini\u0173 \u012fvyki\u0173, Sidn\u0117 Prescott (Neve Campbell) pagaliau rado ramyb\u0119. Ta\u010diau ramyb\u0117 trunka neilgai. Ramiame miestelyje netik\u0117tai v\u0117l pasirodo \u017eudikas su vaiduoklio kauke, o did\u017eiausios Sidn\u0117s baim\u0117s tampa realybe \u2013 \u0161\u012f kart\u0105 Ghostface taikiniu tampa jos dukra. Prasideda naujas kruvin\u0173 nusikaltim\u0173 etapas, kuriame praeities traumos, nei\u0161spr\u0119stos paslaptys ir senos nuod\u0117m\u0117s v\u0117l i\u0161kyla \u012f pavir\u0161i\u0173.<\/p>\t\t\t\t\t\t<\/div>\n\t\t\t\t<\/div>\n\t\t\t\t<div class=\"elementor-element elementor-element-209557ad elementor-align-justify elementor-widget elementor-widget-button\" data-id=\"209557ad\" data-element_type=\"widget\" data-widget_type=\"button.default\">\n\t\t\t\t<div class=\"elementor-widget-container\">\n\t\t\t\t\t<div class=\"elementor-button-wrapper\">\n\t\t\t<a class=\"elementor-button elementor-button-link elementor-size-sm\" href=\"https:\/\/forumcinemas.lt\/lt\/movie\/scream-7\/\">\n\t\t\t\t\t\t<span class=\"elementor-button-content-wrapper\">\n\t\t\t\t\t\t\t\t\t<span class=\"elementor-button-text\">Pirkti bilietus<\/span>\n\t\t\t\t\t<\/span>\n\t\t\t\t\t<\/a>\n\t\t<\/div>\n\t\t\t\t<\/div>\n\t\t\t\t<\/div>\n\t\t\t\t<\/div>\n\t\t\t\t\t<\/div>\n\t\t\t\t<\/div>\n\t\t\t\t<\/div>\n\t\t","protected":false},"excerpt":{"rendered":"<p>KLYKSMO 7 baro u\u017ekand\u017ei\u0173 rinkinys Visuose FORUM CINEMAS kino baruose Keliauk \u017ei\u016br\u0117ti KLYKSMO 7 kinuose ir m\u0117gaukis baro skan\u0117st\u0173 rinkiniu! Rinkin\u012f sudaro: s\u016bri\u0173 arba sald\u017ei\u0173 sprag\u0117si\u0173 pakuot\u0117, gertuv\u0117, filmo suvenyras &#8211; statul\u0117l\u0117. *\u012e kain\u0105 ne\u012ftrauktas g\u0117rimas, kur\u012f galite u\u017esisakyti pagal savo skon\u012f u\u017e papildom\u0105 kain\u0105. JAU KINUOSE Legendin\u0117 siaubo film\u0173 serija gr\u012f\u017eta su septintuoju filmu. [&hellip;]<\/p>\n","protected":false},"author":4,"featured_media":7385,"parent":0,"menu_order":0,"comment_status":"closed","ping_status":"closed","template":"","meta":{"_acf_changed":false,"footnotes":""},"acf":[],"yoast_head":"<!-- This site is optimized with the Yoast SEO plugin v23.0 - https:\/\/yoast.com\/wordpress\/plugins\/seo\/ -->\n<title>KLYKSMO BARO RINKINYS - Kino teatras | Forum Cinemas<\/title>\n<meta name=\"robots\" content=\"index, follow, max-snippet:-1, max-image-preview:large, max-video-preview:-1\" \/>\n<link rel=\"canonical\" href=\"https:\/\/forumcinemas.lt\/lt\/klyksmo-baro-rinkinys\/\" \/>\n<meta property=\"og:locale\" content=\"lt_LT\" \/>\n<meta property=\"og:type\" content=\"article\" \/>\n<meta property=\"og:title\" content=\"KLYKSMO BARO RINKINYS - Kino teatras | Forum Cinemas\" \/>\n<meta property=\"og:description\" content=\"KLYKSMO 7 baro u\u017ekand\u017ei\u0173 rinkinys Visuose FORUM CINEMAS kino baruose Keliauk \u017ei\u016br\u0117ti KLYKSMO 7 kinuose ir m\u0117gaukis baro skan\u0117st\u0173 rinkiniu! Rinkin\u012f sudaro: s\u016bri\u0173 arba sald\u017ei\u0173 sprag\u0117si\u0173 pakuot\u0117, gertuv\u0117, filmo suvenyras &#8211; statul\u0117l\u0117. *\u012e kain\u0105 ne\u012ftrauktas g\u0117rimas, kur\u012f galite u\u017esisakyti pagal savo skon\u012f u\u017e papildom\u0105 kain\u0105. JAU KINUOSE Legendin\u0117 siaubo film\u0173 serija gr\u012f\u017eta su septintuoju filmu. [&hellip;]\" \/>\n<meta property=\"og:url\" content=\"https:\/\/forumcinemas.lt\/lt\/klyksmo-baro-rinkinys\/\" \/>\n<meta property=\"og:site_name\" content=\"Kino teatras | Forum Cinemas\" \/>\n<meta property=\"article:modified_time\" content=\"2026-02-27T15:48:04+00:00\" \/>\n<meta property=\"og:image\" content=\"https:\/\/forumcinemas.lt\/app\/uploads\/2026\/02\/KLYKSMOrinkinys_1200x628.jpg\" \/>\n\t<meta property=\"og:image:width\" content=\"1200\" \/>\n\t<meta property=\"og:image:height\" content=\"628\" \/>\n\t<meta property=\"og:image:type\" content=\"image\/jpeg\" \/>\n<meta name=\"twitter:card\" content=\"summary_large_image\" \/>\n<meta name=\"twitter:label1\" content=\"Est. reading time\" \/>\n\t<meta name=\"twitter:data1\" content=\"1 minute\" \/>\n<script type=\"application\/ld+json\" class=\"yoast-schema-graph\">{\"@context\":\"https:\/\/schema.org\",\"@graph\":[{\"@type\":\"WebPage\",\"@id\":\"https:\/\/forumcinemas.lt\/lt\/klyksmo-baro-rinkinys\/\",\"url\":\"https:\/\/forumcinemas.lt\/lt\/klyksmo-baro-rinkinys\/\",\"name\":\"KLYKSMO BARO RINKINYS - Kino teatras | Forum Cinemas\",\"isPartOf\":{\"@id\":\"https:\/\/forumcinemas.lt\/lt\/#website\"},\"primaryImageOfPage\":{\"@id\":\"https:\/\/forumcinemas.lt\/lt\/klyksmo-baro-rinkinys\/#primaryimage\"},\"image\":{\"@id\":\"https:\/\/forumcinemas.lt\/lt\/klyksmo-baro-rinkinys\/#primaryimage\"},\"thumbnailUrl\":\"https:\/\/forumcinemas.lt\/app\/uploads\/2026\/02\/KLYKSMOrinkinys_1200x628.jpg\",\"datePublished\":\"2026-02-27T15:32:00+00:00\",\"dateModified\":\"2026-02-27T15:48:04+00:00\",\"breadcrumb\":{\"@id\":\"https:\/\/forumcinemas.lt\/lt\/klyksmo-baro-rinkinys\/#breadcrumb\"},\"inLanguage\":\"lt-LT\",\"potentialAction\":[{\"@type\":\"ReadAction\",\"target\":[\"https:\/\/forumcinemas.lt\/lt\/klyksmo-baro-rinkinys\/\"]}]},{\"@type\":\"ImageObject\",\"inLanguage\":\"lt-LT\",\"@id\":\"https:\/\/forumcinemas.lt\/lt\/klyksmo-baro-rinkinys\/#primaryimage\",\"url\":\"https:\/\/forumcinemas.lt\/app\/uploads\/2026\/02\/KLYKSMOrinkinys_1200x628.jpg\",\"contentUrl\":\"https:\/\/forumcinemas.lt\/app\/uploads\/2026\/02\/KLYKSMOrinkinys_1200x628.jpg\",\"width\":1200,\"height\":628},{\"@type\":\"BreadcrumbList\",\"@id\":\"https:\/\/forumcinemas.lt\/lt\/klyksmo-baro-rinkinys\/#breadcrumb\",\"itemListElement\":[{\"@type\":\"ListItem\",\"position\":1,\"name\":\"Home\",\"item\":\"https:\/\/forumcinemas.lt\/lt\/\"},{\"@type\":\"ListItem\",\"position\":2,\"name\":\"KLYKSMO BARO RINKINYS\"}]},{\"@type\":\"WebSite\",\"@id\":\"https:\/\/forumcinemas.lt\/lt\/#website\",\"url\":\"https:\/\/forumcinemas.lt\/lt\/\",\"name\":\"Kino teatras | Forum Cinemas\",\"description\":\"\",\"potentialAction\":[{\"@type\":\"SearchAction\",\"target\":{\"@type\":\"EntryPoint\",\"urlTemplate\":\"https:\/\/forumcinemas.lt\/lt\/?s={search_term_string}\"},\"query-input\":\"required name=search_term_string\"}],\"inLanguage\":\"lt-LT\"}]}<\/script>\n<!-- \/ Yoast SEO plugin. -->","yoast_head_json":{"title":"KLYKSMO BARO RINKINYS - Kino teatras | Forum Cinemas","robots":{"index":"index","follow":"follow","max-snippet":"max-snippet:-1","max-image-preview":"max-image-preview:large","max-video-preview":"max-video-preview:-1"},"canonical":"https:\/\/forumcinemas.lt\/lt\/klyksmo-baro-rinkinys\/","og_locale":"lt_LT","og_type":"article","og_title":"KLYKSMO BARO RINKINYS - Kino teatras | Forum Cinemas","og_description":"KLYKSMO 7 baro u\u017ekand\u017ei\u0173 rinkinys Visuose FORUM CINEMAS kino baruose Keliauk \u017ei\u016br\u0117ti KLYKSMO 7 kinuose ir m\u0117gaukis baro skan\u0117st\u0173 rinkiniu! Rinkin\u012f sudaro: s\u016bri\u0173 arba sald\u017ei\u0173 sprag\u0117si\u0173 pakuot\u0117, gertuv\u0117, filmo suvenyras &#8211; statul\u0117l\u0117. *\u012e kain\u0105 ne\u012ftrauktas g\u0117rimas, kur\u012f galite u\u017esisakyti pagal savo skon\u012f u\u017e papildom\u0105 kain\u0105. JAU KINUOSE Legendin\u0117 siaubo film\u0173 serija gr\u012f\u017eta su septintuoju filmu. [&hellip;]","og_url":"https:\/\/forumcinemas.lt\/lt\/klyksmo-baro-rinkinys\/","og_site_name":"Kino teatras | Forum Cinemas","article_modified_time":"2026-02-27T15:48:04+00:00","og_image":[{"width":1200,"height":628,"url":"https:\/\/forumcinemas.lt\/app\/uploads\/2026\/02\/KLYKSMOrinkinys_1200x628.jpg","type":"image\/jpeg"}],"twitter_card":"summary_large_image","twitter_misc":{"Est. reading time":"1 minute"},"schema":{"@context":"https:\/\/schema.org","@graph":[{"@type":"WebPage","@id":"https:\/\/forumcinemas.lt\/lt\/klyksmo-baro-rinkinys\/","url":"https:\/\/forumcinemas.lt\/lt\/klyksmo-baro-rinkinys\/","name":"KLYKSMO BARO RINKINYS - Kino teatras | Forum Cinemas","isPartOf":{"@id":"https:\/\/forumcinemas.lt\/lt\/#website"},"primaryImageOfPage":{"@id":"https:\/\/forumcinemas.lt\/lt\/klyksmo-baro-rinkinys\/#primaryimage"},"image":{"@id":"https:\/\/forumcinemas.lt\/lt\/klyksmo-baro-rinkinys\/#primaryimage"},"thumbnailUrl":"https:\/\/forumcinemas.lt\/app\/uploads\/2026\/02\/KLYKSMOrinkinys_1200x628.jpg","datePublished":"2026-02-27T15:32:00+00:00","dateModified":"2026-02-27T15:48:04+00:00","breadcrumb":{"@id":"https:\/\/forumcinemas.lt\/lt\/klyksmo-baro-rinkinys\/#breadcrumb"},"inLanguage":"lt-LT","potentialAction":[{"@type":"ReadAction","target":["https:\/\/forumcinemas.lt\/lt\/klyksmo-baro-rinkinys\/"]}]},{"@type":"ImageObject","inLanguage":"lt-LT","@id":"https:\/\/forumcinemas.lt\/lt\/klyksmo-baro-rinkinys\/#primaryimage","url":"https:\/\/forumcinemas.lt\/app\/uploads\/2026\/02\/KLYKSMOrinkinys_1200x628.jpg","contentUrl":"https:\/\/forumcinemas.lt\/app\/uploads\/2026\/02\/KLYKSMOrinkinys_1200x628.jpg","width":1200,"height":628},{"@type":"BreadcrumbList","@id":"https:\/\/forumcinemas.lt\/lt\/klyksmo-baro-rinkinys\/#breadcrumb","itemListElement":[{"@type":"ListItem","position":1,"name":"Home","item":"https:\/\/forumcinemas.lt\/lt\/"},{"@type":"ListItem","position":2,"name":"KLYKSMO BARO RINKINYS"}]},{"@type":"WebSite","@id":"https:\/\/forumcinemas.lt\/lt\/#website","url":"https:\/\/forumcinemas.lt\/lt\/","name":"Kino teatras | Forum Cinemas","description":"","potentialAction":[{"@type":"SearchAction","target":{"@type":"EntryPoint","urlTemplate":"https:\/\/forumcinemas.lt\/lt\/?s={search_term_string}"},"query-input":"required name=search_term_string"}],"inLanguage":"lt-LT"}]}},"_links":{"self":[{"href":"https:\/\/forumcinemas.lt\/lt\/wp-json\/wp\/v2\/pages\/7372"}],"collection":[{"href":"https:\/\/forumcinemas.lt\/lt\/wp-json\/wp\/v2\/pages"}],"about":[{"href":"https:\/\/forumcinemas.lt\/lt\/wp-json\/wp\/v2\/types\/page"}],"author":[{"embeddable":true,"href":"https:\/\/forumcinemas.lt\/lt\/wp-json\/wp\/v2\/users\/4"}],"replies":[{"embeddable":true,"href":"https:\/\/forumcinemas.lt\/lt\/wp-json\/wp\/v2\/comments?post=7372"}],"version-history":[{"count":8,"href":"https:\/\/forumcinemas.lt\/lt\/wp-json\/wp\/v2\/pages\/7372\/revisions"}],"predecessor-version":[{"id":7389,"href":"https:\/\/forumcinemas.lt\/lt\/wp-json\/wp\/v2\/pages\/7372\/revisions\/7389"}],"wp:featuredmedia":[{"embeddable":true,"href":"https:\/\/forumcinemas.lt\/lt\/wp-json\/wp\/v2\/media\/7385"}],"wp:attachment":[{"href":"https:\/\/forumcinemas.lt\/lt\/wp-json\/wp\/v2\/media?parent=7372"}],"curies":[{"name":"wp","href":"https:\/\/api.w.org\/{rel}","templated":true}]}}