{"id":6400,"date":"2026-02-04T09:18:34","date_gmt":"2026-02-04T09:18:34","guid":{"rendered":"https:\/\/forumcinemas.lt\/?page_id=6400"},"modified":"2026-03-23T13:31:56","modified_gmt":"2026-03-23T13:31:56","slug":"kinopavasaris","status":"publish","type":"page","link":"https:\/\/forumcinemas.lt\/lt\/kinopavasaris\/","title":{"rendered":"Kino Pavasaris"},"content":{"rendered":"\t\t<div data-elementor-type=\"wp-page\" data-elementor-id=\"6400\" class=\"elementor elementor-6400\" data-elementor-post-type=\"page\">\n\t\t\t\t<div class=\"elementor-element elementor-element-3ad52fc0 e-flex e-con-boxed e-con e-parent\" data-id=\"3ad52fc0\" data-element_type=\"container\">\n\t\t\t\t\t<div class=\"e-con-inner\">\n\t\t\t\t<div class=\"elementor-element elementor-element-13f27640 elementor-widget elementor-widget-heading\" data-id=\"13f27640\" data-element_type=\"widget\" data-widget_type=\"heading.default\">\n\t\t\t\t<div class=\"elementor-widget-container\">\n\t\t\t<style>\/*! elementor - v3.23.0 - 15-07-2024 *\/\n.elementor-heading-title{padding:0;margin:0;line-height:1}.elementor-widget-heading .elementor-heading-title[class*=elementor-size-]>a{color:inherit;font-size:inherit;line-height:inherit}.elementor-widget-heading .elementor-heading-title.elementor-size-small{font-size:15px}.elementor-widget-heading .elementor-heading-title.elementor-size-medium{font-size:19px}.elementor-widget-heading .elementor-heading-title.elementor-size-large{font-size:29px}.elementor-widget-heading .elementor-heading-title.elementor-size-xl{font-size:39px}.elementor-widget-heading .elementor-heading-title.elementor-size-xxl{font-size:59px}<\/style><h2 class=\"elementor-heading-title elementor-size-default\">Festivalis KINO PAVASARIS<\/h2>\t\t<\/div>\n\t\t\t\t<\/div>\n\t\t\t\t\t<\/div>\n\t\t\t\t<\/div>\n\t\t<div class=\"elementor-element elementor-element-baa52fe e-flex e-con-boxed e-con e-parent\" data-id=\"baa52fe\" data-element_type=\"container\">\n\t\t\t\t\t<div class=\"e-con-inner\">\n\t\t\t\t<div class=\"elementor-element elementor-element-8600559 elementor-widget elementor-widget-shortcode\" data-id=\"8600559\" data-element_type=\"widget\" data-widget_type=\"shortcode.default\">\n\t\t\t\t<div class=\"elementor-widget-container\">\n\t\t\t\t\t<div class=\"elementor-shortcode\"><div class=\"g g-3\"><div class=\"g-single a-300\"><a class=\"gofollow\" data-track=\"MzAwLDMsMzA=\" href=\"https:\/\/forumcinemas.lt\/lt\/kinopavasaris\/\"><img decoding=\"async\" src=\"https:\/\/forumcinemas.lt\/app\/uploads\/2026\/03\/2026-03-19-KP26_Pratesimas_3840x875-Custom.jpg\" \/><\/a><\/div><\/div><\/div>\n\t\t\t\t<\/div>\n\t\t\t\t<\/div>\n\t\t\t\t\t<\/div>\n\t\t\t\t<\/div>\n\t\t<div class=\"elementor-element elementor-element-e9ed3de e-flex e-con-boxed e-con e-parent\" data-id=\"e9ed3de\" data-element_type=\"container\">\n\t\t\t\t\t<div class=\"e-con-inner\">\n\t\t\t\t<div class=\"elementor-element elementor-element-8d4be8b elementor-widget__width-inherit elementor-widget elementor-widget-text-editor\" data-id=\"8d4be8b\" data-element_type=\"widget\" data-widget_type=\"text-editor.default\">\n\t\t\t\t<div class=\"elementor-widget-container\">\n\t\t\t<style>\/*! elementor - v3.23.0 - 15-07-2024 *\/\n.elementor-widget-text-editor.elementor-drop-cap-view-stacked .elementor-drop-cap{background-color:#69727d;color:#fff}.elementor-widget-text-editor.elementor-drop-cap-view-framed .elementor-drop-cap{color:#69727d;border:3px solid;background-color:transparent}.elementor-widget-text-editor:not(.elementor-drop-cap-view-default) .elementor-drop-cap{margin-top:8px}.elementor-widget-text-editor:not(.elementor-drop-cap-view-default) .elementor-drop-cap-letter{width:1em;height:1em}.elementor-widget-text-editor .elementor-drop-cap{float:left;text-align:center;line-height:1;font-size:50px}.elementor-widget-text-editor .elementor-drop-cap-letter{display:inline-block}<\/style>\t\t\t\t<div class=\"grid-x two-sided-entry-item mb-d104-m56\"><div class=\"cell small-12 large-7 two-sided-entry-right\"><div class=\"entry\"><p style=\"text-align: center;\"><strong>Festivalis t\u0119siasi! Jei per KINO PAVASAR\u012e nesp\u0117jai, ap\u017ei\u016br\u0117k prat\u0119simo filmus ir prat\u0119sk savo kino maraton\u0105.<\/strong><\/p><\/div><\/div><\/div>\t\t\t\t\t\t<\/div>\n\t\t\t\t<\/div>\n\t\t\t\t\t<\/div>\n\t\t\t\t<\/div>\n\t\t<div class=\"elementor-element elementor-element-70986d3c e-flex e-con-boxed e-con e-parent\" data-id=\"70986d3c\" data-element_type=\"container\">\n\t\t\t\t\t<div class=\"e-con-inner\">\n\t\t\t\t<div class=\"elementor-element elementor-element-feba02d elementor-widget elementor-widget-heading\" data-id=\"feba02d\" data-element_type=\"widget\" data-widget_type=\"heading.default\">\n\t\t\t\t<div class=\"elementor-widget-container\">\n\t\t\t<h2 class=\"elementor-heading-title elementor-size-default\">PRAT\u0118SIMO SEANSAI<\/h2>\t\t<\/div>\n\t\t\t\t<\/div>\n\t\t\t\t<div class=\"elementor-element elementor-element-3e2ba769 elementor-widget elementor-widget-daily-program\" data-id=\"3e2ba769\" data-element_type=\"widget\" data-widget_type=\"daily-program.default\">\n\t\t\t\t<div class=\"elementor-widget-container\">\n\t\t\t<pc-size-detector><\/pc-size-detector><daily-program class=\"loading-component\" categories=\"\" shuffle=\"append\" options='{\"showFilters\": true, \"showScreenFeature\": true, \"showAgeRating\": true, \"ageRatingDisplayTypes\": [\"value\"], \"showDescription\": true, \"showCast\": true, \"showDuration\": true, \"multipleDays\": false, \"multipleDaysQuantity\": 0, \"showMultipleDaysDateRange\": false, \"showTags\": false, \"tagsToShow\": [], \"filterOptions\": {\"showDatePanel\": true,\"showDateNavigation\": true,\"showMoreFilters\": false,\"showQuickFilters\": false,\"showLanguages\": false,\"showCinemas\": false,\"showGenres\": true,\"defaultCinemas\": [\"4c3fe3b1-90c1-4268-9c9f-d86e91cd2a44\",\"40025d9f-a5cd-4bb9-bd4b-d01c52558731\",\"b4662f38-8b50-4533-9eb8-c26ae4394a78\",\"f933f355-2e6b-466f-9b97-e267ecd8e266\"],\"defaultGenres\": [],\"availableQuickFilters\": [],\"defaultQuickFilters\": [],\"quickFiltersMode\": \"sum\",\"dynamicQuickFilters\": false,\"defaultTagGroups\": [\"KP\"],\"defaultTags\": [\"KINO PAVASARIO prat\\u0119simas\",\"Kino pavasaris\"],\"availableTagGroups\": [\"KP\"],\"content\": \"all\",\"isTimeRange\": false,\"timeFrom\": \"\",\"timeTo\": \"\"},\"layout\":{\"mobile\":\"col2\",\"tablet\":\"col2\",\"desktop\":\"col2\"},\"groupingOrder\": [],\"screeningsGroupingLayout\": \"extended\", \"cardOptions\": {\"direction\": \"row\", \"imageToDisplay\": \"first\"}}'><\/daily-program>\t\t<\/div>\n\t\t\t\t<\/div>\n\t\t\t\t\t<\/div>\n\t\t\t\t<\/div>\n\t\t\t\t<\/div>\n\t\t","protected":false},"excerpt":{"rendered":"<p>Festivalis KINO PAVASARIS Festivalis t\u0119siasi! Jei per KINO PAVASAR\u012e nesp\u0117jai, ap\u017ei\u016br\u0117k prat\u0119simo filmus ir prat\u0119sk savo kino maraton\u0105. PRAT\u0118SIMO SEANSAI<\/p>\n","protected":false},"author":4,"featured_media":0,"parent":0,"menu_order":0,"comment_status":"closed","ping_status":"closed","template":"","meta":{"_acf_changed":false,"footnotes":""},"acf":[],"yoast_head":"<!-- This site is optimized with the Yoast SEO plugin v23.0 - https:\/\/yoast.com\/wordpress\/plugins\/seo\/ -->\n<title>Kino Pavasaris - Dovan\u0173 kuponai internetu | Forum Cinemas kino teatras<\/title>\n<meta name=\"robots\" content=\"index, follow, max-snippet:-1, max-image-preview:large, max-video-preview:-1\" \/>\n<link rel=\"canonical\" href=\"https:\/\/forumcinemas.lt\/lt\/kinopavasaris\/\" \/>\n<meta property=\"og:locale\" content=\"lt_LT\" \/>\n<meta property=\"og:type\" content=\"article\" \/>\n<meta property=\"og:title\" content=\"Kino Pavasaris - Dovan\u0173 kuponai internetu | Forum Cinemas kino teatras\" \/>\n<meta property=\"og:description\" content=\"Festivalis KINO PAVASARIS Festivalis t\u0119siasi! Jei per KINO PAVASAR\u012e nesp\u0117jai, ap\u017ei\u016br\u0117k prat\u0119simo filmus ir prat\u0119sk savo kino maraton\u0105. PRAT\u0118SIMO SEANSAI\" \/>\n<meta property=\"og:url\" content=\"https:\/\/forumcinemas.lt\/lt\/kinopavasaris\/\" \/>\n<meta property=\"og:site_name\" content=\"Dovan\u0173 kuponai internetu | Forum Cinemas kino teatras\" \/>\n<meta property=\"article:modified_time\" content=\"2026-03-23T13:31:56+00:00\" \/>\n<meta name=\"twitter:card\" content=\"summary_large_image\" \/>\n<meta name=\"twitter:label1\" content=\"Est. reading time\" \/>\n\t<meta name=\"twitter:data1\" content=\"56 minutes\" \/>\n<script type=\"application\/ld+json\" class=\"yoast-schema-graph\">{\"@context\":\"https:\/\/schema.org\",\"@graph\":[{\"@type\":\"WebPage\",\"@id\":\"https:\/\/forumcinemas.lt\/lt\/kinopavasaris\/\",\"url\":\"https:\/\/forumcinemas.lt\/lt\/kinopavasaris\/\",\"name\":\"Kino Pavasaris - Dovan\u0173 kuponai internetu | Forum Cinemas kino teatras\",\"isPartOf\":{\"@id\":\"https:\/\/forumcinemas.lt\/lt\/#website\"},\"datePublished\":\"2026-02-04T09:18:34+00:00\",\"dateModified\":\"2026-03-23T13:31:56+00:00\",\"breadcrumb\":{\"@id\":\"https:\/\/forumcinemas.lt\/lt\/kinopavasaris\/#breadcrumb\"},\"inLanguage\":\"lt-LT\",\"potentialAction\":[{\"@type\":\"ReadAction\",\"target\":[\"https:\/\/forumcinemas.lt\/lt\/kinopavasaris\/\"]}]},{\"@type\":\"BreadcrumbList\",\"@id\":\"https:\/\/forumcinemas.lt\/lt\/kinopavasaris\/#breadcrumb\",\"itemListElement\":[{\"@type\":\"ListItem\",\"position\":1,\"name\":\"Home\",\"item\":\"https:\/\/forumcinemas.lt\/lt\/\"},{\"@type\":\"ListItem\",\"position\":2,\"name\":\"Kino Pavasaris\"}]},{\"@type\":\"WebSite\",\"@id\":\"https:\/\/forumcinemas.lt\/lt\/#website\",\"url\":\"https:\/\/forumcinemas.lt\/lt\/\",\"name\":\"Dovan\u0173 kuponai internetu | Forum Cinemas kino teatras\",\"description\":\"\",\"potentialAction\":[{\"@type\":\"SearchAction\",\"target\":{\"@type\":\"EntryPoint\",\"urlTemplate\":\"https:\/\/forumcinemas.lt\/lt\/?s={search_term_string}\"},\"query-input\":\"required name=search_term_string\"}],\"inLanguage\":\"lt-LT\"}]}<\/script>\n<!-- \/ Yoast SEO plugin. -->","yoast_head_json":{"title":"Kino Pavasaris - Dovan\u0173 kuponai internetu | Forum Cinemas kino teatras","robots":{"index":"index","follow":"follow","max-snippet":"max-snippet:-1","max-image-preview":"max-image-preview:large","max-video-preview":"max-video-preview:-1"},"canonical":"https:\/\/forumcinemas.lt\/lt\/kinopavasaris\/","og_locale":"lt_LT","og_type":"article","og_title":"Kino Pavasaris - Dovan\u0173 kuponai internetu | Forum Cinemas kino teatras","og_description":"Festivalis KINO PAVASARIS Festivalis t\u0119siasi! Jei per KINO PAVASAR\u012e nesp\u0117jai, ap\u017ei\u016br\u0117k prat\u0119simo filmus ir prat\u0119sk savo kino maraton\u0105. PRAT\u0118SIMO SEANSAI","og_url":"https:\/\/forumcinemas.lt\/lt\/kinopavasaris\/","og_site_name":"Dovan\u0173 kuponai internetu | Forum Cinemas kino teatras","article_modified_time":"2026-03-23T13:31:56+00:00","twitter_card":"summary_large_image","twitter_misc":{"Est. reading time":"56 minutes"},"schema":{"@context":"https:\/\/schema.org","@graph":[{"@type":"WebPage","@id":"https:\/\/forumcinemas.lt\/lt\/kinopavasaris\/","url":"https:\/\/forumcinemas.lt\/lt\/kinopavasaris\/","name":"Kino Pavasaris - Dovan\u0173 kuponai internetu | Forum Cinemas kino teatras","isPartOf":{"@id":"https:\/\/forumcinemas.lt\/lt\/#website"},"datePublished":"2026-02-04T09:18:34+00:00","dateModified":"2026-03-23T13:31:56+00:00","breadcrumb":{"@id":"https:\/\/forumcinemas.lt\/lt\/kinopavasaris\/#breadcrumb"},"inLanguage":"lt-LT","potentialAction":[{"@type":"ReadAction","target":["https:\/\/forumcinemas.lt\/lt\/kinopavasaris\/"]}]},{"@type":"BreadcrumbList","@id":"https:\/\/forumcinemas.lt\/lt\/kinopavasaris\/#breadcrumb","itemListElement":[{"@type":"ListItem","position":1,"name":"Home","item":"https:\/\/forumcinemas.lt\/lt\/"},{"@type":"ListItem","position":2,"name":"Kino Pavasaris"}]},{"@type":"WebSite","@id":"https:\/\/forumcinemas.lt\/lt\/#website","url":"https:\/\/forumcinemas.lt\/lt\/","name":"Dovan\u0173 kuponai internetu | Forum Cinemas kino teatras","description":"","potentialAction":[{"@type":"SearchAction","target":{"@type":"EntryPoint","urlTemplate":"https:\/\/forumcinemas.lt\/lt\/?s={search_term_string}"},"query-input":"required name=search_term_string"}],"inLanguage":"lt-LT"}]}},"_links":{"self":[{"href":"https:\/\/forumcinemas.lt\/lt\/wp-json\/wp\/v2\/pages\/6400"}],"collection":[{"href":"https:\/\/forumcinemas.lt\/lt\/wp-json\/wp\/v2\/pages"}],"about":[{"href":"https:\/\/forumcinemas.lt\/lt\/wp-json\/wp\/v2\/types\/page"}],"author":[{"embeddable":true,"href":"https:\/\/forumcinemas.lt\/lt\/wp-json\/wp\/v2\/users\/4"}],"replies":[{"embeddable":true,"href":"https:\/\/forumcinemas.lt\/lt\/wp-json\/wp\/v2\/comments?post=6400"}],"version-history":[{"count":108,"href":"https:\/\/forumcinemas.lt\/lt\/wp-json\/wp\/v2\/pages\/6400\/revisions"}],"predecessor-version":[{"id":7783,"href":"https:\/\/forumcinemas.lt\/lt\/wp-json\/wp\/v2\/pages\/6400\/revisions\/7783"}],"wp:attachment":[{"href":"https:\/\/forumcinemas.lt\/lt\/wp-json\/wp\/v2\/media?parent=6400"}],"curies":[{"name":"wp","href":"https:\/\/api.w.org\/{rel}","templated":true}]}}