{"id":6304,"date":"2026-01-28T14:27:05","date_gmt":"2026-01-28T14:27:05","guid":{"rendered":"https:\/\/forumcinemas.lt\/?page_id=6304"},"modified":"2026-01-30T08:43:39","modified_gmt":"2026-01-30T08:43:39","slug":"valentinodiena","status":"publish","type":"page","link":"https:\/\/forumcinemas.lt\/lt\/valentinodiena\/","title":{"rendered":"Valentino diena kine"},"content":{"rendered":"\t\t<div data-elementor-type=\"wp-page\" data-elementor-id=\"6304\" class=\"elementor elementor-6304\" data-elementor-post-type=\"page\">\n\t\t\t\t<div class=\"elementor-element elementor-element-6ccaf90 e-flex e-con-boxed e-con e-parent\" data-id=\"6ccaf90\" data-element_type=\"container\">\n\t\t\t\t\t<div class=\"e-con-inner\">\n\t\t\t\t<div class=\"elementor-element elementor-element-90b1e7d elementor-widget elementor-widget-heading\" data-id=\"90b1e7d\" data-element_type=\"widget\" data-widget_type=\"heading.default\">\n\t\t\t\t<div class=\"elementor-widget-container\">\n\t\t\t<style>\/*! elementor - v3.23.0 - 15-07-2024 *\/\n.elementor-heading-title{padding:0;margin:0;line-height:1}.elementor-widget-heading .elementor-heading-title[class*=elementor-size-]>a{color:inherit;font-size:inherit;line-height:inherit}.elementor-widget-heading .elementor-heading-title.elementor-size-small{font-size:15px}.elementor-widget-heading .elementor-heading-title.elementor-size-medium{font-size:19px}.elementor-widget-heading .elementor-heading-title.elementor-size-large{font-size:29px}.elementor-widget-heading .elementor-heading-title.elementor-size-xl{font-size:39px}.elementor-widget-heading .elementor-heading-title.elementor-size-xxl{font-size:59px}<\/style><h2 class=\"elementor-heading-title elementor-size-default\">VALENTINO DIEN\u0104 \u0160V\u0118SK KINE<\/h2>\t\t<\/div>\n\t\t\t\t<\/div>\n\t\t\t\t\t<\/div>\n\t\t\t\t<\/div>\n\t\t<div class=\"elementor-element elementor-element-20d7f305 e-flex e-con-boxed e-con e-parent\" data-id=\"20d7f305\" data-element_type=\"container\">\n\t\t\t\t\t<div class=\"e-con-inner\">\n\t\t<div class=\"elementor-element elementor-element-6e13d7f7 e-con-full e-flex e-con e-child\" data-id=\"6e13d7f7\" data-element_type=\"container\">\n\t\t\t\t<div class=\"elementor-element elementor-element-5979580b elementor-widget elementor-widget-image\" data-id=\"5979580b\" data-element_type=\"widget\" data-widget_type=\"image.default\">\n\t\t\t\t<div class=\"elementor-widget-container\">\n\t\t\t\t\t\t\t\t\t\t\t\t\t<img fetchpriority=\"high\" decoding=\"async\" width=\"691\" height=\"1024\" src=\"https:\/\/forumcinemas.lt\/app\/uploads\/2026\/01\/VALENTINAS_2026_1000x1481-691x1024.jpg\" class=\"attachment-large size-large wp-image-6318\" alt=\"\" srcset=\"https:\/\/forumcinemas.lt\/app\/uploads\/2026\/01\/VALENTINAS_2026_1000x1481-691x1024.jpg 691w, https:\/\/forumcinemas.lt\/app\/uploads\/2026\/01\/VALENTINAS_2026_1000x1481-203x300.jpg 203w, https:\/\/forumcinemas.lt\/app\/uploads\/2026\/01\/VALENTINAS_2026_1000x1481-768x1137.jpg 768w, https:\/\/forumcinemas.lt\/app\/uploads\/2026\/01\/VALENTINAS_2026_1000x1481-432x640.jpg 432w, https:\/\/forumcinemas.lt\/app\/uploads\/2026\/01\/VALENTINAS_2026_1000x1481.jpg 1000w\" sizes=\"(max-width: 691px) 100vw, 691px\" \/>\t\t\t\t\t\t\t\t\t\t\t\t\t<\/div>\n\t\t\t\t<\/div>\n\t\t\t\t<\/div>\n\t\t<div class=\"elementor-element elementor-element-2a7709dd e-con-full e-flex e-con e-child\" data-id=\"2a7709dd\" data-element_type=\"container\">\n\t\t\t\t<div class=\"elementor-element elementor-element-6e127a41 elementor-widget elementor-widget-heading\" data-id=\"6e127a41\" data-element_type=\"widget\" data-widget_type=\"heading.default\">\n\t\t\t\t<div class=\"elementor-widget-container\">\n\t\t\t<h6 class=\"elementor-heading-title elementor-size-default\">Meil\u0117s niekada nebus per daug.<\/h6>\t\t<\/div>\n\t\t\t\t<\/div>\n\t\t\t\t<div class=\"elementor-element elementor-element-2c8df8af elementor-widget elementor-widget-text-editor\" data-id=\"2c8df8af\" data-element_type=\"widget\" data-widget_type=\"text-editor.default\">\n\t\t\t\t<div class=\"elementor-widget-container\">\n\t\t\t<style>\/*! elementor - v3.23.0 - 15-07-2024 *\/\n.elementor-widget-text-editor.elementor-drop-cap-view-stacked .elementor-drop-cap{background-color:#69727d;color:#fff}.elementor-widget-text-editor.elementor-drop-cap-view-framed .elementor-drop-cap{color:#69727d;border:3px solid;background-color:transparent}.elementor-widget-text-editor:not(.elementor-drop-cap-view-default) .elementor-drop-cap{margin-top:8px}.elementor-widget-text-editor:not(.elementor-drop-cap-view-default) .elementor-drop-cap-letter{width:1em;height:1em}.elementor-widget-text-editor .elementor-drop-cap{float:left;text-align:center;line-height:1;font-size:50px}.elementor-widget-text-editor .elementor-drop-cap-letter{display:inline-block}<\/style>\t\t\t\t<p>Tad \u0161iemet \u201eForum Cinemas\u201c Jums paruo\u0161\u0117 special\u0173, ypating\u0105 ir i\u0161skirtin\u012f repertuar\u0105 \u0160v. Valentino Dienai ir net visam ilgajam savaitgaliui.<\/p><p>\u0160v\u0119sti prad\u0117sime jau vasario 12 kartu su \u201eV\u0117tr\u0173 kalno\u201c Fantazijos.lt ir IMAX premjera.<\/p><p>Vasario 13 Vilniuje ir Kaune PASIKLYD\u0118 EKRANE kvie\u010dia \u012f 20 met\u0173 \u0161ven\u010diant\u012f film\u0105 IR VELNIAS D\u0116VI PRADA.<\/p><p>Vasario 14 Vilniuje kvie\u010diame \u012f lietuvi\u0161ko filmo SM\u0116LIS TAVO PLAUKUOSE seans\u0105 ir susitikim\u0105 su k\u016brybine grupe.<\/p><p>O vis\u0105 savaitgal\u012f specialus repertuaras!<\/p><p>Tad paskub\u0117kite i\u0161 anksto pasir\u016bpinti IMAX, iLUXE, iSCAPE ir LOVE SEATS J\u016bs\u0173 romanti\u0161kam vakarui kine.<\/p><p>Myl\u0117kite ir b\u016bkite Mylimi.<\/p><p>Magi\u0161kos Jums kelion\u0117s kartu linki J\u016bs\u0173 Valentinas ir \u201eForum Cinemas\u201c<\/p>\t\t\t\t\t\t<\/div>\n\t\t\t\t<\/div>\n\t\t\t\t<\/div>\n\t\t\t\t\t<\/div>\n\t\t\t\t<\/div>\n\t\t<div class=\"elementor-element elementor-element-6dce4588 e-flex e-con-boxed e-con e-parent\" data-id=\"6dce4588\" data-element_type=\"container\">\n\t\t\t\t\t<div class=\"e-con-inner\">\n\t\t<div class=\"elementor-element elementor-element-4b7df70 e-con-full e-flex e-con e-child\" data-id=\"4b7df70\" data-element_type=\"container\">\n\t\t\t\t<div class=\"elementor-element elementor-element-72d5dc19 elementor-widget elementor-widget-image\" data-id=\"72d5dc19\" data-element_type=\"widget\" data-widget_type=\"image.default\">\n\t\t\t\t<div class=\"elementor-widget-container\">\n\t\t\t\t\t\t\t\t\t\t\t\t\t\t<a href=\"https:\/\/forumcinemas.lt\/lt\/movie\/fantazijos-lt-imax-premiere-wuthering-heights\/\">\n\t\t\t\t\t\t\t<img decoding=\"async\" width=\"1024\" height=\"819\" src=\"https:\/\/forumcinemas.lt\/app\/uploads\/2026\/01\/Fantazijos_WUTHERING_HEIGHTS_1280x1024-1024x819.jpg\" class=\"attachment-large size-large wp-image-6320\" alt=\"\" srcset=\"https:\/\/forumcinemas.lt\/app\/uploads\/2026\/01\/Fantazijos_WUTHERING_HEIGHTS_1280x1024-1024x819.jpg 1024w, https:\/\/forumcinemas.lt\/app\/uploads\/2026\/01\/Fantazijos_WUTHERING_HEIGHTS_1280x1024-300x240.jpg 300w, https:\/\/forumcinemas.lt\/app\/uploads\/2026\/01\/Fantazijos_WUTHERING_HEIGHTS_1280x1024-768x614.jpg 768w, https:\/\/forumcinemas.lt\/app\/uploads\/2026\/01\/Fantazijos_WUTHERING_HEIGHTS_1280x1024-460x368.jpg 460w, https:\/\/forumcinemas.lt\/app\/uploads\/2026\/01\/Fantazijos_WUTHERING_HEIGHTS_1280x1024-800x640.jpg 800w, https:\/\/forumcinemas.lt\/app\/uploads\/2026\/01\/Fantazijos_WUTHERING_HEIGHTS_1280x1024.jpg 1280w\" sizes=\"(max-width: 1024px) 100vw, 1024px\" \/>\t\t\t\t\t\t\t\t<\/a>\n\t\t\t\t\t\t\t\t\t\t\t\t\t<\/div>\n\t\t\t\t<\/div>\n\t\t\t\t<\/div>\n\t\t<div class=\"elementor-element elementor-element-2e665ba3 e-con-full e-flex e-con e-child\" data-id=\"2e665ba3\" data-element_type=\"container\">\n\t\t\t\t<div class=\"elementor-element elementor-element-46aff54b elementor-widget elementor-widget-heading\" data-id=\"46aff54b\" data-element_type=\"widget\" data-widget_type=\"heading.default\">\n\t\t\t\t<div class=\"elementor-widget-container\">\n\t\t\t<h6 class=\"elementor-heading-title elementor-size-default\">Vasario 12 | Fantazijos.lt ir IMAX premjera<\/h6>\t\t<\/div>\n\t\t\t\t<\/div>\n\t\t\t\t<div class=\"elementor-element elementor-element-3a267934 elementor-widget elementor-widget-heading\" data-id=\"3a267934\" data-element_type=\"widget\" data-widget_type=\"heading.default\">\n\t\t\t\t<div class=\"elementor-widget-container\">\n\t\t\t<h6 class=\"elementor-heading-title elementor-size-default\">Vis\u0173 laik\u0173 gra\u017eiausios meil\u0117s istorijos \u012fkv\u0117ptas \u0161irdis tirpdantis, aistras \u012faudrinantis ir draud\u017eiamais tro\u0161kimais viliojantis filmas su tarsi vienas kitam skirtais aktoriais Jacob Elordi bei Margot Robbie<\/h6>\t\t<\/div>\n\t\t\t\t<\/div>\n\t\t\t\t<div class=\"elementor-element elementor-element-3cdb5998 elementor-align-justify elementor-widget elementor-widget-button\" data-id=\"3cdb5998\" data-element_type=\"widget\" data-widget_type=\"button.default\">\n\t\t\t\t<div class=\"elementor-widget-container\">\n\t\t\t\t\t<div class=\"elementor-button-wrapper\">\n\t\t\t<a class=\"elementor-button elementor-button-link elementor-size-sm\" href=\"https:\/\/forumcinemas.lt\/lt\/movie\/fantazijos-lt-imax-premiere-wuthering-heights\/\">\n\t\t\t\t\t\t<span class=\"elementor-button-content-wrapper\">\n\t\t\t\t\t\t\t\t\t<span class=\"elementor-button-text\">Pirkti bilietus<\/span>\n\t\t\t\t\t<\/span>\n\t\t\t\t\t<\/a>\n\t\t<\/div>\n\t\t\t\t<\/div>\n\t\t\t\t<\/div>\n\t\t\t\t<\/div>\n\t\t\t\t\t<\/div>\n\t\t\t\t<\/div>\n\t\t<div class=\"elementor-element elementor-element-1d826a0d e-flex e-con-boxed e-con e-parent\" data-id=\"1d826a0d\" data-element_type=\"container\">\n\t\t\t\t\t<div class=\"e-con-inner\">\n\t\t<div class=\"elementor-element elementor-element-347d1a3f e-con-full e-flex e-con e-child\" data-id=\"347d1a3f\" data-element_type=\"container\">\n\t\t\t\t<div class=\"elementor-element elementor-element-690830b3 elementor-widget elementor-widget-image\" data-id=\"690830b3\" data-element_type=\"widget\" data-widget_type=\"image.default\">\n\t\t\t\t<div class=\"elementor-widget-container\">\n\t\t\t\t\t\t\t\t\t\t\t\t\t\t<a href=\"https:\/\/forumcinemas.lt\/lt\/movie\/the-devil-wears-prada\/\">\n\t\t\t\t\t\t\t<img decoding=\"async\" width=\"1024\" height=\"819\" src=\"https:\/\/forumcinemas.lt\/app\/uploads\/2025\/11\/The-Devil-Wears-Prada_1280x1024-1024x819.jpg\" class=\"attachment-large size-large wp-image-5157\" alt=\"\" srcset=\"https:\/\/forumcinemas.lt\/app\/uploads\/2025\/11\/The-Devil-Wears-Prada_1280x1024-1024x819.jpg 1024w, https:\/\/forumcinemas.lt\/app\/uploads\/2025\/11\/The-Devil-Wears-Prada_1280x1024-300x240.jpg 300w, https:\/\/forumcinemas.lt\/app\/uploads\/2025\/11\/The-Devil-Wears-Prada_1280x1024-768x614.jpg 768w, https:\/\/forumcinemas.lt\/app\/uploads\/2025\/11\/The-Devil-Wears-Prada_1280x1024-460x368.jpg 460w, https:\/\/forumcinemas.lt\/app\/uploads\/2025\/11\/The-Devil-Wears-Prada_1280x1024-800x640.jpg 800w, https:\/\/forumcinemas.lt\/app\/uploads\/2025\/11\/The-Devil-Wears-Prada_1280x1024.jpg 1280w\" sizes=\"(max-width: 1024px) 100vw, 1024px\" \/>\t\t\t\t\t\t\t\t<\/a>\n\t\t\t\t\t\t\t\t\t\t\t\t\t<\/div>\n\t\t\t\t<\/div>\n\t\t\t\t<\/div>\n\t\t<div class=\"elementor-element elementor-element-5fa3c948 e-con-full e-flex e-con e-child\" data-id=\"5fa3c948\" data-element_type=\"container\">\n\t\t\t\t<div class=\"elementor-element elementor-element-63d9e4ea elementor-widget elementor-widget-heading\" data-id=\"63d9e4ea\" data-element_type=\"widget\" data-widget_type=\"heading.default\">\n\t\t\t\t<div class=\"elementor-widget-container\">\n\t\t\t<h6 class=\"elementor-heading-title elementor-size-default\">Vasario 13 d. | IR VELNIAS D\u0116VI PRADA<\/h6>\t\t<\/div>\n\t\t\t\t<\/div>\n\t\t\t\t<div class=\"elementor-element elementor-element-4518af69 elementor-widget elementor-widget-heading\" data-id=\"4518af69\" data-element_type=\"widget\" data-widget_type=\"heading.default\">\n\t\t\t\t<div class=\"elementor-widget-container\">\n\t\t\t<h6 class=\"elementor-heading-title elementor-size-default\">Pra\u0117jus lygiai dvide\u0161im\u010diai met\u0173 nuo stilingos, \u017ei\u016brov\u0173 pam\u0117gtos ir jau kultine tapusios ra\u0161ytojos Lauren Weisberger romano \u201eIr velnias d\u0117vi Prada\u201c (angl. \u201eThe Devil Wears Prada\u201c) ekranizacijos pasirodymo, kino blogeriai \u201ePasiklyd\u0119 ekrane\u201c nusprend\u0117 sugr\u0105\u017einti \u0161\u012f ikoni\u0161k\u0105 film\u0105 \u012f \u201eForum Cinemas\u201c ekranus. Ir ne bet kada, o \u0160v. Valentino dienos i\u0161vakar\u0117se!<\/h6>\t\t<\/div>\n\t\t\t\t<\/div>\n\t\t\t\t<div class=\"elementor-element elementor-element-11ae2878 elementor-align-justify elementor-widget elementor-widget-button\" data-id=\"11ae2878\" data-element_type=\"widget\" data-widget_type=\"button.default\">\n\t\t\t\t<div class=\"elementor-widget-container\">\n\t\t\t\t\t<div class=\"elementor-button-wrapper\">\n\t\t\t<a class=\"elementor-button elementor-button-link elementor-size-sm\" href=\"https:\/\/forumcinemas.lt\/lt\/movie\/the-devil-wears-prada\/\">\n\t\t\t\t\t\t<span class=\"elementor-button-content-wrapper\">\n\t\t\t\t\t\t\t\t\t<span class=\"elementor-button-text\">Pirkti bilietus<\/span>\n\t\t\t\t\t<\/span>\n\t\t\t\t\t<\/a>\n\t\t<\/div>\n\t\t\t\t<\/div>\n\t\t\t\t<\/div>\n\t\t\t\t<\/div>\n\t\t\t\t\t<\/div>\n\t\t\t\t<\/div>\n\t\t<div class=\"elementor-element elementor-element-119fb56f e-flex e-con-boxed e-con e-parent\" data-id=\"119fb56f\" data-element_type=\"container\">\n\t\t\t\t\t<div class=\"e-con-inner\">\n\t\t\t\t<div class=\"elementor-element elementor-element-1fcff80c elementor-widget elementor-widget-heading\" data-id=\"1fcff80c\" data-element_type=\"widget\" data-widget_type=\"heading.default\">\n\t\t\t\t<div class=\"elementor-widget-container\">\n\t\t\t<h2 class=\"elementor-heading-title elementor-size-default\">REPERTUARO IE\u0160KOK VASARIO 12 - 16 DIENOMS<\/h2>\t\t<\/div>\n\t\t\t\t<\/div>\n\t\t\t\t\t<\/div>\n\t\t\t\t<\/div>\n\t\t<div class=\"elementor-element elementor-element-bdcb9ba e-flex e-con-boxed e-con e-parent\" data-id=\"bdcb9ba\" data-element_type=\"container\">\n\t\t\t\t\t<div class=\"e-con-inner\">\n\t\t\t\t<div class=\"elementor-element elementor-element-6e815e3 elementor-widget elementor-widget-daily-program\" data-id=\"6e815e3\" data-element_type=\"widget\" data-widget_type=\"daily-program.default\">\n\t\t\t\t<div class=\"elementor-widget-container\">\n\t\t\t<pc-size-detector><\/pc-size-detector><daily-program class=\"loading-component\" categories=\"\" shuffle=\"prepend\" options='{\"showFilters\": true, \"showScreenFeature\": true, \"showAgeRating\": true, \"ageRatingDisplayTypes\": [\"value\"], \"showDescription\": true, \"showCast\": false, \"showDuration\": false, \"multipleDays\": false, \"multipleDaysQuantity\": 0, \"showMultipleDaysDateRange\": false, \"showTags\": false, \"tagsToShow\": [], \"filterOptions\": {\"showDatePanel\": true,\"showDateNavigation\": true,\"showMoreFilters\": true,\"showQuickFilters\": true,\"showLanguages\": true,\"showCinemas\": true,\"showGenres\": true,\"defaultCinemas\": [],\"defaultGenres\": [],\"availableQuickFilters\": [],\"defaultQuickFilters\": [],\"quickFiltersMode\": \"sum\",\"dynamicQuickFilters\": false,\"defaultTagGroups\": [],\"defaultTags\": [],\"availableTagGroups\": [],\"content\": \"all\",\"isTimeRange\": false,\"timeFrom\": \"\",\"timeTo\": \"\"},\"layout\":{\"mobile\":\"col2\",\"tablet\":\"col2\",\"desktop\":\"col2\"},\"groupingOrder\": [],\"screeningsGroupingLayout\": \"extended\", \"cardOptions\": {\"direction\": \"row\", \"imageToDisplay\": \"first\"}}'><\/daily-program>\t\t<\/div>\n\t\t\t\t<\/div>\n\t\t\t\t\t<\/div>\n\t\t\t\t<\/div>\n\t\t\t\t<\/div>\n\t\t","protected":false},"excerpt":{"rendered":"<p>VALENTINO DIEN\u0104 \u0160V\u0118SK KINE Meil\u0117s niekada nebus per daug. Tad \u0161iemet \u201eForum Cinemas\u201c Jums paruo\u0161\u0117 special\u0173, ypating\u0105 ir i\u0161skirtin\u012f repertuar\u0105 \u0160v. Valentino Dienai ir net visam ilgajam savaitgaliui. \u0160v\u0119sti prad\u0117sime jau vasario 12 kartu su \u201eV\u0117tr\u0173 kalno\u201c Fantazijos.lt ir IMAX premjera. Vasario 13 Vilniuje ir Kaune PASIKLYD\u0118 EKRANE kvie\u010dia \u012f 20 met\u0173 \u0161ven\u010diant\u012f film\u0105 IR [&hellip;]<\/p>\n","protected":false},"author":4,"featured_media":6305,"parent":0,"menu_order":0,"comment_status":"closed","ping_status":"closed","template":"","meta":{"_acf_changed":false,"footnotes":""},"acf":[],"yoast_head":"<!-- This site is optimized with the Yoast SEO plugin v23.0 - https:\/\/yoast.com\/wordpress\/plugins\/seo\/ -->\n<title>Valentino diena kine - Forum Cinemas kino teatras<\/title>\n<meta name=\"robots\" content=\"index, follow, max-snippet:-1, max-image-preview:large, max-video-preview:-1\" \/>\n<link rel=\"canonical\" href=\"https:\/\/forumcinemas.lt\/lt\/valentinodiena\/\" \/>\n<meta property=\"og:locale\" content=\"lt_LT\" \/>\n<meta property=\"og:type\" content=\"article\" \/>\n<meta property=\"og:title\" content=\"Valentino diena kine - Forum Cinemas kino teatras\" \/>\n<meta property=\"og:description\" content=\"VALENTINO DIEN\u0104 \u0160V\u0118SK KINE Meil\u0117s niekada nebus per daug. Tad \u0161iemet \u201eForum Cinemas\u201c Jums paruo\u0161\u0117 special\u0173, ypating\u0105 ir i\u0161skirtin\u012f repertuar\u0105 \u0160v. Valentino Dienai ir net visam ilgajam savaitgaliui. \u0160v\u0119sti prad\u0117sime jau vasario 12 kartu su \u201eV\u0117tr\u0173 kalno\u201c Fantazijos.lt ir IMAX premjera. Vasario 13 Vilniuje ir Kaune PASIKLYD\u0118 EKRANE kvie\u010dia \u012f 20 met\u0173 \u0161ven\u010diant\u012f film\u0105 IR [&hellip;]\" \/>\n<meta property=\"og:url\" content=\"https:\/\/forumcinemas.lt\/lt\/valentinodiena\/\" \/>\n<meta property=\"og:site_name\" content=\"Forum Cinemas kino teatras\" \/>\n<meta property=\"article:modified_time\" content=\"2026-01-30T08:43:39+00:00\" \/>\n<meta property=\"og:image\" content=\"https:\/\/forumcinemas.lt\/app\/uploads\/2026\/01\/VALENTINAS_2026_1400x840.jpg\" \/>\n\t<meta property=\"og:image:width\" content=\"1400\" \/>\n\t<meta property=\"og:image:height\" content=\"840\" \/>\n\t<meta property=\"og:image:type\" content=\"image\/jpeg\" \/>\n<meta name=\"twitter:card\" content=\"summary_large_image\" \/>\n<meta name=\"twitter:label1\" content=\"Est. reading time\" \/>\n\t<meta name=\"twitter:data1\" content=\"91 minutes\" \/>\n<script type=\"application\/ld+json\" class=\"yoast-schema-graph\">{\"@context\":\"https:\/\/schema.org\",\"@graph\":[{\"@type\":\"WebPage\",\"@id\":\"https:\/\/forumcinemas.lt\/lt\/valentinodiena\/\",\"url\":\"https:\/\/forumcinemas.lt\/lt\/valentinodiena\/\",\"name\":\"Valentino diena kine - Forum Cinemas kino teatras\",\"isPartOf\":{\"@id\":\"https:\/\/forumcinemas.lt\/lt\/#website\"},\"primaryImageOfPage\":{\"@id\":\"https:\/\/forumcinemas.lt\/lt\/valentinodiena\/#primaryimage\"},\"image\":{\"@id\":\"https:\/\/forumcinemas.lt\/lt\/valentinodiena\/#primaryimage\"},\"thumbnailUrl\":\"https:\/\/forumcinemas.lt\/app\/uploads\/2026\/01\/VALENTINAS_2026_1400x840.jpg\",\"datePublished\":\"2026-01-28T14:27:05+00:00\",\"dateModified\":\"2026-01-30T08:43:39+00:00\",\"breadcrumb\":{\"@id\":\"https:\/\/forumcinemas.lt\/lt\/valentinodiena\/#breadcrumb\"},\"inLanguage\":\"lt-LT\",\"potentialAction\":[{\"@type\":\"ReadAction\",\"target\":[\"https:\/\/forumcinemas.lt\/lt\/valentinodiena\/\"]}]},{\"@type\":\"ImageObject\",\"inLanguage\":\"lt-LT\",\"@id\":\"https:\/\/forumcinemas.lt\/lt\/valentinodiena\/#primaryimage\",\"url\":\"https:\/\/forumcinemas.lt\/app\/uploads\/2026\/01\/VALENTINAS_2026_1400x840.jpg\",\"contentUrl\":\"https:\/\/forumcinemas.lt\/app\/uploads\/2026\/01\/VALENTINAS_2026_1400x840.jpg\",\"width\":1400,\"height\":840},{\"@type\":\"BreadcrumbList\",\"@id\":\"https:\/\/forumcinemas.lt\/lt\/valentinodiena\/#breadcrumb\",\"itemListElement\":[{\"@type\":\"ListItem\",\"position\":1,\"name\":\"Home\",\"item\":\"https:\/\/forumcinemas.lt\/lt\/\"},{\"@type\":\"ListItem\",\"position\":2,\"name\":\"Valentino diena kine\"}]},{\"@type\":\"WebSite\",\"@id\":\"https:\/\/forumcinemas.lt\/lt\/#website\",\"url\":\"https:\/\/forumcinemas.lt\/lt\/\",\"name\":\"Forum Cinemas kino teatras\",\"description\":\"\",\"potentialAction\":[{\"@type\":\"SearchAction\",\"target\":{\"@type\":\"EntryPoint\",\"urlTemplate\":\"https:\/\/forumcinemas.lt\/lt\/?s={search_term_string}\"},\"query-input\":\"required name=search_term_string\"}],\"inLanguage\":\"lt-LT\"}]}<\/script>\n<!-- \/ Yoast SEO plugin. -->","yoast_head_json":{"title":"Valentino diena kine - Forum Cinemas kino teatras","robots":{"index":"index","follow":"follow","max-snippet":"max-snippet:-1","max-image-preview":"max-image-preview:large","max-video-preview":"max-video-preview:-1"},"canonical":"https:\/\/forumcinemas.lt\/lt\/valentinodiena\/","og_locale":"lt_LT","og_type":"article","og_title":"Valentino diena kine - Forum Cinemas kino teatras","og_description":"VALENTINO DIEN\u0104 \u0160V\u0118SK KINE Meil\u0117s niekada nebus per daug. Tad \u0161iemet \u201eForum Cinemas\u201c Jums paruo\u0161\u0117 special\u0173, ypating\u0105 ir i\u0161skirtin\u012f repertuar\u0105 \u0160v. Valentino Dienai ir net visam ilgajam savaitgaliui. \u0160v\u0119sti prad\u0117sime jau vasario 12 kartu su \u201eV\u0117tr\u0173 kalno\u201c Fantazijos.lt ir IMAX premjera. Vasario 13 Vilniuje ir Kaune PASIKLYD\u0118 EKRANE kvie\u010dia \u012f 20 met\u0173 \u0161ven\u010diant\u012f film\u0105 IR [&hellip;]","og_url":"https:\/\/forumcinemas.lt\/lt\/valentinodiena\/","og_site_name":"Forum Cinemas kino teatras","article_modified_time":"2026-01-30T08:43:39+00:00","og_image":[{"width":1400,"height":840,"url":"https:\/\/forumcinemas.lt\/app\/uploads\/2026\/01\/VALENTINAS_2026_1400x840.jpg","type":"image\/jpeg"}],"twitter_card":"summary_large_image","twitter_misc":{"Est. reading time":"91 minutes"},"schema":{"@context":"https:\/\/schema.org","@graph":[{"@type":"WebPage","@id":"https:\/\/forumcinemas.lt\/lt\/valentinodiena\/","url":"https:\/\/forumcinemas.lt\/lt\/valentinodiena\/","name":"Valentino diena kine - Forum Cinemas kino teatras","isPartOf":{"@id":"https:\/\/forumcinemas.lt\/lt\/#website"},"primaryImageOfPage":{"@id":"https:\/\/forumcinemas.lt\/lt\/valentinodiena\/#primaryimage"},"image":{"@id":"https:\/\/forumcinemas.lt\/lt\/valentinodiena\/#primaryimage"},"thumbnailUrl":"https:\/\/forumcinemas.lt\/app\/uploads\/2026\/01\/VALENTINAS_2026_1400x840.jpg","datePublished":"2026-01-28T14:27:05+00:00","dateModified":"2026-01-30T08:43:39+00:00","breadcrumb":{"@id":"https:\/\/forumcinemas.lt\/lt\/valentinodiena\/#breadcrumb"},"inLanguage":"lt-LT","potentialAction":[{"@type":"ReadAction","target":["https:\/\/forumcinemas.lt\/lt\/valentinodiena\/"]}]},{"@type":"ImageObject","inLanguage":"lt-LT","@id":"https:\/\/forumcinemas.lt\/lt\/valentinodiena\/#primaryimage","url":"https:\/\/forumcinemas.lt\/app\/uploads\/2026\/01\/VALENTINAS_2026_1400x840.jpg","contentUrl":"https:\/\/forumcinemas.lt\/app\/uploads\/2026\/01\/VALENTINAS_2026_1400x840.jpg","width":1400,"height":840},{"@type":"BreadcrumbList","@id":"https:\/\/forumcinemas.lt\/lt\/valentinodiena\/#breadcrumb","itemListElement":[{"@type":"ListItem","position":1,"name":"Home","item":"https:\/\/forumcinemas.lt\/lt\/"},{"@type":"ListItem","position":2,"name":"Valentino diena kine"}]},{"@type":"WebSite","@id":"https:\/\/forumcinemas.lt\/lt\/#website","url":"https:\/\/forumcinemas.lt\/lt\/","name":"Forum Cinemas kino teatras","description":"","potentialAction":[{"@type":"SearchAction","target":{"@type":"EntryPoint","urlTemplate":"https:\/\/forumcinemas.lt\/lt\/?s={search_term_string}"},"query-input":"required name=search_term_string"}],"inLanguage":"lt-LT"}]}},"_links":{"self":[{"href":"https:\/\/forumcinemas.lt\/lt\/wp-json\/wp\/v2\/pages\/6304"}],"collection":[{"href":"https:\/\/forumcinemas.lt\/lt\/wp-json\/wp\/v2\/pages"}],"about":[{"href":"https:\/\/forumcinemas.lt\/lt\/wp-json\/wp\/v2\/types\/page"}],"author":[{"embeddable":true,"href":"https:\/\/forumcinemas.lt\/lt\/wp-json\/wp\/v2\/users\/4"}],"replies":[{"embeddable":true,"href":"https:\/\/forumcinemas.lt\/lt\/wp-json\/wp\/v2\/comments?post=6304"}],"version-history":[{"count":13,"href":"https:\/\/forumcinemas.lt\/lt\/wp-json\/wp\/v2\/pages\/6304\/revisions"}],"predecessor-version":[{"id":6348,"href":"https:\/\/forumcinemas.lt\/lt\/wp-json\/wp\/v2\/pages\/6304\/revisions\/6348"}],"wp:featuredmedia":[{"embeddable":true,"href":"https:\/\/forumcinemas.lt\/lt\/wp-json\/wp\/v2\/media\/6305"}],"wp:attachment":[{"href":"https:\/\/forumcinemas.lt\/lt\/wp-json\/wp\/v2\/media?parent=6304"}],"curies":[{"name":"wp","href":"https:\/\/api.w.org\/{rel}","templated":true}]}}