{"id":5673,"date":"2025-12-17T11:19:38","date_gmt":"2025-12-17T11:19:38","guid":{"rendered":"https:\/\/forumcinemas.lt\/?page_id=5673"},"modified":"2025-12-17T11:22:53","modified_gmt":"2025-12-17T11:22:53","slug":"pandoros-podiumas-kurybos-ir-talentu-mados-sou","status":"publish","type":"page","link":"https:\/\/forumcinemas.lt\/lt\/pandoros-podiumas-kurybos-ir-talentu-mados-sou\/","title":{"rendered":"Pandoros Podiumas: K\u016brybos ir Talent\u0173 Mados \u0160ou!"},"content":{"rendered":"\t\t<div data-elementor-type=\"wp-page\" data-elementor-id=\"5673\" class=\"elementor elementor-5673\" data-elementor-post-type=\"page\">\n\t\t\t\t<div class=\"elementor-element elementor-element-2f9db3b2 e-flex e-con-boxed e-con e-parent\" data-id=\"2f9db3b2\" data-element_type=\"container\" data-settings=\"{&quot;background_background&quot;:&quot;classic&quot;}\">\n\t\t\t\t\t<div class=\"e-con-inner\">\n\t\t<div class=\"elementor-element elementor-element-1e2ce3ce e-con-full e-flex e-con e-child\" data-id=\"1e2ce3ce\" data-element_type=\"container\">\n\t\t\t\t<div class=\"elementor-element elementor-element-7481c5b6 elementor-widget__width-inherit elementor-widget elementor-widget-text-editor\" data-id=\"7481c5b6\" data-element_type=\"widget\" data-widget_type=\"text-editor.default\">\n\t\t\t\t<div class=\"elementor-widget-container\">\n\t\t\t<style>\/*! elementor - v3.23.0 - 15-07-2024 *\/\n.elementor-widget-text-editor.elementor-drop-cap-view-stacked .elementor-drop-cap{background-color:#69727d;color:#fff}.elementor-widget-text-editor.elementor-drop-cap-view-framed .elementor-drop-cap{color:#69727d;border:3px solid;background-color:transparent}.elementor-widget-text-editor:not(.elementor-drop-cap-view-default) .elementor-drop-cap{margin-top:8px}.elementor-widget-text-editor:not(.elementor-drop-cap-view-default) .elementor-drop-cap-letter{width:1em;height:1em}.elementor-widget-text-editor .elementor-drop-cap{float:left;text-align:center;line-height:1;font-size:50px}.elementor-widget-text-editor .elementor-drop-cap-letter{display:inline-block}<\/style>\t\t\t\t<p>Pandoros Podiumas: K\u016brybos ir Talent\u0173 Mados \u0160ou!<\/p><p>Renginys \u012fkv\u0117ptas Jameso Camerono naujo filmo \u201e\u012esik\u016bnijimas. Ugnis ir pelenai\u201c premjeros! Program\u0105 papildys \u012ftraukiantys \u017eaidimai ir daug \u012fdomios veiklos!<\/p><p>Data: 2025 m. Gruod\u017eio 20 d.<br \/>Vieta: 3 a. foj\u0117, Forum Cinemas Vingis (Savanori\u0173 pr. 7, Vilnius).<\/p><p><strong>PROGRAMA:<\/strong><br \/>16:30 \u2013 17:00 | Pasiruo\u0161imas<br \/>Dalyvi\u0173 atvykimas, paskutin\u0117s pasiruo\u0161imo minut\u0117s u\u017ekulisiuose. Pasipuo\u0161ime Pandoros stichij\u0173 spalvomis!<br \/>17:00 \u2013 17:05 | Startas!\u00a0 Renginio atidarymas.<br \/>17:05 \u2013 17:35 | Podiumo j\u0117ga: Mada + Talentas<\/p><p><br \/>Stichij\u0173 Paradas: Visi dalyviai \u2013 Pandoros stichij\u0173 ambasadoriai \u2013 energingai pristato savo k\u016brybinius kostiumus.<\/p><p>Talent\u0173 Bumas: Kartu su kostiumu, kiekvienas modelis pademonstruoja \u012fsp\u016bding\u0105 talent\u0105 (\u0161ok\u012f, judes\u012f, pie\u0161in\u012f itt.), atskleid\u017eiant\u012f j\u0173 pasirinktos stichijos \u2013 Vandens, \u017dem\u0117s, Oro, Ugnies ir Pelen\u0173 \u2013 esm\u0119.<br \/>17:35 \u2013 17:45 | Apdovanojimai ir finalas<\/p><p><br \/>Apdovanojami visi Pandoros ambasadoriai u\u017e j\u0173 ne\u012ftik\u0117tin\u0105 k\u016brybi\u0161kum\u0105 ir dr\u0105s\u0105. Bendra nuotrauka!<br \/>Program\u0105 papildys \u012ftraukiantys \u017eaidimai ir koncertin\u0117s gimnastikos pasirodymai!<br \/>Organizatorius pasilieka teis\u0119 program\u0105 keisti ir papildyti.<\/p>\t\t\t\t\t\t<\/div>\n\t\t\t\t<\/div>\n\t\t\t\t<\/div>\n\t\t<div class=\"elementor-element elementor-element-699bbb55 e-con-full e-flex e-con e-child\" data-id=\"699bbb55\" data-element_type=\"container\">\n\t\t\t\t<div class=\"elementor-element elementor-element-12e21fcb elementor-widget elementor-widget-image\" data-id=\"12e21fcb\" data-element_type=\"widget\" data-widget_type=\"image.default\">\n\t\t\t\t<div class=\"elementor-widget-container\">\n\t\t\t\t\t\t\t\t\t\t\t\t\t\t<a href=\"https:\/\/forumcinemas.lt\/app\/uploads\/2025\/12\/Plakatas.jpg\" data-elementor-open-lightbox=\"yes\" data-elementor-lightbox-title=\"Plakatas\" data-e-action-hash=\"#elementor-action%3Aaction%3Dlightbox%26settings%3DeyJpZCI6NTY3NiwidXJsIjoiaHR0cHM6XC9cL2ZvcnVtY2luZW1hcy5sdFwvYXBwXC91cGxvYWRzXC8yMDI1XC8xMlwvUGxha2F0YXMuanBnIn0%3D\">\n\t\t\t\t\t\t\t<img fetchpriority=\"high\" decoding=\"async\" width=\"940\" height=\"788\" src=\"https:\/\/forumcinemas.lt\/app\/uploads\/2025\/12\/Plakatas.jpg\" class=\"attachment-large size-large wp-image-5676\" alt=\"\" srcset=\"https:\/\/forumcinemas.lt\/app\/uploads\/2025\/12\/Plakatas.jpg 940w, https:\/\/forumcinemas.lt\/app\/uploads\/2025\/12\/Plakatas-300x251.jpg 300w, https:\/\/forumcinemas.lt\/app\/uploads\/2025\/12\/Plakatas-768x644.jpg 768w, https:\/\/forumcinemas.lt\/app\/uploads\/2025\/12\/Plakatas-460x386.jpg 460w, https:\/\/forumcinemas.lt\/app\/uploads\/2025\/12\/Plakatas-763x640.jpg 763w\" sizes=\"(max-width: 940px) 100vw, 940px\" \/>\t\t\t\t\t\t\t\t<\/a>\n\t\t\t\t\t\t\t\t\t\t\t\t\t<\/div>\n\t\t\t\t<\/div>\n\t\t\t\t<\/div>\n\t\t\t\t\t<\/div>\n\t\t\t\t<\/div>\n\t\t\t\t<\/div>\n\t\t","protected":false},"excerpt":{"rendered":"<p>Pandoros Podiumas: K\u016brybos ir Talent\u0173 Mados \u0160ou! Renginys \u012fkv\u0117ptas Jameso Camerono naujo filmo \u201e\u012esik\u016bnijimas. Ugnis ir pelenai\u201c premjeros! Program\u0105 papildys \u012ftraukiantys \u017eaidimai ir daug \u012fdomios veiklos! Data: 2025 m. Gruod\u017eio 20 d.Vieta: 3 a. foj\u0117, Forum Cinemas Vingis (Savanori\u0173 pr. 7, Vilnius). PROGRAMA:16:30 \u2013 17:00 | Pasiruo\u0161imasDalyvi\u0173 atvykimas, paskutin\u0117s pasiruo\u0161imo minut\u0117s u\u017ekulisiuose. Pasipuo\u0161ime Pandoros stichij\u0173 [&hellip;]<\/p>\n","protected":false},"author":4,"featured_media":0,"parent":0,"menu_order":0,"comment_status":"closed","ping_status":"closed","template":"elementor_header_footer","meta":{"_acf_changed":false,"footnotes":""},"acf":[],"yoast_head":"<!-- This site is optimized with the Yoast SEO plugin v23.0 - https:\/\/yoast.com\/wordpress\/plugins\/seo\/ -->\n<title>Pandoros Podiumas: K\u016brybos ir Talent\u0173 Mados \u0160ou! - Kino teatras | Forum Cinemas<\/title>\n<meta name=\"robots\" content=\"index, follow, max-snippet:-1, max-image-preview:large, max-video-preview:-1\" \/>\n<link rel=\"canonical\" href=\"https:\/\/forumcinemas.lt\/lt\/pandoros-podiumas-kurybos-ir-talentu-mados-sou\/\" \/>\n<meta property=\"og:locale\" content=\"lt_LT\" \/>\n<meta property=\"og:type\" content=\"article\" \/>\n<meta property=\"og:title\" content=\"Pandoros Podiumas: K\u016brybos ir Talent\u0173 Mados \u0160ou! - Kino teatras | Forum Cinemas\" \/>\n<meta property=\"og:description\" content=\"Pandoros Podiumas: K\u016brybos ir Talent\u0173 Mados \u0160ou! Renginys \u012fkv\u0117ptas Jameso Camerono naujo filmo \u201e\u012esik\u016bnijimas. Ugnis ir pelenai\u201c premjeros! Program\u0105 papildys \u012ftraukiantys \u017eaidimai ir daug \u012fdomios veiklos! Data: 2025 m. Gruod\u017eio 20 d.Vieta: 3 a. foj\u0117, Forum Cinemas Vingis (Savanori\u0173 pr. 7, Vilnius). PROGRAMA:16:30 \u2013 17:00 | Pasiruo\u0161imasDalyvi\u0173 atvykimas, paskutin\u0117s pasiruo\u0161imo minut\u0117s u\u017ekulisiuose. Pasipuo\u0161ime Pandoros stichij\u0173 [&hellip;]\" \/>\n<meta property=\"og:url\" content=\"https:\/\/forumcinemas.lt\/lt\/pandoros-podiumas-kurybos-ir-talentu-mados-sou\/\" \/>\n<meta property=\"og:site_name\" content=\"Kino teatras | Forum Cinemas\" \/>\n<meta property=\"article:modified_time\" content=\"2025-12-17T11:22:53+00:00\" \/>\n<meta property=\"og:image\" content=\"https:\/\/forumcinemas.lt\/app\/uploads\/2025\/12\/Plakatas.jpg\" \/>\n<meta name=\"twitter:card\" content=\"summary_large_image\" \/>\n<meta name=\"twitter:label1\" content=\"Est. reading time\" \/>\n\t<meta name=\"twitter:data1\" content=\"1 minute\" \/>\n<script type=\"application\/ld+json\" class=\"yoast-schema-graph\">{\"@context\":\"https:\/\/schema.org\",\"@graph\":[{\"@type\":\"WebPage\",\"@id\":\"https:\/\/forumcinemas.lt\/lt\/pandoros-podiumas-kurybos-ir-talentu-mados-sou\/\",\"url\":\"https:\/\/forumcinemas.lt\/lt\/pandoros-podiumas-kurybos-ir-talentu-mados-sou\/\",\"name\":\"Pandoros Podiumas: K\u016brybos ir Talent\u0173 Mados \u0160ou! - Kino teatras | Forum Cinemas\",\"isPartOf\":{\"@id\":\"https:\/\/forumcinemas.lt\/lt\/#website\"},\"primaryImageOfPage\":{\"@id\":\"https:\/\/forumcinemas.lt\/lt\/pandoros-podiumas-kurybos-ir-talentu-mados-sou\/#primaryimage\"},\"image\":{\"@id\":\"https:\/\/forumcinemas.lt\/lt\/pandoros-podiumas-kurybos-ir-talentu-mados-sou\/#primaryimage\"},\"thumbnailUrl\":\"https:\/\/forumcinemas.lt\/app\/uploads\/2025\/12\/Plakatas.jpg\",\"datePublished\":\"2025-12-17T11:19:38+00:00\",\"dateModified\":\"2025-12-17T11:22:53+00:00\",\"breadcrumb\":{\"@id\":\"https:\/\/forumcinemas.lt\/lt\/pandoros-podiumas-kurybos-ir-talentu-mados-sou\/#breadcrumb\"},\"inLanguage\":\"lt-LT\",\"potentialAction\":[{\"@type\":\"ReadAction\",\"target\":[\"https:\/\/forumcinemas.lt\/lt\/pandoros-podiumas-kurybos-ir-talentu-mados-sou\/\"]}]},{\"@type\":\"ImageObject\",\"inLanguage\":\"lt-LT\",\"@id\":\"https:\/\/forumcinemas.lt\/lt\/pandoros-podiumas-kurybos-ir-talentu-mados-sou\/#primaryimage\",\"url\":\"https:\/\/forumcinemas.lt\/app\/uploads\/2025\/12\/Plakatas.jpg\",\"contentUrl\":\"https:\/\/forumcinemas.lt\/app\/uploads\/2025\/12\/Plakatas.jpg\"},{\"@type\":\"BreadcrumbList\",\"@id\":\"https:\/\/forumcinemas.lt\/lt\/pandoros-podiumas-kurybos-ir-talentu-mados-sou\/#breadcrumb\",\"itemListElement\":[{\"@type\":\"ListItem\",\"position\":1,\"name\":\"Home\",\"item\":\"https:\/\/forumcinemas.lt\/lt\/\"},{\"@type\":\"ListItem\",\"position\":2,\"name\":\"Pandoros Podiumas: K\u016brybos ir Talent\u0173 Mados \u0160ou!\"}]},{\"@type\":\"WebSite\",\"@id\":\"https:\/\/forumcinemas.lt\/lt\/#website\",\"url\":\"https:\/\/forumcinemas.lt\/lt\/\",\"name\":\"Kino teatras | Forum Cinemas\",\"description\":\"\",\"potentialAction\":[{\"@type\":\"SearchAction\",\"target\":{\"@type\":\"EntryPoint\",\"urlTemplate\":\"https:\/\/forumcinemas.lt\/lt\/?s={search_term_string}\"},\"query-input\":\"required name=search_term_string\"}],\"inLanguage\":\"lt-LT\"}]}<\/script>\n<!-- \/ Yoast SEO plugin. -->","yoast_head_json":{"title":"Pandoros Podiumas: K\u016brybos ir Talent\u0173 Mados \u0160ou! - Kino teatras | Forum Cinemas","robots":{"index":"index","follow":"follow","max-snippet":"max-snippet:-1","max-image-preview":"max-image-preview:large","max-video-preview":"max-video-preview:-1"},"canonical":"https:\/\/forumcinemas.lt\/lt\/pandoros-podiumas-kurybos-ir-talentu-mados-sou\/","og_locale":"lt_LT","og_type":"article","og_title":"Pandoros Podiumas: K\u016brybos ir Talent\u0173 Mados \u0160ou! - Kino teatras | Forum Cinemas","og_description":"Pandoros Podiumas: K\u016brybos ir Talent\u0173 Mados \u0160ou! Renginys \u012fkv\u0117ptas Jameso Camerono naujo filmo \u201e\u012esik\u016bnijimas. Ugnis ir pelenai\u201c premjeros! Program\u0105 papildys \u012ftraukiantys \u017eaidimai ir daug \u012fdomios veiklos! Data: 2025 m. Gruod\u017eio 20 d.Vieta: 3 a. foj\u0117, Forum Cinemas Vingis (Savanori\u0173 pr. 7, Vilnius). PROGRAMA:16:30 \u2013 17:00 | Pasiruo\u0161imasDalyvi\u0173 atvykimas, paskutin\u0117s pasiruo\u0161imo minut\u0117s u\u017ekulisiuose. Pasipuo\u0161ime Pandoros stichij\u0173 [&hellip;]","og_url":"https:\/\/forumcinemas.lt\/lt\/pandoros-podiumas-kurybos-ir-talentu-mados-sou\/","og_site_name":"Kino teatras | Forum Cinemas","article_modified_time":"2025-12-17T11:22:53+00:00","og_image":[{"url":"https:\/\/forumcinemas.lt\/app\/uploads\/2025\/12\/Plakatas.jpg"}],"twitter_card":"summary_large_image","twitter_misc":{"Est. reading time":"1 minute"},"schema":{"@context":"https:\/\/schema.org","@graph":[{"@type":"WebPage","@id":"https:\/\/forumcinemas.lt\/lt\/pandoros-podiumas-kurybos-ir-talentu-mados-sou\/","url":"https:\/\/forumcinemas.lt\/lt\/pandoros-podiumas-kurybos-ir-talentu-mados-sou\/","name":"Pandoros Podiumas: K\u016brybos ir Talent\u0173 Mados \u0160ou! - Kino teatras | Forum Cinemas","isPartOf":{"@id":"https:\/\/forumcinemas.lt\/lt\/#website"},"primaryImageOfPage":{"@id":"https:\/\/forumcinemas.lt\/lt\/pandoros-podiumas-kurybos-ir-talentu-mados-sou\/#primaryimage"},"image":{"@id":"https:\/\/forumcinemas.lt\/lt\/pandoros-podiumas-kurybos-ir-talentu-mados-sou\/#primaryimage"},"thumbnailUrl":"https:\/\/forumcinemas.lt\/app\/uploads\/2025\/12\/Plakatas.jpg","datePublished":"2025-12-17T11:19:38+00:00","dateModified":"2025-12-17T11:22:53+00:00","breadcrumb":{"@id":"https:\/\/forumcinemas.lt\/lt\/pandoros-podiumas-kurybos-ir-talentu-mados-sou\/#breadcrumb"},"inLanguage":"lt-LT","potentialAction":[{"@type":"ReadAction","target":["https:\/\/forumcinemas.lt\/lt\/pandoros-podiumas-kurybos-ir-talentu-mados-sou\/"]}]},{"@type":"ImageObject","inLanguage":"lt-LT","@id":"https:\/\/forumcinemas.lt\/lt\/pandoros-podiumas-kurybos-ir-talentu-mados-sou\/#primaryimage","url":"https:\/\/forumcinemas.lt\/app\/uploads\/2025\/12\/Plakatas.jpg","contentUrl":"https:\/\/forumcinemas.lt\/app\/uploads\/2025\/12\/Plakatas.jpg"},{"@type":"BreadcrumbList","@id":"https:\/\/forumcinemas.lt\/lt\/pandoros-podiumas-kurybos-ir-talentu-mados-sou\/#breadcrumb","itemListElement":[{"@type":"ListItem","position":1,"name":"Home","item":"https:\/\/forumcinemas.lt\/lt\/"},{"@type":"ListItem","position":2,"name":"Pandoros Podiumas: K\u016brybos ir Talent\u0173 Mados \u0160ou!"}]},{"@type":"WebSite","@id":"https:\/\/forumcinemas.lt\/lt\/#website","url":"https:\/\/forumcinemas.lt\/lt\/","name":"Kino teatras | Forum Cinemas","description":"","potentialAction":[{"@type":"SearchAction","target":{"@type":"EntryPoint","urlTemplate":"https:\/\/forumcinemas.lt\/lt\/?s={search_term_string}"},"query-input":"required name=search_term_string"}],"inLanguage":"lt-LT"}]}},"_links":{"self":[{"href":"https:\/\/forumcinemas.lt\/lt\/wp-json\/wp\/v2\/pages\/5673"}],"collection":[{"href":"https:\/\/forumcinemas.lt\/lt\/wp-json\/wp\/v2\/pages"}],"about":[{"href":"https:\/\/forumcinemas.lt\/lt\/wp-json\/wp\/v2\/types\/page"}],"author":[{"embeddable":true,"href":"https:\/\/forumcinemas.lt\/lt\/wp-json\/wp\/v2\/users\/4"}],"replies":[{"embeddable":true,"href":"https:\/\/forumcinemas.lt\/lt\/wp-json\/wp\/v2\/comments?post=5673"}],"version-history":[{"count":5,"href":"https:\/\/forumcinemas.lt\/lt\/wp-json\/wp\/v2\/pages\/5673\/revisions"}],"predecessor-version":[{"id":5680,"href":"https:\/\/forumcinemas.lt\/lt\/wp-json\/wp\/v2\/pages\/5673\/revisions\/5680"}],"wp:attachment":[{"href":"https:\/\/forumcinemas.lt\/lt\/wp-json\/wp\/v2\/media?parent=5673"}],"curies":[{"name":"wp","href":"https:\/\/api.w.org\/{rel}","templated":true}]}}