{"id":5441,"date":"2025-12-05T12:01:00","date_gmt":"2025-12-05T12:01:00","guid":{"rendered":"https:\/\/forumcinemas.lt\/?page_id=5441"},"modified":"2026-04-03T12:25:02","modified_gmt":"2026-04-03T12:25:02","slug":"seimos-kino-bilietas","status":"publish","type":"page","link":"https:\/\/forumcinemas.lt\/lt\/seimos-kino-bilietas\/","title":{"rendered":"\u0160eimos kino bilietas"},"content":{"rendered":"\t\t<div data-elementor-type=\"wp-page\" data-elementor-id=\"5441\" class=\"elementor elementor-5441\" data-elementor-post-type=\"page\">\n\t\t\t\t<div class=\"elementor-element elementor-element-30b8733b e-flex e-con-boxed e-con e-parent\" data-id=\"30b8733b\" data-element_type=\"container\" data-settings=\"{&quot;background_background&quot;:&quot;classic&quot;}\">\n\t\t\t\t\t<div class=\"e-con-inner\">\n\t\t<div class=\"elementor-element elementor-element-55d5a476 e-con-full e-flex e-con e-child\" data-id=\"55d5a476\" data-element_type=\"container\">\n\t\t\t\t<div class=\"elementor-element elementor-element-492b1ed0 elementor-widget__width-inherit elementor-widget elementor-widget-text-editor\" data-id=\"492b1ed0\" data-element_type=\"widget\" data-widget_type=\"text-editor.default\">\n\t\t\t\t<div class=\"elementor-widget-container\">\n\t\t\t<style>\/*! elementor - v3.23.0 - 15-07-2024 *\/\n.elementor-widget-text-editor.elementor-drop-cap-view-stacked .elementor-drop-cap{background-color:#69727d;color:#fff}.elementor-widget-text-editor.elementor-drop-cap-view-framed .elementor-drop-cap{color:#69727d;border:3px solid;background-color:transparent}.elementor-widget-text-editor:not(.elementor-drop-cap-view-default) .elementor-drop-cap{margin-top:8px}.elementor-widget-text-editor:not(.elementor-drop-cap-view-default) .elementor-drop-cap-letter{width:1em;height:1em}.elementor-widget-text-editor .elementor-drop-cap{float:left;text-align:center;line-height:1;font-size:50px}.elementor-widget-text-editor .elementor-drop-cap-letter{display:inline-block}<\/style>\t\t\t\t<h1>\u0160EIMOS BILIETAS<\/h1><p>Turime nepaprastai puiki\u0105 naujien\u0105! Nuo \u0161iol kiekviena \u0161eima, at\u0117jusi \u012f \u201eForum Cinemas\u201c, gal\u0117s \u012fsigyti savo \u0160EIMOS BILIET\u0104! Ir net kelias jo versijas, kad tikt\u0173 \u012fvairaus dyd\u017eio \u0161eimai \u2013 dviem, trim, keturiem ar net a\u0161tuoniem.<br \/><br \/>Taigi, nuo \u0161iol \u012f daugel\u012f kino film\u0173, kur tik leid\u017eia am\u017eiaus cenzas, visai J\u016bs\u0173 \u0161eimai bus smagiau, linksmiau, pigiau ir net daugiau!<br \/>\u0160eimos bilietas sudarytas i\u0161 suaugusiojo bilieto ir vaiki\u0161ko bilieto (vaikui iki 10-ies met\u0173 am\u017eiaus) kombinacijos. Tad, at\u0117j\u0119 su visa \u0161eima \u012f \u201eForum Cinemas\u201c, gal\u0117site pasirinkti, kokia \u0160EIMOS bilieto kombinacija Jums tiks labiausiai.<\/p>\t\t\t\t\t\t<\/div>\n\t\t\t\t<\/div>\n\t\t\t\t<\/div>\n\t\t<div class=\"elementor-element elementor-element-38dd516 e-con-full e-flex e-con e-child\" data-id=\"38dd516\" data-element_type=\"container\">\n\t\t\t\t<div class=\"elementor-element elementor-element-33c8a426 elementor-widget elementor-widget-image\" data-id=\"33c8a426\" data-element_type=\"widget\" data-widget_type=\"image.default\">\n\t\t\t\t<div class=\"elementor-widget-container\">\n\t\t\t\t\t\t\t\t\t\t\t\t\t\t<a href=\"https:\/\/forumcinemas.lt\/app\/uploads\/2026\/04\/SEIMOSbilietas_SUPERmario_1280x1024g.jpg\" data-elementor-open-lightbox=\"yes\" data-elementor-lightbox-title=\"SEIMOSbilietas_SUPERmario_1280x1024g\" data-e-action-hash=\"#elementor-action%3Aaction%3Dlightbox%26settings%3DeyJpZCI6Nzg4OCwidXJsIjoiaHR0cHM6XC9cL2ZvcnVtY2luZW1hcy5sdFwvYXBwXC91cGxvYWRzXC8yMDI2XC8wNFwvU0VJTU9TYmlsaWV0YXNfU1VQRVJtYXJpb18xMjgweDEwMjRnLmpwZyJ9\">\n\t\t\t\t\t\t\t<img fetchpriority=\"high\" decoding=\"async\" width=\"1280\" height=\"1024\" src=\"https:\/\/forumcinemas.lt\/app\/uploads\/2026\/04\/SEIMOSbilietas_SUPERmario_1280x1024g.jpg\" class=\"attachment-full size-full wp-image-7888\" alt=\"\" srcset=\"https:\/\/forumcinemas.lt\/app\/uploads\/2026\/04\/SEIMOSbilietas_SUPERmario_1280x1024g.jpg 1280w, https:\/\/forumcinemas.lt\/app\/uploads\/2026\/04\/SEIMOSbilietas_SUPERmario_1280x1024g-300x240.jpg 300w, https:\/\/forumcinemas.lt\/app\/uploads\/2026\/04\/SEIMOSbilietas_SUPERmario_1280x1024g-1024x819.jpg 1024w, https:\/\/forumcinemas.lt\/app\/uploads\/2026\/04\/SEIMOSbilietas_SUPERmario_1280x1024g-768x614.jpg 768w, https:\/\/forumcinemas.lt\/app\/uploads\/2026\/04\/SEIMOSbilietas_SUPERmario_1280x1024g-460x368.jpg 460w, https:\/\/forumcinemas.lt\/app\/uploads\/2026\/04\/SEIMOSbilietas_SUPERmario_1280x1024g-800x640.jpg 800w\" sizes=\"(max-width: 1280px) 100vw, 1280px\" \/>\t\t\t\t\t\t\t\t<\/a>\n\t\t\t\t\t\t\t\t\t\t\t\t\t<\/div>\n\t\t\t\t<\/div>\n\t\t\t\t<\/div>\n\t\t\t\t\t<\/div>\n\t\t\t\t<\/div>\n\t\t<div class=\"elementor-element elementor-element-24cc595f e-flex e-con-boxed e-con e-parent\" data-id=\"24cc595f\" data-element_type=\"container\" data-settings=\"{&quot;background_background&quot;:&quot;classic&quot;}\">\n\t\t\t\t\t<div class=\"e-con-inner\">\n\t\t<div class=\"elementor-element elementor-element-504ac1c7 e-con-full e-flex e-con e-child\" data-id=\"504ac1c7\" data-element_type=\"container\">\n\t\t\t\t<div class=\"elementor-element elementor-element-671f8152 elementor-widget elementor-widget-text-editor\" data-id=\"671f8152\" data-element_type=\"widget\" data-widget_type=\"text-editor.default\">\n\t\t\t\t<div class=\"elementor-widget-container\">\n\t\t\t\t\t\t\t<p>Tad mielai kvie\u010diame visas \u0161eimas pasimatuoti \u201eForum Cinemas\u201c \u0160EIMOS BILIET\u0104, su kuriuo bus galima pa\u017ei\u016br\u0117ti naujausius animacinius filmukus bei filmus \u0161eimai.<br \/>Tad nuo \u0161iol su visa \u0160EIMA kr\u016bvoj \u2013 smagiau, linksmiau, pigiau, daugiau!<\/p>\t\t\t\t\t\t<\/div>\n\t\t\t\t<\/div>\n\t\t\t\t<\/div>\n\t\t<div class=\"elementor-element elementor-element-31327c3c e-con-full e-flex e-con e-child\" data-id=\"31327c3c\" data-element_type=\"container\">\n\t\t\t\t<div class=\"elementor-element elementor-element-1bcd9f2 elementor-widget elementor-widget-video\" data-id=\"1bcd9f2\" data-element_type=\"widget\" data-settings=\"{&quot;youtube_url&quot;:&quot;https:\\\/\\\/youtu.be\\\/9AQqLX-P8jo&quot;,&quot;video_type&quot;:&quot;youtube&quot;,&quot;controls&quot;:&quot;yes&quot;}\" data-widget_type=\"video.default\">\n\t\t\t\t<div class=\"elementor-widget-container\">\n\t\t\t<style>\/*! elementor - v3.23.0 - 15-07-2024 *\/\n.elementor-widget-video .elementor-widget-container{overflow:hidden;transform:translateZ(0)}.elementor-widget-video .elementor-wrapper{aspect-ratio:var(--video-aspect-ratio)}.elementor-widget-video .elementor-wrapper iframe,.elementor-widget-video .elementor-wrapper video{height:100%;width:100%;display:flex;border:none;background-color:#000}@supports not (aspect-ratio:1\/1){.elementor-widget-video .elementor-wrapper{position:relative;overflow:hidden;height:0;padding-bottom:calc(100% \/ var(--video-aspect-ratio))}.elementor-widget-video .elementor-wrapper iframe,.elementor-widget-video .elementor-wrapper video{position:absolute;top:0;right:0;bottom:0;left:0}}.elementor-widget-video .elementor-open-inline .elementor-custom-embed-image-overlay{position:absolute;top:0;right:0;bottom:0;left:0;background-size:cover;background-position:50%}.elementor-widget-video .elementor-custom-embed-image-overlay{cursor:pointer;text-align:center}.elementor-widget-video .elementor-custom-embed-image-overlay:hover .elementor-custom-embed-play i{opacity:1}.elementor-widget-video .elementor-custom-embed-image-overlay img{display:block;width:100%;aspect-ratio:var(--video-aspect-ratio);-o-object-fit:cover;object-fit:cover;-o-object-position:center center;object-position:center center}@supports not (aspect-ratio:1\/1){.elementor-widget-video .elementor-custom-embed-image-overlay{position:relative;overflow:hidden;height:0;padding-bottom:calc(100% \/ var(--video-aspect-ratio))}.elementor-widget-video .elementor-custom-embed-image-overlay img{position:absolute;top:0;right:0;bottom:0;left:0}}.elementor-widget-video .e-hosted-video .elementor-video{-o-object-fit:cover;object-fit:cover}.e-con-inner>.elementor-widget-video,.e-con>.elementor-widget-video{width:var(--container-widget-width);--flex-grow:var(--container-widget-flex-grow)}<\/style>\t\t<div class=\"elementor-wrapper elementor-open-inline\">\n\t\t\t<div class=\"elementor-video\"><\/div>\t\t<\/div>\n\t\t\t\t<\/div>\n\t\t\t\t<\/div>\n\t\t\t\t<\/div>\n\t\t\t\t\t<\/div>\n\t\t\t\t<\/div>\n\t\t\t\t<\/div>\n\t\t","protected":false},"excerpt":{"rendered":"<p>\u0160EIMOS BILIETAS Turime nepaprastai puiki\u0105 naujien\u0105! Nuo \u0161iol kiekviena \u0161eima, at\u0117jusi \u012f \u201eForum Cinemas\u201c, gal\u0117s \u012fsigyti savo \u0160EIMOS BILIET\u0104! Ir net kelias jo versijas, kad tikt\u0173 \u012fvairaus dyd\u017eio \u0161eimai \u2013 dviem, trim, keturiem ar net a\u0161tuoniem. Taigi, nuo \u0161iol \u012f daugel\u012f kino film\u0173, kur tik leid\u017eia am\u017eiaus cenzas, visai J\u016bs\u0173 \u0161eimai bus smagiau, linksmiau, pigiau [&hellip;]<\/p>\n","protected":false},"author":4,"featured_media":0,"parent":0,"menu_order":0,"comment_status":"closed","ping_status":"closed","template":"elementor_header_footer","meta":{"_acf_changed":false,"footnotes":""},"acf":[],"yoast_head":"<!-- This site is optimized with the Yoast SEO plugin v23.0 - https:\/\/yoast.com\/wordpress\/plugins\/seo\/ -->\n<title>\u0160eimos kino bilietas - Kino teatras | Forum Cinemas<\/title>\n<meta name=\"robots\" content=\"index, follow, max-snippet:-1, max-image-preview:large, max-video-preview:-1\" \/>\n<link rel=\"canonical\" href=\"https:\/\/forumcinemas.lt\/lt\/seimos-kino-bilietas\/\" \/>\n<meta property=\"og:locale\" content=\"lt_LT\" \/>\n<meta property=\"og:type\" content=\"article\" \/>\n<meta property=\"og:title\" content=\"\u0160eimos kino bilietas - Kino teatras | Forum Cinemas\" \/>\n<meta property=\"og:description\" content=\"\u0160EIMOS BILIETAS Turime nepaprastai puiki\u0105 naujien\u0105! Nuo \u0161iol kiekviena \u0161eima, at\u0117jusi \u012f \u201eForum Cinemas\u201c, gal\u0117s \u012fsigyti savo \u0160EIMOS BILIET\u0104! Ir net kelias jo versijas, kad tikt\u0173 \u012fvairaus dyd\u017eio \u0161eimai \u2013 dviem, trim, keturiem ar net a\u0161tuoniem. Taigi, nuo \u0161iol \u012f daugel\u012f kino film\u0173, kur tik leid\u017eia am\u017eiaus cenzas, visai J\u016bs\u0173 \u0161eimai bus smagiau, linksmiau, pigiau [&hellip;]\" \/>\n<meta property=\"og:url\" content=\"https:\/\/forumcinemas.lt\/lt\/seimos-kino-bilietas\/\" \/>\n<meta property=\"og:site_name\" content=\"Kino teatras | Forum Cinemas\" \/>\n<meta property=\"article:modified_time\" content=\"2026-04-03T12:25:02+00:00\" \/>\n<meta property=\"og:image\" content=\"https:\/\/forumcinemas.lt\/app\/uploads\/2026\/04\/SEIMOSbilietas_SUPERmario_1280x1024g.jpg\" \/>\n<meta name=\"twitter:card\" content=\"summary_large_image\" \/>\n<meta name=\"twitter:label1\" content=\"Est. reading time\" \/>\n\t<meta name=\"twitter:data1\" content=\"1 minute\" \/>\n<script type=\"application\/ld+json\" class=\"yoast-schema-graph\">{\"@context\":\"https:\/\/schema.org\",\"@graph\":[{\"@type\":\"WebPage\",\"@id\":\"https:\/\/forumcinemas.lt\/lt\/seimos-kino-bilietas\/\",\"url\":\"https:\/\/forumcinemas.lt\/lt\/seimos-kino-bilietas\/\",\"name\":\"\u0160eimos kino bilietas - Kino teatras | Forum Cinemas\",\"isPartOf\":{\"@id\":\"https:\/\/forumcinemas.lt\/lt\/#website\"},\"primaryImageOfPage\":{\"@id\":\"https:\/\/forumcinemas.lt\/lt\/seimos-kino-bilietas\/#primaryimage\"},\"image\":{\"@id\":\"https:\/\/forumcinemas.lt\/lt\/seimos-kino-bilietas\/#primaryimage\"},\"thumbnailUrl\":\"https:\/\/forumcinemas.lt\/app\/uploads\/2026\/04\/SEIMOSbilietas_SUPERmario_1280x1024g.jpg\",\"datePublished\":\"2025-12-05T12:01:00+00:00\",\"dateModified\":\"2026-04-03T12:25:02+00:00\",\"breadcrumb\":{\"@id\":\"https:\/\/forumcinemas.lt\/lt\/seimos-kino-bilietas\/#breadcrumb\"},\"inLanguage\":\"lt-LT\",\"potentialAction\":[{\"@type\":\"ReadAction\",\"target\":[\"https:\/\/forumcinemas.lt\/lt\/seimos-kino-bilietas\/\"]}]},{\"@type\":\"ImageObject\",\"inLanguage\":\"lt-LT\",\"@id\":\"https:\/\/forumcinemas.lt\/lt\/seimos-kino-bilietas\/#primaryimage\",\"url\":\"https:\/\/forumcinemas.lt\/app\/uploads\/2026\/04\/SEIMOSbilietas_SUPERmario_1280x1024g.jpg\",\"contentUrl\":\"https:\/\/forumcinemas.lt\/app\/uploads\/2026\/04\/SEIMOSbilietas_SUPERmario_1280x1024g.jpg\"},{\"@type\":\"BreadcrumbList\",\"@id\":\"https:\/\/forumcinemas.lt\/lt\/seimos-kino-bilietas\/#breadcrumb\",\"itemListElement\":[{\"@type\":\"ListItem\",\"position\":1,\"name\":\"Home\",\"item\":\"https:\/\/forumcinemas.lt\/lt\/\"},{\"@type\":\"ListItem\",\"position\":2,\"name\":\"\u0160eimos kino bilietas\"}]},{\"@type\":\"WebSite\",\"@id\":\"https:\/\/forumcinemas.lt\/lt\/#website\",\"url\":\"https:\/\/forumcinemas.lt\/lt\/\",\"name\":\"Kino teatras | Forum Cinemas\",\"description\":\"\",\"potentialAction\":[{\"@type\":\"SearchAction\",\"target\":{\"@type\":\"EntryPoint\",\"urlTemplate\":\"https:\/\/forumcinemas.lt\/lt\/?s={search_term_string}\"},\"query-input\":\"required name=search_term_string\"}],\"inLanguage\":\"lt-LT\"}]}<\/script>\n<!-- \/ Yoast SEO plugin. -->","yoast_head_json":{"title":"\u0160eimos kino bilietas - Kino teatras | Forum Cinemas","robots":{"index":"index","follow":"follow","max-snippet":"max-snippet:-1","max-image-preview":"max-image-preview:large","max-video-preview":"max-video-preview:-1"},"canonical":"https:\/\/forumcinemas.lt\/lt\/seimos-kino-bilietas\/","og_locale":"lt_LT","og_type":"article","og_title":"\u0160eimos kino bilietas - Kino teatras | Forum Cinemas","og_description":"\u0160EIMOS BILIETAS Turime nepaprastai puiki\u0105 naujien\u0105! Nuo \u0161iol kiekviena \u0161eima, at\u0117jusi \u012f \u201eForum Cinemas\u201c, gal\u0117s \u012fsigyti savo \u0160EIMOS BILIET\u0104! Ir net kelias jo versijas, kad tikt\u0173 \u012fvairaus dyd\u017eio \u0161eimai \u2013 dviem, trim, keturiem ar net a\u0161tuoniem. Taigi, nuo \u0161iol \u012f daugel\u012f kino film\u0173, kur tik leid\u017eia am\u017eiaus cenzas, visai J\u016bs\u0173 \u0161eimai bus smagiau, linksmiau, pigiau [&hellip;]","og_url":"https:\/\/forumcinemas.lt\/lt\/seimos-kino-bilietas\/","og_site_name":"Kino teatras | Forum Cinemas","article_modified_time":"2026-04-03T12:25:02+00:00","og_image":[{"url":"https:\/\/forumcinemas.lt\/app\/uploads\/2026\/04\/SEIMOSbilietas_SUPERmario_1280x1024g.jpg"}],"twitter_card":"summary_large_image","twitter_misc":{"Est. reading time":"1 minute"},"schema":{"@context":"https:\/\/schema.org","@graph":[{"@type":"WebPage","@id":"https:\/\/forumcinemas.lt\/lt\/seimos-kino-bilietas\/","url":"https:\/\/forumcinemas.lt\/lt\/seimos-kino-bilietas\/","name":"\u0160eimos kino bilietas - Kino teatras | Forum Cinemas","isPartOf":{"@id":"https:\/\/forumcinemas.lt\/lt\/#website"},"primaryImageOfPage":{"@id":"https:\/\/forumcinemas.lt\/lt\/seimos-kino-bilietas\/#primaryimage"},"image":{"@id":"https:\/\/forumcinemas.lt\/lt\/seimos-kino-bilietas\/#primaryimage"},"thumbnailUrl":"https:\/\/forumcinemas.lt\/app\/uploads\/2026\/04\/SEIMOSbilietas_SUPERmario_1280x1024g.jpg","datePublished":"2025-12-05T12:01:00+00:00","dateModified":"2026-04-03T12:25:02+00:00","breadcrumb":{"@id":"https:\/\/forumcinemas.lt\/lt\/seimos-kino-bilietas\/#breadcrumb"},"inLanguage":"lt-LT","potentialAction":[{"@type":"ReadAction","target":["https:\/\/forumcinemas.lt\/lt\/seimos-kino-bilietas\/"]}]},{"@type":"ImageObject","inLanguage":"lt-LT","@id":"https:\/\/forumcinemas.lt\/lt\/seimos-kino-bilietas\/#primaryimage","url":"https:\/\/forumcinemas.lt\/app\/uploads\/2026\/04\/SEIMOSbilietas_SUPERmario_1280x1024g.jpg","contentUrl":"https:\/\/forumcinemas.lt\/app\/uploads\/2026\/04\/SEIMOSbilietas_SUPERmario_1280x1024g.jpg"},{"@type":"BreadcrumbList","@id":"https:\/\/forumcinemas.lt\/lt\/seimos-kino-bilietas\/#breadcrumb","itemListElement":[{"@type":"ListItem","position":1,"name":"Home","item":"https:\/\/forumcinemas.lt\/lt\/"},{"@type":"ListItem","position":2,"name":"\u0160eimos kino bilietas"}]},{"@type":"WebSite","@id":"https:\/\/forumcinemas.lt\/lt\/#website","url":"https:\/\/forumcinemas.lt\/lt\/","name":"Kino teatras | Forum Cinemas","description":"","potentialAction":[{"@type":"SearchAction","target":{"@type":"EntryPoint","urlTemplate":"https:\/\/forumcinemas.lt\/lt\/?s={search_term_string}"},"query-input":"required name=search_term_string"}],"inLanguage":"lt-LT"}]}},"_links":{"self":[{"href":"https:\/\/forumcinemas.lt\/lt\/wp-json\/wp\/v2\/pages\/5441"}],"collection":[{"href":"https:\/\/forumcinemas.lt\/lt\/wp-json\/wp\/v2\/pages"}],"about":[{"href":"https:\/\/forumcinemas.lt\/lt\/wp-json\/wp\/v2\/types\/page"}],"author":[{"embeddable":true,"href":"https:\/\/forumcinemas.lt\/lt\/wp-json\/wp\/v2\/users\/4"}],"replies":[{"embeddable":true,"href":"https:\/\/forumcinemas.lt\/lt\/wp-json\/wp\/v2\/comments?post=5441"}],"version-history":[{"count":13,"href":"https:\/\/forumcinemas.lt\/lt\/wp-json\/wp\/v2\/pages\/5441\/revisions"}],"predecessor-version":[{"id":7892,"href":"https:\/\/forumcinemas.lt\/lt\/wp-json\/wp\/v2\/pages\/5441\/revisions\/7892"}],"wp:attachment":[{"href":"https:\/\/forumcinemas.lt\/lt\/wp-json\/wp\/v2\/media?parent=5441"}],"curies":[{"name":"wp","href":"https:\/\/api.w.org\/{rel}","templated":true}]}}