{"id":5404,"date":"2025-12-03T14:28:18","date_gmt":"2025-12-03T14:28:18","guid":{"rendered":"https:\/\/forumcinemas.lt\/atkurti-slaptazodi\/"},"modified":"2025-12-03T14:31:09","modified_gmt":"2025-12-03T14:31:09","slug":"atkurti-slaptazodi","status":"publish","type":"page","link":"https:\/\/forumcinemas.lt\/lt\/atkurti-slaptazodi\/","title":{"rendered":"Atkurti slapta\u017eod\u012f"},"content":{"rendered":"\t\t<div data-elementor-type=\"wp-page\" data-elementor-id=\"5404\" class=\"elementor elementor-5404 elementor-5399\" data-elementor-post-type=\"page\">\n\t\t\t\t<div class=\"elementor-element elementor-element-4884b98 e-flex e-con-boxed e-con e-parent\" data-id=\"4884b98\" data-element_type=\"container\">\n\t\t\t\t\t<div class=\"e-con-inner\">\n\t\t\t\t\t<\/div>\n\t\t\t\t<\/div>\n\t\t<div class=\"elementor-element elementor-element-29d2897 e-flex e-con-boxed e-con e-parent\" data-id=\"29d2897\" data-element_type=\"container\">\n\t\t\t\t\t<div class=\"e-con-inner\">\n\t\t\t\t<div class=\"elementor-element elementor-element-7498149 elementor-widget elementor-widget-html\" data-id=\"7498149\" data-element_type=\"widget\" data-widget_type=\"html.default\">\n\t\t\t\t<div class=\"elementor-widget-container\">\n\t\t\t<p><a href=\"#\" data-toggle=\"modal\" data-target=\"#resetPasswordModal\"><br>Atkurti slapta\u017eod\u012f<br><\/a><\/p>\t\t<\/div>\n\t\t\t\t<\/div>\n\t\t\t\t\t<\/div>\n\t\t\t\t<\/div>\n\t\t\t\t<\/div>\n\t\t","protected":false},"excerpt":{"rendered":"<p>Atkurti slapta\u017eod\u012f<\/p>\n","protected":false},"author":4,"featured_media":0,"parent":0,"menu_order":0,"comment_status":"closed","ping_status":"closed","template":"","meta":{"_acf_changed":false,"footnotes":""},"acf":[],"yoast_head":"<!-- This site is optimized with the Yoast SEO plugin v23.0 - https:\/\/yoast.com\/wordpress\/plugins\/seo\/ -->\n<title>Atkurti slapta\u017eod\u012f - Forum Cinemas kino teatras<\/title>\n<meta name=\"robots\" content=\"index, follow, max-snippet:-1, max-image-preview:large, max-video-preview:-1\" \/>\n<link rel=\"canonical\" href=\"https:\/\/forumcinemas.lt\/lt\/atkurti-slaptazodi\/\" \/>\n<meta property=\"og:locale\" content=\"lt_LT\" \/>\n<meta property=\"og:type\" content=\"article\" \/>\n<meta property=\"og:title\" content=\"Atkurti slapta\u017eod\u012f - Forum Cinemas kino teatras\" \/>\n<meta property=\"og:description\" content=\"Atkurti slapta\u017eod\u012f\" \/>\n<meta property=\"og:url\" content=\"https:\/\/forumcinemas.lt\/lt\/atkurti-slaptazodi\/\" \/>\n<meta property=\"og:site_name\" content=\"Forum Cinemas kino teatras\" \/>\n<meta property=\"article:modified_time\" content=\"2025-12-03T14:31:09+00:00\" \/>\n<meta name=\"twitter:card\" content=\"summary_large_image\" \/>\n<script type=\"application\/ld+json\" class=\"yoast-schema-graph\">{\"@context\":\"https:\/\/schema.org\",\"@graph\":[{\"@type\":\"WebPage\",\"@id\":\"https:\/\/forumcinemas.lt\/lt\/atkurti-slaptazodi\/\",\"url\":\"https:\/\/forumcinemas.lt\/lt\/atkurti-slaptazodi\/\",\"name\":\"Atkurti slapta\u017eod\u012f - Forum Cinemas kino teatras\",\"isPartOf\":{\"@id\":\"https:\/\/forumcinemas.lt\/lt\/#website\"},\"datePublished\":\"2025-12-03T14:28:18+00:00\",\"dateModified\":\"2025-12-03T14:31:09+00:00\",\"breadcrumb\":{\"@id\":\"https:\/\/forumcinemas.lt\/lt\/atkurti-slaptazodi\/#breadcrumb\"},\"inLanguage\":\"lt-LT\",\"potentialAction\":[{\"@type\":\"ReadAction\",\"target\":[\"https:\/\/forumcinemas.lt\/lt\/atkurti-slaptazodi\/\"]}]},{\"@type\":\"BreadcrumbList\",\"@id\":\"https:\/\/forumcinemas.lt\/lt\/atkurti-slaptazodi\/#breadcrumb\",\"itemListElement\":[{\"@type\":\"ListItem\",\"position\":1,\"name\":\"Home\",\"item\":\"https:\/\/forumcinemas.lt\/lt\/\"},{\"@type\":\"ListItem\",\"position\":2,\"name\":\"Atkurti slapta\u017eod\u012f\"}]},{\"@type\":\"WebSite\",\"@id\":\"https:\/\/forumcinemas.lt\/lt\/#website\",\"url\":\"https:\/\/forumcinemas.lt\/lt\/\",\"name\":\"Forum Cinemas kino teatras\",\"description\":\"\",\"potentialAction\":[{\"@type\":\"SearchAction\",\"target\":{\"@type\":\"EntryPoint\",\"urlTemplate\":\"https:\/\/forumcinemas.lt\/lt\/?s={search_term_string}\"},\"query-input\":\"required name=search_term_string\"}],\"inLanguage\":\"lt-LT\"}]}<\/script>\n<!-- \/ Yoast SEO plugin. -->","yoast_head_json":{"title":"Atkurti slapta\u017eod\u012f - Forum Cinemas kino teatras","robots":{"index":"index","follow":"follow","max-snippet":"max-snippet:-1","max-image-preview":"max-image-preview:large","max-video-preview":"max-video-preview:-1"},"canonical":"https:\/\/forumcinemas.lt\/lt\/atkurti-slaptazodi\/","og_locale":"lt_LT","og_type":"article","og_title":"Atkurti slapta\u017eod\u012f - Forum Cinemas kino teatras","og_description":"Atkurti slapta\u017eod\u012f","og_url":"https:\/\/forumcinemas.lt\/lt\/atkurti-slaptazodi\/","og_site_name":"Forum Cinemas kino teatras","article_modified_time":"2025-12-03T14:31:09+00:00","twitter_card":"summary_large_image","schema":{"@context":"https:\/\/schema.org","@graph":[{"@type":"WebPage","@id":"https:\/\/forumcinemas.lt\/lt\/atkurti-slaptazodi\/","url":"https:\/\/forumcinemas.lt\/lt\/atkurti-slaptazodi\/","name":"Atkurti slapta\u017eod\u012f - Forum Cinemas kino teatras","isPartOf":{"@id":"https:\/\/forumcinemas.lt\/lt\/#website"},"datePublished":"2025-12-03T14:28:18+00:00","dateModified":"2025-12-03T14:31:09+00:00","breadcrumb":{"@id":"https:\/\/forumcinemas.lt\/lt\/atkurti-slaptazodi\/#breadcrumb"},"inLanguage":"lt-LT","potentialAction":[{"@type":"ReadAction","target":["https:\/\/forumcinemas.lt\/lt\/atkurti-slaptazodi\/"]}]},{"@type":"BreadcrumbList","@id":"https:\/\/forumcinemas.lt\/lt\/atkurti-slaptazodi\/#breadcrumb","itemListElement":[{"@type":"ListItem","position":1,"name":"Home","item":"https:\/\/forumcinemas.lt\/lt\/"},{"@type":"ListItem","position":2,"name":"Atkurti slapta\u017eod\u012f"}]},{"@type":"WebSite","@id":"https:\/\/forumcinemas.lt\/lt\/#website","url":"https:\/\/forumcinemas.lt\/lt\/","name":"Forum Cinemas kino teatras","description":"","potentialAction":[{"@type":"SearchAction","target":{"@type":"EntryPoint","urlTemplate":"https:\/\/forumcinemas.lt\/lt\/?s={search_term_string}"},"query-input":"required name=search_term_string"}],"inLanguage":"lt-LT"}]}},"_links":{"self":[{"href":"https:\/\/forumcinemas.lt\/lt\/wp-json\/wp\/v2\/pages\/5404"}],"collection":[{"href":"https:\/\/forumcinemas.lt\/lt\/wp-json\/wp\/v2\/pages"}],"about":[{"href":"https:\/\/forumcinemas.lt\/lt\/wp-json\/wp\/v2\/types\/page"}],"author":[{"embeddable":true,"href":"https:\/\/forumcinemas.lt\/lt\/wp-json\/wp\/v2\/users\/4"}],"replies":[{"embeddable":true,"href":"https:\/\/forumcinemas.lt\/lt\/wp-json\/wp\/v2\/comments?post=5404"}],"version-history":[{"count":1,"href":"https:\/\/forumcinemas.lt\/lt\/wp-json\/wp\/v2\/pages\/5404\/revisions"}],"predecessor-version":[{"id":5405,"href":"https:\/\/forumcinemas.lt\/lt\/wp-json\/wp\/v2\/pages\/5404\/revisions\/5405"}],"wp:attachment":[{"href":"https:\/\/forumcinemas.lt\/lt\/wp-json\/wp\/v2\/media?parent=5404"}],"curies":[{"name":"wp","href":"https:\/\/api.w.org\/{rel}","templated":true}]}}