{"id":5142,"date":"2025-11-27T23:33:41","date_gmt":"2025-11-27T23:33:41","guid":{"rendered":"https:\/\/forumcinemas.lt\/?page_id=5142"},"modified":"2026-04-14T09:31:02","modified_gmt":"2026-04-14T09:31:02","slug":"pasiklyde-ekrane-renginiai","status":"publish","type":"page","link":"https:\/\/forumcinemas.lt\/lt\/pasiklyde-ekrane-renginiai\/","title":{"rendered":"PASIKLYD\u0118 EKRANE renginiai"},"content":{"rendered":"\t\t<div data-elementor-type=\"wp-page\" data-elementor-id=\"5142\" class=\"elementor elementor-5142\" data-elementor-post-type=\"page\">\n\t\t\t\t<div class=\"elementor-element elementor-element-f7ad652 e-flex e-con-boxed e-con e-parent\" data-id=\"f7ad652\" data-element_type=\"container\">\n\t\t\t\t\t<div class=\"e-con-inner\">\n\t\t\t\t<div class=\"elementor-element elementor-element-f757bbf elementor-widget elementor-widget-heading\" data-id=\"f757bbf\" data-element_type=\"widget\" data-widget_type=\"heading.default\">\n\t\t\t\t<div class=\"elementor-widget-container\">\n\t\t\t<style>\/*! elementor - v3.23.0 - 15-07-2024 *\/\n.elementor-heading-title{padding:0;margin:0;line-height:1}.elementor-widget-heading .elementor-heading-title[class*=elementor-size-]>a{color:inherit;font-size:inherit;line-height:inherit}.elementor-widget-heading .elementor-heading-title.elementor-size-small{font-size:15px}.elementor-widget-heading .elementor-heading-title.elementor-size-medium{font-size:19px}.elementor-widget-heading .elementor-heading-title.elementor-size-large{font-size:29px}.elementor-widget-heading .elementor-heading-title.elementor-size-xl{font-size:39px}.elementor-widget-heading .elementor-heading-title.elementor-size-xxl{font-size:59px}<\/style><h2 class=\"elementor-heading-title elementor-size-default\">PASIKLYDE EKRANE renginiai<\/h2>\t\t<\/div>\n\t\t\t\t<\/div>\n\t\t\t\t\t<\/div>\n\t\t\t\t<\/div>\n\t\t<div class=\"elementor-element elementor-element-5a413bfb e-flex e-con-boxed e-con e-parent\" data-id=\"5a413bfb\" data-element_type=\"container\" data-settings=\"{&quot;background_background&quot;:&quot;classic&quot;}\">\n\t\t\t\t\t<div class=\"e-con-inner\">\n\t\t\t\t<div class=\"elementor-element elementor-element-7901e97e elementor-widget elementor-widget-text-editor\" data-id=\"7901e97e\" data-element_type=\"widget\" data-widget_type=\"text-editor.default\">\n\t\t\t\t<div class=\"elementor-widget-container\">\n\t\t\t<style>\/*! elementor - v3.23.0 - 15-07-2024 *\/\n.elementor-widget-text-editor.elementor-drop-cap-view-stacked .elementor-drop-cap{background-color:#69727d;color:#fff}.elementor-widget-text-editor.elementor-drop-cap-view-framed .elementor-drop-cap{color:#69727d;border:3px solid;background-color:transparent}.elementor-widget-text-editor:not(.elementor-drop-cap-view-default) .elementor-drop-cap{margin-top:8px}.elementor-widget-text-editor:not(.elementor-drop-cap-view-default) .elementor-drop-cap-letter{width:1em;height:1em}.elementor-widget-text-editor .elementor-drop-cap{float:left;text-align:center;line-height:1;font-size:50px}.elementor-widget-text-editor .elementor-drop-cap-letter{display:inline-block}<\/style>\t\t\t\t<p>Prad\u0117j\u0119 nuo \u201eYouTube\u201c tinklalaid\u0117s \u201ePasiklyd\u0119 ekrane\u201c, kino tinklara\u0161tininkai Darius ir Justas u\u017esibr\u0117\u017e\u0117 tiksl\u0105 sugr\u0105\u017einti \u012f kino ekranus daugelio mylimus, nostalgi\u0161kus ir tiesiog labai ypatingus filmus.<\/p><p>Taip 2021 m. gim\u0117 speciali\u0173 kino seans\u0173 ciklas \u201ePasiklyd\u0119 ekrane\u201c, kuriame netr\u016bksta klasikos, maraton\u0173 ir naujausi\u0173 premjer\u0173.<\/p><p><strong>Visi iki \u0161iol \u012fvyk\u0119 \u201ePasiklyd\u0119 ekrane\u201c seansai:<\/strong><\/p>\t\t\t\t\t\t<\/div>\n\t\t\t\t<\/div>\n\t\t\t\t\t<\/div>\n\t\t\t\t<\/div>\n\t\t<div class=\"elementor-element elementor-element-7591c972 e-flex e-con-boxed e-con e-parent\" data-id=\"7591c972\" data-element_type=\"container\">\n\t\t\t\t\t<div class=\"e-con-inner\">\n\t\t<div class=\"elementor-element elementor-element-3aa3f645 e-con-full e-flex e-con e-child\" data-id=\"3aa3f645\" data-element_type=\"container\">\n\t\t\t\t<div class=\"elementor-element elementor-element-5d8ba84a elementor-widget elementor-widget-text-editor\" data-id=\"5d8ba84a\" data-element_type=\"widget\" data-widget_type=\"text-editor.default\">\n\t\t\t\t<div class=\"elementor-widget-container\">\n\t\t\t\t\t\t\t<p><strong>2026 m. seansai:<\/strong><\/p><ul><li>\u201eStebuklingi \u0160ihiros nuotykiai Dvasi\u0173 pasaulyje\u201c\/\u201eSpirited Away\u201c, 2001 (klasikos seansas)<\/li><\/ul><p><strong>2025 m. seansai:<\/strong><\/p><ul><li>\u201eEdvardas \u017dirkliarankis\u201c\/\u201e Edward Scissorhands\u201c, 1990 (klasikos seansas)<\/li><li>\u201eHaris Poteris\u201d\/\u201eHarry Potter\u201d, 2001 \u2013 2011 (8 dali\u0173 maratonas) \u2013 III kartas<\/li><li>\u201ePsichopatas\u201c\/\u201ePsycho\u201c, 1960 (klasikos seansas)<\/li><li>\u201eHaulo keliaujanti pilis\u201c\/\u201eHowl&#8217;s Moving Castle\u201c, 2004 (klasikos seansas)<\/li><li>\u201ePa\u0161\u0117l\u0119s Maksas. \u012et\u016b\u017eio kelias\u201c\/\u201eMad Max: Fury Road\u201c, 2015 (klasikos seansas)<\/li><li>\u201eKarib\u0173 piratai. Pasaulio pakra\u0161ty\u201c\/\u201ePirates of the Caribbean: At World&#8217;s End\u201c, 2007 (klasikos seansas)<\/li><li>\u201eKarib\u0173 piratai. Numir\u0117lio skrynia\u201c\/\u201ePirates of the Caribbean: Dead Man&#8217;s Chest\u201c, 2006 (klasikos seansas)<\/li><li>\u201eGelbstint eilin\u012f Rajan\u0105\u201c\/\u201eSaving Private Ryan\u201c, 1998 (klasikos seansas)<\/li><li>\u201ePrad\u017eia\u201c\/\u201eInception\u201c, 2010 (klasikos seansas)<\/li><\/ul><p><strong>2024 m. seansai:<\/strong><\/p><ul><li style=\"list-style-type: none;\"><ul><li>\u201eTarp \u017evaig\u017ed\u017ei\u0173\u201c\/\u201eInterstellar\u201c, 2014 (klasikos seansas) \u2013 II kartas<\/li><li>\u201e\u017died\u0173 valdovas\u201d\/\u201eThe Lord of the Rings\u201d, 2001 \u2013 2003 (3 dali\u0173 maratonas) \u2013 i\u0161pl\u0117sta versija<\/li><li>\u201eTerminatorius\u201c\/\u201eThe Terminator\u201c, 1984 (klasikos seansas)<\/li><li>\u201eGladiatorius\u201c\/\u201eGladiator\u201c, 2000 (klasikos seansas) \u2013 II kartas<\/li><li>\u201eKarib\u0173 piratai. Juodojo perlo prakeiksmas\u201c\/\u201ePirates of the Caribbean: The Curse of the Black Pearl\u201c, 2003 (klasikos seansas)<\/li><li>\u201eMumija\u201c\/\u201eThe Mummy\u201c, 1999 (klasikos seansas)<\/li><li>\u201e\u0160e\u0161tasis poj\u016btis\u201c\/\u201eThe Sixth Sense\u201c, 1999 (klasikos seansas)<\/li><li>\u201eKopa. Antra dalis\u201c\/\u201eDune: Part Two\u201c, 2024 (premjera su Skirmantu Malinausku)<\/li><li>\u201eMatrica\u201c\/\u201eThe Matrix\u201c, 1999 (klasikos seansas)<\/li><li>\u201eAsmens sargybinis\u201c\/\u201eThe Bodyguard\u201c, 1992 (klasikos seansas)<\/li><li>\u201eTarp \u017evaig\u017ed\u017ei\u0173\u201c\/\u201eInterstellar\u201c, 2014 (klasikos seansas) \u2013 I kartas<\/li><\/ul><\/li><\/ul>\t\t\t\t\t\t<\/div>\n\t\t\t\t<\/div>\n\t\t\t\t<\/div>\n\t\t<div class=\"elementor-element elementor-element-2c53fa7f e-con-full e-flex e-con e-child\" data-id=\"2c53fa7f\" data-element_type=\"container\">\n\t\t<div class=\"elementor-element elementor-element-49ad2618 e-con-full e-flex e-con e-child\" data-id=\"49ad2618\" data-element_type=\"container\">\n\t\t\t\t<div class=\"elementor-element elementor-element-f0d503f elementor-widget elementor-widget-text-editor\" data-id=\"f0d503f\" data-element_type=\"widget\" data-widget_type=\"text-editor.default\">\n\t\t\t\t<div class=\"elementor-widget-container\">\n\t\t\t\t\t\t\t<p><strong>2023 m. seansai:<\/strong><\/p><ul><li>\u201eNapoleonas\u201c\/\u201eNapoleon\u201c, 2023 (premjera)<\/li><li>\u201eHaris Poteris\u201d\/\u201eHarry Potter\u201d, 2001 \u2013 2011 (8 dali\u0173 maratonas) \u2013 II kartas<\/li><li>\u201eNegarbingi \u0161unsnukiai\u201c\/\u201eInglourious Basterds\u201c, 2009 (klasikos seansas)<\/li><li>\u201eGeri vyrukai\u201c\/\u201eGoodfellas\u201c, 1990 (klasikos seansas)<\/li><li>\u201eEgzorcistas: tikintysis\u201c\/\u201e The Exorcist: Believer\u201c, 2023 (premjera)<\/li><li>\u201eVienuol\u0117 2\u201c\/\u201eThe Nun II\u201c, 2023 (premjera)<\/li><li>\u201eGran Turismo\u201c\/\u201eGran Turismo\u201c, 2023 (premjera)<\/li><li>\u201eBarb\u0117\u201c\/\u201eBarbie\u201c, 2023 (premjera)<\/li><li>\u201eNe\u012fmanoma misija: mirtinas atpildas. Pirma dalis\u201c\/\u201eMission: Impossible \u2013 Dead Reckoning Part One\u201c, 2023 (premjera)<\/li><li>\u201eGreiti ir \u012fsi\u016bt\u0119 10\u201c\/\u201eFast X\u201c, 2023 (premjera)<\/li><li>\u201eGalaktikos serg\u0117tojai: III dalis\u201c\/\u201eGuardians of the Galaxy Vol. 3\u201c, 2023 (premjera)<\/li><li>\u201e\u017dmogus su randu\u201c\/\u201eScarface\u201c, 1983 (klasikos seansas)<\/li><li>\u201eBroliai Super Mario. Filmas\u201c\/\u201e The Super Mario Bros. Movie\u201c, 2023 (premjera su Meinardu Valkevi\u010diumi)<\/li><li>\u201eD\u017eonas Vikas\u201d\/\u201eJohn Wick\u201d, 2014 \u2013 2023 (3 dali\u0173 maratonas)<\/li><li>\u201eGra\u017ei moteris\u201c\/\u201ePretty Woman\u201c, 1990 (klasikos seansas)<\/li><li>\u201eGladiatorius\u201c\/\u201eGladiator\u201c, 2000 (klasikos seansas) \u2013 I kartas<\/li><li>\u201eAtgal \u012f ateit\u012f\u201c\/\u201eBack to the Future\u201c, 1985 (klasikos seansas)<\/li><\/ul><p><strong>2022 m. seansai:<\/strong><\/p><ul><li>\u201eReEmigrantai\u201c, 2022 (premjera su Kirilu Glu\u0161ajevu)<\/li><li>\u201eBatuotas katinas P\u016bkis. Paskutinis noras\u201c\/\u201ePuss in Boots: The Last Wish\u201c, 2022 (premjera su Meinardu Valkevi\u010diumi)<\/li><li>\u201eA\u0161 noriu \u0161okti. Whitney Houson filmas\u201c\/\u201eWhitney Houston: I Wanna Dance with Somebody\u201c, 2022 (premjera su R\u016bta Loop)<\/li><li>\u201e\u012esik\u016bnijimas. Vandens kelias\u201c\/\u201eAvatar: The Way of Water\u201c, 2022 (premjera)<\/li><li>\u201eSiaubo Maratonas 2022\u201c<\/li><li>\u201eTamsos riteris\u201d\/\u201eThe Dark Knight\u201d, 2005 \u2013 2012 (3 dali\u0173 maratonas)<\/li><li>\u201e\u012esik\u016bnijimas\u201c\/\u201eAvatar\u201c, 2009 (klasikos seansas su Justu Giedrai\u010diu)<\/li><li>\u201eKo ne\u017eino vyrai\u201c, 2022 (premjera su Kirilu Glu\u0161ajevu)<\/li><li>\u201eTen, kur gieda vie\u017eiai\u201c\/\u201eWhere the Crawdads Sing\u201c, 2022 (premjera su Brigita Erce)<\/li><li>\u201eKulk\u0173 ekspresas\u201c\/\u201eBullet Train\u201c, 2022 (premjera)<\/li><li>\u201ePakalikai\u201d\/\u201eMinions\u201d, 2015 \u2013 2022 (2 dali\u0173 maratonas)<\/li><li>\u201eAsas Maverikas\u201c\/\u201eTop Gun: Maverick\u201c, 2022 (premjera su Orijumi Gasanovu)<\/li><li>\u201eDaktaras Streind\u017eas beprotyb\u0117s multivisatoje\u201c\/\u201eDoctor Strange in the Multiverse of Madness\u201c, 2022 (premjera)<\/li><li>\u201eFantastiniai gyv\u016bnai\u201d\/\u201eFantastic Beasts\u201d, 2016 \u2013 2022 (3 dali\u0173 maratonas)<\/li><li>\u201eKrik\u0161tat\u0117vis\u201d\/\u201eThe Godfather\u201d, 1972 \u2013 1990 (3 dali\u0173 maratonas)<\/li><li>\u201eBetmenas\u201c\/\u201eThe Batman\u201c, 2022 (premjera su Dailiumi Dargiu)<\/li><li>\u201eHaris Poteris\u201d\/\u201eHarry Potter\u201d, 2001 \u2013 2011 (8 dali\u0173 maratonas) \u2013 I kartas<\/li><\/ul><p><strong>2021 m. seansai:<\/strong><\/p><ul><li>\u201eMatrica. Prisik\u0117limas\u201c\/\u201eThe Matrix Resurrections\u201c, 2021 (premjera)<\/li><li>\u201e\u017dmogus-voras. N\u0117ra kelio atgal\u201c\/\u201eSpider-Man: No Way Home\u201c, 2021 (premjera su Paul deMiko)<\/li><li>\u201e\u017died\u0173 valdovas\u201d\/\u201eThe Lord of the Rings\u201d, 2001 \u2013 2003 (3 dali\u0173 maratonas) \u2013 teatrin\u0117 versija<\/li><li>\u201eAkira\u201c\/\u201eAkira\u201c, 1988 (klasikos seansas)<\/li><li>\u201eGucci mados namai\u201c\/\u201eHouse of Gucci\u201c, 2021 (premjera su Nagliu Bierancu)<\/li><li>\u201eVaiduokli\u0173 med\u017eiotojai i\u0161 anapus\u201c\/\u201eGhostbusters: Afterlife\u201c, 2021 (premjera su Ar\u016bnu Valinsku)<\/li><li>\u201ePranc\u016bzijos kronikos i\u0161 Liber\u010dio, Kanzaso vakaro saul\u0117s\u201c\/\u201eThe French Dispatch\u201c, 2021 (premjera su Ineta Stasiulyte)<\/li><li>\u201eSiaubo Maratonas 2021\u201c<\/li><li>\u201eVenomas 2\u201c\/\u201eVenom: Let There Be Carnage\u201c, 2021 (premjera su Vaidu Baumila)<\/li><li>\u201eKopa\u201c\/\u201eDune\u201c, 2021 (premjera su Skirmantu Malinausku)<\/li><li>\u201eSavi\u017eud\u017ei\u0173 b\u016brys. Mobilizacija\u201c\/\u201eThe Suicide Squad\u201c, 2021 (premjera su Paul deMiko)<\/li><li>\u201eNaktin\u0117 \u017evejyba\u201c, 2021 (premjera su k\u016brybine komanda)<\/li><li>\u201ePab\u0117gimo kambarys\u201d\/\u201eEscape Room\u201d, 2019 \u2013 2021 (2 dali\u0173 maratonas)<\/li><li>\u201eTylos zona\u201d\/\u201eA Quiet Place\u201d, 2018 \u2013 2021 (2 dali\u0173 maratonas)<\/li><\/ul>\t\t\t\t\t\t<\/div>\n\t\t\t\t<\/div>\n\t\t\t\t<\/div>\n\t\t\t\t<\/div>\n\t\t\t\t\t<\/div>\n\t\t\t\t<\/div>\n\t\t<div class=\"elementor-element elementor-element-77cdee18 e-flex e-con-boxed e-con e-parent\" data-id=\"77cdee18\" data-element_type=\"container\" id=\"eventForm\">\n\t\t\t\t\t<div class=\"e-con-inner\">\n\t\t\t\t<div class=\"elementor-element elementor-element-36a24de9 elementor-widget elementor-widget-spacer\" data-id=\"36a24de9\" data-element_type=\"widget\" data-widget_type=\"spacer.default\">\n\t\t\t\t<div class=\"elementor-widget-container\">\n\t\t\t<style>\/*! elementor - v3.23.0 - 15-07-2024 *\/\n.elementor-column .elementor-spacer-inner{height:var(--spacer-size)}.e-con{--container-widget-width:100%}.e-con-inner>.elementor-widget-spacer,.e-con>.elementor-widget-spacer{width:var(--container-widget-width,var(--spacer-size));--align-self:var(--container-widget-align-self,initial);--flex-shrink:0}.e-con-inner>.elementor-widget-spacer>.elementor-widget-container,.e-con>.elementor-widget-spacer>.elementor-widget-container{height:100%;width:100%}.e-con-inner>.elementor-widget-spacer>.elementor-widget-container>.elementor-spacer,.e-con>.elementor-widget-spacer>.elementor-widget-container>.elementor-spacer{height:100%}.e-con-inner>.elementor-widget-spacer>.elementor-widget-container>.elementor-spacer>.elementor-spacer-inner,.e-con>.elementor-widget-spacer>.elementor-widget-container>.elementor-spacer>.elementor-spacer-inner{height:var(--container-widget-height,var(--spacer-size))}.e-con-inner>.elementor-widget-spacer.elementor-widget-empty,.e-con>.elementor-widget-spacer.elementor-widget-empty{position:relative;min-height:22px;min-width:22px}.e-con-inner>.elementor-widget-spacer.elementor-widget-empty .elementor-widget-empty-icon,.e-con>.elementor-widget-spacer.elementor-widget-empty .elementor-widget-empty-icon{position:absolute;top:0;bottom:0;left:0;right:0;margin:auto;padding:0;width:22px;height:22px}<\/style>\t\t<div class=\"elementor-spacer\">\n\t\t\t<div class=\"elementor-spacer-inner\"><\/div>\n\t\t<\/div>\n\t\t\t\t<\/div>\n\t\t\t\t<\/div>\n\t\t\t\t\t<\/div>\n\t\t\t\t<\/div>\n\t\t\t\t<\/div>\n\t\t","protected":false},"excerpt":{"rendered":"<p>PASIKLYDE EKRANE renginiai Prad\u0117j\u0119 nuo \u201eYouTube\u201c tinklalaid\u0117s \u201ePasiklyd\u0119 ekrane\u201c, kino tinklara\u0161tininkai Darius ir Justas u\u017esibr\u0117\u017e\u0117 tiksl\u0105 sugr\u0105\u017einti \u012f kino ekranus daugelio mylimus, nostalgi\u0161kus ir tiesiog labai ypatingus filmus. Taip 2021 m. gim\u0117 speciali\u0173 kino seans\u0173 ciklas \u201ePasiklyd\u0119 ekrane\u201c, kuriame netr\u016bksta klasikos, maraton\u0173 ir naujausi\u0173 premjer\u0173. Visi iki \u0161iol \u012fvyk\u0119 \u201ePasiklyd\u0119 ekrane\u201c seansai: 2026 m. seansai: [&hellip;]<\/p>\n","protected":false},"author":4,"featured_media":5179,"parent":0,"menu_order":0,"comment_status":"closed","ping_status":"closed","template":"","meta":{"_acf_changed":false,"footnotes":""},"acf":[],"yoast_head":"<!-- This site is optimized with the Yoast SEO plugin v23.0 - https:\/\/yoast.com\/wordpress\/plugins\/seo\/ -->\n<title>PASIKLYD\u0118 EKRANE renginiai - Kino teatras | Forum Cinemas<\/title>\n<meta name=\"robots\" content=\"index, follow, max-snippet:-1, max-image-preview:large, max-video-preview:-1\" \/>\n<link rel=\"canonical\" href=\"https:\/\/forumcinemas.lt\/lt\/pasiklyde-ekrane-renginiai\/\" \/>\n<meta property=\"og:locale\" content=\"lt_LT\" \/>\n<meta property=\"og:type\" content=\"article\" \/>\n<meta property=\"og:title\" content=\"PASIKLYD\u0118 EKRANE renginiai\" \/>\n<meta property=\"og:description\" content=\"PASIKLYDE EKRANE renginiai Prad\u0117j\u0119 nuo \u201eYouTube\u201c tinklalaid\u0117s \u201ePasiklyd\u0119 ekrane\u201c, kino tinklara\u0161tininkai Darius ir Justas u\u017esibr\u0117\u017e\u0117 tiksl\u0105 sugr\u0105\u017einti \u012f kino ekranus daugelio mylimus, nostalgi\u0161kus ir tiesiog labai ypatingus filmus. Taip 2021 m. gim\u0117 speciali\u0173 kino seans\u0173 ciklas \u201ePasiklyd\u0119 ekrane\u201c, kuriame netr\u016bksta klasikos, maraton\u0173 ir naujausi\u0173 premjer\u0173. Visi iki \u0161iol \u012fvyk\u0119 \u201ePasiklyd\u0119 ekrane\u201c seansai: 2026 m. seansai: [&hellip;]\" \/>\n<meta property=\"og:url\" content=\"https:\/\/forumcinemas.lt\/lt\/pasiklyde-ekrane-renginiai\/\" \/>\n<meta property=\"og:site_name\" content=\"Kino teatras | Forum Cinemas\" \/>\n<meta property=\"article:modified_time\" content=\"2026-04-14T09:31:02+00:00\" \/>\n<meta property=\"og:image\" content=\"https:\/\/forumcinemas.lt\/app\/uploads\/2025\/11\/pasiklyde-ekrane.jpg\" \/>\n\t<meta property=\"og:image:width\" content=\"2000\" \/>\n\t<meta property=\"og:image:height\" content=\"2000\" \/>\n\t<meta property=\"og:image:type\" content=\"image\/jpeg\" \/>\n<meta name=\"twitter:card\" content=\"summary_large_image\" \/>\n<meta name=\"twitter:label1\" content=\"Est. reading time\" \/>\n\t<meta name=\"twitter:data1\" content=\"4 minutes\" \/>\n<script type=\"application\/ld+json\" class=\"yoast-schema-graph\">{\"@context\":\"https:\/\/schema.org\",\"@graph\":[{\"@type\":\"WebPage\",\"@id\":\"https:\/\/forumcinemas.lt\/lt\/pasiklyde-ekrane-renginiai\/\",\"url\":\"https:\/\/forumcinemas.lt\/lt\/pasiklyde-ekrane-renginiai\/\",\"name\":\"PASIKLYD\u0118 EKRANE renginiai - Kino teatras | Forum Cinemas\",\"isPartOf\":{\"@id\":\"https:\/\/forumcinemas.lt\/lt\/#website\"},\"primaryImageOfPage\":{\"@id\":\"https:\/\/forumcinemas.lt\/lt\/pasiklyde-ekrane-renginiai\/#primaryimage\"},\"image\":{\"@id\":\"https:\/\/forumcinemas.lt\/lt\/pasiklyde-ekrane-renginiai\/#primaryimage\"},\"thumbnailUrl\":\"https:\/\/forumcinemas.lt\/app\/uploads\/2025\/11\/pasiklyde-ekrane.jpg\",\"datePublished\":\"2025-11-27T23:33:41+00:00\",\"dateModified\":\"2026-04-14T09:31:02+00:00\",\"breadcrumb\":{\"@id\":\"https:\/\/forumcinemas.lt\/lt\/pasiklyde-ekrane-renginiai\/#breadcrumb\"},\"inLanguage\":\"lt-LT\",\"potentialAction\":[{\"@type\":\"ReadAction\",\"target\":[\"https:\/\/forumcinemas.lt\/lt\/pasiklyde-ekrane-renginiai\/\"]}]},{\"@type\":\"ImageObject\",\"inLanguage\":\"lt-LT\",\"@id\":\"https:\/\/forumcinemas.lt\/lt\/pasiklyde-ekrane-renginiai\/#primaryimage\",\"url\":\"https:\/\/forumcinemas.lt\/app\/uploads\/2025\/11\/pasiklyde-ekrane.jpg\",\"contentUrl\":\"https:\/\/forumcinemas.lt\/app\/uploads\/2025\/11\/pasiklyde-ekrane.jpg\",\"width\":2000,\"height\":2000},{\"@type\":\"BreadcrumbList\",\"@id\":\"https:\/\/forumcinemas.lt\/lt\/pasiklyde-ekrane-renginiai\/#breadcrumb\",\"itemListElement\":[{\"@type\":\"ListItem\",\"position\":1,\"name\":\"Home\",\"item\":\"https:\/\/forumcinemas.lt\/lt\/\"},{\"@type\":\"ListItem\",\"position\":2,\"name\":\"PASIKLYD\u0118 EKRANE renginiai\"}]},{\"@type\":\"WebSite\",\"@id\":\"https:\/\/forumcinemas.lt\/lt\/#website\",\"url\":\"https:\/\/forumcinemas.lt\/lt\/\",\"name\":\"Kino teatras | Forum Cinemas\",\"description\":\"\",\"potentialAction\":[{\"@type\":\"SearchAction\",\"target\":{\"@type\":\"EntryPoint\",\"urlTemplate\":\"https:\/\/forumcinemas.lt\/lt\/?s={search_term_string}\"},\"query-input\":\"required name=search_term_string\"}],\"inLanguage\":\"lt-LT\"}]}<\/script>\n<!-- \/ Yoast SEO plugin. -->","yoast_head_json":{"title":"PASIKLYD\u0118 EKRANE renginiai - Kino teatras | Forum Cinemas","robots":{"index":"index","follow":"follow","max-snippet":"max-snippet:-1","max-image-preview":"max-image-preview:large","max-video-preview":"max-video-preview:-1"},"canonical":"https:\/\/forumcinemas.lt\/lt\/pasiklyde-ekrane-renginiai\/","og_locale":"lt_LT","og_type":"article","og_title":"PASIKLYD\u0118 EKRANE renginiai","og_description":"PASIKLYDE EKRANE renginiai Prad\u0117j\u0119 nuo \u201eYouTube\u201c tinklalaid\u0117s \u201ePasiklyd\u0119 ekrane\u201c, kino tinklara\u0161tininkai Darius ir Justas u\u017esibr\u0117\u017e\u0117 tiksl\u0105 sugr\u0105\u017einti \u012f kino ekranus daugelio mylimus, nostalgi\u0161kus ir tiesiog labai ypatingus filmus. Taip 2021 m. gim\u0117 speciali\u0173 kino seans\u0173 ciklas \u201ePasiklyd\u0119 ekrane\u201c, kuriame netr\u016bksta klasikos, maraton\u0173 ir naujausi\u0173 premjer\u0173. Visi iki \u0161iol \u012fvyk\u0119 \u201ePasiklyd\u0119 ekrane\u201c seansai: 2026 m. seansai: [&hellip;]","og_url":"https:\/\/forumcinemas.lt\/lt\/pasiklyde-ekrane-renginiai\/","og_site_name":"Kino teatras | Forum Cinemas","article_modified_time":"2026-04-14T09:31:02+00:00","og_image":[{"width":2000,"height":2000,"url":"https:\/\/forumcinemas.lt\/app\/uploads\/2025\/11\/pasiklyde-ekrane.jpg","type":"image\/jpeg"}],"twitter_card":"summary_large_image","twitter_misc":{"Est. reading time":"4 minutes"},"schema":{"@context":"https:\/\/schema.org","@graph":[{"@type":"WebPage","@id":"https:\/\/forumcinemas.lt\/lt\/pasiklyde-ekrane-renginiai\/","url":"https:\/\/forumcinemas.lt\/lt\/pasiklyde-ekrane-renginiai\/","name":"PASIKLYD\u0118 EKRANE renginiai - Kino teatras | Forum Cinemas","isPartOf":{"@id":"https:\/\/forumcinemas.lt\/lt\/#website"},"primaryImageOfPage":{"@id":"https:\/\/forumcinemas.lt\/lt\/pasiklyde-ekrane-renginiai\/#primaryimage"},"image":{"@id":"https:\/\/forumcinemas.lt\/lt\/pasiklyde-ekrane-renginiai\/#primaryimage"},"thumbnailUrl":"https:\/\/forumcinemas.lt\/app\/uploads\/2025\/11\/pasiklyde-ekrane.jpg","datePublished":"2025-11-27T23:33:41+00:00","dateModified":"2026-04-14T09:31:02+00:00","breadcrumb":{"@id":"https:\/\/forumcinemas.lt\/lt\/pasiklyde-ekrane-renginiai\/#breadcrumb"},"inLanguage":"lt-LT","potentialAction":[{"@type":"ReadAction","target":["https:\/\/forumcinemas.lt\/lt\/pasiklyde-ekrane-renginiai\/"]}]},{"@type":"ImageObject","inLanguage":"lt-LT","@id":"https:\/\/forumcinemas.lt\/lt\/pasiklyde-ekrane-renginiai\/#primaryimage","url":"https:\/\/forumcinemas.lt\/app\/uploads\/2025\/11\/pasiklyde-ekrane.jpg","contentUrl":"https:\/\/forumcinemas.lt\/app\/uploads\/2025\/11\/pasiklyde-ekrane.jpg","width":2000,"height":2000},{"@type":"BreadcrumbList","@id":"https:\/\/forumcinemas.lt\/lt\/pasiklyde-ekrane-renginiai\/#breadcrumb","itemListElement":[{"@type":"ListItem","position":1,"name":"Home","item":"https:\/\/forumcinemas.lt\/lt\/"},{"@type":"ListItem","position":2,"name":"PASIKLYD\u0118 EKRANE renginiai"}]},{"@type":"WebSite","@id":"https:\/\/forumcinemas.lt\/lt\/#website","url":"https:\/\/forumcinemas.lt\/lt\/","name":"Kino teatras | Forum Cinemas","description":"","potentialAction":[{"@type":"SearchAction","target":{"@type":"EntryPoint","urlTemplate":"https:\/\/forumcinemas.lt\/lt\/?s={search_term_string}"},"query-input":"required name=search_term_string"}],"inLanguage":"lt-LT"}]}},"_links":{"self":[{"href":"https:\/\/forumcinemas.lt\/lt\/wp-json\/wp\/v2\/pages\/5142"}],"collection":[{"href":"https:\/\/forumcinemas.lt\/lt\/wp-json\/wp\/v2\/pages"}],"about":[{"href":"https:\/\/forumcinemas.lt\/lt\/wp-json\/wp\/v2\/types\/page"}],"author":[{"embeddable":true,"href":"https:\/\/forumcinemas.lt\/lt\/wp-json\/wp\/v2\/users\/4"}],"replies":[{"embeddable":true,"href":"https:\/\/forumcinemas.lt\/lt\/wp-json\/wp\/v2\/comments?post=5142"}],"version-history":[{"count":55,"href":"https:\/\/forumcinemas.lt\/lt\/wp-json\/wp\/v2\/pages\/5142\/revisions"}],"predecessor-version":[{"id":8029,"href":"https:\/\/forumcinemas.lt\/lt\/wp-json\/wp\/v2\/pages\/5142\/revisions\/8029"}],"wp:featuredmedia":[{"embeddable":true,"href":"https:\/\/forumcinemas.lt\/lt\/wp-json\/wp\/v2\/media\/5179"}],"wp:attachment":[{"href":"https:\/\/forumcinemas.lt\/lt\/wp-json\/wp\/v2\/media?parent=5142"}],"curies":[{"name":"wp","href":"https:\/\/api.w.org\/{rel}","templated":true}]}}