{"id":4804,"date":"2025-11-19T12:53:15","date_gmt":"2025-11-19T12:53:15","guid":{"rendered":"https:\/\/forumcinemas.lt\/?page_id=4804"},"modified":"2026-01-20T09:39:10","modified_gmt":"2026-01-20T09:39:10","slug":"yomayo","status":"publish","type":"page","link":"https:\/\/forumcinemas.lt\/lt\/yomayo\/","title":{"rendered":"YOMAYO"},"content":{"rendered":"\t\t<div data-elementor-type=\"wp-page\" data-elementor-id=\"4804\" class=\"elementor elementor-4804\" data-elementor-post-type=\"page\">\n\t\t\t\t<div class=\"elementor-element elementor-element-5f4fb2f e-flex e-con-boxed e-con e-parent\" data-id=\"5f4fb2f\" data-element_type=\"container\">\n\t\t\t\t\t<div class=\"e-con-inner\">\n\t\t\t\t<div class=\"elementor-element elementor-element-2aea3f0 elementor-widget elementor-widget-heading\" data-id=\"2aea3f0\" data-element_type=\"widget\" data-widget_type=\"heading.default\">\n\t\t\t\t<div class=\"elementor-widget-container\">\n\t\t\t<style>\/*! elementor - v3.23.0 - 15-07-2024 *\/\n.elementor-heading-title{padding:0;margin:0;line-height:1}.elementor-widget-heading .elementor-heading-title[class*=elementor-size-]>a{color:inherit;font-size:inherit;line-height:inherit}.elementor-widget-heading .elementor-heading-title.elementor-size-small{font-size:15px}.elementor-widget-heading .elementor-heading-title.elementor-size-medium{font-size:19px}.elementor-widget-heading .elementor-heading-title.elementor-size-large{font-size:29px}.elementor-widget-heading .elementor-heading-title.elementor-size-xl{font-size:39px}.elementor-widget-heading .elementor-heading-title.elementor-size-xxl{font-size:59px}<\/style><h2 class=\"elementor-heading-title elementor-size-default\">YOMAYO GIMTADIENIS TIK SAUSIO 27 DIEN\u0104<\/h2>\t\t<\/div>\n\t\t\t\t<\/div>\n\t\t\t\t\t<\/div>\n\t\t\t\t<\/div>\n\t\t<div class=\"elementor-element elementor-element-70265d4d e-flex e-con-boxed e-con e-parent\" data-id=\"70265d4d\" data-element_type=\"container\" data-settings=\"{&quot;background_background&quot;:&quot;classic&quot;}\">\n\t\t\t\t\t<div class=\"e-con-inner\">\n\t\t<div class=\"elementor-element elementor-element-69d19a8b e-con-full e-flex e-con e-child\" data-id=\"69d19a8b\" data-element_type=\"container\">\n\t\t\t\t<div class=\"elementor-element elementor-element-9733914 elementor-widget__width-inherit elementor-widget elementor-widget-text-editor\" data-id=\"9733914\" data-element_type=\"widget\" data-widget_type=\"text-editor.default\">\n\t\t\t\t<div class=\"elementor-widget-container\">\n\t\t\t<style>\/*! elementor - v3.23.0 - 15-07-2024 *\/\n.elementor-widget-text-editor.elementor-drop-cap-view-stacked .elementor-drop-cap{background-color:#69727d;color:#fff}.elementor-widget-text-editor.elementor-drop-cap-view-framed .elementor-drop-cap{color:#69727d;border:3px solid;background-color:transparent}.elementor-widget-text-editor:not(.elementor-drop-cap-view-default) .elementor-drop-cap{margin-top:8px}.elementor-widget-text-editor:not(.elementor-drop-cap-view-default) .elementor-drop-cap-letter{width:1em;height:1em}.elementor-widget-text-editor .elementor-drop-cap{float:left;text-align:center;line-height:1;font-size:50px}.elementor-widget-text-editor .elementor-drop-cap-letter{display:inline-block}<\/style>\t\t\t\t<p>Taip, taip, taip \u2013\u00a0 \u201eForum Cinemas<strong>\u201c 23-asis<\/strong> gimtadienis!<\/p><p>Tad \u0161v\u0119skime YOMAYO GIMTADIEN\u012e kartu su iSCAPE, iLUXE ir IMAX <strong><u>maksimaliai<\/u><\/strong> \u2013 tik sausio 27 visi kino bilietai \u012f visus kino filmus vis\u0105 dien\u0105 ir nak\u010dia visuose kino centruose \u201eForum Cinemas\u201c Vilniuje, Kaune, Klaip\u0117doje ir \u0160iauliuose kainuos tik nuo 4 eur\u0173!<\/p><p>Laukiame J\u016bs\u0173 mes, ir laukia J\u016bs\u0173 did\u017eiausi Lietuvoje kino ekranai iSCAPE ir IMAX bei patogiausios sal\u0117s iLUXE \u2013 maksimaliems kino \u012fsp\u016bd\u017eiams ir su visais kino filmais i\u0161 m\u016bs\u0173 repertuaro \u2013 MILIJONIERIAUS JUBILIEJUM, \u012eSIK\u016aNIJIMU, GRENLANDIJA , TARNAITE, DID\u017dIUOJU MAR\u010cIU, ir visais kitais g\u0117riais!<\/p><p>Tik paskub\u0117k, nes geriausi bilietai \u012f populiariausius filmus baigiasi grei\u010diausiai. Tad pirk internetu forumcinemas.lt arba APPsu.<\/p><p>Ir jau dvide\u0161imt tris metus kasdien, taip ir \u0161iandien, kaip m\u016bs\u0173 \u017ei\u016brovams, taip ir mums \u2013 laukiamiausias momentas yra tas, kai u\u017eg\u0119sta \u0161viesos kino sal\u0117je ir prasideda &#8230; KINO MAGIJA.<\/p><p>Tad Magi\u0161k\u0173 \u012fsp\u016bd\u017ei\u0173 Jums kasdien &#8211; visuose \u201eForum Cinemas\u201c Lietuvoje!<\/p><p>Repertuare rinkis sausio 27 dien\u0105 ir griebk bilietus dabar!<\/p>\t\t\t\t\t\t<\/div>\n\t\t\t\t<\/div>\n\t\t\t\t<\/div>\n\t\t<div class=\"elementor-element elementor-element-456590fa e-con-full e-flex e-con e-child\" data-id=\"456590fa\" data-element_type=\"container\">\n\t\t\t\t<div class=\"elementor-element elementor-element-12b17057 elementor-widget elementor-widget-image\" data-id=\"12b17057\" data-element_type=\"widget\" data-widget_type=\"image.default\">\n\t\t\t\t<div class=\"elementor-widget-container\">\n\t\t\t\t\t\t\t\t\t\t\t\t\t\t<a href=\"https:\/\/forumcinemas.lt\/app\/uploads\/2026\/01\/YOMAYO_0127_1280x1024.jpg\" data-elementor-open-lightbox=\"yes\" data-elementor-lightbox-title=\"YOMAYO_0127_1280x1024\" data-e-action-hash=\"#elementor-action%3Aaction%3Dlightbox%26settings%3DeyJpZCI6NjE2MywidXJsIjoiaHR0cHM6XC9cL2ZvcnVtY2luZW1hcy5sdFwvYXBwXC91cGxvYWRzXC8yMDI2XC8wMVwvWU9NQVlPXzAxMjdfMTI4MHgxMDI0LmpwZyJ9\">\n\t\t\t\t\t\t\t<img fetchpriority=\"high\" decoding=\"async\" width=\"1024\" height=\"819\" src=\"https:\/\/forumcinemas.lt\/app\/uploads\/2026\/01\/YOMAYO_0127_1280x1024-1024x819.jpg\" class=\"attachment-large size-large wp-image-6163\" alt=\"\" srcset=\"https:\/\/forumcinemas.lt\/app\/uploads\/2026\/01\/YOMAYO_0127_1280x1024-1024x819.jpg 1024w, https:\/\/forumcinemas.lt\/app\/uploads\/2026\/01\/YOMAYO_0127_1280x1024-300x240.jpg 300w, https:\/\/forumcinemas.lt\/app\/uploads\/2026\/01\/YOMAYO_0127_1280x1024-768x614.jpg 768w, https:\/\/forumcinemas.lt\/app\/uploads\/2026\/01\/YOMAYO_0127_1280x1024-460x368.jpg 460w, https:\/\/forumcinemas.lt\/app\/uploads\/2026\/01\/YOMAYO_0127_1280x1024-800x640.jpg 800w, https:\/\/forumcinemas.lt\/app\/uploads\/2026\/01\/YOMAYO_0127_1280x1024.jpg 1280w\" sizes=\"(max-width: 1024px) 100vw, 1024px\" \/>\t\t\t\t\t\t\t\t<\/a>\n\t\t\t\t\t\t\t\t\t\t\t\t\t<\/div>\n\t\t\t\t<\/div>\n\t\t\t\t<\/div>\n\t\t\t\t\t<\/div>\n\t\t\t\t<\/div>\n\t\t<div class=\"elementor-element elementor-element-cd249bf e-flex e-con-boxed e-con e-parent\" data-id=\"cd249bf\" data-element_type=\"container\">\n\t\t\t\t\t<div class=\"e-con-inner\">\n\t\t\t\t<div class=\"elementor-element elementor-element-d455d4c elementor-widget elementor-widget-daily-program\" data-id=\"d455d4c\" data-element_type=\"widget\" data-widget_type=\"daily-program.default\">\n\t\t\t\t<div class=\"elementor-widget-container\">\n\t\t\t<pc-size-detector><\/pc-size-detector><daily-program class=\"loading-component\" categories=\"\" shuffle=\"prepend\" options='{\"showFilters\": true, \"showScreenFeature\": true, \"showAgeRating\": true, \"ageRatingDisplayTypes\": [\"value\"], \"showDescription\": true, \"showCast\": true, \"showDuration\": true, \"multipleDays\": false, \"multipleDaysQuantity\": 0, \"showMultipleDaysDateRange\": false, \"showTags\": false, \"tagsToShow\": [], \"filterOptions\": {\"showDatePanel\": true,\"showDateNavigation\": true,\"showMoreFilters\": true,\"showQuickFilters\": true,\"showLanguages\": true,\"showCinemas\": true,\"showGenres\": true,\"defaultCinemas\": [],\"defaultGenres\": [],\"availableQuickFilters\": [],\"defaultQuickFilters\": [],\"quickFiltersMode\": \"sum\",\"dynamicQuickFilters\": false,\"defaultTagGroups\": [],\"defaultTags\": [],\"availableTagGroups\": [],\"content\": \"all\",\"isTimeRange\": false,\"timeFrom\": \"\",\"timeTo\": \"\"},\"layout\":{\"mobile\":\"col2\",\"tablet\":\"col2\",\"desktop\":\"col2\"},\"groupingOrder\": [],\"screeningsGroupingLayout\": \"extended\", \"cardOptions\": {\"direction\": \"row\", \"imageToDisplay\": \"first\"}}'><\/daily-program>\t\t<\/div>\n\t\t\t\t<\/div>\n\t\t\t\t\t<\/div>\n\t\t\t\t<\/div>\n\t\t<div class=\"elementor-element elementor-element-84067e6 e-flex e-con-boxed e-con e-parent\" data-id=\"84067e6\" data-element_type=\"container\">\n\t\t\t\t\t<div class=\"e-con-inner\">\n\t\t\t\t<div class=\"elementor-element elementor-element-d3c981c elementor-widget elementor-widget-video\" data-id=\"d3c981c\" data-element_type=\"widget\" data-settings=\"{&quot;youtube_url&quot;:&quot;https:\\\/\\\/youtu.be\\\/fw6XUEJwrEA&quot;,&quot;autoplay&quot;:&quot;yes&quot;,&quot;mute&quot;:&quot;yes&quot;,&quot;loop&quot;:&quot;yes&quot;,&quot;video_type&quot;:&quot;youtube&quot;,&quot;controls&quot;:&quot;yes&quot;}\" data-widget_type=\"video.default\">\n\t\t\t\t<div class=\"elementor-widget-container\">\n\t\t\t<style>\/*! elementor - v3.23.0 - 15-07-2024 *\/\n.elementor-widget-video .elementor-widget-container{overflow:hidden;transform:translateZ(0)}.elementor-widget-video .elementor-wrapper{aspect-ratio:var(--video-aspect-ratio)}.elementor-widget-video .elementor-wrapper iframe,.elementor-widget-video .elementor-wrapper video{height:100%;width:100%;display:flex;border:none;background-color:#000}@supports not (aspect-ratio:1\/1){.elementor-widget-video .elementor-wrapper{position:relative;overflow:hidden;height:0;padding-bottom:calc(100% \/ var(--video-aspect-ratio))}.elementor-widget-video .elementor-wrapper iframe,.elementor-widget-video .elementor-wrapper video{position:absolute;top:0;right:0;bottom:0;left:0}}.elementor-widget-video .elementor-open-inline .elementor-custom-embed-image-overlay{position:absolute;top:0;right:0;bottom:0;left:0;background-size:cover;background-position:50%}.elementor-widget-video .elementor-custom-embed-image-overlay{cursor:pointer;text-align:center}.elementor-widget-video .elementor-custom-embed-image-overlay:hover .elementor-custom-embed-play i{opacity:1}.elementor-widget-video .elementor-custom-embed-image-overlay img{display:block;width:100%;aspect-ratio:var(--video-aspect-ratio);-o-object-fit:cover;object-fit:cover;-o-object-position:center center;object-position:center center}@supports not (aspect-ratio:1\/1){.elementor-widget-video .elementor-custom-embed-image-overlay{position:relative;overflow:hidden;height:0;padding-bottom:calc(100% \/ var(--video-aspect-ratio))}.elementor-widget-video .elementor-custom-embed-image-overlay img{position:absolute;top:0;right:0;bottom:0;left:0}}.elementor-widget-video .e-hosted-video .elementor-video{-o-object-fit:cover;object-fit:cover}.e-con-inner>.elementor-widget-video,.e-con>.elementor-widget-video{width:var(--container-widget-width);--flex-grow:var(--container-widget-flex-grow)}<\/style>\t\t<div class=\"elementor-wrapper elementor-open-inline\">\n\t\t\t<div class=\"elementor-video\"><\/div>\t\t<\/div>\n\t\t\t\t<\/div>\n\t\t\t\t<\/div>\n\t\t\t\t\t<\/div>\n\t\t\t\t<\/div>\n\t\t\t\t<\/div>\n\t\t","protected":false},"excerpt":{"rendered":"<p>YOMAYO GIMTADIENIS TIK SAUSIO 27 DIEN\u0104 Taip, taip, taip \u2013\u00a0 \u201eForum Cinemas\u201c 23-asis gimtadienis! Tad \u0161v\u0119skime YOMAYO GIMTADIEN\u012e kartu su iSCAPE, iLUXE ir IMAX maksimaliai \u2013 tik sausio 27 visi kino bilietai \u012f visus kino filmus vis\u0105 dien\u0105 ir nak\u010dia visuose kino centruose \u201eForum Cinemas\u201c Vilniuje, Kaune, Klaip\u0117doje ir \u0160iauliuose kainuos tik nuo 4 eur\u0173! [&hellip;]<\/p>\n","protected":false},"author":4,"featured_media":0,"parent":0,"menu_order":0,"comment_status":"closed","ping_status":"closed","template":"elementor_header_footer","meta":{"_acf_changed":false,"footnotes":""},"acf":[],"yoast_head":"<!-- This site is optimized with the Yoast SEO plugin v23.0 - https:\/\/yoast.com\/wordpress\/plugins\/seo\/ -->\n<title>YOMAYO - Forum Cinemas kino teatras<\/title>\n<meta name=\"robots\" content=\"index, follow, max-snippet:-1, max-image-preview:large, max-video-preview:-1\" \/>\n<link rel=\"canonical\" href=\"https:\/\/forumcinemas.lt\/lt\/yomayo\/\" \/>\n<meta property=\"og:locale\" content=\"lt_LT\" \/>\n<meta property=\"og:type\" content=\"article\" \/>\n<meta property=\"og:title\" content=\"YOMAYO - Forum Cinemas kino teatras\" \/>\n<meta property=\"og:description\" content=\"YOMAYO GIMTADIENIS TIK SAUSIO 27 DIEN\u0104 Taip, taip, taip \u2013\u00a0 \u201eForum Cinemas\u201c 23-asis gimtadienis! Tad \u0161v\u0119skime YOMAYO GIMTADIEN\u012e kartu su iSCAPE, iLUXE ir IMAX maksimaliai \u2013 tik sausio 27 visi kino bilietai \u012f visus kino filmus vis\u0105 dien\u0105 ir nak\u010dia visuose kino centruose \u201eForum Cinemas\u201c Vilniuje, Kaune, Klaip\u0117doje ir \u0160iauliuose kainuos tik nuo 4 eur\u0173! [&hellip;]\" \/>\n<meta property=\"og:url\" content=\"https:\/\/forumcinemas.lt\/lt\/yomayo\/\" \/>\n<meta property=\"og:site_name\" content=\"Forum Cinemas kino teatras\" \/>\n<meta property=\"article:modified_time\" content=\"2026-01-20T09:39:10+00:00\" \/>\n<meta property=\"og:image\" content=\"https:\/\/forumcinemas.lt\/app\/uploads\/2026\/01\/YOMAYO_0127_1280x1024-1024x819.jpg\" \/>\n<meta name=\"twitter:card\" content=\"summary_large_image\" \/>\n<meta name=\"twitter:label1\" content=\"Est. reading time\" \/>\n\t<meta name=\"twitter:data1\" content=\"71 minutes\" \/>\n<script type=\"application\/ld+json\" class=\"yoast-schema-graph\">{\"@context\":\"https:\/\/schema.org\",\"@graph\":[{\"@type\":\"WebPage\",\"@id\":\"https:\/\/forumcinemas.lt\/lt\/yomayo\/\",\"url\":\"https:\/\/forumcinemas.lt\/lt\/yomayo\/\",\"name\":\"YOMAYO - Forum Cinemas kino teatras\",\"isPartOf\":{\"@id\":\"https:\/\/forumcinemas.lt\/lt\/#website\"},\"primaryImageOfPage\":{\"@id\":\"https:\/\/forumcinemas.lt\/lt\/yomayo\/#primaryimage\"},\"image\":{\"@id\":\"https:\/\/forumcinemas.lt\/lt\/yomayo\/#primaryimage\"},\"thumbnailUrl\":\"https:\/\/forumcinemas.lt\/app\/uploads\/2026\/01\/YOMAYO_0127_1280x1024-1024x819.jpg\",\"datePublished\":\"2025-11-19T12:53:15+00:00\",\"dateModified\":\"2026-01-20T09:39:10+00:00\",\"breadcrumb\":{\"@id\":\"https:\/\/forumcinemas.lt\/lt\/yomayo\/#breadcrumb\"},\"inLanguage\":\"lt-LT\",\"potentialAction\":[{\"@type\":\"ReadAction\",\"target\":[\"https:\/\/forumcinemas.lt\/lt\/yomayo\/\"]}]},{\"@type\":\"ImageObject\",\"inLanguage\":\"lt-LT\",\"@id\":\"https:\/\/forumcinemas.lt\/lt\/yomayo\/#primaryimage\",\"url\":\"https:\/\/forumcinemas.lt\/app\/uploads\/2026\/01\/YOMAYO_0127_1280x1024-1024x819.jpg\",\"contentUrl\":\"https:\/\/forumcinemas.lt\/app\/uploads\/2026\/01\/YOMAYO_0127_1280x1024-1024x819.jpg\"},{\"@type\":\"BreadcrumbList\",\"@id\":\"https:\/\/forumcinemas.lt\/lt\/yomayo\/#breadcrumb\",\"itemListElement\":[{\"@type\":\"ListItem\",\"position\":1,\"name\":\"Home\",\"item\":\"https:\/\/forumcinemas.lt\/lt\/\"},{\"@type\":\"ListItem\",\"position\":2,\"name\":\"YOMAYO\"}]},{\"@type\":\"WebSite\",\"@id\":\"https:\/\/forumcinemas.lt\/lt\/#website\",\"url\":\"https:\/\/forumcinemas.lt\/lt\/\",\"name\":\"Forum Cinemas kino teatras\",\"description\":\"\",\"potentialAction\":[{\"@type\":\"SearchAction\",\"target\":{\"@type\":\"EntryPoint\",\"urlTemplate\":\"https:\/\/forumcinemas.lt\/lt\/?s={search_term_string}\"},\"query-input\":\"required name=search_term_string\"}],\"inLanguage\":\"lt-LT\"}]}<\/script>\n<!-- \/ Yoast SEO plugin. -->","yoast_head_json":{"title":"YOMAYO - Forum Cinemas kino teatras","robots":{"index":"index","follow":"follow","max-snippet":"max-snippet:-1","max-image-preview":"max-image-preview:large","max-video-preview":"max-video-preview:-1"},"canonical":"https:\/\/forumcinemas.lt\/lt\/yomayo\/","og_locale":"lt_LT","og_type":"article","og_title":"YOMAYO - Forum Cinemas kino teatras","og_description":"YOMAYO GIMTADIENIS TIK SAUSIO 27 DIEN\u0104 Taip, taip, taip \u2013\u00a0 \u201eForum Cinemas\u201c 23-asis gimtadienis! Tad \u0161v\u0119skime YOMAYO GIMTADIEN\u012e kartu su iSCAPE, iLUXE ir IMAX maksimaliai \u2013 tik sausio 27 visi kino bilietai \u012f visus kino filmus vis\u0105 dien\u0105 ir nak\u010dia visuose kino centruose \u201eForum Cinemas\u201c Vilniuje, Kaune, Klaip\u0117doje ir \u0160iauliuose kainuos tik nuo 4 eur\u0173! [&hellip;]","og_url":"https:\/\/forumcinemas.lt\/lt\/yomayo\/","og_site_name":"Forum Cinemas kino teatras","article_modified_time":"2026-01-20T09:39:10+00:00","og_image":[{"url":"https:\/\/forumcinemas.lt\/app\/uploads\/2026\/01\/YOMAYO_0127_1280x1024-1024x819.jpg"}],"twitter_card":"summary_large_image","twitter_misc":{"Est. reading time":"71 minutes"},"schema":{"@context":"https:\/\/schema.org","@graph":[{"@type":"WebPage","@id":"https:\/\/forumcinemas.lt\/lt\/yomayo\/","url":"https:\/\/forumcinemas.lt\/lt\/yomayo\/","name":"YOMAYO - Forum Cinemas kino teatras","isPartOf":{"@id":"https:\/\/forumcinemas.lt\/lt\/#website"},"primaryImageOfPage":{"@id":"https:\/\/forumcinemas.lt\/lt\/yomayo\/#primaryimage"},"image":{"@id":"https:\/\/forumcinemas.lt\/lt\/yomayo\/#primaryimage"},"thumbnailUrl":"https:\/\/forumcinemas.lt\/app\/uploads\/2026\/01\/YOMAYO_0127_1280x1024-1024x819.jpg","datePublished":"2025-11-19T12:53:15+00:00","dateModified":"2026-01-20T09:39:10+00:00","breadcrumb":{"@id":"https:\/\/forumcinemas.lt\/lt\/yomayo\/#breadcrumb"},"inLanguage":"lt-LT","potentialAction":[{"@type":"ReadAction","target":["https:\/\/forumcinemas.lt\/lt\/yomayo\/"]}]},{"@type":"ImageObject","inLanguage":"lt-LT","@id":"https:\/\/forumcinemas.lt\/lt\/yomayo\/#primaryimage","url":"https:\/\/forumcinemas.lt\/app\/uploads\/2026\/01\/YOMAYO_0127_1280x1024-1024x819.jpg","contentUrl":"https:\/\/forumcinemas.lt\/app\/uploads\/2026\/01\/YOMAYO_0127_1280x1024-1024x819.jpg"},{"@type":"BreadcrumbList","@id":"https:\/\/forumcinemas.lt\/lt\/yomayo\/#breadcrumb","itemListElement":[{"@type":"ListItem","position":1,"name":"Home","item":"https:\/\/forumcinemas.lt\/lt\/"},{"@type":"ListItem","position":2,"name":"YOMAYO"}]},{"@type":"WebSite","@id":"https:\/\/forumcinemas.lt\/lt\/#website","url":"https:\/\/forumcinemas.lt\/lt\/","name":"Forum Cinemas kino teatras","description":"","potentialAction":[{"@type":"SearchAction","target":{"@type":"EntryPoint","urlTemplate":"https:\/\/forumcinemas.lt\/lt\/?s={search_term_string}"},"query-input":"required name=search_term_string"}],"inLanguage":"lt-LT"}]}},"_links":{"self":[{"href":"https:\/\/forumcinemas.lt\/lt\/wp-json\/wp\/v2\/pages\/4804"}],"collection":[{"href":"https:\/\/forumcinemas.lt\/lt\/wp-json\/wp\/v2\/pages"}],"about":[{"href":"https:\/\/forumcinemas.lt\/lt\/wp-json\/wp\/v2\/types\/page"}],"author":[{"embeddable":true,"href":"https:\/\/forumcinemas.lt\/lt\/wp-json\/wp\/v2\/users\/4"}],"replies":[{"embeddable":true,"href":"https:\/\/forumcinemas.lt\/lt\/wp-json\/wp\/v2\/comments?post=4804"}],"version-history":[{"count":32,"href":"https:\/\/forumcinemas.lt\/lt\/wp-json\/wp\/v2\/pages\/4804\/revisions"}],"predecessor-version":[{"id":6176,"href":"https:\/\/forumcinemas.lt\/lt\/wp-json\/wp\/v2\/pages\/4804\/revisions\/6176"}],"wp:attachment":[{"href":"https:\/\/forumcinemas.lt\/lt\/wp-json\/wp\/v2\/media?parent=4804"}],"curies":[{"name":"wp","href":"https:\/\/api.w.org\/{rel}","templated":true}]}}