{"id":4268,"date":"2025-10-21T12:05:05","date_gmt":"2025-10-21T12:05:05","guid":{"rendered":"https:\/\/forumcinemas.lt\/?page_id=4268"},"modified":"2025-10-21T12:33:30","modified_gmt":"2025-10-21T12:33:30","slug":"reklama-kine","status":"publish","type":"page","link":"https:\/\/forumcinemas.lt\/lt\/reklama-kine\/","title":{"rendered":"Reklama kine"},"content":{"rendered":"\t\t<div data-elementor-type=\"wp-page\" data-elementor-id=\"4268\" class=\"elementor elementor-4268\" data-elementor-post-type=\"page\">\n\t\t\t\t<div class=\"elementor-element elementor-element-124bf1b8 e-flex e-con-boxed e-con e-parent\" data-id=\"124bf1b8\" data-element_type=\"container\">\n\t\t\t\t\t<div class=\"e-con-inner\">\n\t\t<div class=\"elementor-element elementor-element-6393020e e-con-full e-flex e-con e-child\" data-id=\"6393020e\" data-element_type=\"container\">\n\t\t\t\t<div class=\"elementor-element elementor-element-495f04d5 elementor-widget elementor-widget-image\" data-id=\"495f04d5\" data-element_type=\"widget\" data-widget_type=\"image.default\">\n\t\t\t\t<div class=\"elementor-widget-container\">\n\t\t\t<style>\/*! elementor - v3.23.0 - 15-07-2024 *\/\n.elementor-widget-image{text-align:center}.elementor-widget-image a{display:inline-block}.elementor-widget-image a img[src$=\".svg\"]{width:48px}.elementor-widget-image img{vertical-align:middle;display:inline-block}<\/style>\t\t\t\t\t\t\t<figure class=\"wp-caption\">\n\t\t\t\t\t\t\t\t\t\t<img fetchpriority=\"high\" decoding=\"async\" width=\"750\" height=\"520\" src=\"https:\/\/forumcinemas.lt\/app\/uploads\/2025\/10\/reklama-kino-teatre.png\" class=\"attachment-large size-large wp-image-4271\" alt=\"\" srcset=\"https:\/\/forumcinemas.lt\/app\/uploads\/2025\/10\/reklama-kino-teatre.png 750w, https:\/\/forumcinemas.lt\/app\/uploads\/2025\/10\/reklama-kino-teatre-300x208.png 300w, https:\/\/forumcinemas.lt\/app\/uploads\/2025\/10\/reklama-kino-teatre-460x319.png 460w\" sizes=\"(max-width: 750px) 100vw, 750px\" \/>\t\t\t\t\t\t\t\t\t\t\t<figcaption class=\"widget-image-caption wp-caption-text\">REKLAMA KINO TEATRE<\/figcaption>\n\t\t\t\t\t\t\t\t\t\t<\/figure>\n\t\t\t\t\t\t\t<\/div>\n\t\t\t\t<\/div>\n\t\t\t\t<\/div>\n\t\t<div class=\"elementor-element elementor-element-3b4674a0 e-con-full e-flex e-con e-child\" data-id=\"3b4674a0\" data-element_type=\"container\">\n\t\t\t\t<div class=\"elementor-element elementor-element-6a37c44c elementor-widget elementor-widget-heading\" data-id=\"6a37c44c\" data-element_type=\"widget\" data-widget_type=\"heading.default\">\n\t\t\t\t<div class=\"elementor-widget-container\">\n\t\t\t<style>\/*! elementor - v3.23.0 - 15-07-2024 *\/\n.elementor-heading-title{padding:0;margin:0;line-height:1}.elementor-widget-heading .elementor-heading-title[class*=elementor-size-]>a{color:inherit;font-size:inherit;line-height:inherit}.elementor-widget-heading .elementor-heading-title.elementor-size-small{font-size:15px}.elementor-widget-heading .elementor-heading-title.elementor-size-medium{font-size:19px}.elementor-widget-heading .elementor-heading-title.elementor-size-large{font-size:29px}.elementor-widget-heading .elementor-heading-title.elementor-size-xl{font-size:39px}.elementor-widget-heading .elementor-heading-title.elementor-size-xxl{font-size:59px}<\/style><h6 class=\"elementor-heading-title elementor-size-default\">Reklama kine - tai vienas efektyviausi\u0173 b\u016bd\u0173 pasiekti savo tikslin\u012f klient\u0105! <\/h6>\t\t<\/div>\n\t\t\t\t<\/div>\n\t\t\t\t<div class=\"elementor-element elementor-element-7f356900 elementor-widget elementor-widget-heading\" data-id=\"7f356900\" data-element_type=\"widget\" data-widget_type=\"heading.default\">\n\t\t\t\t<div class=\"elementor-widget-container\">\n\t\t\t<h6 class=\"elementor-heading-title elementor-size-default\">\u0160iandien \u012f kino teatr\u0105 u\u017esukantis \u017emogus \u2013 tai ne tik smalsus naujausi\u0173 kino film\u0173 \u017ei\u016brovas. J\u012f traukia \u012fvairiausios si\u016blomos pramogos, galimyb\u0117 tiesiog gerai praleisti laik\u0105, atsip\u016bsti, patirti nauj\u0173 emocij\u0173, pabendrauti. \u201eForum Cinemas\u201c kino centrai \u2013 tai modern\u016bs kult\u016bros ir pramog\u0173 kompleksai, sutraukiantys skirting\u0173 pa\u017ei\u016br\u0173, am\u017eiaus ir pom\u0117gi\u0173 \u017emones.\n<br><br>\nSiekiame patenkinti \u012fvairiausio skonio \u017ei\u016brov\u0173 poreikius, tod\u0117l, aktyviai bendradarbiaudami su kino film\u0173 platintojais, pristatome kuo \u012fvairesn\u012f, naujesn\u012f, aktualesn\u012f kin\u0105.\n<br><br>\n\u201eForum Cinemas\u201c kino centrus per metus aplanko daugiau nei 3 000 000 kino \u017ei\u016brov\u0173. Galime dr\u0105siai teigti, kad tai aktyviausioji m\u016bs\u0173 visuomen\u0117s dalis, kuri domisi kult\u016bros ir ypa\u010d kino pasaulio naujienomis ir \u017eino, kas yra geras filmas, rodomas tinkamoje vietoje ir tinkamu laiku. Tai reikl\u016bs \u017ei\u016brovai, kuriems svarbu gera aplinka, komfortas, paslaug\u0173 kokyb\u0117, kad kino sal\u0117je praleistas laikas tapt\u0173 malonia pramoga ir nor\u0117t\u0173si \u010dia sugr\u012f\u017eti dar kart\u0105.<\/h6>\t\t<\/div>\n\t\t\t\t<\/div>\n\t\t\t\t<\/div>\n\t\t\t\t\t<\/div>\n\t\t\t\t<\/div>\n\t\t<div class=\"elementor-element elementor-element-6825c2de e-flex e-con-boxed e-con e-parent\" data-id=\"6825c2de\" data-element_type=\"container\">\n\t\t\t\t\t<div class=\"e-con-inner\">\n\t\t<div class=\"elementor-element elementor-element-7c5703b e-con-full e-flex e-con e-child\" data-id=\"7c5703b\" data-element_type=\"container\">\n\t\t\t\t<div class=\"elementor-element elementor-element-2cda5a24 elementor-widget elementor-widget-text-editor\" data-id=\"2cda5a24\" data-element_type=\"widget\" data-widget_type=\"text-editor.default\">\n\t\t\t\t<div class=\"elementor-widget-container\">\n\t\t\t<style>\/*! elementor - v3.23.0 - 15-07-2024 *\/\n.elementor-widget-text-editor.elementor-drop-cap-view-stacked .elementor-drop-cap{background-color:#69727d;color:#fff}.elementor-widget-text-editor.elementor-drop-cap-view-framed .elementor-drop-cap{color:#69727d;border:3px solid;background-color:transparent}.elementor-widget-text-editor:not(.elementor-drop-cap-view-default) .elementor-drop-cap{margin-top:8px}.elementor-widget-text-editor:not(.elementor-drop-cap-view-default) .elementor-drop-cap-letter{width:1em;height:1em}.elementor-widget-text-editor .elementor-drop-cap{float:left;text-align:center;line-height:1;font-size:50px}.elementor-widget-text-editor .elementor-drop-cap-letter{display:inline-block}<\/style>\t\t\t\t<p>Kino film\u0173 centruose savo auditorij\u0105 suras ir reklamos u\u017esakovai. Nes kinas traukia \u0161eimas ir vieni\u0161ius, paauglius ir garbaus am\u017eiaus \u017emones, \u010dia susirenka draugai po darbo arba studij\u0173, po mokyklos arba vietoj pamok\u0173. Kino repertuarai pateikiami\u00a0 moderniose \u0161vieslent\u0117se. Abejojantiems, k\u0105 pasirinkti, apsispr\u0119sti pad\u0117s skrajut\u0117s su film\u0173 apra\u0161ymais, anonsai, monitoriuose pateikiama informacija. \u017di\u016brov\u0105 ugdo ir gaus\u016bs film\u0173 anonsai, rodomi prie\u0161 kiekvien\u0105 kino filmo seans\u0105. Kino sal\u0117se su tokia \u012fvairialype auditorija \u2013 novatori\u0161ka, smalsia, pasiturin\u010dia ir visuomeni\u0161ka \u2013 neliks nepasteb\u0117ta ir reklama, kuriai puikias galimybes atveria tinkama aplinka ir turima moderni technologin\u0117 \u012franga.<\/p><p>Ar \u017einote dar bent vien\u0105\u00a0toki\u0105 viet\u0105, kur J\u016bs\u0173 vaizdo reklama b\u016bt\u0173 rodoma 180 kv. m plote,\u00a0kokybi\u0161ku garsu?<\/p><p>Ar \u017einote dar bent vien\u0105 kitos r\u016b\u0161ies reklam\u0105, kurios kaina b\u016bt\u0173 skai\u010diuojama pagal reklam\u0105 ma\u010diusi\u0173 \u017emoni\u0173 skai\u010di\u0173?<\/p><p>\u201eForum Cinemas\u201c kino centruose\u00a0Vilniuje, Kaune, Klaip\u0117doje ir\u00a0\u0160iauliuose\u00a0yra puikios galimyb\u0117s parodyti J\u016bs\u0173 reklam\u0105 visose kino sal\u0117se prie\u0161 bet kok\u012f film\u0105.<\/p><p>Tai puiki galimyb\u0117 t\u0105 pa\u010di\u0105 reklam\u0105, kuri\u0105 transliuojate ir per televizij\u0105, parodyti did\u017eiuosiuose kino ekranuose. Neabejotini privalumai yra tai, kad J\u016bs gal\u0117site derinti kino reklam\u0105 su bendra pasirinkto produkto reklamine kampanija,\u00a0bus \u017einomas tikrasis J\u016bs\u0173 reklam\u0105 ma\u010diusi\u0173 \u017emoni\u0173 skai\u010dius, o \u012fsp\u016bdis \u017ei\u016brovui (palyginti su televizija) bus tikrai kelis kartus didesnis.<br \/><br \/><\/p><p><strong>UAB \u201eCinemaAds\u201c<\/strong><\/p><p>Asta Kauneckait\u0117<\/p><p>Pardavim\u0173 vadov\u0117<\/p><p>+370 640 36 669<\/p><p>asta.kauneckaite@cinemaads.lt<\/p>\t\t\t\t\t\t<\/div>\n\t\t\t\t<\/div>\n\t\t\t\t<div class=\"elementor-element elementor-element-d9cfd6c elementor-align-justify elementor-widget__width-initial elementor-widget elementor-widget-button\" data-id=\"d9cfd6c\" data-element_type=\"widget\" data-widget_type=\"button.default\">\n\t\t\t\t<div class=\"elementor-widget-container\">\n\t\t\t\t\t<div class=\"elementor-button-wrapper\">\n\t\t\t<a class=\"elementor-button elementor-button-link elementor-size-sm\" href=\"https:\/\/www.cinemaads.lt\/\">\n\t\t\t\t\t\t<span class=\"elementor-button-content-wrapper\">\n\t\t\t\t\t\t\t\t\t<span class=\"elementor-button-text\">CINEMAADS.LT<\/span>\n\t\t\t\t\t<\/span>\n\t\t\t\t\t<\/a>\n\t\t<\/div>\n\t\t\t\t<\/div>\n\t\t\t\t<\/div>\n\t\t\t\t<\/div>\n\t\t<div class=\"elementor-element elementor-element-74413444 e-con-full e-flex e-con e-child\" data-id=\"74413444\" data-element_type=\"container\">\n\t\t\t\t<div class=\"elementor-element elementor-element-3fc82f45 elementor-widget elementor-widget-image\" data-id=\"3fc82f45\" data-element_type=\"widget\" data-widget_type=\"image.default\">\n\t\t\t\t<div class=\"elementor-widget-container\">\n\t\t\t\t\t\t\t\t\t\t\t\t\t<img decoding=\"async\" width=\"1352\" height=\"760\" src=\"https:\/\/forumcinemas.lt\/app\/uploads\/2025\/10\/1.png\" class=\"attachment-full size-full wp-image-4273\" alt=\"\" srcset=\"https:\/\/forumcinemas.lt\/app\/uploads\/2025\/10\/1.png 1352w, https:\/\/forumcinemas.lt\/app\/uploads\/2025\/10\/1-300x169.png 300w, https:\/\/forumcinemas.lt\/app\/uploads\/2025\/10\/1-1024x576.png 1024w, https:\/\/forumcinemas.lt\/app\/uploads\/2025\/10\/1-768x432.png 768w, https:\/\/forumcinemas.lt\/app\/uploads\/2025\/10\/1-460x259.png 460w, https:\/\/forumcinemas.lt\/app\/uploads\/2025\/10\/1-1139x640.png 1139w\" sizes=\"(max-width: 1352px) 100vw, 1352px\" \/>\t\t\t\t\t\t\t\t\t\t\t\t\t<\/div>\n\t\t\t\t<\/div>\n\t\t\t\t<div class=\"elementor-element elementor-element-3be450b gallery-spacing-custom elementor-widget elementor-widget-image-gallery\" data-id=\"3be450b\" data-element_type=\"widget\" data-widget_type=\"image-gallery.default\">\n\t\t\t\t<div class=\"elementor-widget-container\">\n\t\t\t<style>\/*! elementor - v3.23.0 - 15-07-2024 *\/\n.elementor-image-gallery .gallery-item{display:inline-block;text-align:center;vertical-align:top;width:100%;max-width:100%;margin:0 auto}.elementor-image-gallery .gallery-item img{margin:0 auto}.elementor-image-gallery .gallery-item .gallery-caption{margin:0}.elementor-image-gallery figure img{display:block}.elementor-image-gallery figure figcaption{width:100%}.gallery-spacing-custom .elementor-image-gallery .gallery-icon{padding:0}@media (min-width:768px){.elementor-image-gallery .gallery-columns-2 .gallery-item{max-width:50%}.elementor-image-gallery .gallery-columns-3 .gallery-item{max-width:33.33%}.elementor-image-gallery .gallery-columns-4 .gallery-item{max-width:25%}.elementor-image-gallery .gallery-columns-5 .gallery-item{max-width:20%}.elementor-image-gallery .gallery-columns-6 .gallery-item{max-width:16.666%}.elementor-image-gallery .gallery-columns-7 .gallery-item{max-width:14.28%}.elementor-image-gallery .gallery-columns-8 .gallery-item{max-width:12.5%}.elementor-image-gallery .gallery-columns-9 .gallery-item{max-width:11.11%}.elementor-image-gallery .gallery-columns-10 .gallery-item{max-width:10%}}@media (min-width:480px) and (max-width:767px){.elementor-image-gallery .gallery.gallery-columns-2 .gallery-item,.elementor-image-gallery .gallery.gallery-columns-3 .gallery-item,.elementor-image-gallery .gallery.gallery-columns-4 .gallery-item,.elementor-image-gallery .gallery.gallery-columns-5 .gallery-item,.elementor-image-gallery .gallery.gallery-columns-6 .gallery-item,.elementor-image-gallery .gallery.gallery-columns-7 .gallery-item,.elementor-image-gallery .gallery.gallery-columns-8 .gallery-item,.elementor-image-gallery .gallery.gallery-columns-9 .gallery-item,.elementor-image-gallery .gallery.gallery-columns-10 .gallery-item{max-width:50%}}@media (max-width:479px){.elementor-image-gallery .gallery.gallery-columns-2 .gallery-item,.elementor-image-gallery .gallery.gallery-columns-3 .gallery-item,.elementor-image-gallery .gallery.gallery-columns-4 .gallery-item,.elementor-image-gallery .gallery.gallery-columns-5 .gallery-item,.elementor-image-gallery .gallery.gallery-columns-6 .gallery-item,.elementor-image-gallery .gallery.gallery-columns-7 .gallery-item,.elementor-image-gallery .gallery.gallery-columns-8 .gallery-item,.elementor-image-gallery .gallery.gallery-columns-9 .gallery-item,.elementor-image-gallery .gallery.gallery-columns-10 .gallery-item{max-width:100%}}<\/style>\t\t<div class=\"elementor-image-gallery\">\n\t\t\t\n\t\t<style type=\"text\/css\">\n\t\t\t#gallery-1 {\n\t\t\t\tmargin: auto;\n\t\t\t}\n\t\t\t#gallery-1 .gallery-item {\n\t\t\t\tfloat: left;\n\t\t\t\tmargin-top: 10px;\n\t\t\t\ttext-align: center;\n\t\t\t\twidth: 33%;\n\t\t\t}\n\t\t\t#gallery-1 img {\n\t\t\t\tborder: 2px solid #cfcfcf;\n\t\t\t}\n\t\t\t#gallery-1 .gallery-caption {\n\t\t\t\tmargin-left: 0;\n\t\t\t}\n\t\t\t\/* see gallery_shortcode() in wp-includes\/media.php *\/\n\t\t<\/style>\n\t\t<div id='gallery-1' class='gallery galleryid-4268 gallery-columns-3 gallery-size-full'><dl class='gallery-item'>\n\t\t\t<dt class='gallery-icon landscape'>\n\t\t\t\t<a data-elementor-open-lightbox=\"no\" href='https:\/\/forumcinemas.lt\/app\/uploads\/2025\/10\/2-1.png'><img decoding=\"async\" width=\"750\" height=\"520\" src=\"https:\/\/forumcinemas.lt\/app\/uploads\/2025\/10\/2-1.png\" class=\"attachment-full size-full\" alt=\"\" srcset=\"https:\/\/forumcinemas.lt\/app\/uploads\/2025\/10\/2-1.png 750w, https:\/\/forumcinemas.lt\/app\/uploads\/2025\/10\/2-1-300x208.png 300w, https:\/\/forumcinemas.lt\/app\/uploads\/2025\/10\/2-1-460x319.png 460w\" sizes=\"(max-width: 750px) 100vw, 750px\" \/><\/a>\n\t\t\t<\/dt><\/dl><dl class='gallery-item'>\n\t\t\t<dt class='gallery-icon landscape'>\n\t\t\t\t<a data-elementor-open-lightbox=\"no\" href='https:\/\/forumcinemas.lt\/app\/uploads\/2025\/10\/3-1.png'><img loading=\"lazy\" decoding=\"async\" width=\"750\" height=\"520\" src=\"https:\/\/forumcinemas.lt\/app\/uploads\/2025\/10\/3-1.png\" class=\"attachment-full size-full\" alt=\"\" srcset=\"https:\/\/forumcinemas.lt\/app\/uploads\/2025\/10\/3-1.png 750w, https:\/\/forumcinemas.lt\/app\/uploads\/2025\/10\/3-1-300x208.png 300w, https:\/\/forumcinemas.lt\/app\/uploads\/2025\/10\/3-1-460x319.png 460w\" sizes=\"(max-width: 750px) 100vw, 750px\" \/><\/a>\n\t\t\t<\/dt><\/dl><dl class='gallery-item'>\n\t\t\t<dt class='gallery-icon landscape'>\n\t\t\t\t<a data-elementor-open-lightbox=\"no\" href='https:\/\/forumcinemas.lt\/app\/uploads\/2025\/10\/4-1.png'><img loading=\"lazy\" decoding=\"async\" width=\"750\" height=\"520\" src=\"https:\/\/forumcinemas.lt\/app\/uploads\/2025\/10\/4-1.png\" class=\"attachment-full size-full\" alt=\"\" srcset=\"https:\/\/forumcinemas.lt\/app\/uploads\/2025\/10\/4-1.png 750w, https:\/\/forumcinemas.lt\/app\/uploads\/2025\/10\/4-1-300x208.png 300w, https:\/\/forumcinemas.lt\/app\/uploads\/2025\/10\/4-1-460x319.png 460w\" sizes=\"(max-width: 750px) 100vw, 750px\" \/><\/a>\n\t\t\t<\/dt><\/dl><br style=\"clear: both\" \/>\n\t\t<\/div>\n\t\t<\/div>\n\t\t\t\t<\/div>\n\t\t\t\t<\/div>\n\t\t\t\t<\/div>\n\t\t\t\t\t<\/div>\n\t\t\t\t<\/div>\n\t\t\t\t<\/div>\n\t\t","protected":false},"excerpt":{"rendered":"<p>REKLAMA KINO TEATRE Reklama kine &#8211; tai vienas efektyviausi\u0173 b\u016bd\u0173 pasiekti savo tikslin\u012f klient\u0105! \u0160iandien \u012f kino teatr\u0105 u\u017esukantis \u017emogus \u2013 tai ne tik smalsus naujausi\u0173 kino film\u0173 \u017ei\u016brovas. J\u012f traukia \u012fvairiausios si\u016blomos pramogos, galimyb\u0117 tiesiog gerai praleisti laik\u0105, atsip\u016bsti, patirti nauj\u0173 emocij\u0173, pabendrauti. \u201eForum Cinemas\u201c kino centrai \u2013 tai modern\u016bs kult\u016bros ir pramog\u0173 kompleksai, [&hellip;]<\/p>\n","protected":false},"author":2,"featured_media":0,"parent":0,"menu_order":0,"comment_status":"closed","ping_status":"closed","template":"","meta":{"_acf_changed":false,"footnotes":""},"acf":[],"yoast_head":"<!-- This site is optimized with the Yoast SEO plugin v23.0 - https:\/\/yoast.com\/wordpress\/plugins\/seo\/ -->\n<title>Reklama kine - Forum Cinemas kino teatras<\/title>\n<meta name=\"robots\" content=\"index, follow, max-snippet:-1, max-image-preview:large, max-video-preview:-1\" \/>\n<link rel=\"canonical\" href=\"https:\/\/forumcinemas.lt\/lt\/reklama-kine\/\" \/>\n<meta property=\"og:locale\" content=\"lt_LT\" \/>\n<meta property=\"og:type\" content=\"article\" \/>\n<meta property=\"og:title\" content=\"Reklama kine - Forum Cinemas kino teatras\" \/>\n<meta property=\"og:description\" content=\"REKLAMA KINO TEATRE Reklama kine &#8211; tai vienas efektyviausi\u0173 b\u016bd\u0173 pasiekti savo tikslin\u012f klient\u0105! \u0160iandien \u012f kino teatr\u0105 u\u017esukantis \u017emogus \u2013 tai ne tik smalsus naujausi\u0173 kino film\u0173 \u017ei\u016brovas. J\u012f traukia \u012fvairiausios si\u016blomos pramogos, galimyb\u0117 tiesiog gerai praleisti laik\u0105, atsip\u016bsti, patirti nauj\u0173 emocij\u0173, pabendrauti. \u201eForum Cinemas\u201c kino centrai \u2013 tai modern\u016bs kult\u016bros ir pramog\u0173 kompleksai, [&hellip;]\" \/>\n<meta property=\"og:url\" content=\"https:\/\/forumcinemas.lt\/lt\/reklama-kine\/\" \/>\n<meta property=\"og:site_name\" content=\"Forum Cinemas kino teatras\" \/>\n<meta property=\"article:modified_time\" content=\"2025-10-21T12:33:30+00:00\" \/>\n<meta property=\"og:image\" content=\"https:\/\/forumcinemas.lt\/app\/uploads\/2025\/10\/reklama-kino-teatre.png\" \/>\n<meta name=\"twitter:card\" content=\"summary_large_image\" \/>\n<meta name=\"twitter:label1\" content=\"Est. reading time\" \/>\n\t<meta name=\"twitter:data1\" content=\"3 minutes\" \/>\n<script type=\"application\/ld+json\" class=\"yoast-schema-graph\">{\"@context\":\"https:\/\/schema.org\",\"@graph\":[{\"@type\":\"WebPage\",\"@id\":\"https:\/\/forumcinemas.lt\/lt\/reklama-kine\/\",\"url\":\"https:\/\/forumcinemas.lt\/lt\/reklama-kine\/\",\"name\":\"Reklama kine - Forum Cinemas kino teatras\",\"isPartOf\":{\"@id\":\"https:\/\/forumcinemas.lt\/lt\/#website\"},\"primaryImageOfPage\":{\"@id\":\"https:\/\/forumcinemas.lt\/lt\/reklama-kine\/#primaryimage\"},\"image\":{\"@id\":\"https:\/\/forumcinemas.lt\/lt\/reklama-kine\/#primaryimage\"},\"thumbnailUrl\":\"https:\/\/forumcinemas.lt\/app\/uploads\/2025\/10\/reklama-kino-teatre.png\",\"datePublished\":\"2025-10-21T12:05:05+00:00\",\"dateModified\":\"2025-10-21T12:33:30+00:00\",\"breadcrumb\":{\"@id\":\"https:\/\/forumcinemas.lt\/lt\/reklama-kine\/#breadcrumb\"},\"inLanguage\":\"lt-LT\",\"potentialAction\":[{\"@type\":\"ReadAction\",\"target\":[\"https:\/\/forumcinemas.lt\/lt\/reklama-kine\/\"]}]},{\"@type\":\"ImageObject\",\"inLanguage\":\"lt-LT\",\"@id\":\"https:\/\/forumcinemas.lt\/lt\/reklama-kine\/#primaryimage\",\"url\":\"https:\/\/forumcinemas.lt\/app\/uploads\/2025\/10\/reklama-kino-teatre.png\",\"contentUrl\":\"https:\/\/forumcinemas.lt\/app\/uploads\/2025\/10\/reklama-kino-teatre.png\"},{\"@type\":\"BreadcrumbList\",\"@id\":\"https:\/\/forumcinemas.lt\/lt\/reklama-kine\/#breadcrumb\",\"itemListElement\":[{\"@type\":\"ListItem\",\"position\":1,\"name\":\"Home\",\"item\":\"https:\/\/forumcinemas.lt\/lt\/\"},{\"@type\":\"ListItem\",\"position\":2,\"name\":\"Reklama kine\"}]},{\"@type\":\"WebSite\",\"@id\":\"https:\/\/forumcinemas.lt\/lt\/#website\",\"url\":\"https:\/\/forumcinemas.lt\/lt\/\",\"name\":\"Forum Cinemas kino teatras\",\"description\":\"\",\"potentialAction\":[{\"@type\":\"SearchAction\",\"target\":{\"@type\":\"EntryPoint\",\"urlTemplate\":\"https:\/\/forumcinemas.lt\/lt\/?s={search_term_string}\"},\"query-input\":\"required name=search_term_string\"}],\"inLanguage\":\"lt-LT\"}]}<\/script>\n<!-- \/ Yoast SEO plugin. -->","yoast_head_json":{"title":"Reklama kine - Forum Cinemas kino teatras","robots":{"index":"index","follow":"follow","max-snippet":"max-snippet:-1","max-image-preview":"max-image-preview:large","max-video-preview":"max-video-preview:-1"},"canonical":"https:\/\/forumcinemas.lt\/lt\/reklama-kine\/","og_locale":"lt_LT","og_type":"article","og_title":"Reklama kine - Forum Cinemas kino teatras","og_description":"REKLAMA KINO TEATRE Reklama kine &#8211; tai vienas efektyviausi\u0173 b\u016bd\u0173 pasiekti savo tikslin\u012f klient\u0105! \u0160iandien \u012f kino teatr\u0105 u\u017esukantis \u017emogus \u2013 tai ne tik smalsus naujausi\u0173 kino film\u0173 \u017ei\u016brovas. J\u012f traukia \u012fvairiausios si\u016blomos pramogos, galimyb\u0117 tiesiog gerai praleisti laik\u0105, atsip\u016bsti, patirti nauj\u0173 emocij\u0173, pabendrauti. \u201eForum Cinemas\u201c kino centrai \u2013 tai modern\u016bs kult\u016bros ir pramog\u0173 kompleksai, [&hellip;]","og_url":"https:\/\/forumcinemas.lt\/lt\/reklama-kine\/","og_site_name":"Forum Cinemas kino teatras","article_modified_time":"2025-10-21T12:33:30+00:00","og_image":[{"url":"https:\/\/forumcinemas.lt\/app\/uploads\/2025\/10\/reklama-kino-teatre.png"}],"twitter_card":"summary_large_image","twitter_misc":{"Est. reading time":"3 minutes"},"schema":{"@context":"https:\/\/schema.org","@graph":[{"@type":"WebPage","@id":"https:\/\/forumcinemas.lt\/lt\/reklama-kine\/","url":"https:\/\/forumcinemas.lt\/lt\/reklama-kine\/","name":"Reklama kine - Forum Cinemas kino teatras","isPartOf":{"@id":"https:\/\/forumcinemas.lt\/lt\/#website"},"primaryImageOfPage":{"@id":"https:\/\/forumcinemas.lt\/lt\/reklama-kine\/#primaryimage"},"image":{"@id":"https:\/\/forumcinemas.lt\/lt\/reklama-kine\/#primaryimage"},"thumbnailUrl":"https:\/\/forumcinemas.lt\/app\/uploads\/2025\/10\/reklama-kino-teatre.png","datePublished":"2025-10-21T12:05:05+00:00","dateModified":"2025-10-21T12:33:30+00:00","breadcrumb":{"@id":"https:\/\/forumcinemas.lt\/lt\/reklama-kine\/#breadcrumb"},"inLanguage":"lt-LT","potentialAction":[{"@type":"ReadAction","target":["https:\/\/forumcinemas.lt\/lt\/reklama-kine\/"]}]},{"@type":"ImageObject","inLanguage":"lt-LT","@id":"https:\/\/forumcinemas.lt\/lt\/reklama-kine\/#primaryimage","url":"https:\/\/forumcinemas.lt\/app\/uploads\/2025\/10\/reklama-kino-teatre.png","contentUrl":"https:\/\/forumcinemas.lt\/app\/uploads\/2025\/10\/reklama-kino-teatre.png"},{"@type":"BreadcrumbList","@id":"https:\/\/forumcinemas.lt\/lt\/reklama-kine\/#breadcrumb","itemListElement":[{"@type":"ListItem","position":1,"name":"Home","item":"https:\/\/forumcinemas.lt\/lt\/"},{"@type":"ListItem","position":2,"name":"Reklama kine"}]},{"@type":"WebSite","@id":"https:\/\/forumcinemas.lt\/lt\/#website","url":"https:\/\/forumcinemas.lt\/lt\/","name":"Forum Cinemas kino teatras","description":"","potentialAction":[{"@type":"SearchAction","target":{"@type":"EntryPoint","urlTemplate":"https:\/\/forumcinemas.lt\/lt\/?s={search_term_string}"},"query-input":"required name=search_term_string"}],"inLanguage":"lt-LT"}]}},"_links":{"self":[{"href":"https:\/\/forumcinemas.lt\/lt\/wp-json\/wp\/v2\/pages\/4268"}],"collection":[{"href":"https:\/\/forumcinemas.lt\/lt\/wp-json\/wp\/v2\/pages"}],"about":[{"href":"https:\/\/forumcinemas.lt\/lt\/wp-json\/wp\/v2\/types\/page"}],"author":[{"embeddable":true,"href":"https:\/\/forumcinemas.lt\/lt\/wp-json\/wp\/v2\/users\/2"}],"replies":[{"embeddable":true,"href":"https:\/\/forumcinemas.lt\/lt\/wp-json\/wp\/v2\/comments?post=4268"}],"version-history":[{"count":37,"href":"https:\/\/forumcinemas.lt\/lt\/wp-json\/wp\/v2\/pages\/4268\/revisions"}],"predecessor-version":[{"id":4324,"href":"https:\/\/forumcinemas.lt\/lt\/wp-json\/wp\/v2\/pages\/4268\/revisions\/4324"}],"wp:attachment":[{"href":"https:\/\/forumcinemas.lt\/lt\/wp-json\/wp\/v2\/media?parent=4268"}],"curies":[{"name":"wp","href":"https:\/\/api.w.org\/{rel}","templated":true}]}}