{"id":2394,"date":"2025-10-01T09:22:26","date_gmt":"2025-10-01T09:22:26","guid":{"rendered":"https:\/\/forumcinemas.lt\/?page_id=2394"},"modified":"2025-11-15T16:44:12","modified_gmt":"2025-11-15T16:44:12","slug":"kino-teatro-taisykles","status":"publish","type":"page","link":"https:\/\/forumcinemas.lt\/lt\/kino-teatro-taisykles\/","title":{"rendered":"Kino teatro taisykl\u0117s"},"content":{"rendered":"\t\t<div data-elementor-type=\"wp-page\" data-elementor-id=\"2394\" class=\"elementor elementor-2394\" data-elementor-post-type=\"page\">\n\t\t\t\t<div class=\"elementor-element elementor-element-0d4cd6a e-flex e-con-boxed e-con e-parent\" data-id=\"0d4cd6a\" data-element_type=\"container\">\n\t\t\t\t\t<div class=\"e-con-inner\">\n\t\t\t\t<div class=\"elementor-element elementor-element-2929f62 elementor-widget elementor-widget-heading\" data-id=\"2929f62\" data-element_type=\"widget\" data-widget_type=\"heading.default\">\n\t\t\t\t<div class=\"elementor-widget-container\">\n\t\t\t<style>\/*! elementor - v3.23.0 - 15-07-2024 *\/\n.elementor-heading-title{padding:0;margin:0;line-height:1}.elementor-widget-heading .elementor-heading-title[class*=elementor-size-]>a{color:inherit;font-size:inherit;line-height:inherit}.elementor-widget-heading .elementor-heading-title.elementor-size-small{font-size:15px}.elementor-widget-heading .elementor-heading-title.elementor-size-medium{font-size:19px}.elementor-widget-heading .elementor-heading-title.elementor-size-large{font-size:29px}.elementor-widget-heading .elementor-heading-title.elementor-size-xl{font-size:39px}.elementor-widget-heading .elementor-heading-title.elementor-size-xxl{font-size:59px}<\/style><h2 class=\"elementor-heading-title elementor-size-default\">KINO TEATRO TAISYKL\u0116S<\/h2>\t\t<\/div>\n\t\t\t\t<\/div>\n\t\t\t\t\t<\/div>\n\t\t\t\t<\/div>\n\t\t<div class=\"elementor-element elementor-element-2210e7cf e-flex e-con-boxed e-con e-parent\" data-id=\"2210e7cf\" data-element_type=\"container\">\n\t\t\t\t\t<div class=\"e-con-inner\">\n\t\t<div class=\"elementor-element elementor-element-4d10edbc e-con-full e-flex e-con e-child\" data-id=\"4d10edbc\" data-element_type=\"container\">\n\t\t\t\t<div class=\"elementor-element elementor-element-54e89d29 elementor-widget elementor-widget-text-editor\" data-id=\"54e89d29\" data-element_type=\"widget\" data-widget_type=\"text-editor.default\">\n\t\t\t\t<div class=\"elementor-widget-container\">\n\t\t\t<style>\/*! elementor - v3.23.0 - 15-07-2024 *\/\n.elementor-widget-text-editor.elementor-drop-cap-view-stacked .elementor-drop-cap{background-color:#69727d;color:#fff}.elementor-widget-text-editor.elementor-drop-cap-view-framed .elementor-drop-cap{color:#69727d;border:3px solid;background-color:transparent}.elementor-widget-text-editor:not(.elementor-drop-cap-view-default) .elementor-drop-cap{margin-top:8px}.elementor-widget-text-editor:not(.elementor-drop-cap-view-default) .elementor-drop-cap-letter{width:1em;height:1em}.elementor-widget-text-editor .elementor-drop-cap{float:left;text-align:center;line-height:1;font-size:50px}.elementor-widget-text-editor .elementor-drop-cap-letter{display:inline-block}<\/style>\t\t\t\t<ul><li><div><div id=\"article-section-2721\" class=\"section section--bottom-xsmall-xs section--bottom-small-sm section--bottom-small-lg section--top-xsmall-xs section--top-xsmall-sm section--top-xsmall-lg \"><div class=\"h-container\"><p>Kino teatras yra privati nuosavyb\u0117 \u2013 d\u0117kojame u\u017e tai, kad gerbiate m\u016bs\u0173 darb\u0105 ir nuostatas. Bendr\u0173j\u0173 taisykli\u0173 laikymasis pad\u0117s mums dirbti tiesiogin\u012f darb\u0105 \u2013 kokybi\u0161kai rodyti filmus ir teikti kitas, su tuo susijusias paslaugas.<\/p><p><strong>Kino centro teritorijoje draud\u017eiama:<\/strong><\/p><ul><li>r\u016bkyti (elektronines cigaretes taip pat);<\/li><li>filmuoti ir fotografuoti be kino centro administracijos sutikimo;<\/li><li>va\u017ein\u0117ti riedlente, dvira\u010diu ar riedu\u010diais;<\/li><li>\u012f patalpas ateiti su gyv\u016bnais, i\u0161skyrus \u0161unis vedlius.<\/li><li>kino filmo seanso metu vartoti atsine\u0161tus stiprius alkoholinius g\u0117rimus;<\/li><li>\u0161okin\u0117ti, lipti, s\u0117stis ant apsaugini\u0173 pertvar\u0173;<\/li><li>liesti kino ekran\u0105.<\/li><\/ul><p><strong>\u012e kino centro sales draud\u017eiama \u012fsine\u0161ti:<\/strong><\/p><ul><li>maisto produktus, u\u017ekand\u017eius ir g\u0117rimus, \u012fsigytus ne kino centro bare;<\/li><li>filmavimo kameras;<\/li><li>peilius, \u0161aunamuosius ar kitokius ginklus;<\/li><li>dideli\u0173 gabarit\u0173 krep\u0161ius ar daiktus, kurie gal\u0117t\u0173 trukdyti kitiems lankytojams praeiti tarp eili\u0173 ir taip sukelt\u0173 pavoj\u0173 kit\u0173 \u017emoni\u0173 saugumui evakuacijos atveju;<\/li><li>balionus pripildytus helio ar kt. dujomis.<\/li><\/ul><p><strong>Kino centre:<\/strong><\/p><ul><li>nor\u0117damas patekti \u012f pasirinkt\u0105 kino filmo seans\u0105, kiekvienas lankytojas (nepriklausomai nuo am\u017eiaus) privalo tur\u0117ti tam seansui galiojant\u012f kino filmo biliet\u0105;<\/li><li>be bilieto, i\u0161imties atveju, neu\u017eimant atskiros s\u0117dimos vietos, \u012f kino sal\u0119 gali patekti tik k\u016bdikis (iki 1,5 met\u0173 am\u017eiaus) ant mamos ar t\u0117\u010dio rank\u0173 ir tik \u012f V cenzo filmus, t\u0117vams prisiimant visi\u0161k\u0105 atsakomyb\u0119 u\u017e k\u016bdikio sveikat\u0105, pagarbi\u0105 elgsen\u0105 kit\u0173 \u017ei\u016brov\u0173 at\u017evilgiu. Savo ruo\u017etu \u201eForum Cinemas&#8221; NEREKOMENDUOJA vestis ar ne\u0161tis k\u016bdiki\u0173 \u012f kino filmus, nes vaizdo ir garso efektai gali labai i\u0161g\u0105sdinti vaikut\u012f, trukdyti kitiems \u017ei\u016brovams m\u0117gautis kinu. Kino gamintoj\u0173 ir rodytoj\u0173 rekomendacijos &#8211; vaikai nuo 4-5 met\u0173 am\u017eiaus jau gali pilnaverti\u0161kai b\u016bti kino teatro \u017ei\u016brovais, kuriems ir yra kuriami V cenzo filmai.<\/li><li>kino filmo bilietas galioja vienam asmeniui ir tik konkre\u010diam kino seansui, kurio pavadinimas, laikas, data, kino sal\u0117s numeris, eil\u0117 ir vieta nurodyta ant bilieto;<\/li><li>nuolaid\u0173 kortel\u0119 b\u016btina pateikti prie\u0161 \u012fsigyjant biliet\u0105;<\/li><li>grie\u017etai draud\u017eiama trukdyti kitiems lankytojams, trikdyti kino filmo per\u017ei\u016br\u0105 bei seanso metu naudotis mobiliaisiais telefonais bei kitais prietaisais, kurie gali trukdyti kitiems;<\/li><li>draud\u017eiama s\u0105moningai gadinti kino centro inventori\u0173 ir kit\u0105 turt\u0105, pvz., susikeliant kojas ant kino sal\u0117s k\u0117d\u017ei\u0173;<\/li><li>privaloma s\u0117d\u0117ti sal\u0117je ir vietoje nurodytoje ant kino bilieto;<\/li><li>kino kasose perkant bilietus, vienos k\u0117d\u0117s tarpai tarp viet\u0173 nedaromi. \u012e seans\u0105 parduodama tiek biliet\u0173, kiek sal\u0117je yra viet\u0173;<\/li><li>kino centras neatsako u\u017e kino centro teritorijoje paliktus ar pamestus daiktus;<\/li><li>kino centras neatsako u\u017e be suaugusi\u0173j\u0173 prie\u017ei\u016bros paliktus vaikus kino seanse ir po jo.<\/li><\/ul><p><strong>Jei kino seansas ne\u012fvyko:<\/strong><\/p><ul><li>Jei kino seansas ne\u012fvyko d\u0117l technini\u0173 trukd\u017ei\u0173 ar nutr\u016bko filmo rodymas daugiau nei 20 min. ir nesant galimybei prat\u0119sti filmo per\u017ei\u016bros &#8211; pra\u0161ome kreiptis el. pa\u0161tu pagalba@forumcinemas.lt per 14 dien\u0173.<\/li><\/ul><p><strong>\u012evykus kino teatro evakuacijai:<\/strong><\/p><ul><li>\u012evykus kino teatro evakuacijai ir nesant galimybei sugr\u012f\u017eti \u012f kino teatr\u0105 prat\u0119sti filmo per\u017ei\u016bros &#8211; pra\u0161ome kreiptis el. pa\u0161tu pagalba@forumcinemas.lt per 14 dien\u0173.<\/li><\/ul><p><strong>Pasibaigus kino seansui:<\/strong><\/p><ul><li>lankytojai i\u0161 kino sal\u0117s i\u0161eina sekdami nuorodomis \u201eI\u0161\u0117jimas&#8221;;<\/li><li>pageidaujame, kad lankytojai susirinkt\u0173 \u0161iuk\u0161les i\u0161 savo s\u0117d\u0117jimo viet\u0173, nes su jomis gali likti asmenini\u0173 daikt\u0173. Jas galima i\u0161mesti \u012f \u0161iuk\u0161li\u0173 d\u0117\u017ees, esan\u010dias prie sal\u0117s i\u0161\u0117jimo dur\u0173;<\/li><li>pasibaigus 3D kino seansui, lankytojai privalo gr\u0105\u017einti 3D akinius kino darbuotojui.<\/li><\/ul><p><strong>Kino centras turi teis\u0119:<\/strong><\/p><ul><li>papra\u0161yti asmens tapatyb\u0119 patvirtinan\u010di\u0173 ir galiojan\u010di\u0173 dokument\u0173, jei perkami bilietai \u012f filmus, kuri\u0173 \u017ei\u016brov\u0173 am\u017eiaus cenzas yra grie\u017etai apibr\u0117\u017etas, arba jei reikia nustatyti, ar pirk\u0117jui gali b\u016bti taikomos nuolaidos;<\/li><li>tikrinti am\u017ei\u0173 bei tapatyb\u0119 \u012frodan\u010dius dokumentus prie\u0161 \u012fleid\u017eiant \u012f film\u0105, kurio \u017ei\u016brov\u0173 am\u017eiaus cenzas yra grie\u017etai apibr\u0117\u017etas. Nepateikus dokument\u0173, kino centras turi teis\u0119 ne\u012fleisti \u012f kino sal\u0119, nekompensuojant l\u0117\u0161\u0173, i\u0161leist\u0173 bilietui \u012fsigyti. \u012e N-13 cenzu pa\u017eym\u0117tus kino seansus 7-12 met\u0173 vaikai be suaugusiojo palydos ne\u012fleid\u017eiami;<\/li><li>papra\u0161yti pateikti dokument\u0105 (moksleivio, studento, pensininko, ne\u012fgaliojo ir t.t. pa\u017eym\u0117jim\u0105) pagrind\u017eiant\u012f nuolaid\u0105 prie\u0161 \u012fleid\u017eiant \u012f kino sal\u0119. Ne\u012fleisti \u012f kino sal\u0119, jei toks dokumentas nepateikiamas, nekompensuojant l\u0117\u0161\u0173, i\u0161leist\u0173 bilietui su nuolaida \u012fsigyti;<\/li><li>papra\u0161yti parodyti biliet\u0105 ir pirkimo \u010dek\u012f;<\/li><li>neparduoti biliet\u0173 asmenims, kuri\u0173 am\u017eius neatitinka nustatyto filmo \u017ei\u016brovo am\u017eiaus cenzo (N16, S), net jei nepilnamet\u012f lydi suaug\u0119s asmuo;<\/li><li>neparduoti biliet\u0173 neblaiviems asmenims ir (arba) asmenims, pa\u017eeid\u017eiantiems vie\u0161\u0105j\u0105 tvark\u0105 bei ne\u012fleisti j\u0173 \u012f kino sal\u0119; neparduoti biliet\u0173 nepakankamai apsirengusiems asmenims (pvz., asmenims su maudymosi kostiumais) ir asmenims, turintiems akivaizd\u017ei\u0173 asmens higienos problem\u0173;<\/li><li>pa\u0161alinti i\u0161 kino centro asmenis, pa\u017eeidusius vie\u0161\u0105j\u0105 tvark\u0105, nurodyt\u0105 kino centro vidaus tvarkos taisykl\u0117se, nekompensuojant l\u0117\u0161\u0173, i\u0161leist\u0173 bilietui \u012fsigyti. Rimtesni\u0173 nusi\u017eengim\u0173 atveju pa\u017eeid\u0117j\u0105 perduoti policijai;<\/li><li>i\u0161 band\u017eiusio suk\u010diauti asmens konfiskuoti biliet\u0105 ir pa\u0161alinti j\u012f i\u0161 kino centro;<\/li><li>neparduoti biliet\u0173 asmenims, anks\u010diau pa\u017eeidusiems kino centro vidaus taisykl\u0117se nustatyt\u0105 vie\u0161\u0105j\u0105 tvark\u0105 ir (arba) band\u017eiusiems suk\u010diauti;<\/li><li>patikrinti \u012ftarim\u0105 kelian\u010dius daiktus;<\/li><li>konfiskuoti vardin\u0119 nuolaid\u0173 kortel\u0119, pasteb\u0117jus, kad ji naudojama neteis\u0117tai;<\/li><li>keisti kino seans\u0173 laik\u0105, cenz\u0105, bei sal\u0119, kur rodomas filmas.<\/li><\/ul><p><strong>Kino centras rekomenduoja:<\/strong><\/p><ul><li>\u012f kino filmus neiti su k\u016bdikiais ar vaikais iki 3-i\u0173 met\u0173, kadangi didelis garsas gali juos i\u0161g\u0105sdinti ir pravirkdyti, o d\u0117l to gali kilti nepatogum\u0173 kitiems kino centro lankytojams;<\/li><li>nedelsiant informuoti kino darbuotojus apie asmenis, trukdan\u010dius kino filmo per\u017ei\u016brai;<\/li><li>i\u0161kilus klausimams kreiptis \u012f kino centro personal\u0105 ar administratori\u0173 (-\u0119).<\/li><\/ul><\/div><\/div><\/div><div><div id=\"article-section-2772\" class=\"section section--bottom-xsmall-xs section--bottom-small-sm section--bottom-small-lg section--top-xsmall-xs section--top-small-sm section--top-small-lg \"><div class=\"h-container\">\u00a0<\/div><\/div><\/div><\/li><\/ul>\t\t\t\t\t\t<\/div>\n\t\t\t\t<\/div>\n\t\t\t\t<\/div>\n\t\t\t\t\t<\/div>\n\t\t\t\t<\/div>\n\t\t<div class=\"elementor-element elementor-element-4f1b71d8 e-flex e-con-boxed e-con e-parent\" data-id=\"4f1b71d8\" data-element_type=\"container\">\n\t\t\t\t\t<div class=\"e-con-inner\">\n\t\t<div class=\"elementor-element elementor-element-4ac8f988 e-con-full e-flex e-con e-child\" data-id=\"4ac8f988\" data-element_type=\"container\">\n\t\t\t\t<div class=\"elementor-element elementor-element-4b2f85fc elementor-widget elementor-widget-heading\" data-id=\"4b2f85fc\" data-element_type=\"widget\" data-widget_type=\"heading.default\">\n\t\t\t\t<div class=\"elementor-widget-container\">\n\t\t\t<h6 class=\"elementor-heading-title elementor-size-default\">KUPON\u0172 INFORMACIJA IR TAISYKL\u0116S<\/h6>\t\t<\/div>\n\t\t\t\t<\/div>\n\t\t\t\t<div class=\"elementor-element elementor-element-11d77e98 elementor-widget elementor-widget-text-editor\" data-id=\"11d77e98\" data-element_type=\"widget\" data-widget_type=\"text-editor.default\">\n\t\t\t\t<div class=\"elementor-widget-container\">\n\t\t\t\t\t\t\t<ul><li>Kuponai bus atsi\u0173sti J\u016bs\u0173 nurodytu elektroninio pa\u0161to adresu.\u00a0<\/li><li>Vienas kuponas kei\u010diamas \u012f vien\u0105 kino biliet\u0105.\u00a0<\/li><li>Kuponai negalioja baro skan\u0117stams.<\/li><li>Kuponai \u012f pinigus nekei\u010diami<strong>.<\/strong><\/li><li>Jeigu kupono vert\u0117 yra ma\u017eesn\u0117 u\u017e norim\u0105 \u012fsigyti kino filmo biliet\u0105, skirtum\u0105 visada galima primok\u0117ti.\u00a0\u00a0<\/li><li>U\u017e bilietus J\u016bs galite sumok\u0117ti kuponais m\u016bs\u0173 interneto svetain\u0117s elektronin\u0117je parduotuv\u0117je arba i\u0161sispausdin\u0119 e-kuponus biliet\u0173 kasose. Netur\u0117dami galimyb\u0117s i\u0161sispausdinti e-kupon\u0173, nura\u0161ykite ant j\u0173 nurodyt\u0105 10-11 simboli\u0173 kod\u0105 (j\u012f rasite prie QR\u00a0kodo de\u0161in\u0117je pus\u0117je) ir pateikite j\u012f kasininkui.<\/li><li>Nepanaudotas kupono vert\u0117s likutis negr\u0105\u017einamas.\u00a0<\/li><li>Kuponai galioja iki ant j\u0173 nurodytos datos.\u00a0<strong>Kupon\u0173 galiojimas n\u0117ra prat\u0119siamas.<\/strong>\u00a0Ta\u010diau kino kuponus, kuri\u0173 galiojimas pasibaig\u0119s, galima i\u0161sikeisti \u012f reguliaraus filmo biliet\u0105(-us) per 3 m\u0117nesius nuo nurodytos galiojimo pabaigos. Pasibaigusio galiojimo kuponus J\u016bs galite pasikeisti \u012f kino bilietus tik kino kasose, kasininkui patikrinus kupon\u0105. Daugiau informacijos \u0161iuo klausimu teiraukit\u0117s kasose. Pasibaigusio galiojimo kupono keitimui \u012f kino biliet\u0105 taikomas 2\u00a0\u20ac mokestis.<\/li><\/ul><div><h2>Linkime Jums magi\u0161k\u0173 \u012fsp\u016bd\u017ei\u0173 kine!<\/h2><h2>Forum Cinemas<\/h2><\/div>\t\t\t\t\t\t<\/div>\n\t\t\t\t<\/div>\n\t\t\t\t<\/div>\n\t\t<div class=\"elementor-element elementor-element-179c18a2 e-con-full e-flex e-con e-child\" data-id=\"179c18a2\" data-element_type=\"container\">\n\t\t<div class=\"elementor-element elementor-element-5c926293 e-con-full e-flex e-con e-child\" data-id=\"5c926293\" data-element_type=\"container\">\n\t\t\t\t<div class=\"elementor-element elementor-element-1d886959 elementor-widget elementor-widget-text-editor\" data-id=\"1d886959\" data-element_type=\"widget\" data-widget_type=\"text-editor.default\">\n\t\t\t\t<div class=\"elementor-widget-container\">\n\t\t\t\t\t\t\t<ul><br><br>\n \t<li>U\u017e informacijos saugum\u0105 atsako asmuo, \u012fsigij\u0119s kupon\u0173.<\/li>\n \t<li>Visi kino kuponai gali b\u016bti i\u0161keisti tik \u012f reguliaros kainos bilietus. Kino kuponai n\u0117ra sumuojami su kitomis \u201eForum Cinemas\u201c teikiamomis nuolaidomis (pvz., pasinaudojus KINO KLUBO korteli\u0173 suteikiamomis nuolaidomis, pritaikyti kupono nebegalima).<\/li>\n \t<li>Panaudoti kuponai\u00a0nekompensuojami.<\/li>\n \t<li>Negaliojantys, pamesti ir sugadinti (pa\u017eeistas br\u016bk\u0161ninis kodas, serijos numeris) kuponai nekompensuojami, j\u0173 galiojimas neprat\u0119siamas.<\/li>\n \t<li>Kuponai nekei\u010diami \u012f kitus kuponus ir negr\u0105\u017einami.<\/li>\n \t<li>Kilus nesklandumams d\u0117l apmok\u0117jimo, pra\u0161ome kreiptis \u012f \u201eForum Cinemas\u201c\u00a0el. pa\u0161tu\u00a0<u>pagalba@forumcinemas.lt<\/u>.<\/li>\n \t<li>Kino centrai \u201eForum Cinemas\u201c\u00a0pasilieka teis\u0119 keisti nupirkt\u0173 bei rezervuot\u0173 biliet\u0173 vietas. Taip pat kino teatras turi teis\u0119 at\u0161aukti rezervacijas.<\/li>\n \t<li>Pirkdami kino kuponus J\u016bs sutinkame su kupon\u0173 ir j\u0173 panaudojimo taisykl\u0117mis.<\/li>\n<\/ul>\t\t\t\t\t\t<\/div>\n\t\t\t\t<\/div>\n\t\t\t\t<\/div>\n\t\t\t\t<\/div>\n\t\t\t\t\t<\/div>\n\t\t\t\t<\/div>\n\t\t<div class=\"elementor-element elementor-element-5a339ec7 e-flex e-con-boxed e-con e-parent\" data-id=\"5a339ec7\" data-element_type=\"container\" id=\"eventForm\">\n\t\t\t\t\t<div class=\"e-con-inner\">\n\t\t\t\t<div class=\"elementor-element elementor-element-753f692f elementor-widget elementor-widget-spacer\" data-id=\"753f692f\" data-element_type=\"widget\" data-widget_type=\"spacer.default\">\n\t\t\t\t<div class=\"elementor-widget-container\">\n\t\t\t<style>\/*! elementor - v3.23.0 - 15-07-2024 *\/\n.elementor-column .elementor-spacer-inner{height:var(--spacer-size)}.e-con{--container-widget-width:100%}.e-con-inner>.elementor-widget-spacer,.e-con>.elementor-widget-spacer{width:var(--container-widget-width,var(--spacer-size));--align-self:var(--container-widget-align-self,initial);--flex-shrink:0}.e-con-inner>.elementor-widget-spacer>.elementor-widget-container,.e-con>.elementor-widget-spacer>.elementor-widget-container{height:100%;width:100%}.e-con-inner>.elementor-widget-spacer>.elementor-widget-container>.elementor-spacer,.e-con>.elementor-widget-spacer>.elementor-widget-container>.elementor-spacer{height:100%}.e-con-inner>.elementor-widget-spacer>.elementor-widget-container>.elementor-spacer>.elementor-spacer-inner,.e-con>.elementor-widget-spacer>.elementor-widget-container>.elementor-spacer>.elementor-spacer-inner{height:var(--container-widget-height,var(--spacer-size))}.e-con-inner>.elementor-widget-spacer.elementor-widget-empty,.e-con>.elementor-widget-spacer.elementor-widget-empty{position:relative;min-height:22px;min-width:22px}.e-con-inner>.elementor-widget-spacer.elementor-widget-empty .elementor-widget-empty-icon,.e-con>.elementor-widget-spacer.elementor-widget-empty .elementor-widget-empty-icon{position:absolute;top:0;bottom:0;left:0;right:0;margin:auto;padding:0;width:22px;height:22px}<\/style>\t\t<div class=\"elementor-spacer\">\n\t\t\t<div class=\"elementor-spacer-inner\"><\/div>\n\t\t<\/div>\n\t\t\t\t<\/div>\n\t\t\t\t<\/div>\n\t\t\t\t\t<\/div>\n\t\t\t\t<\/div>\n\t\t\t\t<\/div>\n\t\t","protected":false},"excerpt":{"rendered":"<p>KINO TEATRO TAISYKL\u0116S Kino teatras yra privati nuosavyb\u0117 \u2013 d\u0117kojame u\u017e tai, kad gerbiate m\u016bs\u0173 darb\u0105 ir nuostatas. Bendr\u0173j\u0173 taisykli\u0173 laikymasis pad\u0117s mums dirbti tiesiogin\u012f darb\u0105 \u2013 kokybi\u0161kai rodyti filmus ir teikti kitas, su tuo susijusias paslaugas. Kino centro teritorijoje draud\u017eiama: r\u016bkyti (elektronines cigaretes taip pat); filmuoti ir fotografuoti be kino centro administracijos sutikimo; va\u017ein\u0117ti [&hellip;]<\/p>\n","protected":false},"author":4,"featured_media":0,"parent":0,"menu_order":0,"comment_status":"closed","ping_status":"closed","template":"","meta":{"_acf_changed":false,"footnotes":""},"acf":[],"yoast_head":"<!-- This site is optimized with the Yoast SEO plugin v23.0 - https:\/\/yoast.com\/wordpress\/plugins\/seo\/ -->\n<title>Kino teatro taisykl\u0117s - Forum Cinemas kino teatras<\/title>\n<meta name=\"robots\" content=\"index, follow, max-snippet:-1, max-image-preview:large, max-video-preview:-1\" \/>\n<link rel=\"canonical\" href=\"https:\/\/forumcinemas.lt\/lt\/kino-teatro-taisykles\/\" \/>\n<meta property=\"og:locale\" content=\"lt_LT\" \/>\n<meta property=\"og:type\" content=\"article\" \/>\n<meta property=\"og:title\" content=\"Kino teatro taisykl\u0117s - Forum Cinemas kino teatras\" \/>\n<meta property=\"og:description\" content=\"KINO TEATRO TAISYKL\u0116S Kino teatras yra privati nuosavyb\u0117 \u2013 d\u0117kojame u\u017e tai, kad gerbiate m\u016bs\u0173 darb\u0105 ir nuostatas. Bendr\u0173j\u0173 taisykli\u0173 laikymasis pad\u0117s mums dirbti tiesiogin\u012f darb\u0105 \u2013 kokybi\u0161kai rodyti filmus ir teikti kitas, su tuo susijusias paslaugas. Kino centro teritorijoje draud\u017eiama: r\u016bkyti (elektronines cigaretes taip pat); filmuoti ir fotografuoti be kino centro administracijos sutikimo; va\u017ein\u0117ti [&hellip;]\" \/>\n<meta property=\"og:url\" content=\"https:\/\/forumcinemas.lt\/lt\/kino-teatro-taisykles\/\" \/>\n<meta property=\"og:site_name\" content=\"Forum Cinemas kino teatras\" \/>\n<meta property=\"article:modified_time\" content=\"2025-11-15T16:44:12+00:00\" \/>\n<meta name=\"twitter:card\" content=\"summary_large_image\" \/>\n<meta name=\"twitter:label1\" content=\"Est. reading time\" \/>\n\t<meta name=\"twitter:data1\" content=\"6 minutes\" \/>\n<script type=\"application\/ld+json\" class=\"yoast-schema-graph\">{\"@context\":\"https:\/\/schema.org\",\"@graph\":[{\"@type\":\"WebPage\",\"@id\":\"https:\/\/forumcinemas.lt\/lt\/kino-teatro-taisykles\/\",\"url\":\"https:\/\/forumcinemas.lt\/lt\/kino-teatro-taisykles\/\",\"name\":\"Kino teatro taisykl\u0117s - Forum Cinemas kino teatras\",\"isPartOf\":{\"@id\":\"https:\/\/forumcinemas.lt\/lt\/#website\"},\"datePublished\":\"2025-10-01T09:22:26+00:00\",\"dateModified\":\"2025-11-15T16:44:12+00:00\",\"breadcrumb\":{\"@id\":\"https:\/\/forumcinemas.lt\/lt\/kino-teatro-taisykles\/#breadcrumb\"},\"inLanguage\":\"lt-LT\",\"potentialAction\":[{\"@type\":\"ReadAction\",\"target\":[\"https:\/\/forumcinemas.lt\/lt\/kino-teatro-taisykles\/\"]}]},{\"@type\":\"BreadcrumbList\",\"@id\":\"https:\/\/forumcinemas.lt\/lt\/kino-teatro-taisykles\/#breadcrumb\",\"itemListElement\":[{\"@type\":\"ListItem\",\"position\":1,\"name\":\"Home\",\"item\":\"https:\/\/forumcinemas.lt\/lt\/\"},{\"@type\":\"ListItem\",\"position\":2,\"name\":\"Kino teatro taisykl\u0117s\"}]},{\"@type\":\"WebSite\",\"@id\":\"https:\/\/forumcinemas.lt\/lt\/#website\",\"url\":\"https:\/\/forumcinemas.lt\/lt\/\",\"name\":\"Forum Cinemas kino teatras\",\"description\":\"\",\"potentialAction\":[{\"@type\":\"SearchAction\",\"target\":{\"@type\":\"EntryPoint\",\"urlTemplate\":\"https:\/\/forumcinemas.lt\/lt\/?s={search_term_string}\"},\"query-input\":\"required name=search_term_string\"}],\"inLanguage\":\"lt-LT\"}]}<\/script>\n<!-- \/ Yoast SEO plugin. -->","yoast_head_json":{"title":"Kino teatro taisykl\u0117s - Forum Cinemas kino teatras","robots":{"index":"index","follow":"follow","max-snippet":"max-snippet:-1","max-image-preview":"max-image-preview:large","max-video-preview":"max-video-preview:-1"},"canonical":"https:\/\/forumcinemas.lt\/lt\/kino-teatro-taisykles\/","og_locale":"lt_LT","og_type":"article","og_title":"Kino teatro taisykl\u0117s - Forum Cinemas kino teatras","og_description":"KINO TEATRO TAISYKL\u0116S Kino teatras yra privati nuosavyb\u0117 \u2013 d\u0117kojame u\u017e tai, kad gerbiate m\u016bs\u0173 darb\u0105 ir nuostatas. Bendr\u0173j\u0173 taisykli\u0173 laikymasis pad\u0117s mums dirbti tiesiogin\u012f darb\u0105 \u2013 kokybi\u0161kai rodyti filmus ir teikti kitas, su tuo susijusias paslaugas. Kino centro teritorijoje draud\u017eiama: r\u016bkyti (elektronines cigaretes taip pat); filmuoti ir fotografuoti be kino centro administracijos sutikimo; va\u017ein\u0117ti [&hellip;]","og_url":"https:\/\/forumcinemas.lt\/lt\/kino-teatro-taisykles\/","og_site_name":"Forum Cinemas kino teatras","article_modified_time":"2025-11-15T16:44:12+00:00","twitter_card":"summary_large_image","twitter_misc":{"Est. reading time":"6 minutes"},"schema":{"@context":"https:\/\/schema.org","@graph":[{"@type":"WebPage","@id":"https:\/\/forumcinemas.lt\/lt\/kino-teatro-taisykles\/","url":"https:\/\/forumcinemas.lt\/lt\/kino-teatro-taisykles\/","name":"Kino teatro taisykl\u0117s - Forum Cinemas kino teatras","isPartOf":{"@id":"https:\/\/forumcinemas.lt\/lt\/#website"},"datePublished":"2025-10-01T09:22:26+00:00","dateModified":"2025-11-15T16:44:12+00:00","breadcrumb":{"@id":"https:\/\/forumcinemas.lt\/lt\/kino-teatro-taisykles\/#breadcrumb"},"inLanguage":"lt-LT","potentialAction":[{"@type":"ReadAction","target":["https:\/\/forumcinemas.lt\/lt\/kino-teatro-taisykles\/"]}]},{"@type":"BreadcrumbList","@id":"https:\/\/forumcinemas.lt\/lt\/kino-teatro-taisykles\/#breadcrumb","itemListElement":[{"@type":"ListItem","position":1,"name":"Home","item":"https:\/\/forumcinemas.lt\/lt\/"},{"@type":"ListItem","position":2,"name":"Kino teatro taisykl\u0117s"}]},{"@type":"WebSite","@id":"https:\/\/forumcinemas.lt\/lt\/#website","url":"https:\/\/forumcinemas.lt\/lt\/","name":"Forum Cinemas kino teatras","description":"","potentialAction":[{"@type":"SearchAction","target":{"@type":"EntryPoint","urlTemplate":"https:\/\/forumcinemas.lt\/lt\/?s={search_term_string}"},"query-input":"required name=search_term_string"}],"inLanguage":"lt-LT"}]}},"_links":{"self":[{"href":"https:\/\/forumcinemas.lt\/lt\/wp-json\/wp\/v2\/pages\/2394"}],"collection":[{"href":"https:\/\/forumcinemas.lt\/lt\/wp-json\/wp\/v2\/pages"}],"about":[{"href":"https:\/\/forumcinemas.lt\/lt\/wp-json\/wp\/v2\/types\/page"}],"author":[{"embeddable":true,"href":"https:\/\/forumcinemas.lt\/lt\/wp-json\/wp\/v2\/users\/4"}],"replies":[{"embeddable":true,"href":"https:\/\/forumcinemas.lt\/lt\/wp-json\/wp\/v2\/comments?post=2394"}],"version-history":[{"count":26,"href":"https:\/\/forumcinemas.lt\/lt\/wp-json\/wp\/v2\/pages\/2394\/revisions"}],"predecessor-version":[{"id":4632,"href":"https:\/\/forumcinemas.lt\/lt\/wp-json\/wp\/v2\/pages\/2394\/revisions\/4632"}],"wp:attachment":[{"href":"https:\/\/forumcinemas.lt\/lt\/wp-json\/wp\/v2\/media?parent=2394"}],"curies":[{"name":"wp","href":"https:\/\/api.w.org\/{rel}","templated":true}]}}