{"id":1639,"date":"2025-08-19T11:34:18","date_gmt":"2025-08-19T11:34:18","guid":{"rendered":"https:\/\/forumcinemas.lt\/events\/gimtadieniai-kino-teatre\/"},"modified":"2025-11-29T00:12:16","modified_gmt":"2025-11-29T00:12:16","slug":"gimtadieniai-kino-teatre","status":"publish","type":"page","link":"https:\/\/forumcinemas.lt\/lt\/events\/gimtadieniai-kino-teatre\/","title":{"rendered":"gimtadieniai-kino-teatre"},"content":{"rendered":"\t\t<div data-elementor-type=\"wp-page\" data-elementor-id=\"1639\" class=\"elementor elementor-1639 elementor-839\" data-elementor-post-type=\"page\">\n\t\t\t\t<div class=\"elementor-element elementor-element-1d69005 e-flex e-con-boxed e-con e-parent\" data-id=\"1d69005\" data-element_type=\"container\">\n\t\t\t\t\t<div class=\"e-con-inner\">\n\t\t\t\t<div class=\"elementor-element elementor-element-30e7165 elementor-widget elementor-widget-heading\" data-id=\"30e7165\" data-element_type=\"widget\" data-widget_type=\"heading.default\">\n\t\t\t\t<div class=\"elementor-widget-container\">\n\t\t\t<style>\/*! elementor - v3.23.0 - 15-07-2024 *\/\n.elementor-heading-title{padding:0;margin:0;line-height:1}.elementor-widget-heading .elementor-heading-title[class*=elementor-size-]>a{color:inherit;font-size:inherit;line-height:inherit}.elementor-widget-heading .elementor-heading-title.elementor-size-small{font-size:15px}.elementor-widget-heading .elementor-heading-title.elementor-size-medium{font-size:19px}.elementor-widget-heading .elementor-heading-title.elementor-size-large{font-size:29px}.elementor-widget-heading .elementor-heading-title.elementor-size-xl{font-size:39px}.elementor-widget-heading .elementor-heading-title.elementor-size-xxl{font-size:59px}<\/style><h2 class=\"elementor-heading-title elementor-size-default\">GIMTADIEN\u012e \u0160V\u0118SK KINE<\/h2>\t\t<\/div>\n\t\t\t\t<\/div>\n\t\t\t\t\t<\/div>\n\t\t\t\t<\/div>\n\t\t<div class=\"elementor-element elementor-element-1b984255 e-flex e-con-boxed e-con e-parent\" data-id=\"1b984255\" data-element_type=\"container\">\n\t\t\t\t\t<div class=\"e-con-inner\">\n\t\t<div class=\"elementor-element elementor-element-37e8ff44 e-con-full e-flex e-con e-child\" data-id=\"37e8ff44\" data-element_type=\"container\">\n\t\t\t\t<div class=\"elementor-element elementor-element-5d4ebdc4 elementor-widget elementor-widget-heading\" data-id=\"5d4ebdc4\" data-element_type=\"widget\" data-widget_type=\"heading.default\">\n\t\t\t\t<div class=\"elementor-widget-container\">\n\t\t\t<h6 class=\"elementor-heading-title elementor-size-default\">Vilniuje, Kaune, Klaip\u0117doje ir \u0160iauliuose<\/h6>\t\t<\/div>\n\t\t\t\t<\/div>\n\t\t\t\t<div class=\"elementor-element elementor-element-57dc2f90 elementor-widget elementor-widget-heading\" data-id=\"57dc2f90\" data-element_type=\"widget\" data-widget_type=\"heading.default\">\n\t\t\t\t<div class=\"elementor-widget-container\">\n\t\t\t<h6 class=\"elementor-heading-title elementor-size-default\">Renginiai vaikams kine rengia gimtadienius ir \u012fvairias vaik\u0173 \u0161ventes su pasirinktais persona\u017eais prie\u0161 kino seans\u0105 kino teatruose FORUM CINEMAS. Visos program\u0117l\u0117s yra interaktyvios, linksmos ir pozityvios.\nJ\u0173 metu vaikai \u017eais, pasipuo\u0161 veidukus, rungtyniaus, o taip pat tur\u0117s i\u0161skirtin\u0119 galimyb\u0119 pamatyti slap\u010diausius kino teatro u\u017ekulisius ir dar daugiau !<br><\/h6>\t\t<\/div>\n\t\t\t\t<\/div>\n\t\t\t\t<div class=\"elementor-element elementor-element-4831144b elementor-align-justify elementor-widget elementor-widget-button\" data-id=\"4831144b\" data-element_type=\"widget\" data-widget_type=\"button.default\">\n\t\t\t\t<div class=\"elementor-widget-container\">\n\t\t\t\t\t<div class=\"elementor-button-wrapper\">\n\t\t\t<a class=\"elementor-button elementor-button-link elementor-size-sm\" href=\"https:\/\/www.renginiaikine.lt\/\" target=\"_blank\">\n\t\t\t\t\t\t<span class=\"elementor-button-content-wrapper\">\n\t\t\t\t\t\t\t\t\t<span class=\"elementor-button-text\">Daugiau informacijos renginiaikine.lt<\/span>\n\t\t\t\t\t<\/span>\n\t\t\t\t\t<\/a>\n\t\t<\/div>\n\t\t\t\t<\/div>\n\t\t\t\t<\/div>\n\t\t\t\t<\/div>\n\t\t<div class=\"elementor-element elementor-element-4afa27f3 e-con-full e-flex e-con e-child\" data-id=\"4afa27f3\" data-element_type=\"container\">\n\t\t\t\t<div class=\"elementor-element elementor-element-4772c641 elementor-widget elementor-widget-image\" data-id=\"4772c641\" data-element_type=\"widget\" data-widget_type=\"image.default\">\n\t\t\t\t<div class=\"elementor-widget-container\">\n\t\t\t<style>\/*! elementor - v3.23.0 - 15-07-2024 *\/\n.elementor-widget-image{text-align:center}.elementor-widget-image a{display:inline-block}.elementor-widget-image a img[src$=\".svg\"]{width:48px}.elementor-widget-image img{vertical-align:middle;display:inline-block}<\/style>\t\t\t\t\t\t\t\t\t\t<img fetchpriority=\"high\" decoding=\"async\" width=\"523\" height=\"439\" src=\"https:\/\/forumcinemas.lt\/app\/uploads\/2025\/11\/mike-and-sulley-popcorn-monsters-university1.png\" class=\"attachment-large size-large wp-image-5221\" alt=\"\" srcset=\"https:\/\/forumcinemas.lt\/app\/uploads\/2025\/11\/mike-and-sulley-popcorn-monsters-university1.png 523w, https:\/\/forumcinemas.lt\/app\/uploads\/2025\/11\/mike-and-sulley-popcorn-monsters-university1-300x252.png 300w, https:\/\/forumcinemas.lt\/app\/uploads\/2025\/11\/mike-and-sulley-popcorn-monsters-university1-460x386.png 460w\" sizes=\"(max-width: 523px) 100vw, 523px\" \/>\t\t\t\t\t\t\t\t\t\t\t\t\t<\/div>\n\t\t\t\t<\/div>\n\t\t\t\t<\/div>\n\t\t\t\t\t<\/div>\n\t\t\t\t<\/div>\n\t\t<div class=\"elementor-element elementor-element-2d33cc0c e-flex e-con-boxed e-con e-parent\" data-id=\"2d33cc0c\" data-element_type=\"container\">\n\t\t\t\t\t<div class=\"e-con-inner\">\n\t\t<div class=\"elementor-element elementor-element-16f07268 e-con-full e-flex e-con e-child\" data-id=\"16f07268\" data-element_type=\"container\">\n\t\t\t\t<div class=\"elementor-element elementor-element-12b7cc67 elementor-widget elementor-widget-heading\" data-id=\"12b7cc67\" data-element_type=\"widget\" data-widget_type=\"heading.default\">\n\t\t\t\t<div class=\"elementor-widget-container\">\n\t\t\t<h6 class=\"elementor-heading-title elementor-size-default\">Kontaktai<\/h6>\t\t<\/div>\n\t\t\t\t<\/div>\n\t\t\t\t<div class=\"elementor-element elementor-element-227a736 elementor-widget elementor-widget-text-editor\" data-id=\"227a736\" data-element_type=\"widget\" data-widget_type=\"text-editor.default\">\n\t\t\t\t<div class=\"elementor-widget-container\">\n\t\t\t<style>\/*! elementor - v3.23.0 - 15-07-2024 *\/\n.elementor-widget-text-editor.elementor-drop-cap-view-stacked .elementor-drop-cap{background-color:#69727d;color:#fff}.elementor-widget-text-editor.elementor-drop-cap-view-framed .elementor-drop-cap{color:#69727d;border:3px solid;background-color:transparent}.elementor-widget-text-editor:not(.elementor-drop-cap-view-default) .elementor-drop-cap{margin-top:8px}.elementor-widget-text-editor:not(.elementor-drop-cap-view-default) .elementor-drop-cap-letter{width:1em;height:1em}.elementor-widget-text-editor .elementor-drop-cap{float:left;text-align:center;line-height:1;font-size:50px}.elementor-widget-text-editor .elementor-drop-cap-letter{display:inline-block}<\/style>\t\t\t\t<p>Tel:\u00a0<a href=\"tel:+37060264231\">+37060264231<\/a>\u00a0(I-V 10:00 &#8211; 18:00)<\/p><p>Tel:\u00a0<a href=\"tel:+37068833242\">+37068833242<\/a>\u00a0(I-V 10:00 &#8211; 18:00)<\/p><p>El.pa\u0161tas:\u00a0<a href=\"mailto:info@renginiaikine.lt\">info@renginiaikine.lt<\/a><\/p><p>Facebook:\u00a0<a href=\"https:\/\/www.facebook.com\/renginiai.kine\/\" target=\"_blank\" rel=\"noopener\">www.facebook.com\/renginiai.kine\/<\/a><\/p>\t\t\t\t\t\t<\/div>\n\t\t\t\t<\/div>\n\t\t\t\t<div class=\"elementor-element elementor-element-653a4fbc elementor-align-justify elementor-widget elementor-widget-button\" data-id=\"653a4fbc\" data-element_type=\"widget\" data-widget_type=\"button.default\">\n\t\t\t\t<div class=\"elementor-widget-container\">\n\t\t\t\t\t<div class=\"elementor-button-wrapper\">\n\t\t\t<a class=\"elementor-button elementor-button-link elementor-size-sm\" href=\"https:\/\/www.renginiaikine.lt\/\" target=\"_blank\">\n\t\t\t\t\t\t<span class=\"elementor-button-content-wrapper\">\n\t\t\t\t\t\t\t\t\t<span class=\"elementor-button-text\">Skai\u010diuoti kain\u0105<\/span>\n\t\t\t\t\t<\/span>\n\t\t\t\t\t<\/a>\n\t\t<\/div>\n\t\t\t\t<\/div>\n\t\t\t\t<\/div>\n\t\t\t\t<\/div>\n\t\t<div class=\"elementor-element elementor-element-5c4a82c9 e-con-full e-flex e-con e-child\" data-id=\"5c4a82c9\" data-element_type=\"container\">\n\t\t\t\t<div class=\"elementor-element elementor-element-79874b7b elementor-widget elementor-widget-image\" data-id=\"79874b7b\" data-element_type=\"widget\" data-widget_type=\"image.default\">\n\t\t\t\t<div class=\"elementor-widget-container\">\n\t\t\t\t\t\t\t\t\t\t\t\t\t<img decoding=\"async\" width=\"173\" height=\"300\" src=\"https:\/\/forumcinemas.lt\/app\/uploads\/2025\/11\/minion21-173x300.png\" class=\"attachment-medium size-medium wp-image-5223\" alt=\"\" srcset=\"https:\/\/forumcinemas.lt\/app\/uploads\/2025\/11\/minion21-173x300.png 173w, https:\/\/forumcinemas.lt\/app\/uploads\/2025\/11\/minion21-370x640.png 370w, https:\/\/forumcinemas.lt\/app\/uploads\/2025\/11\/minion21.png 512w\" sizes=\"(max-width: 173px) 100vw, 173px\" \/>\t\t\t\t\t\t\t\t\t\t\t\t\t<\/div>\n\t\t\t\t<\/div>\n\t\t\t\t<\/div>\n\t\t\t\t\t<\/div>\n\t\t\t\t<\/div>\n\t\t\t\t<\/div>\n\t\t","protected":false},"excerpt":{"rendered":"<p>GIMTADIEN\u012e \u0160V\u0118SK KINE Vilniuje, Kaune, Klaip\u0117doje ir \u0160iauliuose Renginiai vaikams kine rengia gimtadienius ir \u012fvairias vaik\u0173 \u0161ventes su pasirinktais persona\u017eais prie\u0161 kino seans\u0105 kino teatruose FORUM CINEMAS. Visos program\u0117l\u0117s yra interaktyvios, linksmos ir pozityvios. J\u0173 metu vaikai \u017eais, pasipuo\u0161 veidukus, rungtyniaus, o taip pat tur\u0117s i\u0161skirtin\u0119 galimyb\u0119 pamatyti slap\u010diausius kino teatro u\u017ekulisius ir dar daugiau [&hellip;]<\/p>\n","protected":false},"author":1,"featured_media":0,"parent":1621,"menu_order":0,"comment_status":"closed","ping_status":"closed","template":"","meta":{"_acf_changed":false,"footnotes":""},"acf":[],"yoast_head":"<!-- This site is optimized with the Yoast SEO plugin v23.0 - https:\/\/yoast.com\/wordpress\/plugins\/seo\/ -->\n<title>gimtadieniai-kino-teatre - Forum Cinemas kino teatras<\/title>\n<meta name=\"robots\" content=\"index, follow, max-snippet:-1, max-image-preview:large, max-video-preview:-1\" \/>\n<link rel=\"canonical\" href=\"https:\/\/forumcinemas.lt\/lt\/events\/gimtadieniai-kino-teatre\/\" \/>\n<meta property=\"og:locale\" content=\"lt_LT\" \/>\n<meta property=\"og:type\" content=\"article\" \/>\n<meta property=\"og:title\" content=\"gimtadieniai-kino-teatre - Forum Cinemas kino teatras\" \/>\n<meta property=\"og:description\" content=\"GIMTADIEN\u012e \u0160V\u0118SK KINE Vilniuje, Kaune, Klaip\u0117doje ir \u0160iauliuose Renginiai vaikams kine rengia gimtadienius ir \u012fvairias vaik\u0173 \u0161ventes su pasirinktais persona\u017eais prie\u0161 kino seans\u0105 kino teatruose FORUM CINEMAS. Visos program\u0117l\u0117s yra interaktyvios, linksmos ir pozityvios. J\u0173 metu vaikai \u017eais, pasipuo\u0161 veidukus, rungtyniaus, o taip pat tur\u0117s i\u0161skirtin\u0119 galimyb\u0119 pamatyti slap\u010diausius kino teatro u\u017ekulisius ir dar daugiau [&hellip;]\" \/>\n<meta property=\"og:url\" content=\"https:\/\/forumcinemas.lt\/lt\/events\/gimtadieniai-kino-teatre\/\" \/>\n<meta property=\"og:site_name\" content=\"Forum Cinemas kino teatras\" \/>\n<meta property=\"article:modified_time\" content=\"2025-11-29T00:12:16+00:00\" \/>\n<meta property=\"og:image\" content=\"https:\/\/forumcinemas.lt\/app\/uploads\/2025\/11\/mike-and-sulley-popcorn-monsters-university1.png\" \/>\n<meta name=\"twitter:card\" content=\"summary_large_image\" \/>\n<meta name=\"twitter:label1\" content=\"Est. reading time\" \/>\n\t<meta name=\"twitter:data1\" content=\"1 minute\" \/>\n<script type=\"application\/ld+json\" class=\"yoast-schema-graph\">{\"@context\":\"https:\/\/schema.org\",\"@graph\":[{\"@type\":\"WebPage\",\"@id\":\"https:\/\/forumcinemas.lt\/lt\/events\/gimtadieniai-kino-teatre\/\",\"url\":\"https:\/\/forumcinemas.lt\/lt\/events\/gimtadieniai-kino-teatre\/\",\"name\":\"gimtadieniai-kino-teatre - Forum Cinemas kino teatras\",\"isPartOf\":{\"@id\":\"https:\/\/forumcinemas.lt\/lt\/#website\"},\"primaryImageOfPage\":{\"@id\":\"https:\/\/forumcinemas.lt\/lt\/events\/gimtadieniai-kino-teatre\/#primaryimage\"},\"image\":{\"@id\":\"https:\/\/forumcinemas.lt\/lt\/events\/gimtadieniai-kino-teatre\/#primaryimage\"},\"thumbnailUrl\":\"https:\/\/forumcinemas.lt\/app\/uploads\/2025\/11\/mike-and-sulley-popcorn-monsters-university1.png\",\"datePublished\":\"2025-08-19T11:34:18+00:00\",\"dateModified\":\"2025-11-29T00:12:16+00:00\",\"breadcrumb\":{\"@id\":\"https:\/\/forumcinemas.lt\/lt\/events\/gimtadieniai-kino-teatre\/#breadcrumb\"},\"inLanguage\":\"lt-LT\",\"potentialAction\":[{\"@type\":\"ReadAction\",\"target\":[\"https:\/\/forumcinemas.lt\/lt\/events\/gimtadieniai-kino-teatre\/\"]}]},{\"@type\":\"ImageObject\",\"inLanguage\":\"lt-LT\",\"@id\":\"https:\/\/forumcinemas.lt\/lt\/events\/gimtadieniai-kino-teatre\/#primaryimage\",\"url\":\"https:\/\/forumcinemas.lt\/app\/uploads\/2025\/11\/mike-and-sulley-popcorn-monsters-university1.png\",\"contentUrl\":\"https:\/\/forumcinemas.lt\/app\/uploads\/2025\/11\/mike-and-sulley-popcorn-monsters-university1.png\"},{\"@type\":\"BreadcrumbList\",\"@id\":\"https:\/\/forumcinemas.lt\/lt\/events\/gimtadieniai-kino-teatre\/#breadcrumb\",\"itemListElement\":[{\"@type\":\"ListItem\",\"position\":1,\"name\":\"Home\",\"item\":\"https:\/\/forumcinemas.lt\/lt\/\"},{\"@type\":\"ListItem\",\"position\":2,\"name\":\"events\",\"item\":\"https:\/\/forumcinemas.lt\/lt\/events\/\"},{\"@type\":\"ListItem\",\"position\":3,\"name\":\"gimtadieniai-kino-teatre\"}]},{\"@type\":\"WebSite\",\"@id\":\"https:\/\/forumcinemas.lt\/lt\/#website\",\"url\":\"https:\/\/forumcinemas.lt\/lt\/\",\"name\":\"Forum Cinemas kino teatras\",\"description\":\"\",\"potentialAction\":[{\"@type\":\"SearchAction\",\"target\":{\"@type\":\"EntryPoint\",\"urlTemplate\":\"https:\/\/forumcinemas.lt\/lt\/?s={search_term_string}\"},\"query-input\":\"required name=search_term_string\"}],\"inLanguage\":\"lt-LT\"}]}<\/script>\n<!-- \/ Yoast SEO plugin. -->","yoast_head_json":{"title":"gimtadieniai-kino-teatre - Forum Cinemas kino teatras","robots":{"index":"index","follow":"follow","max-snippet":"max-snippet:-1","max-image-preview":"max-image-preview:large","max-video-preview":"max-video-preview:-1"},"canonical":"https:\/\/forumcinemas.lt\/lt\/events\/gimtadieniai-kino-teatre\/","og_locale":"lt_LT","og_type":"article","og_title":"gimtadieniai-kino-teatre - Forum Cinemas kino teatras","og_description":"GIMTADIEN\u012e \u0160V\u0118SK KINE Vilniuje, Kaune, Klaip\u0117doje ir \u0160iauliuose Renginiai vaikams kine rengia gimtadienius ir \u012fvairias vaik\u0173 \u0161ventes su pasirinktais persona\u017eais prie\u0161 kino seans\u0105 kino teatruose FORUM CINEMAS. Visos program\u0117l\u0117s yra interaktyvios, linksmos ir pozityvios. J\u0173 metu vaikai \u017eais, pasipuo\u0161 veidukus, rungtyniaus, o taip pat tur\u0117s i\u0161skirtin\u0119 galimyb\u0119 pamatyti slap\u010diausius kino teatro u\u017ekulisius ir dar daugiau [&hellip;]","og_url":"https:\/\/forumcinemas.lt\/lt\/events\/gimtadieniai-kino-teatre\/","og_site_name":"Forum Cinemas kino teatras","article_modified_time":"2025-11-29T00:12:16+00:00","og_image":[{"url":"https:\/\/forumcinemas.lt\/app\/uploads\/2025\/11\/mike-and-sulley-popcorn-monsters-university1.png"}],"twitter_card":"summary_large_image","twitter_misc":{"Est. reading time":"1 minute"},"schema":{"@context":"https:\/\/schema.org","@graph":[{"@type":"WebPage","@id":"https:\/\/forumcinemas.lt\/lt\/events\/gimtadieniai-kino-teatre\/","url":"https:\/\/forumcinemas.lt\/lt\/events\/gimtadieniai-kino-teatre\/","name":"gimtadieniai-kino-teatre - Forum Cinemas kino teatras","isPartOf":{"@id":"https:\/\/forumcinemas.lt\/lt\/#website"},"primaryImageOfPage":{"@id":"https:\/\/forumcinemas.lt\/lt\/events\/gimtadieniai-kino-teatre\/#primaryimage"},"image":{"@id":"https:\/\/forumcinemas.lt\/lt\/events\/gimtadieniai-kino-teatre\/#primaryimage"},"thumbnailUrl":"https:\/\/forumcinemas.lt\/app\/uploads\/2025\/11\/mike-and-sulley-popcorn-monsters-university1.png","datePublished":"2025-08-19T11:34:18+00:00","dateModified":"2025-11-29T00:12:16+00:00","breadcrumb":{"@id":"https:\/\/forumcinemas.lt\/lt\/events\/gimtadieniai-kino-teatre\/#breadcrumb"},"inLanguage":"lt-LT","potentialAction":[{"@type":"ReadAction","target":["https:\/\/forumcinemas.lt\/lt\/events\/gimtadieniai-kino-teatre\/"]}]},{"@type":"ImageObject","inLanguage":"lt-LT","@id":"https:\/\/forumcinemas.lt\/lt\/events\/gimtadieniai-kino-teatre\/#primaryimage","url":"https:\/\/forumcinemas.lt\/app\/uploads\/2025\/11\/mike-and-sulley-popcorn-monsters-university1.png","contentUrl":"https:\/\/forumcinemas.lt\/app\/uploads\/2025\/11\/mike-and-sulley-popcorn-monsters-university1.png"},{"@type":"BreadcrumbList","@id":"https:\/\/forumcinemas.lt\/lt\/events\/gimtadieniai-kino-teatre\/#breadcrumb","itemListElement":[{"@type":"ListItem","position":1,"name":"Home","item":"https:\/\/forumcinemas.lt\/lt\/"},{"@type":"ListItem","position":2,"name":"events","item":"https:\/\/forumcinemas.lt\/lt\/events\/"},{"@type":"ListItem","position":3,"name":"gimtadieniai-kino-teatre"}]},{"@type":"WebSite","@id":"https:\/\/forumcinemas.lt\/lt\/#website","url":"https:\/\/forumcinemas.lt\/lt\/","name":"Forum Cinemas kino teatras","description":"","potentialAction":[{"@type":"SearchAction","target":{"@type":"EntryPoint","urlTemplate":"https:\/\/forumcinemas.lt\/lt\/?s={search_term_string}"},"query-input":"required name=search_term_string"}],"inLanguage":"lt-LT"}]}},"_links":{"self":[{"href":"https:\/\/forumcinemas.lt\/lt\/wp-json\/wp\/v2\/pages\/1639"}],"collection":[{"href":"https:\/\/forumcinemas.lt\/lt\/wp-json\/wp\/v2\/pages"}],"about":[{"href":"https:\/\/forumcinemas.lt\/lt\/wp-json\/wp\/v2\/types\/page"}],"author":[{"embeddable":true,"href":"https:\/\/forumcinemas.lt\/lt\/wp-json\/wp\/v2\/users\/1"}],"replies":[{"embeddable":true,"href":"https:\/\/forumcinemas.lt\/lt\/wp-json\/wp\/v2\/comments?post=1639"}],"version-history":[{"count":26,"href":"https:\/\/forumcinemas.lt\/lt\/wp-json\/wp\/v2\/pages\/1639\/revisions"}],"predecessor-version":[{"id":5227,"href":"https:\/\/forumcinemas.lt\/lt\/wp-json\/wp\/v2\/pages\/1639\/revisions\/5227"}],"up":[{"embeddable":true,"href":"https:\/\/forumcinemas.lt\/lt\/wp-json\/wp\/v2\/pages\/1621"}],"wp:attachment":[{"href":"https:\/\/forumcinemas.lt\/lt\/wp-json\/wp\/v2\/media?parent=1639"}],"curies":[{"name":"wp","href":"https:\/\/api.w.org\/{rel}","templated":true}]}}