{"id":1624,"date":"2025-07-28T11:34:08","date_gmt":"2025-07-28T11:34:08","guid":{"rendered":"https:\/\/forumcinemas.lt\/pagrindinis\/"},"modified":"2026-03-10T12:53:45","modified_gmt":"2026-03-10T12:53:45","slug":"pagrindinis","status":"publish","type":"page","link":"https:\/\/forumcinemas.lt\/lt\/","title":{"rendered":"Pagrindinis"},"content":{"rendered":"\t\t<div data-elementor-type=\"wp-page\" data-elementor-id=\"1624\" class=\"elementor elementor-1624 elementor-6\" data-elementor-post-type=\"page\">\n\t\t\t\t<div class=\"elementor-element elementor-element-4899467 e-flex e-con-boxed e-con e-parent\" data-id=\"4899467\" data-element_type=\"container\">\n\t\t\t\t\t<div class=\"e-con-inner\">\n\t\t\t\t<div class=\"elementor-element elementor-element-59c5302 elementor-widget elementor-widget-sidebar\" data-id=\"59c5302\" data-element_type=\"widget\" data-widget_type=\"sidebar.default\">\n\t\t\t\t<div class=\"elementor-widget-container\">\n\t\t\t<aside id=\"beqkqdgswm-2\" class=\"widget beqkqdgswm\"><div class=\"g g-1\"><div class=\"g-single a-260\"><a class=\"gofollow\" data-track=\"MjYwLDEsMzA=\" href=\"https:\/\/forumcinemas.lt\/lt\/movie\/imax-tv3-premiere-project-hail-mary\/\"><img decoding=\"async\" src=\"https:\/\/forumcinemas.lt\/app\/uploads\/2026\/03\/PHM_LT_KP_Marcus_MWB_3840x875-Custom.jpg\" \/><\/a><\/div><\/div><\/aside>\t\t<\/div>\n\t\t\t\t<\/div>\n\t\t\t\t<div class=\"elementor-element elementor-element-04b35c0 elementor-widget elementor-widget-heading\" data-id=\"04b35c0\" data-element_type=\"widget\" data-widget_type=\"heading.default\">\n\t\t\t\t<div class=\"elementor-widget-container\">\n\t\t\t<style>\/*! elementor - v3.23.0 - 15-07-2024 *\/\n.elementor-heading-title{padding:0;margin:0;line-height:1}.elementor-widget-heading .elementor-heading-title[class*=elementor-size-]>a{color:inherit;font-size:inherit;line-height:inherit}.elementor-widget-heading .elementor-heading-title.elementor-size-small{font-size:15px}.elementor-widget-heading .elementor-heading-title.elementor-size-medium{font-size:19px}.elementor-widget-heading .elementor-heading-title.elementor-size-large{font-size:29px}.elementor-widget-heading .elementor-heading-title.elementor-size-xl{font-size:39px}.elementor-widget-heading .elementor-heading-title.elementor-size-xxl{font-size:59px}<\/style><h2 class=\"elementor-heading-title elementor-size-default\">Lankot\u0117s naujajame FORUM CINEMAS interneto puslapyje.\nPrisijungdami prie savo paskyros, b\u016bsite pakviesti atsinaujinti slapta\u017eod\u012f.<\/h2>\t\t<\/div>\n\t\t\t\t<\/div>\n\t\t\t\t\t<\/div>\n\t\t\t\t<\/div>\n\t\t<div class=\"elementor-element elementor-element-7320987 e-flex e-con-boxed e-con e-parent\" data-id=\"7320987\" data-element_type=\"container\">\n\t\t\t\t\t<div class=\"e-con-inner\">\n\t\t\t\t<div class=\"elementor-element elementor-element-0ce11ba elementor-widget elementor-widget-daily-program\" data-id=\"0ce11ba\" data-element_type=\"widget\" data-widget_type=\"daily-program.default\">\n\t\t\t\t<div class=\"elementor-widget-container\">\n\t\t\t<pc-size-detector><\/pc-size-detector><daily-program class=\"loading-component\" categories=\"\" shuffle=\"prepend\" options='{\"showFilters\": true, \"showScreenFeature\": true, \"showAgeRating\": true, \"ageRatingDisplayTypes\": [\"icon\",\"value\"], \"showDescription\": true, \"showCast\": true, \"showDuration\": true, \"multipleDays\": false, \"multipleDaysQuantity\": 0, \"showMultipleDaysDateRange\": false, \"showTags\": true, \"tagsToShow\": [], \"filterOptions\": {\"showDatePanel\": true,\"showDateNavigation\": true,\"showMoreFilters\": true,\"showQuickFilters\": true,\"showLanguages\": true,\"showCinemas\": true,\"showGenres\": true,\"defaultCinemas\": [],\"defaultGenres\": [],\"availableQuickFilters\": [],\"defaultQuickFilters\": [],\"quickFiltersMode\": \"sum\",\"dynamicQuickFilters\": false,\"defaultTagGroups\": [],\"defaultTags\": [],\"availableTagGroups\": [],\"content\": \"all\",\"isTimeRange\": false,\"timeFrom\": \"\",\"timeTo\": \"\"},\"layout\":{\"mobile\":\"col2\",\"tablet\":\"col2\",\"desktop\":\"col2\"},\"groupingOrder\": [],\"screeningsGroupingLayout\": \"extended\", \"cardOptions\": {\"direction\": \"row\", \"imageToDisplay\": \"first\"}}'><\/daily-program>\t\t<\/div>\n\t\t\t\t<\/div>\n\t\t\t\t<div class=\"elementor-element elementor-element-97bb1e1 elementor-widget elementor-widget-sidebar\" data-id=\"97bb1e1\" data-element_type=\"widget\" data-widget_type=\"sidebar.default\">\n\t\t\t\t<div class=\"elementor-widget-container\">\n\t\t\t<aside id=\"beqkqdgswm-3\" class=\"widget beqkqdgswm\"><div class=\"g g-3\"><div class=\"g-single a-208\"><a class=\"gofollow\" data-track=\"MjA4LDMsMzA=\" href=\"https:\/\/forumcinemas.lt\/lt\/kinopavasaris\/\"><img decoding=\"async\" src=\"https:\/\/forumcinemas.lt\/app\/uploads\/2026\/02\/2026-02-02-KP26_KV01_FC_3840x875-Custom-Custom.jpg\" \/><\/a><\/div><\/div><\/aside>\t\t<\/div>\n\t\t\t\t<\/div>\n\t\t\t\t<div class=\"elementor-element elementor-element-22b34cc elementor-widget elementor-widget-sidebar\" data-id=\"22b34cc\" data-element_type=\"widget\" data-widget_type=\"sidebar.default\">\n\t\t\t\t<div class=\"elementor-widget-container\">\n\t\t\t<aside id=\"beqkqdgswm-2\" class=\"widget beqkqdgswm\"><div class=\"g g-1\"><div class=\"g-single a-262\"><a class=\"gofollow\" data-track=\"MjYyLDEsMzA=\" href=\"https:\/\/forumcinemas.lt\/lt\/movie\/raiders-of-the-lost-ark\/\"><img decoding=\"async\" src=\"https:\/\/forumcinemas.lt\/app\/uploads\/2026\/03\/Indiana-Jones_3840x875-Custom.jpg\" \/><\/a><\/div><\/div><\/aside>\t\t<\/div>\n\t\t\t\t<\/div>\n\t\t\t\t\t<\/div>\n\t\t\t\t<\/div>\n\t\t\t\t<\/div>\n\t\t","protected":false},"excerpt":{"rendered":"<p>Lankot\u0117s naujajame FORUM CINEMAS interneto puslapyje. Prisijungdami prie savo paskyros, b\u016bsite pakviesti atsinaujinti slapta\u017eod\u012f.<\/p>\n","protected":false},"author":1,"featured_media":0,"parent":0,"menu_order":0,"comment_status":"closed","ping_status":"closed","template":"","meta":{"_acf_changed":false,"footnotes":""},"acf":[],"yoast_head":"<!-- This site is optimized with the Yoast SEO plugin v23.0 - https:\/\/yoast.com\/wordpress\/plugins\/seo\/ -->\n<title>Pagrindinis - Forum Cinemas kino teatras<\/title>\n<meta name=\"robots\" content=\"index, follow, max-snippet:-1, max-image-preview:large, max-video-preview:-1\" \/>\n<link rel=\"canonical\" href=\"https:\/\/forumcinemas.lt\/lt\/\" \/>\n<meta property=\"og:locale\" content=\"lt_LT\" \/>\n<meta property=\"og:type\" content=\"article\" \/>\n<meta property=\"og:title\" content=\"Pagrindinis - Forum Cinemas kino teatras\" \/>\n<meta property=\"og:description\" content=\"Lankot\u0117s naujajame FORUM CINEMAS interneto puslapyje. Prisijungdami prie savo paskyros, b\u016bsite pakviesti atsinaujinti slapta\u017eod\u012f.\" \/>\n<meta property=\"og:url\" content=\"https:\/\/forumcinemas.lt\/lt\/\" \/>\n<meta property=\"og:site_name\" content=\"Forum Cinemas kino teatras\" \/>\n<meta property=\"article:modified_time\" content=\"2026-03-10T12:53:45+00:00\" \/>\n<meta name=\"twitter:card\" content=\"summary_large_image\" \/>\n<meta name=\"twitter:label1\" content=\"Est. reading time\" \/>\n\t<meta name=\"twitter:data1\" content=\"159 minutes\" \/>\n<script type=\"application\/ld+json\" class=\"yoast-schema-graph\">{\"@context\":\"https:\/\/schema.org\",\"@graph\":[{\"@type\":\"WebPage\",\"@id\":\"https:\/\/forumcinemas.lt\/lt\/\",\"url\":\"https:\/\/forumcinemas.lt\/lt\/\",\"name\":\"Pagrindinis - Forum Cinemas kino teatras\",\"isPartOf\":{\"@id\":\"https:\/\/forumcinemas.lt\/lt\/#website\"},\"datePublished\":\"2025-07-28T11:34:08+00:00\",\"dateModified\":\"2026-03-10T12:53:45+00:00\",\"breadcrumb\":{\"@id\":\"https:\/\/forumcinemas.lt\/lt\/#breadcrumb\"},\"inLanguage\":\"lt-LT\",\"potentialAction\":[{\"@type\":\"ReadAction\",\"target\":[\"https:\/\/forumcinemas.lt\/lt\/\"]}]},{\"@type\":\"BreadcrumbList\",\"@id\":\"https:\/\/forumcinemas.lt\/lt\/#breadcrumb\",\"itemListElement\":[{\"@type\":\"ListItem\",\"position\":1,\"name\":\"Home\",\"item\":\"https:\/\/forumcinemas.lt\/lt\/\"},{\"@type\":\"ListItem\",\"position\":2,\"name\":\"Pagrindinis\"}]},{\"@type\":\"WebSite\",\"@id\":\"https:\/\/forumcinemas.lt\/lt\/#website\",\"url\":\"https:\/\/forumcinemas.lt\/lt\/\",\"name\":\"Forum Cinemas kino teatras\",\"description\":\"\",\"potentialAction\":[{\"@type\":\"SearchAction\",\"target\":{\"@type\":\"EntryPoint\",\"urlTemplate\":\"https:\/\/forumcinemas.lt\/lt\/?s={search_term_string}\"},\"query-input\":\"required name=search_term_string\"}],\"inLanguage\":\"lt-LT\"}]}<\/script>\n<!-- \/ Yoast SEO plugin. -->","yoast_head_json":{"title":"Pagrindinis - Forum Cinemas kino teatras","robots":{"index":"index","follow":"follow","max-snippet":"max-snippet:-1","max-image-preview":"max-image-preview:large","max-video-preview":"max-video-preview:-1"},"canonical":"https:\/\/forumcinemas.lt\/lt\/","og_locale":"lt_LT","og_type":"article","og_title":"Pagrindinis - Forum Cinemas kino teatras","og_description":"Lankot\u0117s naujajame FORUM CINEMAS interneto puslapyje. Prisijungdami prie savo paskyros, b\u016bsite pakviesti atsinaujinti slapta\u017eod\u012f.","og_url":"https:\/\/forumcinemas.lt\/lt\/","og_site_name":"Forum Cinemas kino teatras","article_modified_time":"2026-03-10T12:53:45+00:00","twitter_card":"summary_large_image","twitter_misc":{"Est. reading time":"159 minutes"},"schema":{"@context":"https:\/\/schema.org","@graph":[{"@type":"WebPage","@id":"https:\/\/forumcinemas.lt\/lt\/","url":"https:\/\/forumcinemas.lt\/lt\/","name":"Pagrindinis - Forum Cinemas kino teatras","isPartOf":{"@id":"https:\/\/forumcinemas.lt\/lt\/#website"},"datePublished":"2025-07-28T11:34:08+00:00","dateModified":"2026-03-10T12:53:45+00:00","breadcrumb":{"@id":"https:\/\/forumcinemas.lt\/lt\/#breadcrumb"},"inLanguage":"lt-LT","potentialAction":[{"@type":"ReadAction","target":["https:\/\/forumcinemas.lt\/lt\/"]}]},{"@type":"BreadcrumbList","@id":"https:\/\/forumcinemas.lt\/lt\/#breadcrumb","itemListElement":[{"@type":"ListItem","position":1,"name":"Home","item":"https:\/\/forumcinemas.lt\/lt\/"},{"@type":"ListItem","position":2,"name":"Pagrindinis"}]},{"@type":"WebSite","@id":"https:\/\/forumcinemas.lt\/lt\/#website","url":"https:\/\/forumcinemas.lt\/lt\/","name":"Forum Cinemas kino teatras","description":"","potentialAction":[{"@type":"SearchAction","target":{"@type":"EntryPoint","urlTemplate":"https:\/\/forumcinemas.lt\/lt\/?s={search_term_string}"},"query-input":"required name=search_term_string"}],"inLanguage":"lt-LT"}]}},"_links":{"self":[{"href":"https:\/\/forumcinemas.lt\/lt\/wp-json\/wp\/v2\/pages\/1624"}],"collection":[{"href":"https:\/\/forumcinemas.lt\/lt\/wp-json\/wp\/v2\/pages"}],"about":[{"href":"https:\/\/forumcinemas.lt\/lt\/wp-json\/wp\/v2\/types\/page"}],"author":[{"embeddable":true,"href":"https:\/\/forumcinemas.lt\/lt\/wp-json\/wp\/v2\/users\/1"}],"replies":[{"embeddable":true,"href":"https:\/\/forumcinemas.lt\/lt\/wp-json\/wp\/v2\/comments?post=1624"}],"version-history":[{"count":154,"href":"https:\/\/forumcinemas.lt\/lt\/wp-json\/wp\/v2\/pages\/1624\/revisions"}],"predecessor-version":[{"id":7595,"href":"https:\/\/forumcinemas.lt\/lt\/wp-json\/wp\/v2\/pages\/1624\/revisions\/7595"}],"wp:attachment":[{"href":"https:\/\/forumcinemas.lt\/lt\/wp-json\/wp\/v2\/media?parent=1624"}],"curies":[{"name":"wp","href":"https:\/\/api.w.org\/{rel}","templated":true}]}}