{"id":1619,"date":"2025-08-19T13:38:05","date_gmt":"2025-08-19T13:38:05","guid":{"rendered":"https:\/\/forumcinemas.lt\/kinas\/klaipeda\/"},"modified":"2025-11-30T21:38:19","modified_gmt":"2025-11-30T21:38:19","slug":"klaipeda","status":"publish","type":"page","link":"https:\/\/forumcinemas.lt\/lt\/kinas\/klaipeda\/","title":{"rendered":"Klaip\u0117da"},"content":{"rendered":"\t\t<div data-elementor-type=\"wp-page\" data-elementor-id=\"1619\" class=\"elementor elementor-1619 elementor-924\" data-elementor-post-type=\"page\">\n\t\t\t\t<div class=\"elementor-element elementor-element-457b1192 e-flex e-con-boxed e-con e-parent\" data-id=\"457b1192\" data-element_type=\"container\" data-settings=\"{&quot;background_background&quot;:&quot;classic&quot;}\">\n\t\t\t\t\t<div class=\"e-con-inner\">\n\t\t<div class=\"elementor-element elementor-element-2e513719 e-con-full e-flex e-con e-child\" data-id=\"2e513719\" data-element_type=\"container\">\n\t\t\t\t<div class=\"elementor-element elementor-element-3f5ebd3b elementor-widget__width-inherit elementor-widget elementor-widget-text-editor\" data-id=\"3f5ebd3b\" data-element_type=\"widget\" data-widget_type=\"text-editor.default\">\n\t\t\t\t<div class=\"elementor-widget-container\">\n\t\t\t<style>\/*! elementor - v3.23.0 - 15-07-2024 *\/\n.elementor-widget-text-editor.elementor-drop-cap-view-stacked .elementor-drop-cap{background-color:#69727d;color:#fff}.elementor-widget-text-editor.elementor-drop-cap-view-framed .elementor-drop-cap{color:#69727d;border:3px solid;background-color:transparent}.elementor-widget-text-editor:not(.elementor-drop-cap-view-default) .elementor-drop-cap{margin-top:8px}.elementor-widget-text-editor:not(.elementor-drop-cap-view-default) .elementor-drop-cap-letter{width:1em;height:1em}.elementor-widget-text-editor .elementor-drop-cap{float:left;text-align:center;line-height:1;font-size:50px}.elementor-widget-text-editor .elementor-drop-cap-letter{display:inline-block}<\/style>\t\t\t\t<h2>FORUM CINEMAS KLAIP\u0116DOJE<\/h2><p>Kino centre yra \u0161e\u0161ios kino sal\u0117s, kuriose telpa 920\u00a0\u017ei\u016brov\u0173, taip pat veikia ir 2 Digital 3D skaitmeninio kino sal\u0117s, kuriose galima m\u0117gautis trima\u010dio kino efektais. \u017di\u016brovai gali d\u017eiaugtis kone visomis kino premjeromis, kurios rodomos ir sostin\u0117je. \u010cia taip pat vyksta populiariosios \u201eYomayo\u201c\u00a0kino dienos, did\u017eiausi Lietuvos kino festivaliai \u201eScanorama\u201c\u00a0ir \u201eKino pavasaris\u201c.\u201eForum Cinemas&#8221; kino centras \u012fsik\u016br\u0119s Klaip\u0117doje, pramog\u0173 ir prekybos centre \u201eAkropolis\u201c.<\/p><p>2021 gruod\u017eio m\u0117nes\u012f atidaryta iLUXE kino sal\u0117. Relax &amp; Recline &#8211; LUXE &#8211; tai visi\u0161kai naujas kino standartas. Maksimaliai i\u0161didintas ekranas. PREMIUM, ypa\u010d patog\u016bs daugiafunkciai kr\u0117slai.<\/p><p><u><strong>Kino centro adresas<\/strong><\/u>: Taikos pr. 61, Klaip\u0117da.\u00a0\u00a0\u00a0\u00a0\u00a0\u00a0\u00a0\u00a0<\/p><p><u><strong>Darbo laikas<\/strong><\/u>: kasdien nuo 10.00 val.\u00a0iki 22.00 val.\u00a0<\/p>\t\t\t\t\t\t<\/div>\n\t\t\t\t<\/div>\n\t\t\t\t<\/div>\n\t\t<div class=\"elementor-element elementor-element-3d8f7254 e-con-full e-flex e-con e-child\" data-id=\"3d8f7254\" data-element_type=\"container\">\n\t\t\t\t<div class=\"elementor-element elementor-element-5b5cb2ac elementor-widget elementor-widget-image\" data-id=\"5b5cb2ac\" data-element_type=\"widget\" data-widget_type=\"image.default\">\n\t\t\t\t<div class=\"elementor-widget-container\">\n\t\t\t<style>\/*! elementor - v3.23.0 - 15-07-2024 *\/\n.elementor-widget-image{text-align:center}.elementor-widget-image a{display:inline-block}.elementor-widget-image a img[src$=\".svg\"]{width:48px}.elementor-widget-image img{vertical-align:middle;display:inline-block}<\/style>\t\t\t\t\t\t\t\t\t\t\t<a href=\"https:\/\/forumcinemas.lt\/app\/uploads\/2025\/11\/forum-cinemas-klaipeda1.png\" data-elementor-open-lightbox=\"yes\" data-elementor-lightbox-title=\"forum-cinemas-klaipeda[1]\" data-e-action-hash=\"#elementor-action%3Aaction%3Dlightbox%26settings%3DeyJpZCI6NTI1MywidXJsIjoiaHR0cHM6XC9cL2ZvcnVtY2luZW1hcy5sdFwvYXBwXC91cGxvYWRzXC8yMDI1XC8xMVwvZm9ydW0tY2luZW1hcy1rbGFpcGVkYTEucG5nIn0%3D\">\n\t\t\t\t\t\t\t<img fetchpriority=\"high\" decoding=\"async\" width=\"300\" height=\"208\" src=\"https:\/\/forumcinemas.lt\/app\/uploads\/2025\/11\/forum-cinemas-klaipeda1-300x208.png\" class=\"attachment-medium size-medium wp-image-5253\" alt=\"\" srcset=\"https:\/\/forumcinemas.lt\/app\/uploads\/2025\/11\/forum-cinemas-klaipeda1-300x208.png 300w, https:\/\/forumcinemas.lt\/app\/uploads\/2025\/11\/forum-cinemas-klaipeda1-460x319.png 460w, https:\/\/forumcinemas.lt\/app\/uploads\/2025\/11\/forum-cinemas-klaipeda1.png 750w\" sizes=\"(max-width: 300px) 100vw, 300px\" \/>\t\t\t\t\t\t\t\t<\/a>\n\t\t\t\t\t\t\t\t\t\t\t\t\t<\/div>\n\t\t\t\t<\/div>\n\t\t\t\t<\/div>\n\t\t\t\t\t<\/div>\n\t\t\t\t<\/div>\n\t\t<div class=\"elementor-element elementor-element-3b62d905 e-flex e-con-boxed e-con e-parent\" data-id=\"3b62d905\" data-element_type=\"container\" data-settings=\"{&quot;background_background&quot;:&quot;classic&quot;}\">\n\t\t\t\t\t<div class=\"e-con-inner\">\n\t\t<div class=\"elementor-element elementor-element-41552aa9 e-con-full e-flex e-con e-child\" data-id=\"41552aa9\" data-element_type=\"container\">\n\t\t\t\t<div class=\"elementor-element elementor-element-22da09ab elementor-widget elementor-widget-image\" data-id=\"22da09ab\" data-element_type=\"widget\" data-widget_type=\"image.default\">\n\t\t\t\t<div class=\"elementor-widget-container\">\n\t\t\t\t\t\t\t\t\t\t\t\t\t\t<a href=\"https:\/\/forumcinemas.lt\/app\/uploads\/2025\/11\/BILIETU_KAINOS_FC_251117.pdf.jpg\" data-elementor-open-lightbox=\"yes\" data-elementor-lightbox-title=\"BILIETU_KAINOS_FC_251117.pdf\" data-e-action-hash=\"#elementor-action%3Aaction%3Dlightbox%26settings%3DeyJpZCI6NDc0NiwidXJsIjoiaHR0cHM6XC9cL2ZvcnVtY2luZW1hcy5sdFwvYXBwXC91cGxvYWRzXC8yMDI1XC8xMVwvQklMSUVUVV9LQUlOT1NfRkNfMjUxMTE3LnBkZi5qcGcifQ%3D%3D\">\n\t\t\t\t\t\t\t<img decoding=\"async\" width=\"212\" height=\"300\" src=\"https:\/\/forumcinemas.lt\/app\/uploads\/2025\/11\/BILIETU_KAINOS_FC_251117.pdf-212x300.jpg\" class=\"attachment-medium size-medium wp-image-4746\" alt=\"\" srcset=\"https:\/\/forumcinemas.lt\/app\/uploads\/2025\/11\/BILIETU_KAINOS_FC_251117.pdf-212x300.jpg 212w, https:\/\/forumcinemas.lt\/app\/uploads\/2025\/11\/BILIETU_KAINOS_FC_251117.pdf-724x1024.jpg 724w, https:\/\/forumcinemas.lt\/app\/uploads\/2025\/11\/BILIETU_KAINOS_FC_251117.pdf-768x1086.jpg 768w, https:\/\/forumcinemas.lt\/app\/uploads\/2025\/11\/BILIETU_KAINOS_FC_251117.pdf-1086x1536.jpg 1086w, https:\/\/forumcinemas.lt\/app\/uploads\/2025\/11\/BILIETU_KAINOS_FC_251117.pdf-452x640.jpg 452w, https:\/\/forumcinemas.lt\/app\/uploads\/2025\/11\/BILIETU_KAINOS_FC_251117.pdf.jpg 1414w\" sizes=\"(max-width: 212px) 100vw, 212px\" \/>\t\t\t\t\t\t\t\t<\/a>\n\t\t\t\t\t\t\t\t\t\t\t\t\t<\/div>\n\t\t\t\t<\/div>\n\t\t\t\t<\/div>\n\t\t\t\t\t<\/div>\n\t\t\t\t<\/div>\n\t\t\t\t<\/div>\n\t\t","protected":false},"excerpt":{"rendered":"<p>FORUM CINEMAS KLAIP\u0116DOJE Kino centre yra \u0161e\u0161ios kino sal\u0117s, kuriose telpa 920\u00a0\u017ei\u016brov\u0173, taip pat veikia ir 2 Digital 3D skaitmeninio kino sal\u0117s, kuriose galima m\u0117gautis trima\u010dio kino efektais. \u017di\u016brovai gali d\u017eiaugtis kone visomis kino premjeromis, kurios rodomos ir sostin\u0117je. \u010cia taip pat vyksta populiariosios \u201eYomayo\u201c\u00a0kino dienos, did\u017eiausi Lietuvos kino festivaliai \u201eScanorama\u201c\u00a0ir \u201eKino pavasaris\u201c.\u201eForum Cinemas&#8221; kino [&hellip;]<\/p>\n","protected":false},"author":1,"featured_media":0,"parent":1616,"menu_order":0,"comment_status":"closed","ping_status":"closed","template":"","meta":{"_acf_changed":false,"footnotes":""},"acf":[],"yoast_head":"<!-- This site is optimized with the Yoast SEO plugin v23.0 - https:\/\/yoast.com\/wordpress\/plugins\/seo\/ -->\n<title>Klaip\u0117da - Forum Cinemas kino teatras<\/title>\n<meta name=\"robots\" content=\"index, follow, max-snippet:-1, max-image-preview:large, max-video-preview:-1\" \/>\n<link rel=\"canonical\" href=\"https:\/\/forumcinemas.lt\/lt\/kinas\/klaipeda\/\" \/>\n<meta property=\"og:locale\" content=\"lt_LT\" \/>\n<meta property=\"og:type\" content=\"article\" \/>\n<meta property=\"og:title\" content=\"Klaip\u0117da - Forum Cinemas kino teatras\" \/>\n<meta property=\"og:description\" content=\"FORUM CINEMAS KLAIP\u0116DOJE Kino centre yra \u0161e\u0161ios kino sal\u0117s, kuriose telpa 920\u00a0\u017ei\u016brov\u0173, taip pat veikia ir 2 Digital 3D skaitmeninio kino sal\u0117s, kuriose galima m\u0117gautis trima\u010dio kino efektais. \u017di\u016brovai gali d\u017eiaugtis kone visomis kino premjeromis, kurios rodomos ir sostin\u0117je. \u010cia taip pat vyksta populiariosios \u201eYomayo\u201c\u00a0kino dienos, did\u017eiausi Lietuvos kino festivaliai \u201eScanorama\u201c\u00a0ir \u201eKino pavasaris\u201c.\u201eForum Cinemas&#8221; kino [&hellip;]\" \/>\n<meta property=\"og:url\" content=\"https:\/\/forumcinemas.lt\/lt\/kinas\/klaipeda\/\" \/>\n<meta property=\"og:site_name\" content=\"Forum Cinemas kino teatras\" \/>\n<meta property=\"article:modified_time\" content=\"2025-11-30T21:38:19+00:00\" \/>\n<meta property=\"og:image\" content=\"https:\/\/forumcinemas.lt\/app\/uploads\/2025\/11\/forum-cinemas-klaipeda1-300x208.png\" \/>\n<meta name=\"twitter:card\" content=\"summary_large_image\" \/>\n<meta name=\"twitter:label1\" content=\"Est. reading time\" \/>\n\t<meta name=\"twitter:data1\" content=\"1 minute\" \/>\n<script type=\"application\/ld+json\" class=\"yoast-schema-graph\">{\"@context\":\"https:\/\/schema.org\",\"@graph\":[{\"@type\":\"WebPage\",\"@id\":\"https:\/\/forumcinemas.lt\/lt\/kinas\/klaipeda\/\",\"url\":\"https:\/\/forumcinemas.lt\/lt\/kinas\/klaipeda\/\",\"name\":\"Klaip\u0117da - Forum Cinemas kino teatras\",\"isPartOf\":{\"@id\":\"https:\/\/forumcinemas.lt\/lt\/#website\"},\"primaryImageOfPage\":{\"@id\":\"https:\/\/forumcinemas.lt\/lt\/kinas\/klaipeda\/#primaryimage\"},\"image\":{\"@id\":\"https:\/\/forumcinemas.lt\/lt\/kinas\/klaipeda\/#primaryimage\"},\"thumbnailUrl\":\"https:\/\/forumcinemas.lt\/app\/uploads\/2025\/11\/forum-cinemas-klaipeda1-300x208.png\",\"datePublished\":\"2025-08-19T13:38:05+00:00\",\"dateModified\":\"2025-11-30T21:38:19+00:00\",\"breadcrumb\":{\"@id\":\"https:\/\/forumcinemas.lt\/lt\/kinas\/klaipeda\/#breadcrumb\"},\"inLanguage\":\"lt-LT\",\"potentialAction\":[{\"@type\":\"ReadAction\",\"target\":[\"https:\/\/forumcinemas.lt\/lt\/kinas\/klaipeda\/\"]}]},{\"@type\":\"ImageObject\",\"inLanguage\":\"lt-LT\",\"@id\":\"https:\/\/forumcinemas.lt\/lt\/kinas\/klaipeda\/#primaryimage\",\"url\":\"https:\/\/forumcinemas.lt\/app\/uploads\/2025\/11\/forum-cinemas-klaipeda1-300x208.png\",\"contentUrl\":\"https:\/\/forumcinemas.lt\/app\/uploads\/2025\/11\/forum-cinemas-klaipeda1-300x208.png\"},{\"@type\":\"BreadcrumbList\",\"@id\":\"https:\/\/forumcinemas.lt\/lt\/kinas\/klaipeda\/#breadcrumb\",\"itemListElement\":[{\"@type\":\"ListItem\",\"position\":1,\"name\":\"Home\",\"item\":\"https:\/\/forumcinemas.lt\/lt\/\"},{\"@type\":\"ListItem\",\"position\":2,\"name\":\"kinas\",\"item\":\"https:\/\/forumcinemas.lt\/lt\/kinas\/\"},{\"@type\":\"ListItem\",\"position\":3,\"name\":\"Klaip\u0117da\"}]},{\"@type\":\"WebSite\",\"@id\":\"https:\/\/forumcinemas.lt\/lt\/#website\",\"url\":\"https:\/\/forumcinemas.lt\/lt\/\",\"name\":\"Forum Cinemas kino teatras\",\"description\":\"\",\"potentialAction\":[{\"@type\":\"SearchAction\",\"target\":{\"@type\":\"EntryPoint\",\"urlTemplate\":\"https:\/\/forumcinemas.lt\/lt\/?s={search_term_string}\"},\"query-input\":\"required name=search_term_string\"}],\"inLanguage\":\"lt-LT\"}]}<\/script>\n<!-- \/ Yoast SEO plugin. -->","yoast_head_json":{"title":"Klaip\u0117da - Forum Cinemas kino teatras","robots":{"index":"index","follow":"follow","max-snippet":"max-snippet:-1","max-image-preview":"max-image-preview:large","max-video-preview":"max-video-preview:-1"},"canonical":"https:\/\/forumcinemas.lt\/lt\/kinas\/klaipeda\/","og_locale":"lt_LT","og_type":"article","og_title":"Klaip\u0117da - Forum Cinemas kino teatras","og_description":"FORUM CINEMAS KLAIP\u0116DOJE Kino centre yra \u0161e\u0161ios kino sal\u0117s, kuriose telpa 920\u00a0\u017ei\u016brov\u0173, taip pat veikia ir 2 Digital 3D skaitmeninio kino sal\u0117s, kuriose galima m\u0117gautis trima\u010dio kino efektais. \u017di\u016brovai gali d\u017eiaugtis kone visomis kino premjeromis, kurios rodomos ir sostin\u0117je. \u010cia taip pat vyksta populiariosios \u201eYomayo\u201c\u00a0kino dienos, did\u017eiausi Lietuvos kino festivaliai \u201eScanorama\u201c\u00a0ir \u201eKino pavasaris\u201c.\u201eForum Cinemas&#8221; kino [&hellip;]","og_url":"https:\/\/forumcinemas.lt\/lt\/kinas\/klaipeda\/","og_site_name":"Forum Cinemas kino teatras","article_modified_time":"2025-11-30T21:38:19+00:00","og_image":[{"url":"https:\/\/forumcinemas.lt\/app\/uploads\/2025\/11\/forum-cinemas-klaipeda1-300x208.png"}],"twitter_card":"summary_large_image","twitter_misc":{"Est. reading time":"1 minute"},"schema":{"@context":"https:\/\/schema.org","@graph":[{"@type":"WebPage","@id":"https:\/\/forumcinemas.lt\/lt\/kinas\/klaipeda\/","url":"https:\/\/forumcinemas.lt\/lt\/kinas\/klaipeda\/","name":"Klaip\u0117da - Forum Cinemas kino teatras","isPartOf":{"@id":"https:\/\/forumcinemas.lt\/lt\/#website"},"primaryImageOfPage":{"@id":"https:\/\/forumcinemas.lt\/lt\/kinas\/klaipeda\/#primaryimage"},"image":{"@id":"https:\/\/forumcinemas.lt\/lt\/kinas\/klaipeda\/#primaryimage"},"thumbnailUrl":"https:\/\/forumcinemas.lt\/app\/uploads\/2025\/11\/forum-cinemas-klaipeda1-300x208.png","datePublished":"2025-08-19T13:38:05+00:00","dateModified":"2025-11-30T21:38:19+00:00","breadcrumb":{"@id":"https:\/\/forumcinemas.lt\/lt\/kinas\/klaipeda\/#breadcrumb"},"inLanguage":"lt-LT","potentialAction":[{"@type":"ReadAction","target":["https:\/\/forumcinemas.lt\/lt\/kinas\/klaipeda\/"]}]},{"@type":"ImageObject","inLanguage":"lt-LT","@id":"https:\/\/forumcinemas.lt\/lt\/kinas\/klaipeda\/#primaryimage","url":"https:\/\/forumcinemas.lt\/app\/uploads\/2025\/11\/forum-cinemas-klaipeda1-300x208.png","contentUrl":"https:\/\/forumcinemas.lt\/app\/uploads\/2025\/11\/forum-cinemas-klaipeda1-300x208.png"},{"@type":"BreadcrumbList","@id":"https:\/\/forumcinemas.lt\/lt\/kinas\/klaipeda\/#breadcrumb","itemListElement":[{"@type":"ListItem","position":1,"name":"Home","item":"https:\/\/forumcinemas.lt\/lt\/"},{"@type":"ListItem","position":2,"name":"kinas","item":"https:\/\/forumcinemas.lt\/lt\/kinas\/"},{"@type":"ListItem","position":3,"name":"Klaip\u0117da"}]},{"@type":"WebSite","@id":"https:\/\/forumcinemas.lt\/lt\/#website","url":"https:\/\/forumcinemas.lt\/lt\/","name":"Forum Cinemas kino teatras","description":"","potentialAction":[{"@type":"SearchAction","target":{"@type":"EntryPoint","urlTemplate":"https:\/\/forumcinemas.lt\/lt\/?s={search_term_string}"},"query-input":"required name=search_term_string"}],"inLanguage":"lt-LT"}]}},"_links":{"self":[{"href":"https:\/\/forumcinemas.lt\/lt\/wp-json\/wp\/v2\/pages\/1619"}],"collection":[{"href":"https:\/\/forumcinemas.lt\/lt\/wp-json\/wp\/v2\/pages"}],"about":[{"href":"https:\/\/forumcinemas.lt\/lt\/wp-json\/wp\/v2\/types\/page"}],"author":[{"embeddable":true,"href":"https:\/\/forumcinemas.lt\/lt\/wp-json\/wp\/v2\/users\/1"}],"replies":[{"embeddable":true,"href":"https:\/\/forumcinemas.lt\/lt\/wp-json\/wp\/v2\/comments?post=1619"}],"version-history":[{"count":22,"href":"https:\/\/forumcinemas.lt\/lt\/wp-json\/wp\/v2\/pages\/1619\/revisions"}],"predecessor-version":[{"id":5257,"href":"https:\/\/forumcinemas.lt\/lt\/wp-json\/wp\/v2\/pages\/1619\/revisions\/5257"}],"up":[{"embeddable":true,"href":"https:\/\/forumcinemas.lt\/lt\/wp-json\/wp\/v2\/pages\/1616"}],"wp:attachment":[{"href":"https:\/\/forumcinemas.lt\/lt\/wp-json\/wp\/v2\/media?parent=1619"}],"curies":[{"name":"wp","href":"https:\/\/api.w.org\/{rel}","templated":true}]}}