{"id":1618,"date":"2025-08-19T13:38:20","date_gmt":"2025-08-19T13:38:20","guid":{"rendered":"https:\/\/forumcinemas.lt\/kinas\/siauliai\/"},"modified":"2025-11-30T21:38:46","modified_gmt":"2025-11-30T21:38:46","slug":"siauliai","status":"publish","type":"page","link":"https:\/\/forumcinemas.lt\/lt\/kinas\/siauliai\/","title":{"rendered":"\u0160iauliai"},"content":{"rendered":"\t\t<div data-elementor-type=\"wp-page\" data-elementor-id=\"1618\" class=\"elementor elementor-1618 elementor-926\" data-elementor-post-type=\"page\">\n\t\t\t\t<div class=\"elementor-element elementor-element-5499bccf e-flex e-con-boxed e-con e-parent\" data-id=\"5499bccf\" data-element_type=\"container\" data-settings=\"{&quot;background_background&quot;:&quot;classic&quot;}\">\n\t\t\t\t\t<div class=\"e-con-inner\">\n\t\t<div class=\"elementor-element elementor-element-3bbd7399 e-con-full e-flex e-con e-child\" data-id=\"3bbd7399\" data-element_type=\"container\">\n\t\t\t\t<div class=\"elementor-element elementor-element-7755439e elementor-widget__width-inherit elementor-widget elementor-widget-text-editor\" data-id=\"7755439e\" data-element_type=\"widget\" data-widget_type=\"text-editor.default\">\n\t\t\t\t<div class=\"elementor-widget-container\">\n\t\t\t<style>\/*! elementor - v3.23.0 - 15-07-2024 *\/\n.elementor-widget-text-editor.elementor-drop-cap-view-stacked .elementor-drop-cap{background-color:#69727d;color:#fff}.elementor-widget-text-editor.elementor-drop-cap-view-framed .elementor-drop-cap{color:#69727d;border:3px solid;background-color:transparent}.elementor-widget-text-editor:not(.elementor-drop-cap-view-default) .elementor-drop-cap{margin-top:8px}.elementor-widget-text-editor:not(.elementor-drop-cap-view-default) .elementor-drop-cap-letter{width:1em;height:1em}.elementor-widget-text-editor .elementor-drop-cap{float:left;text-align:center;line-height:1;font-size:50px}.elementor-widget-text-editor .elementor-drop-cap-letter{display:inline-block}<\/style>\t\t\t\t<h2>FORUM CINEMAS \u0160IAULIUOSE<\/h2><p>\u201eForum Cinemas\u201c kino centras \u0160iauliuose, atsidar\u0119s kartu su pramog\u0173 ir prekybos centru AKROPOLIS.<br \/><br \/>Pagal \u010dia telpan\u010di\u0173 \u017ei\u016brov\u0173 skai\u010di\u0173 \u2013 tai did\u017eiausias kino centras ketvirtajame pagal dyd\u012f Lietuvos mieste. Kino centre vienu metu filmus gali \u017ei\u016br\u0117ti 1 000 \u0160iauli\u0173 kino filmo m\u0117g\u0117j\u0173. Jame veikia 5 kino sal\u0117s, kuriose \u012frengta nuo 134 iki 378 viet\u0173, taip pat veikia ir moderniausia Digital 3D skaitmeninio kino sal\u0117.<br \/>\u201eForum Cinemas\u201c \u0160iauliuose kiekvien\u0105 savait\u0119 pristatomos kino premjeros \u2013 naujausios kino komedijos, trileriai, animaciniai filmai, filmai visai \u0161eimai, rodomi naktiniai kino film\u0173 seansai, organizuojamos kinoman\u0173 pam\u0117gtos &#8220;Yomayo&#8221; kino dienos, nacionalin\u0117s premjeros, netradiciniai, nekomerciniai Europos ir kit\u0173 region\u0173 filmai, kino festivaliai. Kino centre veikia modernus kino baras, skan\u0117st\u0173 parduotuv\u0117. Kino centre galima rezervuoti bilietus \u012f i\u0161ankstinio repertuaro filmus ar \u012f planuojamas pasaulines premjeras, bilietus \u012fsigyti internetu.<\/p><p><strong><u>Kino centro adresas<\/u><\/strong>: Aido g. 8, \u0160iauliai.\u00a0\u00a0\u00a0\u00a0\u00a0\u00a0\u00a0\u00a0<\/p><p><strong><u>Darbo laikas<\/u><\/strong>: kasdien nuo 10.00 val.\u00a0iki 22.00 val.\u00a0<\/p>\t\t\t\t\t\t<\/div>\n\t\t\t\t<\/div>\n\t\t\t\t<\/div>\n\t\t<div class=\"elementor-element elementor-element-4823152a e-con-full e-flex e-con e-child\" data-id=\"4823152a\" data-element_type=\"container\">\n\t\t\t\t<div class=\"elementor-element elementor-element-62623de6 elementor-widget elementor-widget-image\" data-id=\"62623de6\" data-element_type=\"widget\" data-widget_type=\"image.default\">\n\t\t\t\t<div class=\"elementor-widget-container\">\n\t\t\t<style>\/*! elementor - v3.23.0 - 15-07-2024 *\/\n.elementor-widget-image{text-align:center}.elementor-widget-image a{display:inline-block}.elementor-widget-image a img[src$=\".svg\"]{width:48px}.elementor-widget-image img{vertical-align:middle;display:inline-block}<\/style>\t\t\t\t\t\t\t\t\t\t\t<a href=\"https:\/\/forumcinemas.lt\/app\/uploads\/2025\/11\/forum-cinemas-siauliai1.jpg\" data-elementor-open-lightbox=\"yes\" data-elementor-lightbox-title=\"forum-cinemas-siauliai[1]\" data-e-action-hash=\"#elementor-action%3Aaction%3Dlightbox%26settings%3DeyJpZCI6NTI1OCwidXJsIjoiaHR0cHM6XC9cL2ZvcnVtY2luZW1hcy5sdFwvYXBwXC91cGxvYWRzXC8yMDI1XC8xMVwvZm9ydW0tY2luZW1hcy1zaWF1bGlhaTEuanBnIn0%3D\">\n\t\t\t\t\t\t\t<img fetchpriority=\"high\" decoding=\"async\" width=\"300\" height=\"208\" src=\"https:\/\/forumcinemas.lt\/app\/uploads\/2025\/11\/forum-cinemas-siauliai1-300x208.jpg\" class=\"attachment-medium size-medium wp-image-5258\" alt=\"\" srcset=\"https:\/\/forumcinemas.lt\/app\/uploads\/2025\/11\/forum-cinemas-siauliai1-300x208.jpg 300w, https:\/\/forumcinemas.lt\/app\/uploads\/2025\/11\/forum-cinemas-siauliai1-460x319.jpg 460w, https:\/\/forumcinemas.lt\/app\/uploads\/2025\/11\/forum-cinemas-siauliai1.jpg 750w\" sizes=\"(max-width: 300px) 100vw, 300px\" \/>\t\t\t\t\t\t\t\t<\/a>\n\t\t\t\t\t\t\t\t\t\t\t\t\t<\/div>\n\t\t\t\t<\/div>\n\t\t\t\t<\/div>\n\t\t\t\t\t<\/div>\n\t\t\t\t<\/div>\n\t\t<div class=\"elementor-element elementor-element-3863142b e-flex e-con-boxed e-con e-parent\" data-id=\"3863142b\" data-element_type=\"container\" data-settings=\"{&quot;background_background&quot;:&quot;classic&quot;}\">\n\t\t\t\t\t<div class=\"e-con-inner\">\n\t\t<div class=\"elementor-element elementor-element-4af0e539 e-con-full e-flex e-con e-child\" data-id=\"4af0e539\" data-element_type=\"container\">\n\t\t\t\t<div class=\"elementor-element elementor-element-6b8b03da elementor-widget elementor-widget-image\" data-id=\"6b8b03da\" data-element_type=\"widget\" data-widget_type=\"image.default\">\n\t\t\t\t<div class=\"elementor-widget-container\">\n\t\t\t\t\t\t\t\t\t\t\t\t\t\t<a href=\"https:\/\/forumcinemas.lt\/app\/uploads\/2025\/11\/BILIETU_KAINOS_FC_251117.pdf.jpg\" data-elementor-open-lightbox=\"yes\" data-elementor-lightbox-title=\"BILIETU_KAINOS_FC_251117.pdf\" data-e-action-hash=\"#elementor-action%3Aaction%3Dlightbox%26settings%3DeyJpZCI6NDc0NiwidXJsIjoiaHR0cHM6XC9cL2ZvcnVtY2luZW1hcy5sdFwvYXBwXC91cGxvYWRzXC8yMDI1XC8xMVwvQklMSUVUVV9LQUlOT1NfRkNfMjUxMTE3LnBkZi5qcGcifQ%3D%3D\">\n\t\t\t\t\t\t\t<img decoding=\"async\" width=\"768\" height=\"1086\" src=\"https:\/\/forumcinemas.lt\/app\/uploads\/2025\/11\/BILIETU_KAINOS_FC_251117.pdf-768x1086.jpg\" class=\"attachment-medium_large size-medium_large wp-image-4746\" alt=\"\" srcset=\"https:\/\/forumcinemas.lt\/app\/uploads\/2025\/11\/BILIETU_KAINOS_FC_251117.pdf-768x1086.jpg 768w, https:\/\/forumcinemas.lt\/app\/uploads\/2025\/11\/BILIETU_KAINOS_FC_251117.pdf-212x300.jpg 212w, https:\/\/forumcinemas.lt\/app\/uploads\/2025\/11\/BILIETU_KAINOS_FC_251117.pdf-724x1024.jpg 724w, https:\/\/forumcinemas.lt\/app\/uploads\/2025\/11\/BILIETU_KAINOS_FC_251117.pdf-1086x1536.jpg 1086w, https:\/\/forumcinemas.lt\/app\/uploads\/2025\/11\/BILIETU_KAINOS_FC_251117.pdf-452x640.jpg 452w, https:\/\/forumcinemas.lt\/app\/uploads\/2025\/11\/BILIETU_KAINOS_FC_251117.pdf.jpg 1414w\" sizes=\"(max-width: 768px) 100vw, 768px\" \/>\t\t\t\t\t\t\t\t<\/a>\n\t\t\t\t\t\t\t\t\t\t\t\t\t<\/div>\n\t\t\t\t<\/div>\n\t\t\t\t<\/div>\n\t\t\t\t\t<\/div>\n\t\t\t\t<\/div>\n\t\t\t\t<\/div>\n\t\t","protected":false},"excerpt":{"rendered":"<p>FORUM CINEMAS \u0160IAULIUOSE \u201eForum Cinemas\u201c kino centras \u0160iauliuose, atsidar\u0119s kartu su pramog\u0173 ir prekybos centru AKROPOLIS. Pagal \u010dia telpan\u010di\u0173 \u017ei\u016brov\u0173 skai\u010di\u0173 \u2013 tai did\u017eiausias kino centras ketvirtajame pagal dyd\u012f Lietuvos mieste. Kino centre vienu metu filmus gali \u017ei\u016br\u0117ti 1 000 \u0160iauli\u0173 kino filmo m\u0117g\u0117j\u0173. Jame veikia 5 kino sal\u0117s, kuriose \u012frengta nuo 134 iki 378 [&hellip;]<\/p>\n","protected":false},"author":1,"featured_media":0,"parent":1616,"menu_order":0,"comment_status":"closed","ping_status":"closed","template":"","meta":{"_acf_changed":false,"footnotes":""},"acf":[],"yoast_head":"<!-- This site is optimized with the Yoast SEO plugin v23.0 - https:\/\/yoast.com\/wordpress\/plugins\/seo\/ -->\n<title>\u0160iauliai - Forum Cinemas kino teatras<\/title>\n<meta name=\"robots\" content=\"index, follow, max-snippet:-1, max-image-preview:large, max-video-preview:-1\" \/>\n<link rel=\"canonical\" href=\"https:\/\/forumcinemas.lt\/lt\/kinas\/siauliai\/\" \/>\n<meta property=\"og:locale\" content=\"lt_LT\" \/>\n<meta property=\"og:type\" content=\"article\" \/>\n<meta property=\"og:title\" content=\"\u0160iauliai - Forum Cinemas kino teatras\" \/>\n<meta property=\"og:description\" content=\"FORUM CINEMAS \u0160IAULIUOSE \u201eForum Cinemas\u201c kino centras \u0160iauliuose, atsidar\u0119s kartu su pramog\u0173 ir prekybos centru AKROPOLIS. Pagal \u010dia telpan\u010di\u0173 \u017ei\u016brov\u0173 skai\u010di\u0173 \u2013 tai did\u017eiausias kino centras ketvirtajame pagal dyd\u012f Lietuvos mieste. Kino centre vienu metu filmus gali \u017ei\u016br\u0117ti 1 000 \u0160iauli\u0173 kino filmo m\u0117g\u0117j\u0173. Jame veikia 5 kino sal\u0117s, kuriose \u012frengta nuo 134 iki 378 [&hellip;]\" \/>\n<meta property=\"og:url\" content=\"https:\/\/forumcinemas.lt\/lt\/kinas\/siauliai\/\" \/>\n<meta property=\"og:site_name\" content=\"Forum Cinemas kino teatras\" \/>\n<meta property=\"article:modified_time\" content=\"2025-11-30T21:38:46+00:00\" \/>\n<meta property=\"og:image\" content=\"https:\/\/forumcinemas.lt\/app\/uploads\/2025\/11\/forum-cinemas-siauliai1-300x208.jpg\" \/>\n<meta name=\"twitter:card\" content=\"summary_large_image\" \/>\n<meta name=\"twitter:label1\" content=\"Est. reading time\" \/>\n\t<meta name=\"twitter:data1\" content=\"2 minutes\" \/>\n<script type=\"application\/ld+json\" class=\"yoast-schema-graph\">{\"@context\":\"https:\/\/schema.org\",\"@graph\":[{\"@type\":\"WebPage\",\"@id\":\"https:\/\/forumcinemas.lt\/lt\/kinas\/siauliai\/\",\"url\":\"https:\/\/forumcinemas.lt\/lt\/kinas\/siauliai\/\",\"name\":\"\u0160iauliai - Forum Cinemas kino teatras\",\"isPartOf\":{\"@id\":\"https:\/\/forumcinemas.lt\/lt\/#website\"},\"primaryImageOfPage\":{\"@id\":\"https:\/\/forumcinemas.lt\/lt\/kinas\/siauliai\/#primaryimage\"},\"image\":{\"@id\":\"https:\/\/forumcinemas.lt\/lt\/kinas\/siauliai\/#primaryimage\"},\"thumbnailUrl\":\"https:\/\/forumcinemas.lt\/app\/uploads\/2025\/11\/forum-cinemas-siauliai1-300x208.jpg\",\"datePublished\":\"2025-08-19T13:38:20+00:00\",\"dateModified\":\"2025-11-30T21:38:46+00:00\",\"breadcrumb\":{\"@id\":\"https:\/\/forumcinemas.lt\/lt\/kinas\/siauliai\/#breadcrumb\"},\"inLanguage\":\"lt-LT\",\"potentialAction\":[{\"@type\":\"ReadAction\",\"target\":[\"https:\/\/forumcinemas.lt\/lt\/kinas\/siauliai\/\"]}]},{\"@type\":\"ImageObject\",\"inLanguage\":\"lt-LT\",\"@id\":\"https:\/\/forumcinemas.lt\/lt\/kinas\/siauliai\/#primaryimage\",\"url\":\"https:\/\/forumcinemas.lt\/app\/uploads\/2025\/11\/forum-cinemas-siauliai1-300x208.jpg\",\"contentUrl\":\"https:\/\/forumcinemas.lt\/app\/uploads\/2025\/11\/forum-cinemas-siauliai1-300x208.jpg\"},{\"@type\":\"BreadcrumbList\",\"@id\":\"https:\/\/forumcinemas.lt\/lt\/kinas\/siauliai\/#breadcrumb\",\"itemListElement\":[{\"@type\":\"ListItem\",\"position\":1,\"name\":\"Home\",\"item\":\"https:\/\/forumcinemas.lt\/lt\/\"},{\"@type\":\"ListItem\",\"position\":2,\"name\":\"kinas\",\"item\":\"https:\/\/forumcinemas.lt\/lt\/kinas\/\"},{\"@type\":\"ListItem\",\"position\":3,\"name\":\"\u0160iauliai\"}]},{\"@type\":\"WebSite\",\"@id\":\"https:\/\/forumcinemas.lt\/lt\/#website\",\"url\":\"https:\/\/forumcinemas.lt\/lt\/\",\"name\":\"Forum Cinemas kino teatras\",\"description\":\"\",\"potentialAction\":[{\"@type\":\"SearchAction\",\"target\":{\"@type\":\"EntryPoint\",\"urlTemplate\":\"https:\/\/forumcinemas.lt\/lt\/?s={search_term_string}\"},\"query-input\":\"required name=search_term_string\"}],\"inLanguage\":\"lt-LT\"}]}<\/script>\n<!-- \/ Yoast SEO plugin. -->","yoast_head_json":{"title":"\u0160iauliai - Forum Cinemas kino teatras","robots":{"index":"index","follow":"follow","max-snippet":"max-snippet:-1","max-image-preview":"max-image-preview:large","max-video-preview":"max-video-preview:-1"},"canonical":"https:\/\/forumcinemas.lt\/lt\/kinas\/siauliai\/","og_locale":"lt_LT","og_type":"article","og_title":"\u0160iauliai - Forum Cinemas kino teatras","og_description":"FORUM CINEMAS \u0160IAULIUOSE \u201eForum Cinemas\u201c kino centras \u0160iauliuose, atsidar\u0119s kartu su pramog\u0173 ir prekybos centru AKROPOLIS. Pagal \u010dia telpan\u010di\u0173 \u017ei\u016brov\u0173 skai\u010di\u0173 \u2013 tai did\u017eiausias kino centras ketvirtajame pagal dyd\u012f Lietuvos mieste. Kino centre vienu metu filmus gali \u017ei\u016br\u0117ti 1 000 \u0160iauli\u0173 kino filmo m\u0117g\u0117j\u0173. Jame veikia 5 kino sal\u0117s, kuriose \u012frengta nuo 134 iki 378 [&hellip;]","og_url":"https:\/\/forumcinemas.lt\/lt\/kinas\/siauliai\/","og_site_name":"Forum Cinemas kino teatras","article_modified_time":"2025-11-30T21:38:46+00:00","og_image":[{"url":"https:\/\/forumcinemas.lt\/app\/uploads\/2025\/11\/forum-cinemas-siauliai1-300x208.jpg"}],"twitter_card":"summary_large_image","twitter_misc":{"Est. reading time":"2 minutes"},"schema":{"@context":"https:\/\/schema.org","@graph":[{"@type":"WebPage","@id":"https:\/\/forumcinemas.lt\/lt\/kinas\/siauliai\/","url":"https:\/\/forumcinemas.lt\/lt\/kinas\/siauliai\/","name":"\u0160iauliai - Forum Cinemas kino teatras","isPartOf":{"@id":"https:\/\/forumcinemas.lt\/lt\/#website"},"primaryImageOfPage":{"@id":"https:\/\/forumcinemas.lt\/lt\/kinas\/siauliai\/#primaryimage"},"image":{"@id":"https:\/\/forumcinemas.lt\/lt\/kinas\/siauliai\/#primaryimage"},"thumbnailUrl":"https:\/\/forumcinemas.lt\/app\/uploads\/2025\/11\/forum-cinemas-siauliai1-300x208.jpg","datePublished":"2025-08-19T13:38:20+00:00","dateModified":"2025-11-30T21:38:46+00:00","breadcrumb":{"@id":"https:\/\/forumcinemas.lt\/lt\/kinas\/siauliai\/#breadcrumb"},"inLanguage":"lt-LT","potentialAction":[{"@type":"ReadAction","target":["https:\/\/forumcinemas.lt\/lt\/kinas\/siauliai\/"]}]},{"@type":"ImageObject","inLanguage":"lt-LT","@id":"https:\/\/forumcinemas.lt\/lt\/kinas\/siauliai\/#primaryimage","url":"https:\/\/forumcinemas.lt\/app\/uploads\/2025\/11\/forum-cinemas-siauliai1-300x208.jpg","contentUrl":"https:\/\/forumcinemas.lt\/app\/uploads\/2025\/11\/forum-cinemas-siauliai1-300x208.jpg"},{"@type":"BreadcrumbList","@id":"https:\/\/forumcinemas.lt\/lt\/kinas\/siauliai\/#breadcrumb","itemListElement":[{"@type":"ListItem","position":1,"name":"Home","item":"https:\/\/forumcinemas.lt\/lt\/"},{"@type":"ListItem","position":2,"name":"kinas","item":"https:\/\/forumcinemas.lt\/lt\/kinas\/"},{"@type":"ListItem","position":3,"name":"\u0160iauliai"}]},{"@type":"WebSite","@id":"https:\/\/forumcinemas.lt\/lt\/#website","url":"https:\/\/forumcinemas.lt\/lt\/","name":"Forum Cinemas kino teatras","description":"","potentialAction":[{"@type":"SearchAction","target":{"@type":"EntryPoint","urlTemplate":"https:\/\/forumcinemas.lt\/lt\/?s={search_term_string}"},"query-input":"required name=search_term_string"}],"inLanguage":"lt-LT"}]}},"_links":{"self":[{"href":"https:\/\/forumcinemas.lt\/lt\/wp-json\/wp\/v2\/pages\/1618"}],"collection":[{"href":"https:\/\/forumcinemas.lt\/lt\/wp-json\/wp\/v2\/pages"}],"about":[{"href":"https:\/\/forumcinemas.lt\/lt\/wp-json\/wp\/v2\/types\/page"}],"author":[{"embeddable":true,"href":"https:\/\/forumcinemas.lt\/lt\/wp-json\/wp\/v2\/users\/1"}],"replies":[{"embeddable":true,"href":"https:\/\/forumcinemas.lt\/lt\/wp-json\/wp\/v2\/comments?post=1618"}],"version-history":[{"count":24,"href":"https:\/\/forumcinemas.lt\/lt\/wp-json\/wp\/v2\/pages\/1618\/revisions"}],"predecessor-version":[{"id":5262,"href":"https:\/\/forumcinemas.lt\/lt\/wp-json\/wp\/v2\/pages\/1618\/revisions\/5262"}],"up":[{"embeddable":true,"href":"https:\/\/forumcinemas.lt\/lt\/wp-json\/wp\/v2\/pages\/1616"}],"wp:attachment":[{"href":"https:\/\/forumcinemas.lt\/lt\/wp-json\/wp\/v2\/media?parent=1618"}],"curies":[{"name":"wp","href":"https:\/\/api.w.org\/{rel}","templated":true}]}}