{"id":1614,"date":"2025-08-19T13:37:50","date_gmt":"2025-08-19T13:37:50","guid":{"rendered":"https:\/\/forumcinemas.lt\/kaunas\/"},"modified":"2025-11-30T21:37:13","modified_gmt":"2025-11-30T21:37:13","slug":"kaunas","status":"publish","type":"page","link":"https:\/\/forumcinemas.lt\/lt\/kinas\/kaunas\/","title":{"rendered":"kaunas"},"content":{"rendered":"\t\t<div data-elementor-type=\"wp-page\" data-elementor-id=\"1614\" class=\"elementor elementor-1614 elementor-922\" data-elementor-post-type=\"page\">\n\t\t\t\t<div class=\"elementor-element elementor-element-503a35a3 e-flex e-con-boxed e-con e-parent\" data-id=\"503a35a3\" data-element_type=\"container\" data-settings=\"{&quot;background_background&quot;:&quot;classic&quot;}\">\n\t\t\t\t\t<div class=\"e-con-inner\">\n\t\t<div class=\"elementor-element elementor-element-503e08ef e-con-full e-flex e-con e-child\" data-id=\"503e08ef\" data-element_type=\"container\">\n\t\t\t\t<div class=\"elementor-element elementor-element-5d311b76 elementor-widget__width-inherit elementor-widget elementor-widget-text-editor\" data-id=\"5d311b76\" data-element_type=\"widget\" data-widget_type=\"text-editor.default\">\n\t\t\t\t<div class=\"elementor-widget-container\">\n\t\t\t\t\t\t\t<h2>FORUM CINEMAS KAUNE<\/h2><p>\u201eForum Cinemas\u201c Kaune \u2013 tai vienas moderniausi\u0173 kino centr\u0173 Baltijos \u0161alyse, \u012fsik\u016br\u0119s pa\u010diame Kauno centre, prekybos ir pramog\u0173 sostin\u0117je Akropolyje. Kino centre yra 7 kino sal\u0117s, kuriose telpa 1240 \u017ei\u016brov\u0173, veikia kino baras. Kino centras duris atv\u0117r\u0117 2007 metais baland\u017eio 10 dien\u0105 kartu su prekybos ir pramog\u0173 kompleksu AKROPOLIS. 2017 metais atnaujintas kino centro interjeras \u201eAmerikos architekt\u016bros apdovanojimuose\u201c apdovanotas specialiu pamin\u0117jimu.<\/p><p>Kino centre \u201eForum Cinemas\u201c galima i\u0161sirinkti ne tik pramogin\u012f film\u0105, bet ir retesn\u012f, intelektualesn\u012f, gurmani\u0161k\u0105 film\u0105, mat savo repertuare daug d\u0117mesio skiriame Europos ir kit\u0173 \u0161ali\u0173 kino k\u016br\u0117jams, populiariausiems pasaulio \u0161ali\u0173 filmams. \u017dymiausi\u0173 kino festivali\u0173 \u201eKino pavasaris\u201c, \u201eScanorama\u201c filmai nuolat rodomi Kaune kino centre \u201eForum Cinemas\u201c.<\/p>\t\t\t\t\t\t<\/div>\n\t\t\t\t<\/div>\n\t\t\t\t<\/div>\n\t\t<div class=\"elementor-element elementor-element-4f02f641 e-con-full e-flex e-con e-child\" data-id=\"4f02f641\" data-element_type=\"container\">\n\t\t\t\t<div class=\"elementor-element elementor-element-4b0e15d4 elementor-widget elementor-widget-image\" data-id=\"4b0e15d4\" data-element_type=\"widget\" data-widget_type=\"image.default\">\n\t\t\t\t<div class=\"elementor-widget-container\">\n\t\t\t\t\t\t\t\t\t\t\t\t\t\t<a href=\"https:\/\/forumcinemas.lt\/app\/uploads\/2025\/11\/Forum20Cinemas2041.jpg\" data-elementor-open-lightbox=\"yes\" data-elementor-lightbox-title=\"ForumCinemas4[1]\" data-e-action-hash=\"#elementor-action%3Aaction%3Dlightbox%26settings%3DeyJpZCI6NTI0OCwidXJsIjoiaHR0cHM6XC9cL2ZvcnVtY2luZW1hcy5sdFwvYXBwXC91cGxvYWRzXC8yMDI1XC8xMVwvRm9ydW0yMENpbmVtYXMyMDQxLmpwZyJ9\">\n\t\t\t\t\t\t\t<img fetchpriority=\"high\" decoding=\"async\" width=\"300\" height=\"208\" src=\"https:\/\/forumcinemas.lt\/app\/uploads\/2025\/11\/Forum20Cinemas2041-300x208.jpg\" class=\"attachment-medium size-medium wp-image-5248\" alt=\"\" srcset=\"https:\/\/forumcinemas.lt\/app\/uploads\/2025\/11\/Forum20Cinemas2041-300x208.jpg 300w, https:\/\/forumcinemas.lt\/app\/uploads\/2025\/11\/Forum20Cinemas2041-1024x710.jpg 1024w, https:\/\/forumcinemas.lt\/app\/uploads\/2025\/11\/Forum20Cinemas2041-768x532.jpg 768w, https:\/\/forumcinemas.lt\/app\/uploads\/2025\/11\/Forum20Cinemas2041-460x319.jpg 460w, https:\/\/forumcinemas.lt\/app\/uploads\/2025\/11\/Forum20Cinemas2041-923x640.jpg 923w, https:\/\/forumcinemas.lt\/app\/uploads\/2025\/11\/Forum20Cinemas2041.jpg 1500w\" sizes=\"(max-width: 300px) 100vw, 300px\" \/>\t\t\t\t\t\t\t\t<\/a>\n\t\t\t\t\t\t\t\t\t\t\t\t\t<\/div>\n\t\t\t\t<\/div>\n\t\t\t\t<\/div>\n\t\t\t\t\t<\/div>\n\t\t\t\t<\/div>\n\t\t<div class=\"elementor-element elementor-element-2cdb0691 e-flex e-con-boxed e-con e-parent\" data-id=\"2cdb0691\" data-element_type=\"container\" data-settings=\"{&quot;background_background&quot;:&quot;classic&quot;}\">\n\t\t\t\t\t<div class=\"e-con-inner\">\n\t\t<div class=\"elementor-element elementor-element-556bd1e0 e-con-full e-flex e-con e-child\" data-id=\"556bd1e0\" data-element_type=\"container\">\n\t\t\t\t<div class=\"elementor-element elementor-element-2b09f105 elementor-widget__width-inherit elementor-widget elementor-widget-text-editor\" data-id=\"2b09f105\" data-element_type=\"widget\" data-widget_type=\"text-editor.default\">\n\t\t\t\t<div class=\"elementor-widget-container\">\n\t\t\t\t\t\t\t<p>Tiek kino film\u0173 pasirinkimas, tiek paties kino centro vieta \u2013 pats Kauno centras, taip pat pa\u010di\u0173 kaunie\u010di\u0173 pasirinktas interjero dizainas, naudojamos modernios kino technologijos, kokybi\u0161kas garsas ir vaizdas, patogios k\u0117d\u0117s, kino sali\u0173 gausa suteikia m\u016bs\u0173 \u017ei\u016brovams dar daugiau pasitenkinimo ir puiki\u0173 kino \u012fsp\u016bd\u017ei\u0173.<\/p><p><strong><u>Kino centro adresas<\/u><\/strong>: Karaliaus Mindaugo pr. 49, Kaunas (Kauno \u201eAkropolio\u201c III auk\u0161te). <\/p><p><strong><u>Darbo laikas<\/u><\/strong>:<\/p><p><strong>Sekmadieniais &#8211; ketvirtadieniais:<\/strong> 10:00 &#8211; 22:00 val.<\/p><p><strong>Penktadieniais &#8211; \u0161e\u0161tadieniais:<\/strong> 10:00 &#8211; 24:00 val.<\/p>\t\t\t\t\t\t<\/div>\n\t\t\t\t<\/div>\n\t\t\t\t<\/div>\n\t\t<div class=\"elementor-element elementor-element-52893a76 e-con-full e-flex e-con e-child\" data-id=\"52893a76\" data-element_type=\"container\">\n\t\t\t\t<div class=\"elementor-element elementor-element-7ca1b0e9 elementor-widget elementor-widget-image\" data-id=\"7ca1b0e9\" data-element_type=\"widget\" data-widget_type=\"image.default\">\n\t\t\t\t<div class=\"elementor-widget-container\">\n\t\t\t\t\t\t\t\t\t\t\t\t\t\t<a href=\"https:\/\/forumcinemas.lt\/app\/uploads\/2025\/11\/BILIETU_KAINOS_FC_251117.pdf.jpg\" data-elementor-open-lightbox=\"yes\" data-elementor-lightbox-title=\"BILIETU_KAINOS_FC_251117.pdf\" data-e-action-hash=\"#elementor-action%3Aaction%3Dlightbox%26settings%3DeyJpZCI6NDc0NiwidXJsIjoiaHR0cHM6XC9cL2ZvcnVtY2luZW1hcy5sdFwvYXBwXC91cGxvYWRzXC8yMDI1XC8xMVwvQklMSUVUVV9LQUlOT1NfRkNfMjUxMTE3LnBkZi5qcGcifQ%3D%3D\">\n\t\t\t\t\t\t\t<img decoding=\"async\" width=\"1414\" height=\"2000\" src=\"https:\/\/forumcinemas.lt\/app\/uploads\/2025\/11\/BILIETU_KAINOS_FC_251117.pdf.jpg\" class=\"attachment-full size-full wp-image-4746\" alt=\"\" srcset=\"https:\/\/forumcinemas.lt\/app\/uploads\/2025\/11\/BILIETU_KAINOS_FC_251117.pdf.jpg 1414w, https:\/\/forumcinemas.lt\/app\/uploads\/2025\/11\/BILIETU_KAINOS_FC_251117.pdf-212x300.jpg 212w, https:\/\/forumcinemas.lt\/app\/uploads\/2025\/11\/BILIETU_KAINOS_FC_251117.pdf-724x1024.jpg 724w, https:\/\/forumcinemas.lt\/app\/uploads\/2025\/11\/BILIETU_KAINOS_FC_251117.pdf-768x1086.jpg 768w, https:\/\/forumcinemas.lt\/app\/uploads\/2025\/11\/BILIETU_KAINOS_FC_251117.pdf-1086x1536.jpg 1086w, https:\/\/forumcinemas.lt\/app\/uploads\/2025\/11\/BILIETU_KAINOS_FC_251117.pdf-452x640.jpg 452w\" sizes=\"(max-width: 1414px) 100vw, 1414px\" \/>\t\t\t\t\t\t\t\t<\/a>\n\t\t\t\t\t\t\t\t\t\t\t\t\t<\/div>\n\t\t\t\t<\/div>\n\t\t\t\t<\/div>\n\t\t\t\t\t<\/div>\n\t\t\t\t<\/div>\n\t\t<div class=\"elementor-element elementor-element-1a935e36 e-flex e-con-boxed e-con e-parent\" data-id=\"1a935e36\" data-element_type=\"container\" data-settings=\"{&quot;background_background&quot;:&quot;classic&quot;}\">\n\t\t\t\t\t<div class=\"e-con-inner\">\n\t\t<div class=\"elementor-element elementor-element-66dd177c e-con-full e-flex e-con e-child\" data-id=\"66dd177c\" data-element_type=\"container\">\n\t\t\t\t<div class=\"elementor-element elementor-element-ba5dbae elementor-widget elementor-widget-heading\" data-id=\"ba5dbae\" data-element_type=\"widget\" data-widget_type=\"heading.default\">\n\t\t\t\t<div class=\"elementor-widget-container\">\n\t\t\t<h1 class=\"elementor-heading-title elementor-size-default\">VIRTUALUS TURAS<\/h1>\t\t<\/div>\n\t\t\t\t<\/div>\n\t\t\t\t<\/div>\n\t\t<div class=\"elementor-element elementor-element-6c101ad5 e-con-full e-flex e-con e-child\" data-id=\"6c101ad5\" data-element_type=\"container\">\n\t\t\t\t<div class=\"elementor-element elementor-element-41b30d87 elementor-widget elementor-widget-html\" data-id=\"41b30d87\" data-element_type=\"widget\" data-widget_type=\"html.default\">\n\t\t\t\t<div class=\"elementor-widget-container\">\n\t\t\t<iframe style=\"border:0;\" src=\"https:\/\/www.google.com\/maps\/embed?pb=!4v1746544061223!6m8!1m7!1sCAoSF0NJSE0wb2dLRUlDQWdJREhsLTZrbkFF!2m2!1d54.89058472041004!2d23.91937746280428!3f70.87822256422632!4f-21.462006346579017!5f0.7820865974627469\" width=\"100%\" height=\"450\" allowfullscreen=\"\" loading=\"lazy\">\n<\/iframe>\t\t<\/div>\n\t\t\t\t<\/div>\n\t\t\t\t<\/div>\n\t\t\t\t\t<\/div>\n\t\t\t\t<\/div>\n\t\t\t\t<\/div>\n\t\t","protected":false},"excerpt":{"rendered":"<p>FORUM CINEMAS KAUNE \u201eForum Cinemas\u201c Kaune \u2013 tai vienas moderniausi\u0173 kino centr\u0173 Baltijos \u0161alyse, \u012fsik\u016br\u0119s pa\u010diame Kauno centre, prekybos ir pramog\u0173 sostin\u0117je Akropolyje. Kino centre yra 7 kino sal\u0117s, kuriose telpa 1240 \u017ei\u016brov\u0173, veikia kino baras. Kino centras duris atv\u0117r\u0117 2007 metais baland\u017eio 10 dien\u0105 kartu su prekybos ir pramog\u0173 kompleksu AKROPOLIS. 2017 metais atnaujintas [&hellip;]<\/p>\n","protected":false},"author":1,"featured_media":0,"parent":1616,"menu_order":0,"comment_status":"closed","ping_status":"closed","template":"","meta":{"_acf_changed":false,"footnotes":""},"acf":[],"yoast_head":"<!-- This site is optimized with the Yoast SEO plugin v23.0 - https:\/\/yoast.com\/wordpress\/plugins\/seo\/ -->\n<title>kaunas - Forum Cinemas kino teatras<\/title>\n<meta name=\"robots\" content=\"index, follow, max-snippet:-1, max-image-preview:large, max-video-preview:-1\" \/>\n<link rel=\"canonical\" href=\"https:\/\/forumcinemas.lt\/lt\/kinas\/kaunas\/\" \/>\n<meta property=\"og:locale\" content=\"lt_LT\" \/>\n<meta property=\"og:type\" content=\"article\" \/>\n<meta property=\"og:title\" content=\"kaunas - Forum Cinemas kino teatras\" \/>\n<meta property=\"og:description\" content=\"FORUM CINEMAS KAUNE \u201eForum Cinemas\u201c Kaune \u2013 tai vienas moderniausi\u0173 kino centr\u0173 Baltijos \u0161alyse, \u012fsik\u016br\u0119s pa\u010diame Kauno centre, prekybos ir pramog\u0173 sostin\u0117je Akropolyje. Kino centre yra 7 kino sal\u0117s, kuriose telpa 1240 \u017ei\u016brov\u0173, veikia kino baras. Kino centras duris atv\u0117r\u0117 2007 metais baland\u017eio 10 dien\u0105 kartu su prekybos ir pramog\u0173 kompleksu AKROPOLIS. 2017 metais atnaujintas [&hellip;]\" \/>\n<meta property=\"og:url\" content=\"https:\/\/forumcinemas.lt\/lt\/kinas\/kaunas\/\" \/>\n<meta property=\"og:site_name\" content=\"Forum Cinemas kino teatras\" \/>\n<meta property=\"article:modified_time\" content=\"2025-11-30T21:37:13+00:00\" \/>\n<meta property=\"og:image\" content=\"https:\/\/forumcinemas.lt\/app\/uploads\/2025\/11\/Forum20Cinemas2041-300x208.jpg\" \/>\n<meta name=\"twitter:card\" content=\"summary_large_image\" \/>\n<meta name=\"twitter:label1\" content=\"Est. reading time\" \/>\n\t<meta name=\"twitter:data1\" content=\"2 minutes\" \/>\n<script type=\"application\/ld+json\" class=\"yoast-schema-graph\">{\"@context\":\"https:\/\/schema.org\",\"@graph\":[{\"@type\":\"WebPage\",\"@id\":\"https:\/\/forumcinemas.lt\/lt\/kinas\/kaunas\/\",\"url\":\"https:\/\/forumcinemas.lt\/lt\/kinas\/kaunas\/\",\"name\":\"kaunas - Forum Cinemas kino teatras\",\"isPartOf\":{\"@id\":\"https:\/\/forumcinemas.lt\/lt\/#website\"},\"primaryImageOfPage\":{\"@id\":\"https:\/\/forumcinemas.lt\/lt\/kinas\/kaunas\/#primaryimage\"},\"image\":{\"@id\":\"https:\/\/forumcinemas.lt\/lt\/kinas\/kaunas\/#primaryimage\"},\"thumbnailUrl\":\"https:\/\/forumcinemas.lt\/app\/uploads\/2025\/11\/Forum20Cinemas2041-300x208.jpg\",\"datePublished\":\"2025-08-19T13:37:50+00:00\",\"dateModified\":\"2025-11-30T21:37:13+00:00\",\"breadcrumb\":{\"@id\":\"https:\/\/forumcinemas.lt\/lt\/kinas\/kaunas\/#breadcrumb\"},\"inLanguage\":\"lt-LT\",\"potentialAction\":[{\"@type\":\"ReadAction\",\"target\":[\"https:\/\/forumcinemas.lt\/lt\/kinas\/kaunas\/\"]}]},{\"@type\":\"ImageObject\",\"inLanguage\":\"lt-LT\",\"@id\":\"https:\/\/forumcinemas.lt\/lt\/kinas\/kaunas\/#primaryimage\",\"url\":\"https:\/\/forumcinemas.lt\/app\/uploads\/2025\/11\/Forum20Cinemas2041-300x208.jpg\",\"contentUrl\":\"https:\/\/forumcinemas.lt\/app\/uploads\/2025\/11\/Forum20Cinemas2041-300x208.jpg\"},{\"@type\":\"BreadcrumbList\",\"@id\":\"https:\/\/forumcinemas.lt\/lt\/kinas\/kaunas\/#breadcrumb\",\"itemListElement\":[{\"@type\":\"ListItem\",\"position\":1,\"name\":\"Home\",\"item\":\"https:\/\/forumcinemas.lt\/lt\/\"},{\"@type\":\"ListItem\",\"position\":2,\"name\":\"kinas\",\"item\":\"https:\/\/forumcinemas.lt\/lt\/kinas\/\"},{\"@type\":\"ListItem\",\"position\":3,\"name\":\"kaunas\"}]},{\"@type\":\"WebSite\",\"@id\":\"https:\/\/forumcinemas.lt\/lt\/#website\",\"url\":\"https:\/\/forumcinemas.lt\/lt\/\",\"name\":\"Forum Cinemas kino teatras\",\"description\":\"\",\"potentialAction\":[{\"@type\":\"SearchAction\",\"target\":{\"@type\":\"EntryPoint\",\"urlTemplate\":\"https:\/\/forumcinemas.lt\/lt\/?s={search_term_string}\"},\"query-input\":\"required name=search_term_string\"}],\"inLanguage\":\"lt-LT\"}]}<\/script>\n<!-- \/ Yoast SEO plugin. -->","yoast_head_json":{"title":"kaunas - Forum Cinemas kino teatras","robots":{"index":"index","follow":"follow","max-snippet":"max-snippet:-1","max-image-preview":"max-image-preview:large","max-video-preview":"max-video-preview:-1"},"canonical":"https:\/\/forumcinemas.lt\/lt\/kinas\/kaunas\/","og_locale":"lt_LT","og_type":"article","og_title":"kaunas - Forum Cinemas kino teatras","og_description":"FORUM CINEMAS KAUNE \u201eForum Cinemas\u201c Kaune \u2013 tai vienas moderniausi\u0173 kino centr\u0173 Baltijos \u0161alyse, \u012fsik\u016br\u0119s pa\u010diame Kauno centre, prekybos ir pramog\u0173 sostin\u0117je Akropolyje. Kino centre yra 7 kino sal\u0117s, kuriose telpa 1240 \u017ei\u016brov\u0173, veikia kino baras. Kino centras duris atv\u0117r\u0117 2007 metais baland\u017eio 10 dien\u0105 kartu su prekybos ir pramog\u0173 kompleksu AKROPOLIS. 2017 metais atnaujintas [&hellip;]","og_url":"https:\/\/forumcinemas.lt\/lt\/kinas\/kaunas\/","og_site_name":"Forum Cinemas kino teatras","article_modified_time":"2025-11-30T21:37:13+00:00","og_image":[{"url":"https:\/\/forumcinemas.lt\/app\/uploads\/2025\/11\/Forum20Cinemas2041-300x208.jpg"}],"twitter_card":"summary_large_image","twitter_misc":{"Est. reading time":"2 minutes"},"schema":{"@context":"https:\/\/schema.org","@graph":[{"@type":"WebPage","@id":"https:\/\/forumcinemas.lt\/lt\/kinas\/kaunas\/","url":"https:\/\/forumcinemas.lt\/lt\/kinas\/kaunas\/","name":"kaunas - Forum Cinemas kino teatras","isPartOf":{"@id":"https:\/\/forumcinemas.lt\/lt\/#website"},"primaryImageOfPage":{"@id":"https:\/\/forumcinemas.lt\/lt\/kinas\/kaunas\/#primaryimage"},"image":{"@id":"https:\/\/forumcinemas.lt\/lt\/kinas\/kaunas\/#primaryimage"},"thumbnailUrl":"https:\/\/forumcinemas.lt\/app\/uploads\/2025\/11\/Forum20Cinemas2041-300x208.jpg","datePublished":"2025-08-19T13:37:50+00:00","dateModified":"2025-11-30T21:37:13+00:00","breadcrumb":{"@id":"https:\/\/forumcinemas.lt\/lt\/kinas\/kaunas\/#breadcrumb"},"inLanguage":"lt-LT","potentialAction":[{"@type":"ReadAction","target":["https:\/\/forumcinemas.lt\/lt\/kinas\/kaunas\/"]}]},{"@type":"ImageObject","inLanguage":"lt-LT","@id":"https:\/\/forumcinemas.lt\/lt\/kinas\/kaunas\/#primaryimage","url":"https:\/\/forumcinemas.lt\/app\/uploads\/2025\/11\/Forum20Cinemas2041-300x208.jpg","contentUrl":"https:\/\/forumcinemas.lt\/app\/uploads\/2025\/11\/Forum20Cinemas2041-300x208.jpg"},{"@type":"BreadcrumbList","@id":"https:\/\/forumcinemas.lt\/lt\/kinas\/kaunas\/#breadcrumb","itemListElement":[{"@type":"ListItem","position":1,"name":"Home","item":"https:\/\/forumcinemas.lt\/lt\/"},{"@type":"ListItem","position":2,"name":"kinas","item":"https:\/\/forumcinemas.lt\/lt\/kinas\/"},{"@type":"ListItem","position":3,"name":"kaunas"}]},{"@type":"WebSite","@id":"https:\/\/forumcinemas.lt\/lt\/#website","url":"https:\/\/forumcinemas.lt\/lt\/","name":"Forum Cinemas kino teatras","description":"","potentialAction":[{"@type":"SearchAction","target":{"@type":"EntryPoint","urlTemplate":"https:\/\/forumcinemas.lt\/lt\/?s={search_term_string}"},"query-input":"required name=search_term_string"}],"inLanguage":"lt-LT"}]}},"_links":{"self":[{"href":"https:\/\/forumcinemas.lt\/lt\/wp-json\/wp\/v2\/pages\/1614"}],"collection":[{"href":"https:\/\/forumcinemas.lt\/lt\/wp-json\/wp\/v2\/pages"}],"about":[{"href":"https:\/\/forumcinemas.lt\/lt\/wp-json\/wp\/v2\/types\/page"}],"author":[{"embeddable":true,"href":"https:\/\/forumcinemas.lt\/lt\/wp-json\/wp\/v2\/users\/1"}],"replies":[{"embeddable":true,"href":"https:\/\/forumcinemas.lt\/lt\/wp-json\/wp\/v2\/comments?post=1614"}],"version-history":[{"count":16,"href":"https:\/\/forumcinemas.lt\/lt\/wp-json\/wp\/v2\/pages\/1614\/revisions"}],"predecessor-version":[{"id":5252,"href":"https:\/\/forumcinemas.lt\/lt\/wp-json\/wp\/v2\/pages\/1614\/revisions\/5252"}],"up":[{"embeddable":true,"href":"https:\/\/forumcinemas.lt\/lt\/wp-json\/wp\/v2\/pages\/1616"}],"wp:attachment":[{"href":"https:\/\/forumcinemas.lt\/lt\/wp-json\/wp\/v2\/media?parent=1614"}],"curies":[{"name":"wp","href":"https:\/\/api.w.org\/{rel}","templated":true}]}}