{"id":1611,"date":"2025-08-19T13:40:43","date_gmt":"2025-08-19T13:40:43","guid":{"rendered":"https:\/\/forumcinemas.lt\/informacija\/puslapio-taisykles\/"},"modified":"2025-11-17T08:45:53","modified_gmt":"2025-11-17T08:45:53","slug":"puslapio-taisykles","status":"publish","type":"page","link":"https:\/\/forumcinemas.lt\/lt\/informacija\/puslapio-taisykles\/","title":{"rendered":"puslapio-taisykles"},"content":{"rendered":"\t\t<div data-elementor-type=\"wp-page\" data-elementor-id=\"1611\" class=\"elementor elementor-1611 elementor-940\" data-elementor-post-type=\"page\">\n\t\t\t\t<div class=\"elementor-element elementor-element-59ff856 e-flex e-con-boxed e-con e-parent\" data-id=\"59ff856\" data-element_type=\"container\">\n\t\t\t\t\t<div class=\"e-con-inner\">\n\t\t<div class=\"elementor-element elementor-element-71d71a91 e-con-full e-flex e-con e-child\" data-id=\"71d71a91\" data-element_type=\"container\">\n\t\t\t\t<div class=\"elementor-element elementor-element-30f15986 elementor-widget elementor-widget-heading\" data-id=\"30f15986\" data-element_type=\"widget\" data-widget_type=\"heading.default\">\n\t\t\t\t<div class=\"elementor-widget-container\">\n\t\t\t<style>\/*! elementor - v3.23.0 - 15-07-2024 *\/\n.elementor-heading-title{padding:0;margin:0;line-height:1}.elementor-widget-heading .elementor-heading-title[class*=elementor-size-]>a{color:inherit;font-size:inherit;line-height:inherit}.elementor-widget-heading .elementor-heading-title.elementor-size-small{font-size:15px}.elementor-widget-heading .elementor-heading-title.elementor-size-medium{font-size:19px}.elementor-widget-heading .elementor-heading-title.elementor-size-large{font-size:29px}.elementor-widget-heading .elementor-heading-title.elementor-size-xl{font-size:39px}.elementor-widget-heading .elementor-heading-title.elementor-size-xxl{font-size:59px}<\/style><h6 class=\"elementor-heading-title elementor-size-default\">Bendrosios naudojimosi \u201eForum Cinemas\u201c interneto svetaine taisykl\u0117s<\/h6>\t\t<\/div>\n\t\t\t\t<\/div>\n\t\t\t\t<div class=\"elementor-element elementor-element-659ee3c3 elementor-widget elementor-widget-text-editor\" data-id=\"659ee3c3\" data-element_type=\"widget\" data-widget_type=\"text-editor.default\">\n\t\t\t\t<div class=\"elementor-widget-container\">\n\t\t\t<style>\/*! elementor - v3.23.0 - 15-07-2024 *\/\n.elementor-widget-text-editor.elementor-drop-cap-view-stacked .elementor-drop-cap{background-color:#69727d;color:#fff}.elementor-widget-text-editor.elementor-drop-cap-view-framed .elementor-drop-cap{color:#69727d;border:3px solid;background-color:transparent}.elementor-widget-text-editor:not(.elementor-drop-cap-view-default) .elementor-drop-cap{margin-top:8px}.elementor-widget-text-editor:not(.elementor-drop-cap-view-default) .elementor-drop-cap-letter{width:1em;height:1em}.elementor-widget-text-editor .elementor-drop-cap{float:left;text-align:center;line-height:1;font-size:50px}.elementor-widget-text-editor .elementor-drop-cap-letter{display:inline-block}<\/style>\t\t\t\t<p>Registruojantis svetain\u0117je Jums reikia susipa\u017einti su Bendrosiomis naudojimosi \u201eForum Cinemas\u201c interneto svetaine taisykl\u0117mis ir patvirtinti, kad su jomis susipa\u017einote ir sutinkate.<\/p><p>Vartotojai yra patys atsakingi u\u017e savo veiksmus, padarytus perkant kino bilietus ir kuponus \u0161ioje interneto svetain\u0117je.<\/p><p>Kai kuriems filmams nustatyti \u017ei\u016brov\u0173 am\u017eiaus apribojimai. Jei J\u016bs \u012fsigijote bilietus \u012f film\u0105, pa\u017eym\u0117t\u0105 indeksu S (nuo 18 m.) arba N-16, ta\u010diau esate jaunesnio am\u017eiaus, \u012f sal\u0119 neb\u016bsite \u012fleistas, o pinig\u0173 u\u017e bilietus negr\u0105\u017einsime. Kai filmas rodomas dviem formatais, b\u016bkite atid\u016bs rinkdamiesi \u012fprastinio formato (2D) arba 3D kino filmo seans\u0105. Visada susipa\u017einkite su pateikiama apie film\u0105 informacija.<\/p><p>\u201eForum Cinemas\u201c neatsako u\u017e nes\u0117kming\u0105 pirkimo operacij\u0105 d\u0117l J\u016bs\u0173 \u012frenginio asmenini\u0173 nustatym\u0173.<\/p><p>Jei nepavyksta prisijungti prie m\u016bs\u0173 interneto svetain\u0117s, atlikti mok\u0117jimo u\u017e bilietus arba atlik\u0119 mok\u0117jim\u0105 internetu negavote \u017einut\u0117s apie s\u0117kming\u0105 pirkimo operacij\u0105, pirmiausia patikrinkite savo el. pa\u0161to brukal\u0173 (angl. spam) skyrel\u012f, taip pat \u012fsitikinkite, ar J\u016bs\u0173 kompiuterio ugniasien\u0117 (angl. firewall) ir antivirusin\u0117 \u012franga tiksliai suderinta ir leid\u017eia prieig\u0105 prie \u201eForum Cinemas\u201c svetain\u0117s. I\u0161kilus klausimams ar neai\u0161kumams, visada galite kreiptis \u012f \u201eForum Cinemas\u201c pagalbos tarnyb\u0105 el. pa\u0161to adresu pagalba@forumcinemas.lt.<\/p><p>\u201eForum Cinemas\u201c neatsako u\u017e vartotojo nuostolius, jei nuostoliai buvo patirti\u00a0 neatsi\u017evelgus \u012f \u201eForum Cinemas\u201c rekomendacijas ar vartotojo \u012fsipareigojimus arba nesusipa\u017einus su \u0161iomis taisykl\u0117mis, nors tokia galimyb\u0117 vartotojui buvo suteikta, arba savaip jas interpretavus.<\/p><p>Jei Jums kyla abejoni\u0173, ar teisingai supratote akcij\u0173, nuolaid\u0173, konkurs\u0173 ar \u017eaidim\u0173 taisykles, biliet\u0173 kainas, kino film\u0173 seans\u0173 laik\u0105 ar kino teatro taisykles, visada galite kreiptis pagalbos \u012f \u201eForum Cinemas\u201c el. pa\u0161to adresu pagalba@forumcinemas.lt.<\/p><p>\u201eForum Cinemas O\u00dc Lietuvos filialas\u201c pasilieka teis\u0119 viena\u0161ali\u0161kai keisti taisykles i\u0161 anksto apie tai neprane\u0161usi. Informacija apie pasikeitimus visada skelbiama www.forumcinemas.lt.<\/p>\t\t\t\t\t\t<\/div>\n\t\t\t\t<\/div>\n\t\t\t\t<\/div>\n\t\t\t\t\t<\/div>\n\t\t\t\t<\/div>\n\t\t<div class=\"elementor-element elementor-element-6dca9403 e-flex e-con-boxed e-con e-parent\" data-id=\"6dca9403\" data-element_type=\"container\" id=\"eventForm\">\n\t\t\t\t\t<div class=\"e-con-inner\">\n\t\t\t\t<div class=\"elementor-element elementor-element-26e70cea elementor-widget elementor-widget-spacer\" data-id=\"26e70cea\" data-element_type=\"widget\" data-widget_type=\"spacer.default\">\n\t\t\t\t<div class=\"elementor-widget-container\">\n\t\t\t<style>\/*! elementor - v3.23.0 - 15-07-2024 *\/\n.elementor-column .elementor-spacer-inner{height:var(--spacer-size)}.e-con{--container-widget-width:100%}.e-con-inner>.elementor-widget-spacer,.e-con>.elementor-widget-spacer{width:var(--container-widget-width,var(--spacer-size));--align-self:var(--container-widget-align-self,initial);--flex-shrink:0}.e-con-inner>.elementor-widget-spacer>.elementor-widget-container,.e-con>.elementor-widget-spacer>.elementor-widget-container{height:100%;width:100%}.e-con-inner>.elementor-widget-spacer>.elementor-widget-container>.elementor-spacer,.e-con>.elementor-widget-spacer>.elementor-widget-container>.elementor-spacer{height:100%}.e-con-inner>.elementor-widget-spacer>.elementor-widget-container>.elementor-spacer>.elementor-spacer-inner,.e-con>.elementor-widget-spacer>.elementor-widget-container>.elementor-spacer>.elementor-spacer-inner{height:var(--container-widget-height,var(--spacer-size))}.e-con-inner>.elementor-widget-spacer.elementor-widget-empty,.e-con>.elementor-widget-spacer.elementor-widget-empty{position:relative;min-height:22px;min-width:22px}.e-con-inner>.elementor-widget-spacer.elementor-widget-empty .elementor-widget-empty-icon,.e-con>.elementor-widget-spacer.elementor-widget-empty .elementor-widget-empty-icon{position:absolute;top:0;bottom:0;left:0;right:0;margin:auto;padding:0;width:22px;height:22px}<\/style>\t\t<div class=\"elementor-spacer\">\n\t\t\t<div class=\"elementor-spacer-inner\"><\/div>\n\t\t<\/div>\n\t\t\t\t<\/div>\n\t\t\t\t<\/div>\n\t\t\t\t\t<\/div>\n\t\t\t\t<\/div>\n\t\t\t\t<\/div>\n\t\t","protected":false},"excerpt":{"rendered":"<p>Bendrosios naudojimosi \u201eForum Cinemas\u201c interneto svetaine taisykl\u0117s Registruojantis svetain\u0117je Jums reikia susipa\u017einti su Bendrosiomis naudojimosi \u201eForum Cinemas\u201c interneto svetaine taisykl\u0117mis ir patvirtinti, kad su jomis susipa\u017einote ir sutinkate. Vartotojai yra patys atsakingi u\u017e savo veiksmus, padarytus perkant kino bilietus ir kuponus \u0161ioje interneto svetain\u0117je. Kai kuriems filmams nustatyti \u017ei\u016brov\u0173 am\u017eiaus apribojimai. Jei J\u016bs \u012fsigijote bilietus [&hellip;]<\/p>\n","protected":false},"author":1,"featured_media":0,"parent":1602,"menu_order":0,"comment_status":"closed","ping_status":"closed","template":"","meta":{"_acf_changed":false,"footnotes":""},"acf":[],"yoast_head":"<!-- This site is optimized with the Yoast SEO plugin v23.0 - https:\/\/yoast.com\/wordpress\/plugins\/seo\/ -->\n<title>puslapio-taisykles - Forum Cinemas kino teatras<\/title>\n<meta name=\"robots\" content=\"index, follow, max-snippet:-1, max-image-preview:large, max-video-preview:-1\" \/>\n<link rel=\"canonical\" href=\"https:\/\/forumcinemas.lt\/lt\/informacija\/puslapio-taisykles\/\" \/>\n<meta property=\"og:locale\" content=\"lt_LT\" \/>\n<meta property=\"og:type\" content=\"article\" \/>\n<meta property=\"og:title\" content=\"puslapio-taisykles - Forum Cinemas kino teatras\" \/>\n<meta property=\"og:description\" content=\"Bendrosios naudojimosi \u201eForum Cinemas\u201c interneto svetaine taisykl\u0117s Registruojantis svetain\u0117je Jums reikia susipa\u017einti su Bendrosiomis naudojimosi \u201eForum Cinemas\u201c interneto svetaine taisykl\u0117mis ir patvirtinti, kad su jomis susipa\u017einote ir sutinkate. Vartotojai yra patys atsakingi u\u017e savo veiksmus, padarytus perkant kino bilietus ir kuponus \u0161ioje interneto svetain\u0117je. Kai kuriems filmams nustatyti \u017ei\u016brov\u0173 am\u017eiaus apribojimai. Jei J\u016bs \u012fsigijote bilietus [&hellip;]\" \/>\n<meta property=\"og:url\" content=\"https:\/\/forumcinemas.lt\/lt\/informacija\/puslapio-taisykles\/\" \/>\n<meta property=\"og:site_name\" content=\"Forum Cinemas kino teatras\" \/>\n<meta property=\"article:modified_time\" content=\"2025-11-17T08:45:53+00:00\" \/>\n<meta name=\"twitter:card\" content=\"summary_large_image\" \/>\n<meta name=\"twitter:label1\" content=\"Est. reading time\" \/>\n\t<meta name=\"twitter:data1\" content=\"2 minutes\" \/>\n<script type=\"application\/ld+json\" class=\"yoast-schema-graph\">{\"@context\":\"https:\/\/schema.org\",\"@graph\":[{\"@type\":\"WebPage\",\"@id\":\"https:\/\/forumcinemas.lt\/lt\/informacija\/puslapio-taisykles\/\",\"url\":\"https:\/\/forumcinemas.lt\/lt\/informacija\/puslapio-taisykles\/\",\"name\":\"puslapio-taisykles - Forum Cinemas kino teatras\",\"isPartOf\":{\"@id\":\"https:\/\/forumcinemas.lt\/lt\/#website\"},\"datePublished\":\"2025-08-19T13:40:43+00:00\",\"dateModified\":\"2025-11-17T08:45:53+00:00\",\"breadcrumb\":{\"@id\":\"https:\/\/forumcinemas.lt\/lt\/informacija\/puslapio-taisykles\/#breadcrumb\"},\"inLanguage\":\"lt-LT\",\"potentialAction\":[{\"@type\":\"ReadAction\",\"target\":[\"https:\/\/forumcinemas.lt\/lt\/informacija\/puslapio-taisykles\/\"]}]},{\"@type\":\"BreadcrumbList\",\"@id\":\"https:\/\/forumcinemas.lt\/lt\/informacija\/puslapio-taisykles\/#breadcrumb\",\"itemListElement\":[{\"@type\":\"ListItem\",\"position\":1,\"name\":\"Home\",\"item\":\"https:\/\/forumcinemas.lt\/lt\/\"},{\"@type\":\"ListItem\",\"position\":2,\"name\":\"informacija\",\"item\":\"https:\/\/forumcinemas.lt\/lt\/informacija\/\"},{\"@type\":\"ListItem\",\"position\":3,\"name\":\"puslapio-taisykles\"}]},{\"@type\":\"WebSite\",\"@id\":\"https:\/\/forumcinemas.lt\/lt\/#website\",\"url\":\"https:\/\/forumcinemas.lt\/lt\/\",\"name\":\"Forum Cinemas kino teatras\",\"description\":\"\",\"potentialAction\":[{\"@type\":\"SearchAction\",\"target\":{\"@type\":\"EntryPoint\",\"urlTemplate\":\"https:\/\/forumcinemas.lt\/lt\/?s={search_term_string}\"},\"query-input\":\"required name=search_term_string\"}],\"inLanguage\":\"lt-LT\"}]}<\/script>\n<!-- \/ Yoast SEO plugin. -->","yoast_head_json":{"title":"puslapio-taisykles - Forum Cinemas kino teatras","robots":{"index":"index","follow":"follow","max-snippet":"max-snippet:-1","max-image-preview":"max-image-preview:large","max-video-preview":"max-video-preview:-1"},"canonical":"https:\/\/forumcinemas.lt\/lt\/informacija\/puslapio-taisykles\/","og_locale":"lt_LT","og_type":"article","og_title":"puslapio-taisykles - Forum Cinemas kino teatras","og_description":"Bendrosios naudojimosi \u201eForum Cinemas\u201c interneto svetaine taisykl\u0117s Registruojantis svetain\u0117je Jums reikia susipa\u017einti su Bendrosiomis naudojimosi \u201eForum Cinemas\u201c interneto svetaine taisykl\u0117mis ir patvirtinti, kad su jomis susipa\u017einote ir sutinkate. Vartotojai yra patys atsakingi u\u017e savo veiksmus, padarytus perkant kino bilietus ir kuponus \u0161ioje interneto svetain\u0117je. Kai kuriems filmams nustatyti \u017ei\u016brov\u0173 am\u017eiaus apribojimai. Jei J\u016bs \u012fsigijote bilietus [&hellip;]","og_url":"https:\/\/forumcinemas.lt\/lt\/informacija\/puslapio-taisykles\/","og_site_name":"Forum Cinemas kino teatras","article_modified_time":"2025-11-17T08:45:53+00:00","twitter_card":"summary_large_image","twitter_misc":{"Est. reading time":"2 minutes"},"schema":{"@context":"https:\/\/schema.org","@graph":[{"@type":"WebPage","@id":"https:\/\/forumcinemas.lt\/lt\/informacija\/puslapio-taisykles\/","url":"https:\/\/forumcinemas.lt\/lt\/informacija\/puslapio-taisykles\/","name":"puslapio-taisykles - Forum Cinemas kino teatras","isPartOf":{"@id":"https:\/\/forumcinemas.lt\/lt\/#website"},"datePublished":"2025-08-19T13:40:43+00:00","dateModified":"2025-11-17T08:45:53+00:00","breadcrumb":{"@id":"https:\/\/forumcinemas.lt\/lt\/informacija\/puslapio-taisykles\/#breadcrumb"},"inLanguage":"lt-LT","potentialAction":[{"@type":"ReadAction","target":["https:\/\/forumcinemas.lt\/lt\/informacija\/puslapio-taisykles\/"]}]},{"@type":"BreadcrumbList","@id":"https:\/\/forumcinemas.lt\/lt\/informacija\/puslapio-taisykles\/#breadcrumb","itemListElement":[{"@type":"ListItem","position":1,"name":"Home","item":"https:\/\/forumcinemas.lt\/lt\/"},{"@type":"ListItem","position":2,"name":"informacija","item":"https:\/\/forumcinemas.lt\/lt\/informacija\/"},{"@type":"ListItem","position":3,"name":"puslapio-taisykles"}]},{"@type":"WebSite","@id":"https:\/\/forumcinemas.lt\/lt\/#website","url":"https:\/\/forumcinemas.lt\/lt\/","name":"Forum Cinemas kino teatras","description":"","potentialAction":[{"@type":"SearchAction","target":{"@type":"EntryPoint","urlTemplate":"https:\/\/forumcinemas.lt\/lt\/?s={search_term_string}"},"query-input":"required name=search_term_string"}],"inLanguage":"lt-LT"}]}},"_links":{"self":[{"href":"https:\/\/forumcinemas.lt\/lt\/wp-json\/wp\/v2\/pages\/1611"}],"collection":[{"href":"https:\/\/forumcinemas.lt\/lt\/wp-json\/wp\/v2\/pages"}],"about":[{"href":"https:\/\/forumcinemas.lt\/lt\/wp-json\/wp\/v2\/types\/page"}],"author":[{"embeddable":true,"href":"https:\/\/forumcinemas.lt\/lt\/wp-json\/wp\/v2\/users\/1"}],"replies":[{"embeddable":true,"href":"https:\/\/forumcinemas.lt\/lt\/wp-json\/wp\/v2\/comments?post=1611"}],"version-history":[{"count":18,"href":"https:\/\/forumcinemas.lt\/lt\/wp-json\/wp\/v2\/pages\/1611\/revisions"}],"predecessor-version":[{"id":4668,"href":"https:\/\/forumcinemas.lt\/lt\/wp-json\/wp\/v2\/pages\/1611\/revisions\/4668"}],"up":[{"embeddable":true,"href":"https:\/\/forumcinemas.lt\/lt\/wp-json\/wp\/v2\/pages\/1602"}],"wp:attachment":[{"href":"https:\/\/forumcinemas.lt\/lt\/wp-json\/wp\/v2\/media?parent=1611"}],"curies":[{"name":"wp","href":"https:\/\/api.w.org\/{rel}","templated":true}]}}