{"id":1609,"date":"2025-08-19T13:40:08","date_gmt":"2025-08-19T13:40:08","guid":{"rendered":"https:\/\/forumcinemas.lt\/informacija\/dazniausiai-uzduodami-klausimai\/"},"modified":"2025-12-15T08:36:09","modified_gmt":"2025-12-15T08:36:09","slug":"dazniausiai-uzduodami-klausimai","status":"publish","type":"page","link":"https:\/\/forumcinemas.lt\/lt\/informacija\/dazniausiai-uzduodami-klausimai\/","title":{"rendered":"dazniausiai-uzduodami-klausimai"},"content":{"rendered":"\t\t<div data-elementor-type=\"wp-page\" data-elementor-id=\"1609\" class=\"elementor elementor-1609 elementor-936\" data-elementor-post-type=\"page\">\n\t\t\t\t<div class=\"elementor-element elementor-element-66edd4e4 e-flex e-con-boxed e-con e-parent\" data-id=\"66edd4e4\" data-element_type=\"container\">\n\t\t\t\t\t<div class=\"e-con-inner\">\n\t\t<div class=\"elementor-element elementor-element-467340ac e-con-full e-flex e-con e-child\" data-id=\"467340ac\" data-element_type=\"container\">\n\t\t\t\t<div class=\"elementor-element elementor-element-31748228 elementor-widget elementor-widget-heading\" data-id=\"31748228\" data-element_type=\"widget\" data-widget_type=\"heading.default\">\n\t\t\t\t<div class=\"elementor-widget-container\">\n\t\t\t<style>\/*! elementor - v3.23.0 - 15-07-2024 *\/\n.elementor-heading-title{padding:0;margin:0;line-height:1}.elementor-widget-heading .elementor-heading-title[class*=elementor-size-]>a{color:inherit;font-size:inherit;line-height:inherit}.elementor-widget-heading .elementor-heading-title.elementor-size-small{font-size:15px}.elementor-widget-heading .elementor-heading-title.elementor-size-medium{font-size:19px}.elementor-widget-heading .elementor-heading-title.elementor-size-large{font-size:29px}.elementor-widget-heading .elementor-heading-title.elementor-size-xl{font-size:39px}.elementor-widget-heading .elementor-heading-title.elementor-size-xxl{font-size:59px}<\/style><h6 class=\"elementor-heading-title elementor-size-default\">DA\u017dNIAUSIAI U\u017dDUODAMI KLAUSIMAI<\/h6>\t\t<\/div>\n\t\t\t\t<\/div>\n\t\t\t\t<div class=\"elementor-element elementor-element-5e1fda81 elementor-widget elementor-widget-text-editor\" data-id=\"5e1fda81\" data-element_type=\"widget\" data-widget_type=\"text-editor.default\">\n\t\t\t\t<div class=\"elementor-widget-container\">\n\t\t\t<style>\/*! elementor - v3.23.0 - 15-07-2024 *\/\n.elementor-widget-text-editor.elementor-drop-cap-view-stacked .elementor-drop-cap{background-color:#69727d;color:#fff}.elementor-widget-text-editor.elementor-drop-cap-view-framed .elementor-drop-cap{color:#69727d;border:3px solid;background-color:transparent}.elementor-widget-text-editor:not(.elementor-drop-cap-view-default) .elementor-drop-cap{margin-top:8px}.elementor-widget-text-editor:not(.elementor-drop-cap-view-default) .elementor-drop-cap-letter{width:1em;height:1em}.elementor-widget-text-editor .elementor-drop-cap{float:left;text-align:center;line-height:1;font-size:50px}.elementor-widget-text-editor .elementor-drop-cap-letter{display:inline-block}<\/style>\t\t\t\t<p><strong>Kokio ilgio reklama rodoma prie\u0161 film\u0105?<\/strong><\/p><p>Film\u0173 seansai prasideda reklama ir kino anonsais, kuri\u0173 laik\u0105 (iki 20 min.) reik\u0117t\u0173 prisumuoti prie filmo trukm\u0117s.<\/p><p><strong>Pirkau bilietus internetu, pinigus nuskai\u010diavo, bet biliet\u0173 nei\u0161dav\u0117, k\u0105 daryti?\u00a0<\/strong><br \/>\u2013\u00a0Jeigu i\u0161kilo neai\u0161kum\u0173, turite klausim\u0173 ar Jums reikia papildomos pagalbos perkant bilietus,\u00a0arba apmok\u0117jimas atliktas,\u00a0ta\u010diau biliet\u0173 negavote, ra\u0161ykite\u00a0<u><a href=\"mailto:pagalba@forumcinemas.lt\" data-cke-saved-href=\"mailto:pagalba@forumcinemas.lt\">pagalba@forumcinemas.lt<\/a><\/u><\/p><p><strong>Ar galima bilietus rezervuoti?<\/strong><br \/>\u2013 Ne, bilietai nerezervuojami.<\/p><p><strong>Kod\u0117l n\u0117ra nuolaid\u0173 studentams ir moksleiviams?\u00a0<\/strong><br \/>\u2013\u00a0Moksleiviai ir studentai gali\u00a0\u012fsigyti Kino klubo kortel\u0119, kuri suteiks nuolaid\u0173 kino film\u0173\u00a0bilietams bei baro prek\u0117ms ir kuri galioja vienus metus. Daugiau apie Kino klubo kortel\u0119 skaitykite\u00a0<a href=\"https:\/\/www.forumcinemas.lt\/loyalty\/klubas\/nuolaidos\" data-cke-saved-href=\"\/loyalty\/klubas\/nuolaidos\">\u010dia<\/a>.\u00a0<\/p><p><strong>Kada bus YOMAYO kino diena?<\/strong>\u00a0<br \/>\u2013 Sekite repertuar\u0105 bei reklam\u0105\u00a0&#8220;Forum Cinemas&#8221; interneto svetain\u0117je ir Facebook&#8217;e.<\/p><p><strong>Kod\u0117l nedarote vienos k\u0117d\u0117s tarp\u0173?<\/strong><\/p><p>\u2013 Daugumos \u017ei\u016brov\u0173 patogumui, kad kuo daugiau \u017emoni\u0173 tur\u0117t\u0173 lygias galimybes s\u0117d\u0117ti kartu, o ne po vien\u0105.<\/p><p><strong>Kod\u0117l filmai suaugusiesiems rodomi angl\u0173 kalba, o ne dubliuoti lietuvi\u0161kai?\u00a0<\/strong><br \/>\u2013 Beveik visa Europa filmus \u017ei\u016bri originalo kalba su subtitrais. Dubliuoti nenaudinga, nes dublia\u017eas kainuoja didelius pinigus ir grei\u010diausiai filmai suaugusiems \u017ei\u016brovams b\u016bt\u0173 nuostolingi. \u00a0Kita vertus, u\u017e film\u0173 dubliavim\u0105 yra atsakingi film\u0173 platintojai, o ne kino teatras.<\/p>\t\t\t\t\t\t<\/div>\n\t\t\t\t<\/div>\n\t\t\t\t<\/div>\n\t\t<div class=\"elementor-element elementor-element-6667269f e-con-full e-flex e-con e-child\" data-id=\"6667269f\" data-element_type=\"container\">\n\t\t<div class=\"elementor-element elementor-element-5a3529d3 e-con-full e-flex e-con e-child\" data-id=\"5a3529d3\" data-element_type=\"container\">\n\t\t\t\t<div class=\"elementor-element elementor-element-51d5d7f5 elementor-widget elementor-widget-text-editor\" data-id=\"51d5d7f5\" data-element_type=\"widget\" data-widget_type=\"text-editor.default\">\n\t\t\t\t<div class=\"elementor-widget-container\">\n\t\t\t\t\t\t\t<p><strong>Nuo kokio am\u017eiaus vaikui reikia bilieto \u012f film\u0105? Ar reikia vaikui bilieto, jei jis s\u0117d\u0117s ant keli\u0173? Kod\u0117l reikia bilieto jaunesniam nei 3 met\u0173 am\u017eiaus\u00a0vaikui?\u00a0<\/strong><br \/>\u2013\u00a0Tod\u0117l, kad kino teatras\u00a0parduoda ne k\u0117des, o kokybi\u0161k\u0105 regin\u012f. Ir nesvarbu, kur \u017emogus s\u0117di, vis tiek jis ateina \u017ei\u016br\u0117ti filmo.\u00a0<span class=\"moz-smiley-s1\">\u00a0<\/span><\/p><p><br \/><br \/><strong>Kod\u0117l kino sal\u0117je toks didelis garsas?<\/strong><br \/>\u2013\u00a0Kino standartas yra vienas visame pasaulyje (tiek garso, tiek vaizdo). Juo remiantis gamina visa kino \u012franga. Jei Lietuvoje savavali\u0161kai imtume reguliuoti vien\u0105 ar kit\u0105 vieningos sistemos dal\u012f, nepataisomai nukent\u0117t\u0173 filmo kokyb\u0117. Be to filmas &#8211; autorinis k\u016brinys, re\u017eisierius \u017eino standartus ir nustato garso lyg\u012f.<\/p><p><br \/><br \/><strong>Ar galiu eiti\u00a0\u012f N-16 film\u0105, jeigu:<br \/>man ma\u017eiau nei 16 met\u0173, bet t\u0117vai leid\u017eia;<br \/>man ma\u017eiau nei 16 met\u0173, bet eisiu kartu su t\u0117vais;<br \/>man rytoj\u00a0(po savait\u0117s, m\u0117nesio arba \u0161iemet) sukaks 16 met\u0173;<br \/>jei man tikrai yra 16 met\u0173, bet atrodau jaunai, o\u00a0asmens dokument\u0105 pamir\u0161au namuose?<\/strong><br \/>&#8211; NE. Film\u0173 cenzus nustato Lietuvos Respublikos kult\u016bros ministerija, o kino teatras privalo j\u0173 laikytis. Daugiau apie \u017ei\u016brov\u0173 am\u017eiaus cenzus skaitykite\u00a0<a href=\"https:\/\/www.forumcinemas.lt\/Tickets\/Ratings\" data-cke-saved-href=\"\/Tickets\/Ratings\">\u010dia<\/a>.\u00a0<\/p><p>\u00a0<\/p><p><strong>Kod\u0117l tokie brang\u016bs bilietai?\u00a0<\/strong><br \/>\u2013\u00a0Biliet\u0173 kain\u0105 diktuoja kino rinka ir\u00a0bendra Lietuvos ekonomikos pad\u0117tis.<\/p><p><br \/><br \/><strong>Ar parduodate kino plakatus?<\/strong><br \/>\u2013\u00a0Ne, kino plakatai n\u0117ra parduodami. Jeigu j\u0173 turime, biliet\u0173 kasose dalijame nemokamai.\u00a0<\/p><p><br \/><br \/><strong>Kod\u0117l negaliu ne \u201eForum Cinemas\u201c\u00a0bare pirktos picos ar m\u0117sainio, g\u0117rim\u0173 ne\u0161tis\u00a0\u012f sal\u0119?<\/strong><br \/>\u2013 \u0160iuk\u0161li\u0173 i\u0161ne\u0161imas i\u0161 sal\u0117s, k\u0117d\u017ei\u0173 valymas taip pat kainuoja. Ta\u010diau nei parduotuv\u0117, kurioje pirkote maisto, nei picerijos u\u017e tai nemoka.\u00a0Kita vertus, kod\u0117l\u00a0\u012f klub\u0105 negalima ne\u0161tis savo g\u0117rim\u0173 arba\u00a0\u012f restoran\u0105\u00a0\u2013\u00a0savo maisto?<\/p><p>\u00a0<\/p><p><strong>O kod\u0117l filmui nustatytas\u00a0toks am\u017eiaus\u00a0cenzas (N-16, S), juk ten nieko baisaus, nieko blogo nerodo?<\/strong><br \/>\u2013\u00a0Am\u017eiaus cenzus nustato Lietuvos Respublikos kult\u016bros ministerija, o ne kino teatras. Kino teatras tik privalo laikytis \u017ei\u016brov\u0173 am\u017eiaus cenzui nustatyt\u0173 reikalavim\u0173. Daugiau apie \u017ei\u016brov\u0173 am\u017eiaus cenzus skaitykite\u00a0<a href=\"https:\/\/www.forumcinemas.lt\/Tickets\/Ratings\" data-cke-saved-href=\"\/Tickets\/Ratings\">\u010dia<\/a>.<\/p><p>\u00a0<\/p><p><strong>Kod\u0117l man nei\u0161dav\u0117 biliet\u0173, kai pirkau internetu, nors pinigus nuskai\u010diavo?<\/strong><br \/>\u2013\u00a0Da\u017eniausiai tai \u012fvyksta ne d\u0117l m\u016bs\u0173 kalt\u0117s, o d\u0117l to, kad pinig\u0173 pervedimo\u00a0metu nutr\u016bksta interneto ry\u0161ys,\u00a0klientas per anksti u\u017edaro lang\u0105 ar dar d\u0117l koki\u0173 nors pana\u0161i\u0173 prie\u017eas\u010di\u0173. 99,9 %\u00a0pirkim\u0173 internetu atliekami skland\u017eiai. Jeigu i\u0161kilo neai\u0161kum\u0173, turite klausim\u0173 ar Jums reikia papildomos pagalbos perkant bilietus internetu\u00a0arba apmok\u0117jimas atliktas,\u00a0ta\u010diau biliet\u0173 negavote, ra\u0161ykite\u00a0<a href=\"mailto:pagalba@forumcinemas.lt\" data-cke-saved-href=\"mailto:pagalba@forumcinemas.lt\"><u>pagalba@forumcinemas.lt<\/u><\/a>.<\/p><p><br \/><br \/><strong>Man 15 met\u0173 ir man t\u0117vai (arba draugai) nupirko bilietus\u00a0\u012f N-16 film\u0105,\u00a0bet man\u0119s ne\u012fleido\u00a0\u012f sal\u0119. Ar gr\u0105\u017einsite pinigus?\u00a0<\/strong><br \/>\u2013\u00a0Deja, ne.<\/p><p><br \/><strong>Kod\u0117l neparduodami bilietai \u012f ne\u012fgali\u0173j\u0173 vietas?<\/strong><br \/>\u2013\u00a0Jos specialiai pritaikytos ir skirtos tik \u017emon\u0117ms su jud\u0117jimo negalia ir juos lydintiems asmenims.<\/p>\t\t\t\t\t\t<\/div>\n\t\t\t\t<\/div>\n\t\t\t\t<\/div>\n\t\t\t\t<\/div>\n\t\t\t\t\t<\/div>\n\t\t\t\t<\/div>\n\t\t<div class=\"elementor-element elementor-element-624c7ef1 e-flex e-con-boxed e-con e-parent\" data-id=\"624c7ef1\" data-element_type=\"container\" id=\"eventForm\">\n\t\t\t\t\t<div class=\"e-con-inner\">\n\t\t\t\t<div class=\"elementor-element elementor-element-4d926a1 elementor-widget elementor-widget-spacer\" data-id=\"4d926a1\" data-element_type=\"widget\" data-widget_type=\"spacer.default\">\n\t\t\t\t<div class=\"elementor-widget-container\">\n\t\t\t<style>\/*! elementor - v3.23.0 - 15-07-2024 *\/\n.elementor-column .elementor-spacer-inner{height:var(--spacer-size)}.e-con{--container-widget-width:100%}.e-con-inner>.elementor-widget-spacer,.e-con>.elementor-widget-spacer{width:var(--container-widget-width,var(--spacer-size));--align-self:var(--container-widget-align-self,initial);--flex-shrink:0}.e-con-inner>.elementor-widget-spacer>.elementor-widget-container,.e-con>.elementor-widget-spacer>.elementor-widget-container{height:100%;width:100%}.e-con-inner>.elementor-widget-spacer>.elementor-widget-container>.elementor-spacer,.e-con>.elementor-widget-spacer>.elementor-widget-container>.elementor-spacer{height:100%}.e-con-inner>.elementor-widget-spacer>.elementor-widget-container>.elementor-spacer>.elementor-spacer-inner,.e-con>.elementor-widget-spacer>.elementor-widget-container>.elementor-spacer>.elementor-spacer-inner{height:var(--container-widget-height,var(--spacer-size))}.e-con-inner>.elementor-widget-spacer.elementor-widget-empty,.e-con>.elementor-widget-spacer.elementor-widget-empty{position:relative;min-height:22px;min-width:22px}.e-con-inner>.elementor-widget-spacer.elementor-widget-empty .elementor-widget-empty-icon,.e-con>.elementor-widget-spacer.elementor-widget-empty .elementor-widget-empty-icon{position:absolute;top:0;bottom:0;left:0;right:0;margin:auto;padding:0;width:22px;height:22px}<\/style>\t\t<div class=\"elementor-spacer\">\n\t\t\t<div class=\"elementor-spacer-inner\"><\/div>\n\t\t<\/div>\n\t\t\t\t<\/div>\n\t\t\t\t<\/div>\n\t\t\t\t\t<\/div>\n\t\t\t\t<\/div>\n\t\t\t\t<\/div>\n\t\t","protected":false},"excerpt":{"rendered":"<p>DA\u017dNIAUSIAI U\u017dDUODAMI KLAUSIMAI Kokio ilgio reklama rodoma prie\u0161 film\u0105? Film\u0173 seansai prasideda reklama ir kino anonsais, kuri\u0173 laik\u0105 (iki 20 min.) reik\u0117t\u0173 prisumuoti prie filmo trukm\u0117s. Pirkau bilietus internetu, pinigus nuskai\u010diavo, bet biliet\u0173 nei\u0161dav\u0117, k\u0105 daryti?\u00a0\u2013\u00a0Jeigu i\u0161kilo neai\u0161kum\u0173, turite klausim\u0173 ar Jums reikia papildomos pagalbos perkant bilietus,\u00a0arba apmok\u0117jimas atliktas,\u00a0ta\u010diau biliet\u0173 negavote, ra\u0161ykite\u00a0pagalba@forumcinemas.lt Ar galima bilietus [&hellip;]<\/p>\n","protected":false},"author":1,"featured_media":0,"parent":1602,"menu_order":0,"comment_status":"closed","ping_status":"closed","template":"","meta":{"_acf_changed":false,"footnotes":""},"acf":[],"yoast_head":"<!-- This site is optimized with the Yoast SEO plugin v23.0 - https:\/\/yoast.com\/wordpress\/plugins\/seo\/ -->\n<title>dazniausiai-uzduodami-klausimai - Dovan\u0173 kuponai internetu | Forum Cinemas kino teatras<\/title>\n<meta name=\"robots\" content=\"index, follow, max-snippet:-1, max-image-preview:large, max-video-preview:-1\" \/>\n<link rel=\"canonical\" href=\"https:\/\/forumcinemas.lt\/lt\/informacija\/dazniausiai-uzduodami-klausimai\/\" \/>\n<meta property=\"og:locale\" content=\"lt_LT\" \/>\n<meta property=\"og:type\" content=\"article\" \/>\n<meta property=\"og:title\" content=\"dazniausiai-uzduodami-klausimai - Dovan\u0173 kuponai internetu | Forum Cinemas kino teatras\" \/>\n<meta property=\"og:description\" content=\"DA\u017dNIAUSIAI U\u017dDUODAMI KLAUSIMAI Kokio ilgio reklama rodoma prie\u0161 film\u0105? Film\u0173 seansai prasideda reklama ir kino anonsais, kuri\u0173 laik\u0105 (iki 20 min.) reik\u0117t\u0173 prisumuoti prie filmo trukm\u0117s. Pirkau bilietus internetu, pinigus nuskai\u010diavo, bet biliet\u0173 nei\u0161dav\u0117, k\u0105 daryti?\u00a0\u2013\u00a0Jeigu i\u0161kilo neai\u0161kum\u0173, turite klausim\u0173 ar Jums reikia papildomos pagalbos perkant bilietus,\u00a0arba apmok\u0117jimas atliktas,\u00a0ta\u010diau biliet\u0173 negavote, ra\u0161ykite\u00a0pagalba@forumcinemas.lt Ar galima bilietus [&hellip;]\" \/>\n<meta property=\"og:url\" content=\"https:\/\/forumcinemas.lt\/lt\/informacija\/dazniausiai-uzduodami-klausimai\/\" \/>\n<meta property=\"og:site_name\" content=\"Dovan\u0173 kuponai internetu | Forum Cinemas kino teatras\" \/>\n<meta property=\"article:modified_time\" content=\"2025-12-15T08:36:09+00:00\" \/>\n<meta name=\"twitter:card\" content=\"summary_large_image\" \/>\n<meta name=\"twitter:label1\" content=\"Est. reading time\" \/>\n\t<meta name=\"twitter:data1\" content=\"4 minutes\" \/>\n<script type=\"application\/ld+json\" class=\"yoast-schema-graph\">{\"@context\":\"https:\/\/schema.org\",\"@graph\":[{\"@type\":\"WebPage\",\"@id\":\"https:\/\/forumcinemas.lt\/lt\/informacija\/dazniausiai-uzduodami-klausimai\/\",\"url\":\"https:\/\/forumcinemas.lt\/lt\/informacija\/dazniausiai-uzduodami-klausimai\/\",\"name\":\"dazniausiai-uzduodami-klausimai - Dovan\u0173 kuponai internetu | Forum Cinemas kino teatras\",\"isPartOf\":{\"@id\":\"https:\/\/forumcinemas.lt\/lt\/#website\"},\"datePublished\":\"2025-08-19T13:40:08+00:00\",\"dateModified\":\"2025-12-15T08:36:09+00:00\",\"breadcrumb\":{\"@id\":\"https:\/\/forumcinemas.lt\/lt\/informacija\/dazniausiai-uzduodami-klausimai\/#breadcrumb\"},\"inLanguage\":\"lt-LT\",\"potentialAction\":[{\"@type\":\"ReadAction\",\"target\":[\"https:\/\/forumcinemas.lt\/lt\/informacija\/dazniausiai-uzduodami-klausimai\/\"]}]},{\"@type\":\"BreadcrumbList\",\"@id\":\"https:\/\/forumcinemas.lt\/lt\/informacija\/dazniausiai-uzduodami-klausimai\/#breadcrumb\",\"itemListElement\":[{\"@type\":\"ListItem\",\"position\":1,\"name\":\"Home\",\"item\":\"https:\/\/forumcinemas.lt\/lt\/\"},{\"@type\":\"ListItem\",\"position\":2,\"name\":\"informacija\",\"item\":\"https:\/\/forumcinemas.lt\/lt\/informacija\/\"},{\"@type\":\"ListItem\",\"position\":3,\"name\":\"dazniausiai-uzduodami-klausimai\"}]},{\"@type\":\"WebSite\",\"@id\":\"https:\/\/forumcinemas.lt\/lt\/#website\",\"url\":\"https:\/\/forumcinemas.lt\/lt\/\",\"name\":\"Dovan\u0173 kuponai internetu | Forum Cinemas kino teatras\",\"description\":\"\",\"potentialAction\":[{\"@type\":\"SearchAction\",\"target\":{\"@type\":\"EntryPoint\",\"urlTemplate\":\"https:\/\/forumcinemas.lt\/lt\/?s={search_term_string}\"},\"query-input\":\"required name=search_term_string\"}],\"inLanguage\":\"lt-LT\"}]}<\/script>\n<!-- \/ Yoast SEO plugin. -->","yoast_head_json":{"title":"dazniausiai-uzduodami-klausimai - Dovan\u0173 kuponai internetu | Forum Cinemas kino teatras","robots":{"index":"index","follow":"follow","max-snippet":"max-snippet:-1","max-image-preview":"max-image-preview:large","max-video-preview":"max-video-preview:-1"},"canonical":"https:\/\/forumcinemas.lt\/lt\/informacija\/dazniausiai-uzduodami-klausimai\/","og_locale":"lt_LT","og_type":"article","og_title":"dazniausiai-uzduodami-klausimai - Dovan\u0173 kuponai internetu | Forum Cinemas kino teatras","og_description":"DA\u017dNIAUSIAI U\u017dDUODAMI KLAUSIMAI Kokio ilgio reklama rodoma prie\u0161 film\u0105? Film\u0173 seansai prasideda reklama ir kino anonsais, kuri\u0173 laik\u0105 (iki 20 min.) reik\u0117t\u0173 prisumuoti prie filmo trukm\u0117s. Pirkau bilietus internetu, pinigus nuskai\u010diavo, bet biliet\u0173 nei\u0161dav\u0117, k\u0105 daryti?\u00a0\u2013\u00a0Jeigu i\u0161kilo neai\u0161kum\u0173, turite klausim\u0173 ar Jums reikia papildomos pagalbos perkant bilietus,\u00a0arba apmok\u0117jimas atliktas,\u00a0ta\u010diau biliet\u0173 negavote, ra\u0161ykite\u00a0pagalba@forumcinemas.lt Ar galima bilietus [&hellip;]","og_url":"https:\/\/forumcinemas.lt\/lt\/informacija\/dazniausiai-uzduodami-klausimai\/","og_site_name":"Dovan\u0173 kuponai internetu | Forum Cinemas kino teatras","article_modified_time":"2025-12-15T08:36:09+00:00","twitter_card":"summary_large_image","twitter_misc":{"Est. reading time":"4 minutes"},"schema":{"@context":"https:\/\/schema.org","@graph":[{"@type":"WebPage","@id":"https:\/\/forumcinemas.lt\/lt\/informacija\/dazniausiai-uzduodami-klausimai\/","url":"https:\/\/forumcinemas.lt\/lt\/informacija\/dazniausiai-uzduodami-klausimai\/","name":"dazniausiai-uzduodami-klausimai - Dovan\u0173 kuponai internetu | Forum Cinemas kino teatras","isPartOf":{"@id":"https:\/\/forumcinemas.lt\/lt\/#website"},"datePublished":"2025-08-19T13:40:08+00:00","dateModified":"2025-12-15T08:36:09+00:00","breadcrumb":{"@id":"https:\/\/forumcinemas.lt\/lt\/informacija\/dazniausiai-uzduodami-klausimai\/#breadcrumb"},"inLanguage":"lt-LT","potentialAction":[{"@type":"ReadAction","target":["https:\/\/forumcinemas.lt\/lt\/informacija\/dazniausiai-uzduodami-klausimai\/"]}]},{"@type":"BreadcrumbList","@id":"https:\/\/forumcinemas.lt\/lt\/informacija\/dazniausiai-uzduodami-klausimai\/#breadcrumb","itemListElement":[{"@type":"ListItem","position":1,"name":"Home","item":"https:\/\/forumcinemas.lt\/lt\/"},{"@type":"ListItem","position":2,"name":"informacija","item":"https:\/\/forumcinemas.lt\/lt\/informacija\/"},{"@type":"ListItem","position":3,"name":"dazniausiai-uzduodami-klausimai"}]},{"@type":"WebSite","@id":"https:\/\/forumcinemas.lt\/lt\/#website","url":"https:\/\/forumcinemas.lt\/lt\/","name":"Dovan\u0173 kuponai internetu | Forum Cinemas kino teatras","description":"","potentialAction":[{"@type":"SearchAction","target":{"@type":"EntryPoint","urlTemplate":"https:\/\/forumcinemas.lt\/lt\/?s={search_term_string}"},"query-input":"required name=search_term_string"}],"inLanguage":"lt-LT"}]}},"_links":{"self":[{"href":"https:\/\/forumcinemas.lt\/lt\/wp-json\/wp\/v2\/pages\/1609"}],"collection":[{"href":"https:\/\/forumcinemas.lt\/lt\/wp-json\/wp\/v2\/pages"}],"about":[{"href":"https:\/\/forumcinemas.lt\/lt\/wp-json\/wp\/v2\/types\/page"}],"author":[{"embeddable":true,"href":"https:\/\/forumcinemas.lt\/lt\/wp-json\/wp\/v2\/users\/1"}],"replies":[{"embeddable":true,"href":"https:\/\/forumcinemas.lt\/lt\/wp-json\/wp\/v2\/comments?post=1609"}],"version-history":[{"count":15,"href":"https:\/\/forumcinemas.lt\/lt\/wp-json\/wp\/v2\/pages\/1609\/revisions"}],"predecessor-version":[{"id":5618,"href":"https:\/\/forumcinemas.lt\/lt\/wp-json\/wp\/v2\/pages\/1609\/revisions\/5618"}],"up":[{"embeddable":true,"href":"https:\/\/forumcinemas.lt\/lt\/wp-json\/wp\/v2\/pages\/1602"}],"wp:attachment":[{"href":"https:\/\/forumcinemas.lt\/lt\/wp-json\/wp\/v2\/media?parent=1609"}],"curies":[{"name":"wp","href":"https:\/\/api.w.org\/{rel}","templated":true}]}}