{"id":1608,"date":"2025-08-19T13:39:16","date_gmt":"2025-08-19T13:39:16","guid":{"rendered":"https:\/\/forumcinemas.lt\/informacija\/kino-teatro-amziaus-cenzai\/"},"modified":"2025-11-16T21:08:27","modified_gmt":"2025-11-16T21:08:27","slug":"kino-teatro-amziaus-cenzai","status":"publish","type":"page","link":"https:\/\/forumcinemas.lt\/lt\/informacija\/kino-teatro-amziaus-cenzai\/","title":{"rendered":"kino-teatro-am\u017eiaus-cenzai"},"content":{"rendered":"\t\t<div data-elementor-type=\"wp-page\" data-elementor-id=\"1608\" class=\"elementor elementor-1608 elementor-930\" data-elementor-post-type=\"page\">\n\t\t\t\t<div class=\"elementor-element elementor-element-371a9736 e-flex e-con-boxed e-con e-parent\" data-id=\"371a9736\" data-element_type=\"container\">\n\t\t\t\t\t<div class=\"e-con-inner\">\n\t\t<div class=\"elementor-element elementor-element-44ed9464 e-con-full e-flex e-con e-child\" data-id=\"44ed9464\" data-element_type=\"container\">\n\t\t\t\t<div class=\"elementor-element elementor-element-5420dc16 elementor-widget elementor-widget-heading\" data-id=\"5420dc16\" data-element_type=\"widget\" data-widget_type=\"heading.default\">\n\t\t\t\t<div class=\"elementor-widget-container\">\n\t\t\t<style>\/*! elementor - v3.23.0 - 15-07-2024 *\/\n.elementor-heading-title{padding:0;margin:0;line-height:1}.elementor-widget-heading .elementor-heading-title[class*=elementor-size-]>a{color:inherit;font-size:inherit;line-height:inherit}.elementor-widget-heading .elementor-heading-title.elementor-size-small{font-size:15px}.elementor-widget-heading .elementor-heading-title.elementor-size-medium{font-size:19px}.elementor-widget-heading .elementor-heading-title.elementor-size-large{font-size:29px}.elementor-widget-heading .elementor-heading-title.elementor-size-xl{font-size:39px}.elementor-widget-heading .elementor-heading-title.elementor-size-xxl{font-size:59px}<\/style><h6 class=\"elementor-heading-title elementor-size-default\">AM\u017dIAUS CENZAI<\/h6>\t\t<\/div>\n\t\t\t\t<\/div>\n\t\t\t\t<div class=\"elementor-element elementor-element-1c642063 elementor-widget elementor-widget-text-editor\" data-id=\"1c642063\" data-element_type=\"widget\" data-widget_type=\"text-editor.default\">\n\t\t\t\t<div class=\"elementor-widget-container\">\n\t\t\t<style>\/*! elementor - v3.23.0 - 15-07-2024 *\/\n.elementor-widget-text-editor.elementor-drop-cap-view-stacked .elementor-drop-cap{background-color:#69727d;color:#fff}.elementor-widget-text-editor.elementor-drop-cap-view-framed .elementor-drop-cap{color:#69727d;border:3px solid;background-color:transparent}.elementor-widget-text-editor:not(.elementor-drop-cap-view-default) .elementor-drop-cap{margin-top:8px}.elementor-widget-text-editor:not(.elementor-drop-cap-view-default) .elementor-drop-cap-letter{width:1em;height:1em}.elementor-widget-text-editor .elementor-drop-cap{float:left;text-align:center;line-height:1;font-size:50px}.elementor-widget-text-editor .elementor-drop-cap-letter{display:inline-block}<\/style>\t\t\t\t<p><strong>V &#8211; \u012evairaus am\u017eiaus \u017ei\u016brovams<\/strong><\/p><p>PASTABA. \u0160iuo \u017ei\u016brov\u0173 am\u017eiaus cenzo \u017eenklu\u00a0da\u017eniausiai \u017eymimi \u0161eimai skirti kino filmai, ta\u010diau \u201eForum Cinemas\u201c rekomenduoja nesivesti \u012f taip pa\u017eym\u0117tus filmus k\u016bdiki\u0173 ir vaik\u0173 iki 4 met\u0173 am\u017eiaus, nes kino filmo garsas ir kino vaizdai gali i\u0161g\u0105sdinti ma\u017euosius \u017ei\u016brovus.<\/p><p>\u00a0<\/p><p><strong>N-7 &#8211; \u017di\u016brovams nuo\u00a07 met\u0173<\/strong><\/p><p>PASTABA. \u0160iuo \u017ei\u016brov\u0173 am\u017eiaus cenzo \u017eenklu\u00a0da\u017enai yra pa\u017eym\u0117ti ir \u0161eimai skirti kino filmai, ta\u010diau d\u0117l tam tikr\u0173 kino filmo\u00a0gars\u0173, vaizd\u0173, speciali\u0173j\u0173 kino efekt\u0173 ir smurto po\u017eymi\u0173, galin\u010di\u0173 i\u0161g\u0105sdinti jaunesnius nei 7 met\u0173 kino \u017ei\u016brovus.\u00a0Pagal LR Kino \u012fstatymo Nr. IX-752 14 straipsnio pakeitimo \u012fstatym\u0105 jaunesni kaip 7 met\u0173 \u017ei\u016brovai \u012f \u0161iuo indeksu pa\u017eym\u0117tus filmus \u012fleid\u017eiami tik kartu su juos lydin\u010diais pilname\u010diais asmenimis.\u00a0Jei pilnametis asmuo min\u0117to \u017ei\u016brovo nelydi, &#8220;Forum Cinemas&#8221; pasilieka teis\u0119 biliet\u0173 kasose ir prie sal\u0117s dur\u0173 pra\u0161yti \u017ei\u016brov\u0173 pateikti asmens tapatyb\u0119 ir am\u017ei\u0173 patvirtinant\u012f dokument\u0105. Jaunesniems kaip 7 met\u0173 asmenims, be suaugusi\u0173j\u0173 palydos, \u012f \u0161iuo \u017eenklu pa\u017eym\u0117tus kino filmus bilietai neparduodami, jie ne\u012fleid\u017eiami \u012f sal\u0119 ir pinigai u\u017e neteis\u0117tai \u012fsigytus bilietus (pvz., kai\u00a0bilietus\u00a0perka kiti pilname\u010diai asmenys) negr\u0105\u017einami.\u00a0<br \/><strong>B\u016btina tur\u0117ti \u017ei\u016brovo asmens tapatyb\u0119 ir am\u017ei\u0173 patvirtinant\u012f dokument\u0105.<br \/><\/strong><\/p><p>\u00a0<\/p><p><strong>N-13 &#8211; \u017di\u016brovams nuo 13 met\u0173<\/strong><\/p><p>PASTABA. \u0160iuo ribojamuoju \u017ei\u016brov\u0173 am\u017eiaus cenzo \u017eenklu pa\u017eym\u0117tame kino filme gali b\u016bti temini\u0173 element\u0173, dviprasmi\u0173 epizod\u0173 ar atviresni\u0173 scen\u0173, kurie gali daryti neigiam\u0105 poveik\u012f jaunesnio \u017ei\u016brovo psichikos sveikatai ir doroviniam vystymuisi. Pagal LR Kino \u012fstatymo Nr. IX-752 14 straipsnio pakeitimo \u012fstatym\u0105 \u017ei\u016brovai nuo 7 iki 13 met\u0173 \u012f \u0161iuo indeksu pa\u017eym\u0117tus filmus \u012fleid\u017eiami tik kartu su juos lydin\u010diais pilname\u010diais asmenimis. D\u0116MESIO! &#8220;Forum Cinemas&#8221; pasilieka teis\u0119 biliet\u0173 kasose ir prie sal\u0117s dur\u0173 pra\u0161yti \u017ei\u016brov\u0173 pateikti asmens tapatyb\u0119 ir am\u017ei\u0173 patvirtinant\u012f dokument\u0105, jei kartu n\u0117ra pilname\u010dio lydin\u010dio asmens. Be lydin\u010dio pilname\u010dio asmens jaunesniems kaip 13 met\u0173 asmenims \u012f \u0161iuo \u017eenklu pa\u017eym\u0117tus kino filmus bilietai neparduodami, jie ne\u012fleid\u017eiami \u012f sal\u0119 ir pinigai u\u017e neteis\u0117tai \u012fsigytus bilietus (pvz., kai bilietus perka kiti pilname\u010diai asmenys) negr\u0105\u017einami.<\/p><p><strong>B\u016btina tur\u0117ti \u017ei\u016brovo asmens tapatyb\u0119 ir am\u017ei\u0173 patvirtinant\u012f dokument\u0105.<\/strong><\/p><p>\u00a0<\/p><p><strong>N-16 &#8211; \u017di\u016brovams nuo 16 met\u0173<\/strong><\/p><p>PASTABA. \u0160iuo ribojamuoju \u017ei\u016brov\u0173 am\u017eiaus cenzo \u017eenklu\u00a0pa\u017eym\u0117tame\u00a0kino filme gali b\u016bti siaubo, smurto, \u017eiaurumo ar atviresni\u0173 erotini\u0173 scen\u0173, kit\u0173 kino efekt\u0173 ir element\u0173, kurie gali daryti neigiam\u0105 poveik\u012f jaunesnio \u017ei\u016brovo psichikos sveikatai ir doroviniam vystymuisi. D\u0116MESIO! \u201eForum Cinemas\u201c\u00a0pasilieka teis\u0119 biliet\u0173 kasose ir prie sal\u0117s dur\u0173 pra\u0161yti \u017ei\u016brov\u0173 pateikti asmens tapatyb\u0119 ir am\u017ei\u0173 patvirtinant\u012f dokument\u0105. Jaunesniems kaip 16 met\u0173 asmenims \u012f \u0161iuo \u017eenklu pa\u017eym\u0117tus kino filmus bilietai neparduodami, jie ne\u012fleid\u017eiami \u012f sal\u0119 ir pinigai u\u017e neteis\u0117tai \u012fsigytus bilietus (pvz., kai\u00a0bilietus\u00a0perka kiti pilname\u010diai asmenys) negr\u0105\u017einami.<br \/><strong>B\u016btina tur\u0117ti \u017ei\u016brovo asmens tapatyb\u0119 ir am\u017ei\u0173 patvirtinant\u012f dokument\u0105.<\/strong><\/p><p>\u00a0<\/p><p><strong>N-18 &#8211; Suaugusiems \u017ei\u016brovams\u00a0nuo 18 met\u0173<\/strong><\/p><p>PASTABA. \u0160is dar grie\u017e\u010diau \u017ei\u016brovus ribojantis\u00a0am\u017eiaus cenzo \u017eenklas\u00a0rei\u0161kia,\u00a0kad kino filme gali b\u016bti dar daugiau ir atviresni\u0173 siaubo, smurto, prievartos, \u017eiaurumo ar erotini\u0173 scen\u0173, kit\u0173 kino efekt\u0173 ir element\u0173, kuriuos \u017ei\u016br\u0117ti leid\u017eiama tik brand\u017eioms asmenyb\u0117ms, suaugusiems \u017ei\u016brovams, nes matyti vaizdai gali daryti neigiam\u0105 \u012ftak\u0105 nepilname\u010di\u0173 psichikos sveikatai ir doroviniam vystymuisi. D\u0116MESIO! \u201eForum Cinemas\u201c\u00a0pasilieka teis\u0119 biliet\u0173 kasose ir prie sal\u0117s dur\u0173 pra\u0161yti \u017ei\u016brov\u0173 pateikti asmens tapatyb\u0119 ir am\u017ei\u0173 patvirtinant\u012f dokument\u0105. Nepilname\u010diams \u012f \u0161iuo\u00a0\u017eenklu pa\u017eym\u0117tus kino filmus bilietai neparduodami, jie ne\u012fleid\u017eiami \u012f sal\u0119 ir pinigai u\u017e neteis\u0117tai \u012fsigytus bilietus (pvz., kai\u00a0bilietus perka internetu arba kiti pilname\u010diai asmenys) negr\u0105\u017einami.<br \/><strong>B\u016btina tur\u0117ti \u017ei\u016brovo asmens tapatyb\u0119 ir am\u017ei\u0173 patvirtinant\u012f dokument\u0105.<\/strong><\/p><p>\u00a0<\/p><p>\u00a0<\/p><p>Kino film\u0173 \u017ei\u016brov\u0173 am\u017eiaus indeksus reglamentuoja Lietuvos Respublikos Kino \u012fstatymas. \u00a0Film\u0173 indeksavimo komisija prie Lietuvos Respublikos Kult\u016bros ministerijos nustato kiekvieno kino filmo \u017ei\u016brov\u0173 am\u017eiaus indeks\u0105.\u00a0\u201eForum Cinemas O\u00dc\u00a0Lietuvos filialas\u201c\u00a0n\u0117ra atsakinga u\u017e Valstyb\u0117s \u012fgaliotos institucijos suteikt\u0105 indeks\u0105, bet tiesiogiai atsako u\u017e jo pa\u017eeidimus.<\/p><p>Esant \u012ftarimams, kad \u017ei\u016brovo, perkan\u010dio bilietus, am\u017eius yra ma\u017eesnis nei reglamentuoja filmo indeksas, kasose ir prie sali\u0173 dur\u0173 pra\u0161ysime pateikti asmens tapatyb\u0119 ir am\u017ei\u0173 patvirtinant\u012f dokument\u0105 bei atsisakysime parduoti biliet\u0105 ir\/ar \u012fleisti \u012f sal\u0119, kurioje rodomas filmas.<\/p><p>D\u0117kojame, kad padedate laikytis \u012fstatym\u0173. Nuoroda \u012f Kino \u012fstatym\u0105:\u00a0<a href=\"http:\/\/www3.lrs.lt\/pls\/inter3\/dokpaieska.showdoc_l?p_id=415955&amp;p_query=&amp;p_tr2=2\">http:\/\/www3.lrs.lt\/pls\/inter3\/dokpaieska.showdoc_l?p_id=415955&amp;p_query=&amp;p_tr2=2<\/a><\/p><p>Nuoroda \u012f Kino \u012fstatymo pakeitim\u0105 d\u0117l am\u017eiaus cenz\u0173:\u00a0<a href=\"http:\/\/www3.lrs.lt\/pls\/inter2\/dokpaieska.showdoc_l?p_id=470570\">http:\/\/www3.lrs.lt\/pls\/inter2\/dokpaieska.showdoc_l?p_id=470570<\/a><\/p><p>Perkant bilietus \u012f\u00a0N-7, N-13,\u00a0N-16\u00a0ir\u00a0N-18\u00a0\u017ei\u016brov\u0173\u00a0am\u017eiaus cenzu pa\u017eym\u0117tus filmus, kasininkui ar kontrolieriui papra\u0161ius, b\u016btina pateikti \u017ei\u016brovo asmens tapatyb\u0119 ir am\u017ei\u0173\u00a0patvirtinant\u012f\u00a0dokument\u0105. Galima pateikti \u0161iuos dokumentus: moksleivio pa\u017eym\u0117jim\u0105, studento pa\u017eym\u0117jim\u0105, pas\u0105, asmens tapatyb\u0117s kortel\u0119, vairuotojo pa\u017eym\u0117jim\u0105 (svarbiausia, kad dokumente b\u016bt\u0173 \u017ei\u016brovo nuotrauka ir gimimo data).\u00a0<\/p>\t\t\t\t\t\t<\/div>\n\t\t\t\t<\/div>\n\t\t\t\t<\/div>\n\t\t\t\t\t<\/div>\n\t\t\t\t<\/div>\n\t\t<div class=\"elementor-element elementor-element-1370b5d2 e-flex e-con-boxed e-con e-parent\" data-id=\"1370b5d2\" data-element_type=\"container\" id=\"eventForm\">\n\t\t\t\t\t<div class=\"e-con-inner\">\n\t\t\t\t<div class=\"elementor-element elementor-element-668a39f5 elementor-widget elementor-widget-spacer\" data-id=\"668a39f5\" data-element_type=\"widget\" data-widget_type=\"spacer.default\">\n\t\t\t\t<div class=\"elementor-widget-container\">\n\t\t\t<style>\/*! elementor - v3.23.0 - 15-07-2024 *\/\n.elementor-column .elementor-spacer-inner{height:var(--spacer-size)}.e-con{--container-widget-width:100%}.e-con-inner>.elementor-widget-spacer,.e-con>.elementor-widget-spacer{width:var(--container-widget-width,var(--spacer-size));--align-self:var(--container-widget-align-self,initial);--flex-shrink:0}.e-con-inner>.elementor-widget-spacer>.elementor-widget-container,.e-con>.elementor-widget-spacer>.elementor-widget-container{height:100%;width:100%}.e-con-inner>.elementor-widget-spacer>.elementor-widget-container>.elementor-spacer,.e-con>.elementor-widget-spacer>.elementor-widget-container>.elementor-spacer{height:100%}.e-con-inner>.elementor-widget-spacer>.elementor-widget-container>.elementor-spacer>.elementor-spacer-inner,.e-con>.elementor-widget-spacer>.elementor-widget-container>.elementor-spacer>.elementor-spacer-inner{height:var(--container-widget-height,var(--spacer-size))}.e-con-inner>.elementor-widget-spacer.elementor-widget-empty,.e-con>.elementor-widget-spacer.elementor-widget-empty{position:relative;min-height:22px;min-width:22px}.e-con-inner>.elementor-widget-spacer.elementor-widget-empty .elementor-widget-empty-icon,.e-con>.elementor-widget-spacer.elementor-widget-empty .elementor-widget-empty-icon{position:absolute;top:0;bottom:0;left:0;right:0;margin:auto;padding:0;width:22px;height:22px}<\/style>\t\t<div class=\"elementor-spacer\">\n\t\t\t<div class=\"elementor-spacer-inner\"><\/div>\n\t\t<\/div>\n\t\t\t\t<\/div>\n\t\t\t\t<\/div>\n\t\t\t\t\t<\/div>\n\t\t\t\t<\/div>\n\t\t\t\t<\/div>\n\t\t","protected":false},"excerpt":{"rendered":"<p>AM\u017dIAUS CENZAI V &#8211; \u012evairaus am\u017eiaus \u017ei\u016brovams PASTABA. \u0160iuo \u017ei\u016brov\u0173 am\u017eiaus cenzo \u017eenklu\u00a0da\u017eniausiai \u017eymimi \u0161eimai skirti kino filmai, ta\u010diau \u201eForum Cinemas\u201c rekomenduoja nesivesti \u012f taip pa\u017eym\u0117tus filmus k\u016bdiki\u0173 ir vaik\u0173 iki 4 met\u0173 am\u017eiaus, nes kino filmo garsas ir kino vaizdai gali i\u0161g\u0105sdinti ma\u017euosius \u017ei\u016brovus. \u00a0 N-7 &#8211; \u017di\u016brovams nuo\u00a07 met\u0173 PASTABA. \u0160iuo \u017ei\u016brov\u0173 am\u017eiaus [&hellip;]<\/p>\n","protected":false},"author":1,"featured_media":0,"parent":1602,"menu_order":0,"comment_status":"closed","ping_status":"closed","template":"","meta":{"_acf_changed":false,"footnotes":""},"acf":[],"yoast_head":"<!-- This site is optimized with the Yoast SEO plugin v23.0 - https:\/\/yoast.com\/wordpress\/plugins\/seo\/ -->\n<title>kino-teatro-am\u017eiaus-cenzai - Dovan\u0173 kuponai internetu | Forum Cinemas kino teatras<\/title>\n<meta name=\"robots\" content=\"index, follow, max-snippet:-1, max-image-preview:large, max-video-preview:-1\" \/>\n<link rel=\"canonical\" href=\"https:\/\/forumcinemas.lt\/lt\/informacija\/kino-teatro-amziaus-cenzai\/\" \/>\n<meta property=\"og:locale\" content=\"lt_LT\" \/>\n<meta property=\"og:type\" content=\"article\" \/>\n<meta property=\"og:title\" content=\"kino-teatro-am\u017eiaus-cenzai - Dovan\u0173 kuponai internetu | Forum Cinemas kino teatras\" \/>\n<meta property=\"og:description\" content=\"AM\u017dIAUS CENZAI V &#8211; \u012evairaus am\u017eiaus \u017ei\u016brovams PASTABA. \u0160iuo \u017ei\u016brov\u0173 am\u017eiaus cenzo \u017eenklu\u00a0da\u017eniausiai \u017eymimi \u0161eimai skirti kino filmai, ta\u010diau \u201eForum Cinemas\u201c rekomenduoja nesivesti \u012f taip pa\u017eym\u0117tus filmus k\u016bdiki\u0173 ir vaik\u0173 iki 4 met\u0173 am\u017eiaus, nes kino filmo garsas ir kino vaizdai gali i\u0161g\u0105sdinti ma\u017euosius \u017ei\u016brovus. \u00a0 N-7 &#8211; \u017di\u016brovams nuo\u00a07 met\u0173 PASTABA. \u0160iuo \u017ei\u016brov\u0173 am\u017eiaus [&hellip;]\" \/>\n<meta property=\"og:url\" content=\"https:\/\/forumcinemas.lt\/lt\/informacija\/kino-teatro-amziaus-cenzai\/\" \/>\n<meta property=\"og:site_name\" content=\"Dovan\u0173 kuponai internetu | Forum Cinemas kino teatras\" \/>\n<meta property=\"article:modified_time\" content=\"2025-11-16T21:08:27+00:00\" \/>\n<meta name=\"twitter:card\" content=\"summary_large_image\" \/>\n<meta name=\"twitter:label1\" content=\"Est. reading time\" \/>\n\t<meta name=\"twitter:data1\" content=\"4 minutes\" \/>\n<script type=\"application\/ld+json\" class=\"yoast-schema-graph\">{\"@context\":\"https:\/\/schema.org\",\"@graph\":[{\"@type\":\"WebPage\",\"@id\":\"https:\/\/forumcinemas.lt\/lt\/informacija\/kino-teatro-amziaus-cenzai\/\",\"url\":\"https:\/\/forumcinemas.lt\/lt\/informacija\/kino-teatro-amziaus-cenzai\/\",\"name\":\"kino-teatro-am\u017eiaus-cenzai - Dovan\u0173 kuponai internetu | Forum Cinemas kino teatras\",\"isPartOf\":{\"@id\":\"https:\/\/forumcinemas.lt\/lt\/#website\"},\"datePublished\":\"2025-08-19T13:39:16+00:00\",\"dateModified\":\"2025-11-16T21:08:27+00:00\",\"breadcrumb\":{\"@id\":\"https:\/\/forumcinemas.lt\/lt\/informacija\/kino-teatro-amziaus-cenzai\/#breadcrumb\"},\"inLanguage\":\"lt-LT\",\"potentialAction\":[{\"@type\":\"ReadAction\",\"target\":[\"https:\/\/forumcinemas.lt\/lt\/informacija\/kino-teatro-amziaus-cenzai\/\"]}]},{\"@type\":\"BreadcrumbList\",\"@id\":\"https:\/\/forumcinemas.lt\/lt\/informacija\/kino-teatro-amziaus-cenzai\/#breadcrumb\",\"itemListElement\":[{\"@type\":\"ListItem\",\"position\":1,\"name\":\"Home\",\"item\":\"https:\/\/forumcinemas.lt\/lt\/\"},{\"@type\":\"ListItem\",\"position\":2,\"name\":\"informacija\",\"item\":\"https:\/\/forumcinemas.lt\/lt\/informacija\/\"},{\"@type\":\"ListItem\",\"position\":3,\"name\":\"kino-teatro-am\u017eiaus-cenzai\"}]},{\"@type\":\"WebSite\",\"@id\":\"https:\/\/forumcinemas.lt\/lt\/#website\",\"url\":\"https:\/\/forumcinemas.lt\/lt\/\",\"name\":\"Dovan\u0173 kuponai internetu | Forum Cinemas kino teatras\",\"description\":\"\",\"potentialAction\":[{\"@type\":\"SearchAction\",\"target\":{\"@type\":\"EntryPoint\",\"urlTemplate\":\"https:\/\/forumcinemas.lt\/lt\/?s={search_term_string}\"},\"query-input\":\"required name=search_term_string\"}],\"inLanguage\":\"lt-LT\"}]}<\/script>\n<!-- \/ Yoast SEO plugin. -->","yoast_head_json":{"title":"kino-teatro-am\u017eiaus-cenzai - Dovan\u0173 kuponai internetu | Forum Cinemas kino teatras","robots":{"index":"index","follow":"follow","max-snippet":"max-snippet:-1","max-image-preview":"max-image-preview:large","max-video-preview":"max-video-preview:-1"},"canonical":"https:\/\/forumcinemas.lt\/lt\/informacija\/kino-teatro-amziaus-cenzai\/","og_locale":"lt_LT","og_type":"article","og_title":"kino-teatro-am\u017eiaus-cenzai - Dovan\u0173 kuponai internetu | Forum Cinemas kino teatras","og_description":"AM\u017dIAUS CENZAI V &#8211; \u012evairaus am\u017eiaus \u017ei\u016brovams PASTABA. \u0160iuo \u017ei\u016brov\u0173 am\u017eiaus cenzo \u017eenklu\u00a0da\u017eniausiai \u017eymimi \u0161eimai skirti kino filmai, ta\u010diau \u201eForum Cinemas\u201c rekomenduoja nesivesti \u012f taip pa\u017eym\u0117tus filmus k\u016bdiki\u0173 ir vaik\u0173 iki 4 met\u0173 am\u017eiaus, nes kino filmo garsas ir kino vaizdai gali i\u0161g\u0105sdinti ma\u017euosius \u017ei\u016brovus. \u00a0 N-7 &#8211; \u017di\u016brovams nuo\u00a07 met\u0173 PASTABA. \u0160iuo \u017ei\u016brov\u0173 am\u017eiaus [&hellip;]","og_url":"https:\/\/forumcinemas.lt\/lt\/informacija\/kino-teatro-amziaus-cenzai\/","og_site_name":"Dovan\u0173 kuponai internetu | Forum Cinemas kino teatras","article_modified_time":"2025-11-16T21:08:27+00:00","twitter_card":"summary_large_image","twitter_misc":{"Est. reading time":"4 minutes"},"schema":{"@context":"https:\/\/schema.org","@graph":[{"@type":"WebPage","@id":"https:\/\/forumcinemas.lt\/lt\/informacija\/kino-teatro-amziaus-cenzai\/","url":"https:\/\/forumcinemas.lt\/lt\/informacija\/kino-teatro-amziaus-cenzai\/","name":"kino-teatro-am\u017eiaus-cenzai - Dovan\u0173 kuponai internetu | Forum Cinemas kino teatras","isPartOf":{"@id":"https:\/\/forumcinemas.lt\/lt\/#website"},"datePublished":"2025-08-19T13:39:16+00:00","dateModified":"2025-11-16T21:08:27+00:00","breadcrumb":{"@id":"https:\/\/forumcinemas.lt\/lt\/informacija\/kino-teatro-amziaus-cenzai\/#breadcrumb"},"inLanguage":"lt-LT","potentialAction":[{"@type":"ReadAction","target":["https:\/\/forumcinemas.lt\/lt\/informacija\/kino-teatro-amziaus-cenzai\/"]}]},{"@type":"BreadcrumbList","@id":"https:\/\/forumcinemas.lt\/lt\/informacija\/kino-teatro-amziaus-cenzai\/#breadcrumb","itemListElement":[{"@type":"ListItem","position":1,"name":"Home","item":"https:\/\/forumcinemas.lt\/lt\/"},{"@type":"ListItem","position":2,"name":"informacija","item":"https:\/\/forumcinemas.lt\/lt\/informacija\/"},{"@type":"ListItem","position":3,"name":"kino-teatro-am\u017eiaus-cenzai"}]},{"@type":"WebSite","@id":"https:\/\/forumcinemas.lt\/lt\/#website","url":"https:\/\/forumcinemas.lt\/lt\/","name":"Dovan\u0173 kuponai internetu | Forum Cinemas kino teatras","description":"","potentialAction":[{"@type":"SearchAction","target":{"@type":"EntryPoint","urlTemplate":"https:\/\/forumcinemas.lt\/lt\/?s={search_term_string}"},"query-input":"required name=search_term_string"}],"inLanguage":"lt-LT"}]}},"_links":{"self":[{"href":"https:\/\/forumcinemas.lt\/lt\/wp-json\/wp\/v2\/pages\/1608"}],"collection":[{"href":"https:\/\/forumcinemas.lt\/lt\/wp-json\/wp\/v2\/pages"}],"about":[{"href":"https:\/\/forumcinemas.lt\/lt\/wp-json\/wp\/v2\/types\/page"}],"author":[{"embeddable":true,"href":"https:\/\/forumcinemas.lt\/lt\/wp-json\/wp\/v2\/users\/1"}],"replies":[{"embeddable":true,"href":"https:\/\/forumcinemas.lt\/lt\/wp-json\/wp\/v2\/comments?post=1608"}],"version-history":[{"count":15,"href":"https:\/\/forumcinemas.lt\/lt\/wp-json\/wp\/v2\/pages\/1608\/revisions"}],"predecessor-version":[{"id":4653,"href":"https:\/\/forumcinemas.lt\/lt\/wp-json\/wp\/v2\/pages\/1608\/revisions\/4653"}],"up":[{"embeddable":true,"href":"https:\/\/forumcinemas.lt\/lt\/wp-json\/wp\/v2\/pages\/1602"}],"wp:attachment":[{"href":"https:\/\/forumcinemas.lt\/lt\/wp-json\/wp\/v2\/media?parent=1608"}],"curies":[{"name":"wp","href":"https:\/\/api.w.org\/{rel}","templated":true}]}}