{"id":1606,"date":"2025-08-19T13:40:56","date_gmt":"2025-08-19T13:40:56","guid":{"rendered":"https:\/\/forumcinemas.lt\/informacija\/kontaktai\/"},"modified":"2025-11-21T14:54:07","modified_gmt":"2025-11-21T14:54:07","slug":"kontaktai","status":"publish","type":"page","link":"https:\/\/forumcinemas.lt\/lt\/informacija\/kontaktai\/","title":{"rendered":"kontaktai"},"content":{"rendered":"\t\t<div data-elementor-type=\"wp-page\" data-elementor-id=\"1606\" class=\"elementor elementor-1606 elementor-942\" data-elementor-post-type=\"page\">\n\t\t\t\t<div class=\"elementor-element elementor-element-4fc7184 e-flex e-con-boxed e-con e-parent\" data-id=\"4fc7184\" data-element_type=\"container\" data-settings=\"{&quot;background_background&quot;:&quot;classic&quot;}\">\n\t\t\t\t\t<div class=\"e-con-inner\">\n\t\t\t\t<div class=\"elementor-element elementor-element-efc16ba elementor-widget elementor-widget-heading\" data-id=\"efc16ba\" data-element_type=\"widget\" data-widget_type=\"heading.default\">\n\t\t\t\t<div class=\"elementor-widget-container\">\n\t\t\t<style>\/*! elementor - v3.23.0 - 15-07-2024 *\/\n.elementor-heading-title{padding:0;margin:0;line-height:1}.elementor-widget-heading .elementor-heading-title[class*=elementor-size-]>a{color:inherit;font-size:inherit;line-height:inherit}.elementor-widget-heading .elementor-heading-title.elementor-size-small{font-size:15px}.elementor-widget-heading .elementor-heading-title.elementor-size-medium{font-size:19px}.elementor-widget-heading .elementor-heading-title.elementor-size-large{font-size:29px}.elementor-widget-heading .elementor-heading-title.elementor-size-xl{font-size:39px}.elementor-widget-heading .elementor-heading-title.elementor-size-xxl{font-size:59px}<\/style><h2 class=\"elementor-heading-title elementor-size-default\">M\u016aS\u0172 KONTAKTAI<\/h2>\t\t<\/div>\n\t\t\t\t<\/div>\n\t\t\t\t<div class=\"elementor-element elementor-element-1b9383f elementor-widget elementor-widget-text-editor\" data-id=\"1b9383f\" data-element_type=\"widget\" data-widget_type=\"text-editor.default\">\n\t\t\t\t<div class=\"elementor-widget-container\">\n\t\t\t<style>\/*! elementor - v3.23.0 - 15-07-2024 *\/\n.elementor-widget-text-editor.elementor-drop-cap-view-stacked .elementor-drop-cap{background-color:#69727d;color:#fff}.elementor-widget-text-editor.elementor-drop-cap-view-framed .elementor-drop-cap{color:#69727d;border:3px solid;background-color:transparent}.elementor-widget-text-editor:not(.elementor-drop-cap-view-default) .elementor-drop-cap{margin-top:8px}.elementor-widget-text-editor:not(.elementor-drop-cap-view-default) .elementor-drop-cap-letter{width:1em;height:1em}.elementor-widget-text-editor .elementor-drop-cap{float:left;text-align:center;line-height:1;font-size:50px}.elementor-widget-text-editor .elementor-drop-cap-letter{display:inline-block}<\/style>\t\t\t\t<div class=\"grid\">\n<div class=\"grid__col grid__col--offset-lg-1 grid__col--lg-4\">\n<div class=\"form__content text\">\n<div class=\"content__text text\">\n<p>\u201eForum Cinemas\u201c&nbsp;administracijos darbo valandos: pirmadieniais\u2013penktadieniais 10.00 \u2013 18.00 val.<\/p>\n<p>Adresas: Savanori\u0173 pr. 7, LT-03116 Vilnius<\/p>\n<p>Telefonas: (0 5) 264 4764 (pirmadieniais\u2013penktadieniais 10.00 \u2013 18.00 val.)&nbsp;<strong>\u0160iuo telefonu informacija apie kino teatr\u0173 repertuarus neteikiama.<\/strong><\/p>\n<p>El. pa\u0161tas&nbsp;<u><a href=\"mailto:info@forumcinemas.lt\">info@forumcinemas.lt<\/a><\/u>&nbsp;(\u012e lai\u0161kus atsakysime 10.00 &#8211;&nbsp;21.30 val.)<\/p>\n<p>\u012emon\u0117s rekvizitai:<\/p>\n<p>Forum Cinemas Lithuania O\u00dc<\/p>\n<p>Mokes\u010di\u0173 mok\u0117tojo kodas: 9002000823<\/p>\n<p>Hobujaama tn 5, 10151 Tallinn,&nbsp;Estija<\/p>\n<p>PVM kodas: LT100013550719<\/p>\n<p>veikiantis per<\/p>\n<p>Forum Cinemas Lithuania O\u00dc Lietuvos filialas<\/p>\n<p>Reg. kodas 305222997&nbsp;<\/p>\n<p>Savanori\u0173 pr. 7, Vilnius, Lietuva<\/p>\n<\/div>\n<\/div>\n<\/div>\n<\/div>\t\t\t\t\t\t<\/div>\n\t\t\t\t<\/div>\n\t\t\t\t\t<\/div>\n\t\t\t\t<\/div>\n\t\t\t\t<\/div>\n\t\t","protected":false},"excerpt":{"rendered":"<p>M\u016aS\u0172 KONTAKTAI \u201eForum Cinemas\u201c&nbsp;administracijos darbo valandos: pirmadieniais\u2013penktadieniais 10.00 \u2013 18.00 val. Adresas: Savanori\u0173 pr. 7, LT-03116 Vilnius Telefonas: (0 5) 264 4764 (pirmadieniais\u2013penktadieniais 10.00 \u2013 18.00 val.)&nbsp;\u0160iuo telefonu informacija apie kino teatr\u0173 repertuarus neteikiama. El. pa\u0161tas&nbsp;info@forumcinemas.lt&nbsp;(\u012e lai\u0161kus atsakysime 10.00 &#8211;&nbsp;21.30 val.) \u012emon\u0117s rekvizitai: Forum Cinemas Lithuania O\u00dc Mokes\u010di\u0173 mok\u0117tojo kodas: 9002000823 Hobujaama tn 5, 10151 [&hellip;]<\/p>\n","protected":false},"author":1,"featured_media":0,"parent":1602,"menu_order":0,"comment_status":"closed","ping_status":"closed","template":"","meta":{"_acf_changed":false,"footnotes":""},"acf":[],"yoast_head":"<!-- This site is optimized with the Yoast SEO plugin v23.0 - https:\/\/yoast.com\/wordpress\/plugins\/seo\/ -->\n<title>kontaktai - Forum Cinemas kino teatras<\/title>\n<meta name=\"robots\" content=\"index, follow, max-snippet:-1, max-image-preview:large, max-video-preview:-1\" \/>\n<link rel=\"canonical\" href=\"https:\/\/forumcinemas.lt\/lt\/informacija\/kontaktai\/\" \/>\n<meta property=\"og:locale\" content=\"lt_LT\" \/>\n<meta property=\"og:type\" content=\"article\" \/>\n<meta property=\"og:title\" content=\"kontaktai - Forum Cinemas kino teatras\" \/>\n<meta property=\"og:description\" content=\"M\u016aS\u0172 KONTAKTAI \u201eForum Cinemas\u201c&nbsp;administracijos darbo valandos: pirmadieniais\u2013penktadieniais 10.00 \u2013 18.00 val. Adresas: Savanori\u0173 pr. 7, LT-03116 Vilnius Telefonas: (0 5) 264 4764 (pirmadieniais\u2013penktadieniais 10.00 \u2013 18.00 val.)&nbsp;\u0160iuo telefonu informacija apie kino teatr\u0173 repertuarus neteikiama. El. pa\u0161tas&nbsp;info@forumcinemas.lt&nbsp;(\u012e lai\u0161kus atsakysime 10.00 &#8211;&nbsp;21.30 val.) \u012emon\u0117s rekvizitai: Forum Cinemas Lithuania O\u00dc Mokes\u010di\u0173 mok\u0117tojo kodas: 9002000823 Hobujaama tn 5, 10151 [&hellip;]\" \/>\n<meta property=\"og:url\" content=\"https:\/\/forumcinemas.lt\/lt\/informacija\/kontaktai\/\" \/>\n<meta property=\"og:site_name\" content=\"Forum Cinemas kino teatras\" \/>\n<meta property=\"article:modified_time\" content=\"2025-11-21T14:54:07+00:00\" \/>\n<meta name=\"twitter:card\" content=\"summary_large_image\" \/>\n<meta name=\"twitter:label1\" content=\"Est. reading time\" \/>\n\t<meta name=\"twitter:data1\" content=\"1 minute\" \/>\n<script type=\"application\/ld+json\" class=\"yoast-schema-graph\">{\"@context\":\"https:\/\/schema.org\",\"@graph\":[{\"@type\":\"WebPage\",\"@id\":\"https:\/\/forumcinemas.lt\/lt\/informacija\/kontaktai\/\",\"url\":\"https:\/\/forumcinemas.lt\/lt\/informacija\/kontaktai\/\",\"name\":\"kontaktai - Forum Cinemas kino teatras\",\"isPartOf\":{\"@id\":\"https:\/\/forumcinemas.lt\/lt\/#website\"},\"datePublished\":\"2025-08-19T13:40:56+00:00\",\"dateModified\":\"2025-11-21T14:54:07+00:00\",\"breadcrumb\":{\"@id\":\"https:\/\/forumcinemas.lt\/lt\/informacija\/kontaktai\/#breadcrumb\"},\"inLanguage\":\"lt-LT\",\"potentialAction\":[{\"@type\":\"ReadAction\",\"target\":[\"https:\/\/forumcinemas.lt\/lt\/informacija\/kontaktai\/\"]}]},{\"@type\":\"BreadcrumbList\",\"@id\":\"https:\/\/forumcinemas.lt\/lt\/informacija\/kontaktai\/#breadcrumb\",\"itemListElement\":[{\"@type\":\"ListItem\",\"position\":1,\"name\":\"Home\",\"item\":\"https:\/\/forumcinemas.lt\/lt\/\"},{\"@type\":\"ListItem\",\"position\":2,\"name\":\"informacija\",\"item\":\"https:\/\/forumcinemas.lt\/lt\/informacija\/\"},{\"@type\":\"ListItem\",\"position\":3,\"name\":\"kontaktai\"}]},{\"@type\":\"WebSite\",\"@id\":\"https:\/\/forumcinemas.lt\/lt\/#website\",\"url\":\"https:\/\/forumcinemas.lt\/lt\/\",\"name\":\"Forum Cinemas kino teatras\",\"description\":\"\",\"potentialAction\":[{\"@type\":\"SearchAction\",\"target\":{\"@type\":\"EntryPoint\",\"urlTemplate\":\"https:\/\/forumcinemas.lt\/lt\/?s={search_term_string}\"},\"query-input\":\"required name=search_term_string\"}],\"inLanguage\":\"lt-LT\"}]}<\/script>\n<!-- \/ Yoast SEO plugin. -->","yoast_head_json":{"title":"kontaktai - Forum Cinemas kino teatras","robots":{"index":"index","follow":"follow","max-snippet":"max-snippet:-1","max-image-preview":"max-image-preview:large","max-video-preview":"max-video-preview:-1"},"canonical":"https:\/\/forumcinemas.lt\/lt\/informacija\/kontaktai\/","og_locale":"lt_LT","og_type":"article","og_title":"kontaktai - Forum Cinemas kino teatras","og_description":"M\u016aS\u0172 KONTAKTAI \u201eForum Cinemas\u201c&nbsp;administracijos darbo valandos: pirmadieniais\u2013penktadieniais 10.00 \u2013 18.00 val. Adresas: Savanori\u0173 pr. 7, LT-03116 Vilnius Telefonas: (0 5) 264 4764 (pirmadieniais\u2013penktadieniais 10.00 \u2013 18.00 val.)&nbsp;\u0160iuo telefonu informacija apie kino teatr\u0173 repertuarus neteikiama. El. pa\u0161tas&nbsp;info@forumcinemas.lt&nbsp;(\u012e lai\u0161kus atsakysime 10.00 &#8211;&nbsp;21.30 val.) \u012emon\u0117s rekvizitai: Forum Cinemas Lithuania O\u00dc Mokes\u010di\u0173 mok\u0117tojo kodas: 9002000823 Hobujaama tn 5, 10151 [&hellip;]","og_url":"https:\/\/forumcinemas.lt\/lt\/informacija\/kontaktai\/","og_site_name":"Forum Cinemas kino teatras","article_modified_time":"2025-11-21T14:54:07+00:00","twitter_card":"summary_large_image","twitter_misc":{"Est. reading time":"1 minute"},"schema":{"@context":"https:\/\/schema.org","@graph":[{"@type":"WebPage","@id":"https:\/\/forumcinemas.lt\/lt\/informacija\/kontaktai\/","url":"https:\/\/forumcinemas.lt\/lt\/informacija\/kontaktai\/","name":"kontaktai - Forum Cinemas kino teatras","isPartOf":{"@id":"https:\/\/forumcinemas.lt\/lt\/#website"},"datePublished":"2025-08-19T13:40:56+00:00","dateModified":"2025-11-21T14:54:07+00:00","breadcrumb":{"@id":"https:\/\/forumcinemas.lt\/lt\/informacija\/kontaktai\/#breadcrumb"},"inLanguage":"lt-LT","potentialAction":[{"@type":"ReadAction","target":["https:\/\/forumcinemas.lt\/lt\/informacija\/kontaktai\/"]}]},{"@type":"BreadcrumbList","@id":"https:\/\/forumcinemas.lt\/lt\/informacija\/kontaktai\/#breadcrumb","itemListElement":[{"@type":"ListItem","position":1,"name":"Home","item":"https:\/\/forumcinemas.lt\/lt\/"},{"@type":"ListItem","position":2,"name":"informacija","item":"https:\/\/forumcinemas.lt\/lt\/informacija\/"},{"@type":"ListItem","position":3,"name":"kontaktai"}]},{"@type":"WebSite","@id":"https:\/\/forumcinemas.lt\/lt\/#website","url":"https:\/\/forumcinemas.lt\/lt\/","name":"Forum Cinemas kino teatras","description":"","potentialAction":[{"@type":"SearchAction","target":{"@type":"EntryPoint","urlTemplate":"https:\/\/forumcinemas.lt\/lt\/?s={search_term_string}"},"query-input":"required name=search_term_string"}],"inLanguage":"lt-LT"}]}},"_links":{"self":[{"href":"https:\/\/forumcinemas.lt\/lt\/wp-json\/wp\/v2\/pages\/1606"}],"collection":[{"href":"https:\/\/forumcinemas.lt\/lt\/wp-json\/wp\/v2\/pages"}],"about":[{"href":"https:\/\/forumcinemas.lt\/lt\/wp-json\/wp\/v2\/types\/page"}],"author":[{"embeddable":true,"href":"https:\/\/forumcinemas.lt\/lt\/wp-json\/wp\/v2\/users\/1"}],"replies":[{"embeddable":true,"href":"https:\/\/forumcinemas.lt\/lt\/wp-json\/wp\/v2\/comments?post=1606"}],"version-history":[{"count":16,"href":"https:\/\/forumcinemas.lt\/lt\/wp-json\/wp\/v2\/pages\/1606\/revisions"}],"predecessor-version":[{"id":4977,"href":"https:\/\/forumcinemas.lt\/lt\/wp-json\/wp\/v2\/pages\/1606\/revisions\/4977"}],"up":[{"embeddable":true,"href":"https:\/\/forumcinemas.lt\/lt\/wp-json\/wp\/v2\/pages\/1602"}],"wp:attachment":[{"href":"https:\/\/forumcinemas.lt\/lt\/wp-json\/wp\/v2\/media?parent=1606"}],"curies":[{"name":"wp","href":"https:\/\/api.w.org\/{rel}","templated":true}]}}