{"id":1599,"date":"2025-08-19T11:11:47","date_gmt":"2025-08-19T11:11:47","guid":{"rendered":"https:\/\/forumcinemas.lt\/kino-kuponai-internetu\/"},"modified":"2026-04-03T13:56:09","modified_gmt":"2026-04-03T13:56:09","slug":"kino-kuponai-internetu","status":"publish","type":"page","link":"https:\/\/forumcinemas.lt\/lt\/dovanos\/kino-kuponai-internetu\/","title":{"rendered":"Kino kuponai dovanoms internetu"},"content":{"rendered":"\t\t<div data-elementor-type=\"wp-page\" data-elementor-id=\"1599\" class=\"elementor elementor-1599 elementor-808\" data-elementor-post-type=\"page\">\n\t\t\t\t<div class=\"elementor-element elementor-element-58be42c1 e-flex e-con-boxed e-con e-parent\" data-id=\"58be42c1\" data-element_type=\"container\">\n\t\t\t\t\t<div class=\"e-con-inner\">\n\t\t\t\t<div class=\"elementor-element elementor-element-1a89f60 elementor-widget elementor-widget-positivecinema-price-table\" data-id=\"1a89f60\" data-element_type=\"widget\" data-widget_type=\"positivecinema-price-table.default\">\n\t\t\t\t<div class=\"elementor-widget-container\">\n\t\t\t<price-table  data-mode='render' options='{\"categoryId\": \"50\", \"orderBy\": \"name_asc\"}'><\/price-table>\t\t<script>\n\t\t(function ($) {\n\t\t\tconst pc = new PositivecinemaCore();\n\t\t\tpc.registerModals();\n\t\t\tpc.addEventListenerForForceLogin();\n\t\t})(jQuery);\n\t\t<\/script>\n\t\t\t\t<\/div>\n\t\t\t\t<\/div>\n\t\t\t\t\t<\/div>\n\t\t\t\t<\/div>\n\t\t<div class=\"elementor-element elementor-element-4ec9251b e-flex e-con-boxed e-con e-parent\" data-id=\"4ec9251b\" data-element_type=\"container\">\n\t\t\t\t\t<div class=\"e-con-inner\">\n\t\t<div class=\"elementor-element elementor-element-c15db23 e-con-full e-flex e-con e-child\" data-id=\"c15db23\" data-element_type=\"container\">\n\t\t\t\t<div class=\"elementor-element elementor-element-22e33e34 elementor-widget elementor-widget-heading\" data-id=\"22e33e34\" data-element_type=\"widget\" data-widget_type=\"heading.default\">\n\t\t\t\t<div class=\"elementor-widget-container\">\n\t\t\t<style>\/*! elementor - v3.23.0 - 15-07-2024 *\/\n.elementor-heading-title{padding:0;margin:0;line-height:1}.elementor-widget-heading .elementor-heading-title[class*=elementor-size-]>a{color:inherit;font-size:inherit;line-height:inherit}.elementor-widget-heading .elementor-heading-title.elementor-size-small{font-size:15px}.elementor-widget-heading .elementor-heading-title.elementor-size-medium{font-size:19px}.elementor-widget-heading .elementor-heading-title.elementor-size-large{font-size:29px}.elementor-widget-heading .elementor-heading-title.elementor-size-xl{font-size:39px}.elementor-widget-heading .elementor-heading-title.elementor-size-xxl{font-size:59px}<\/style><h6 class=\"elementor-heading-title elementor-size-default\">KUPON\u0172 INFORMACIJA IR TAISYKL\u0116S<\/h6>\t\t<\/div>\n\t\t\t\t<\/div>\n\t\t\t\t<div class=\"elementor-element elementor-element-11a6980f elementor-widget elementor-widget-text-editor\" data-id=\"11a6980f\" data-element_type=\"widget\" data-widget_type=\"text-editor.default\">\n\t\t\t\t<div class=\"elementor-widget-container\">\n\t\t\t<style>\/*! elementor - v3.23.0 - 15-07-2024 *\/\n.elementor-widget-text-editor.elementor-drop-cap-view-stacked .elementor-drop-cap{background-color:#69727d;color:#fff}.elementor-widget-text-editor.elementor-drop-cap-view-framed .elementor-drop-cap{color:#69727d;border:3px solid;background-color:transparent}.elementor-widget-text-editor:not(.elementor-drop-cap-view-default) .elementor-drop-cap{margin-top:8px}.elementor-widget-text-editor:not(.elementor-drop-cap-view-default) .elementor-drop-cap-letter{width:1em;height:1em}.elementor-widget-text-editor .elementor-drop-cap{float:left;text-align:center;line-height:1;font-size:50px}.elementor-widget-text-editor .elementor-drop-cap-letter{display:inline-block}<\/style>\t\t\t\t<ul><li>Kuponai bus atsi\u0173sti J\u016bs\u0173 nurodytu elektroninio pa\u0161to adresu.<\/li><li>Vienas kuponas kei\u010diamas \u012f vien\u0105 standartin\u0117s kainos kino biliet\u0105.<\/li><li>Kuponai negalioja baro skan\u0117stams.<\/li><li>Kuponai \u012f pinigus nekei\u010diami<strong>.<\/strong><\/li><li>Priemoka reikalinga IMAX, iSCAPE, iSCAPE VIP, iSCAPE DVIEM, iLUXE, iLUXE VIP, iLUXE DVIEM ir kitoms komforto k\u0117d\u0117ms.<\/li><li>U\u017e bilietus J\u016bs galite sumok\u0117ti kuponais m\u016bs\u0173 interneto svetain\u0117s elektronin\u0117je parduotuv\u0117je arba i\u0161sispausdin\u0119 e-kuponus biliet\u0173 kasose. Netur\u0117dami galimyb\u0117s i\u0161sispausdinti e-kupon\u0173, nura\u0161ykite ant j\u0173 nurodyt\u0105 10-11 simboli\u0173 kod\u0105 (j\u012f rasite prie QR kodo) ir pateikite j\u012f kasininkui.<\/li><li>Nepanaudotas kupono vert\u0117s likutis negr\u0105\u017einamas.<\/li><li>Kuponai galioja iki ant j\u0173 nurodytos datos.\u00a0<strong>Kupon\u0173 galiojimas n\u0117ra prat\u0119siamas.<\/strong>\u00a0Ta\u010diau kino kuponus, kuri\u0173 galiojimas pasibaig\u0119s, galima i\u0161sikeisti \u012f reguliaraus filmo biliet\u0105(-us) per 3 m\u0117nesius nuo nurodytos galiojimo pabaigos. Pasibaigusio galiojimo kuponus J\u016bs galite pasikeisti \u012f kino bilietus tik kino kasose, kasininkui patikrinus kupon\u0105. Daugiau informacijos \u0161iuo klausimu teiraukit\u0117s kasose. Pasibaigusio galiojimo kupono keitimui \u012f kino biliet\u0105 taikomas 2\u00a0\u20ac mokestis.<\/li><\/ul>\t\t\t\t\t\t<\/div>\n\t\t\t\t<\/div>\n\t\t\t\t<\/div>\n\t\t<div class=\"elementor-element elementor-element-607ef09a e-con-full e-flex e-con e-child\" data-id=\"607ef09a\" data-element_type=\"container\">\n\t\t<div class=\"elementor-element elementor-element-3dbec52 e-con-full e-flex e-con e-child\" data-id=\"3dbec52\" data-element_type=\"container\">\n\t\t\t\t<div class=\"elementor-element elementor-element-71991b0f elementor-widget elementor-widget-text-editor\" data-id=\"71991b0f\" data-element_type=\"widget\" data-widget_type=\"text-editor.default\">\n\t\t\t\t<div class=\"elementor-widget-container\">\n\t\t\t\t\t\t\t<p>\u00a0<\/p><ul><li>U\u017e informacijos saugum\u0105 atsako asmuo, \u012fsigij\u0119s kupon\u0173.<\/li><li>Visi kino kuponai gali b\u016bti i\u0161keisti tik \u012f reguliaros\/standartin\u0117s kainos bilietus. Kino kuponai n\u0117ra sumuojami su kitomis \u201eForum Cinemas\u201c teikiamomis nuolaidomis pvz., pasinaudojus KINO KLUBO korteli\u0173 suteikiamomis nuolaidomis, pritaikyti kupono nebegalima. Taip pat negalioja pasirinkus \u0161eimos, senjoro, moksleivio ar studento bilietus su nuolaida. Pasirinkus pastar\u0105sias nuolaid\u0173 kategorijas kuponas bus pritaikytas reguliaraus\/standartinio bilieto kainai.<\/li><li>Panaudoti kuponai\u00a0nekompensuojami.<\/li><li>Negaliojantys, pamesti ir sugadinti (pa\u017eeistas br\u016bk\u0161ninis kodas, serijos numeris) kuponai nekompensuojami, j\u0173 galiojimas neprat\u0119siamas.<\/li><li>Kuponai nekei\u010diami \u012f kitus kuponus ir negr\u0105\u017einami.<\/li><li>Kilus nesklandumams d\u0117l apmok\u0117jimo, pra\u0161ome kreiptis \u012f \u201eForum Cinemas\u201c\u00a0el. pa\u0161tu\u00a0<u>pagalba@forumcinemas.lt<\/u>.<\/li><li>Kino centrai \u201eForum Cinemas\u201c\u00a0pasilieka teis\u0119 keisti nupirkt\u0173 bei rezervuot\u0173 biliet\u0173 vietas. Taip pat kino teatras turi teis\u0119 at\u0161aukti rezervacijas.<\/li><li>Pirkdami kino kuponus J\u016bs sutinkame su kupon\u0173 ir j\u0173 panaudojimo taisykl\u0117mis.<\/li><\/ul>\t\t\t\t\t\t<\/div>\n\t\t\t\t<\/div>\n\t\t\t\t<\/div>\n\t\t\t\t<\/div>\n\t\t\t\t\t<\/div>\n\t\t\t\t<\/div>\n\t\t<div class=\"elementor-element elementor-element-74cd23b3 e-flex e-con-boxed e-con e-parent\" data-id=\"74cd23b3\" data-element_type=\"container\" id=\"eventForm\">\n\t\t\t\t\t<div class=\"e-con-inner\">\n\t\t\t\t<div class=\"elementor-element elementor-element-efe8719 elementor-widget elementor-widget-spacer\" data-id=\"efe8719\" data-element_type=\"widget\" data-widget_type=\"spacer.default\">\n\t\t\t\t<div class=\"elementor-widget-container\">\n\t\t\t<style>\/*! elementor - v3.23.0 - 15-07-2024 *\/\n.elementor-column .elementor-spacer-inner{height:var(--spacer-size)}.e-con{--container-widget-width:100%}.e-con-inner>.elementor-widget-spacer,.e-con>.elementor-widget-spacer{width:var(--container-widget-width,var(--spacer-size));--align-self:var(--container-widget-align-self,initial);--flex-shrink:0}.e-con-inner>.elementor-widget-spacer>.elementor-widget-container,.e-con>.elementor-widget-spacer>.elementor-widget-container{height:100%;width:100%}.e-con-inner>.elementor-widget-spacer>.elementor-widget-container>.elementor-spacer,.e-con>.elementor-widget-spacer>.elementor-widget-container>.elementor-spacer{height:100%}.e-con-inner>.elementor-widget-spacer>.elementor-widget-container>.elementor-spacer>.elementor-spacer-inner,.e-con>.elementor-widget-spacer>.elementor-widget-container>.elementor-spacer>.elementor-spacer-inner{height:var(--container-widget-height,var(--spacer-size))}.e-con-inner>.elementor-widget-spacer.elementor-widget-empty,.e-con>.elementor-widget-spacer.elementor-widget-empty{position:relative;min-height:22px;min-width:22px}.e-con-inner>.elementor-widget-spacer.elementor-widget-empty .elementor-widget-empty-icon,.e-con>.elementor-widget-spacer.elementor-widget-empty .elementor-widget-empty-icon{position:absolute;top:0;bottom:0;left:0;right:0;margin:auto;padding:0;width:22px;height:22px}<\/style>\t\t<div class=\"elementor-spacer\">\n\t\t\t<div class=\"elementor-spacer-inner\"><\/div>\n\t\t<\/div>\n\t\t\t\t<\/div>\n\t\t\t\t<\/div>\n\t\t\t\t\t<\/div>\n\t\t\t\t<\/div>\n\t\t\t\t<\/div>\n\t\t","protected":false},"excerpt":{"rendered":"<p>KUPON\u0172 INFORMACIJA IR TAISYKL\u0116S Kuponai bus atsi\u0173sti J\u016bs\u0173 nurodytu elektroninio pa\u0161to adresu. Vienas kuponas kei\u010diamas \u012f vien\u0105 standartin\u0117s kainos kino biliet\u0105. Kuponai negalioja baro skan\u0117stams. Kuponai \u012f pinigus nekei\u010diami. Priemoka reikalinga IMAX, iSCAPE, iSCAPE VIP, iSCAPE DVIEM, iLUXE, iLUXE VIP, iLUXE DVIEM ir kitoms komforto k\u0117d\u0117ms. U\u017e bilietus J\u016bs galite sumok\u0117ti kuponais m\u016bs\u0173 interneto svetain\u0117s [&hellip;]<\/p>\n","protected":false},"author":1,"featured_media":0,"parent":1600,"menu_order":0,"comment_status":"closed","ping_status":"closed","template":"","meta":{"_acf_changed":false,"footnotes":""},"acf":[],"yoast_head":"<!-- This site is optimized with the Yoast SEO plugin v23.0 - https:\/\/yoast.com\/wordpress\/plugins\/seo\/ -->\n<title>Kino kuponai dovanoms internetu - Kino teatras | Forum Cinemas<\/title>\n<meta name=\"robots\" content=\"index, follow, max-snippet:-1, max-image-preview:large, max-video-preview:-1\" \/>\n<link rel=\"canonical\" href=\"https:\/\/forumcinemas.lt\/lt\/dovanos\/kino-kuponai-internetu\/\" \/>\n<meta property=\"og:locale\" content=\"lt_LT\" \/>\n<meta property=\"og:type\" content=\"article\" \/>\n<meta property=\"og:title\" content=\"Kino kuponai dovanoms internetu - Kino teatras | Forum Cinemas\" \/>\n<meta property=\"og:description\" content=\"KUPON\u0172 INFORMACIJA IR TAISYKL\u0116S Kuponai bus atsi\u0173sti J\u016bs\u0173 nurodytu elektroninio pa\u0161to adresu. Vienas kuponas kei\u010diamas \u012f vien\u0105 standartin\u0117s kainos kino biliet\u0105. Kuponai negalioja baro skan\u0117stams. Kuponai \u012f pinigus nekei\u010diami. Priemoka reikalinga IMAX, iSCAPE, iSCAPE VIP, iSCAPE DVIEM, iLUXE, iLUXE VIP, iLUXE DVIEM ir kitoms komforto k\u0117d\u0117ms. U\u017e bilietus J\u016bs galite sumok\u0117ti kuponais m\u016bs\u0173 interneto svetain\u0117s [&hellip;]\" \/>\n<meta property=\"og:url\" content=\"https:\/\/forumcinemas.lt\/lt\/dovanos\/kino-kuponai-internetu\/\" \/>\n<meta property=\"og:site_name\" content=\"Kino teatras | Forum Cinemas\" \/>\n<meta property=\"article:modified_time\" content=\"2026-04-03T13:56:09+00:00\" \/>\n<meta name=\"twitter:card\" content=\"summary_large_image\" \/>\n<meta name=\"twitter:label1\" content=\"Est. reading time\" \/>\n\t<meta name=\"twitter:data1\" content=\"4 minutes\" \/>\n<script type=\"application\/ld+json\" class=\"yoast-schema-graph\">{\"@context\":\"https:\/\/schema.org\",\"@graph\":[{\"@type\":\"WebPage\",\"@id\":\"https:\/\/forumcinemas.lt\/lt\/dovanos\/kino-kuponai-internetu\/\",\"url\":\"https:\/\/forumcinemas.lt\/lt\/dovanos\/kino-kuponai-internetu\/\",\"name\":\"Kino kuponai dovanoms internetu - Kino teatras | Forum Cinemas\",\"isPartOf\":{\"@id\":\"https:\/\/forumcinemas.lt\/lt\/#website\"},\"datePublished\":\"2025-08-19T11:11:47+00:00\",\"dateModified\":\"2026-04-03T13:56:09+00:00\",\"breadcrumb\":{\"@id\":\"https:\/\/forumcinemas.lt\/lt\/dovanos\/kino-kuponai-internetu\/#breadcrumb\"},\"inLanguage\":\"lt-LT\",\"potentialAction\":[{\"@type\":\"ReadAction\",\"target\":[\"https:\/\/forumcinemas.lt\/lt\/dovanos\/kino-kuponai-internetu\/\"]}]},{\"@type\":\"BreadcrumbList\",\"@id\":\"https:\/\/forumcinemas.lt\/lt\/dovanos\/kino-kuponai-internetu\/#breadcrumb\",\"itemListElement\":[{\"@type\":\"ListItem\",\"position\":1,\"name\":\"Home\",\"item\":\"https:\/\/forumcinemas.lt\/lt\/\"},{\"@type\":\"ListItem\",\"position\":2,\"name\":\"dovanos\",\"item\":\"https:\/\/forumcinemas.lt\/lt\/dovanos\/\"},{\"@type\":\"ListItem\",\"position\":3,\"name\":\"Kino kuponai dovanoms internetu\"}]},{\"@type\":\"WebSite\",\"@id\":\"https:\/\/forumcinemas.lt\/lt\/#website\",\"url\":\"https:\/\/forumcinemas.lt\/lt\/\",\"name\":\"Kino teatras | Forum Cinemas\",\"description\":\"\",\"potentialAction\":[{\"@type\":\"SearchAction\",\"target\":{\"@type\":\"EntryPoint\",\"urlTemplate\":\"https:\/\/forumcinemas.lt\/lt\/?s={search_term_string}\"},\"query-input\":\"required name=search_term_string\"}],\"inLanguage\":\"lt-LT\"}]}<\/script>\n<!-- \/ Yoast SEO plugin. -->","yoast_head_json":{"title":"Kino kuponai dovanoms internetu - Kino teatras | Forum Cinemas","robots":{"index":"index","follow":"follow","max-snippet":"max-snippet:-1","max-image-preview":"max-image-preview:large","max-video-preview":"max-video-preview:-1"},"canonical":"https:\/\/forumcinemas.lt\/lt\/dovanos\/kino-kuponai-internetu\/","og_locale":"lt_LT","og_type":"article","og_title":"Kino kuponai dovanoms internetu - Kino teatras | Forum Cinemas","og_description":"KUPON\u0172 INFORMACIJA IR TAISYKL\u0116S Kuponai bus atsi\u0173sti J\u016bs\u0173 nurodytu elektroninio pa\u0161to adresu. Vienas kuponas kei\u010diamas \u012f vien\u0105 standartin\u0117s kainos kino biliet\u0105. Kuponai negalioja baro skan\u0117stams. Kuponai \u012f pinigus nekei\u010diami. Priemoka reikalinga IMAX, iSCAPE, iSCAPE VIP, iSCAPE DVIEM, iLUXE, iLUXE VIP, iLUXE DVIEM ir kitoms komforto k\u0117d\u0117ms. U\u017e bilietus J\u016bs galite sumok\u0117ti kuponais m\u016bs\u0173 interneto svetain\u0117s [&hellip;]","og_url":"https:\/\/forumcinemas.lt\/lt\/dovanos\/kino-kuponai-internetu\/","og_site_name":"Kino teatras | Forum Cinemas","article_modified_time":"2026-04-03T13:56:09+00:00","twitter_card":"summary_large_image","twitter_misc":{"Est. reading time":"4 minutes"},"schema":{"@context":"https:\/\/schema.org","@graph":[{"@type":"WebPage","@id":"https:\/\/forumcinemas.lt\/lt\/dovanos\/kino-kuponai-internetu\/","url":"https:\/\/forumcinemas.lt\/lt\/dovanos\/kino-kuponai-internetu\/","name":"Kino kuponai dovanoms internetu - Kino teatras | Forum Cinemas","isPartOf":{"@id":"https:\/\/forumcinemas.lt\/lt\/#website"},"datePublished":"2025-08-19T11:11:47+00:00","dateModified":"2026-04-03T13:56:09+00:00","breadcrumb":{"@id":"https:\/\/forumcinemas.lt\/lt\/dovanos\/kino-kuponai-internetu\/#breadcrumb"},"inLanguage":"lt-LT","potentialAction":[{"@type":"ReadAction","target":["https:\/\/forumcinemas.lt\/lt\/dovanos\/kino-kuponai-internetu\/"]}]},{"@type":"BreadcrumbList","@id":"https:\/\/forumcinemas.lt\/lt\/dovanos\/kino-kuponai-internetu\/#breadcrumb","itemListElement":[{"@type":"ListItem","position":1,"name":"Home","item":"https:\/\/forumcinemas.lt\/lt\/"},{"@type":"ListItem","position":2,"name":"dovanos","item":"https:\/\/forumcinemas.lt\/lt\/dovanos\/"},{"@type":"ListItem","position":3,"name":"Kino kuponai dovanoms internetu"}]},{"@type":"WebSite","@id":"https:\/\/forumcinemas.lt\/lt\/#website","url":"https:\/\/forumcinemas.lt\/lt\/","name":"Kino teatras | Forum Cinemas","description":"","potentialAction":[{"@type":"SearchAction","target":{"@type":"EntryPoint","urlTemplate":"https:\/\/forumcinemas.lt\/lt\/?s={search_term_string}"},"query-input":"required name=search_term_string"}],"inLanguage":"lt-LT"}]}},"_links":{"self":[{"href":"https:\/\/forumcinemas.lt\/lt\/wp-json\/wp\/v2\/pages\/1599"}],"collection":[{"href":"https:\/\/forumcinemas.lt\/lt\/wp-json\/wp\/v2\/pages"}],"about":[{"href":"https:\/\/forumcinemas.lt\/lt\/wp-json\/wp\/v2\/types\/page"}],"author":[{"embeddable":true,"href":"https:\/\/forumcinemas.lt\/lt\/wp-json\/wp\/v2\/users\/1"}],"replies":[{"embeddable":true,"href":"https:\/\/forumcinemas.lt\/lt\/wp-json\/wp\/v2\/comments?post=1599"}],"version-history":[{"count":77,"href":"https:\/\/forumcinemas.lt\/lt\/wp-json\/wp\/v2\/pages\/1599\/revisions"}],"predecessor-version":[{"id":7947,"href":"https:\/\/forumcinemas.lt\/lt\/wp-json\/wp\/v2\/pages\/1599\/revisions\/7947"}],"up":[{"embeddable":true,"href":"https:\/\/forumcinemas.lt\/lt\/wp-json\/wp\/v2\/pages\/1600"}],"wp:attachment":[{"href":"https:\/\/forumcinemas.lt\/lt\/wp-json\/wp\/v2\/media?parent=1599"}],"curies":[{"name":"wp","href":"https:\/\/api.w.org\/{rel}","templated":true}]}}